{"id":288,"date":"2025-10-15T02:23:00","date_gmt":"2025-10-15T02:23:00","guid":{"rendered":"https:\/\/sz-xtt.com\/product\/h8230-ai-server\/"},"modified":"2025-10-16T08:04:55","modified_gmt":"2025-10-16T08:04:55","slug":"h8230-ai-server","status":"publish","type":"product","link":"https:\/\/sz-xtt.com\/es\/product\/h8230-ai-server\/","title":{"rendered":"Servidor H8230 AI"},"content":{"rendered":"<h3>Caracter\u00edsticas del producto<\/h3>\n<p><strong>Liderar el dise\u00f1o arquitect\u00f3nico<\/strong><\/p>\n<p>Procesadores Intel Xeon Scalable de 4\u00aa generaci\u00f3n: Utiliza los \u00faltimos procesadores Xeon Scalable de Intel con un TDP de 350 W, que ofrecen alto rendimiento y eficiencia.<br \/>\nCompatibilidad con DDR5 y PCIe Gen5: Equipada con memoria DDR5 de \u00faltima generaci\u00f3n y tecnolog\u00eda PCIe Gen5, mejora la velocidad de transferencia de datos y el rendimiento general del sistema.<br \/>\nConfiguraci\u00f3n de baja latencia: La configuraci\u00f3n de paso directo PCIe reduce la latencia, optimizando el rendimiento para aplicaciones exigentes.<br \/>\nMantenimiento flexible de E\/S: Compatible con infraestructuras de centros de datos nuevas y existentes, lo que proporciona opciones de mantenimiento vers\u00e1tiles.<\/p>\n<p><strong>Opciones de topolog\u00eda flexibles<\/strong><\/p>\n<p>Integraci\u00f3n CPU-GPU: Admite configuraciones de paso directo y conmutaci\u00f3n para conexiones CPU-GPU, con capacidad para hasta 10 tarjetas GPU de doble ancho.<br \/>\nComunicaci\u00f3n de gran ancho de banda: Las opciones de CPU-Switch para interconexiones de carril X16 o X32 permiten una comunicaci\u00f3n y escalabilidad de gran ancho de banda.<br \/>\nTopolog\u00eda de interconexi\u00f3n vers\u00e1til: Admite varias topolog\u00edas de interconexi\u00f3n CPU-GPU, incluidos modos comunes y de rendimiento, para adaptarse a diversos escenarios de aplicaci\u00f3n.<\/p>\n<p><strong>Adaptaci\u00f3n de los ecosistemas ricos<\/strong><\/p>\n<p>Compatibilidad con GPU: Admite tarjetas GPU de ancho simple y doble, incluidas marcas nacionales e internacionales.<br \/>\nSoporte de desarrollo personalizado: Respaldado por un equipo especializado para necesidades de desarrollo a medida, que garantiza soluciones que satisfacen requisitos espec\u00edficos.<\/p>\n<h3>Especificaciones t\u00e9cnicas<\/h3>\n<p>CPU: 1\/2 procesadores Intel Xeon Scalable de 4\u00aa generaci\u00f3n, TDP 350W<br \/>\nMemoria: Hasta 32 m\u00f3dulos de memoria DDR5, con 8 canales de memoria por CPU<br \/>\nAlmacenamiento:<br \/>\nHasta 12 discos duros de 3,5 pulgadas<br \/>\nHasta 24 unidades de disco duro de 2,5\u2033, con soporte para hasta 16 unidades NVMe.<br \/>\n1x M.2 SSD<br \/>\nExpansi\u00f3n PCIe:<br \/>\nAdmite hasta 8 GPU de doble ancho + 5 ranuras PCIe est\u00e1ndar + 1 ranura OCP<br \/>\nGesti\u00f3n: AST2600, 1x puerto de gesti\u00f3n Gigabit RJ45<br \/>\nE\/S b\u00e1sicas:<br \/>\n3x USB tipo A<br \/>\n1x Bot\u00f3n de encendido con LED<br \/>\n1x LED de estado<br \/>\n1x puerto UART, tipo C<br \/>\n1x Bot\u00f3n UID frontal con LED + 1x LED UID trasero<br \/>\n1x VGA frontal<br \/>\nRefrigeraci\u00f3n:<br \/>\n12 ventiladores de alto rendimiento intercambiables en caliente con redundancia N+1<br \/>\nRefrigeraci\u00f3n por placa fr\u00eda opcional<br \/>\nTemperatura: Temperatura de funcionamiento de 5oC - 35oC<br \/>\nFuente de alimentaci\u00f3n: 4 fuentes de alimentaci\u00f3n CRPS con redundancia 3+1<br \/>\nDimensiones: 900mm x 447mm x 175mm<\/p>\n<h3>Por qu\u00e9 elegirnos<\/h3>\n<p>Tecnolog\u00eda avanzada: Nuestro servidor cuenta con procesadores Intel Xeon Scalable de 4\u00aa generaci\u00f3n y las \u00faltimas tecnolog\u00edas DDR5 y PCIe Gen5, lo que garantiza un rendimiento y una velocidad excepcionales.<\/p>\n<p>Configuraci\u00f3n flexible: Con soporte para varias topolog\u00edas de interconexi\u00f3n CPU-GPU y amplia compatibilidad con GPU, nuestro servidor se adapta a diversas aplicaciones y cargas de trabajo.<\/p>\n<p>Soluciones a medida: Nuestro equipo especializado proporciona soporte de desarrollo personalizado para satisfacer necesidades espec\u00edficas, ofreciendo soluciones y mejoras a medida.<\/p>\n<p>Rendimiento fiable: Dise\u00f1ado con refrigeraci\u00f3n de alta eficiencia y fuentes de alimentaci\u00f3n redundantes, nuestro servidor garantiza un funcionamiento estable y fiable en diversos entornos de centros de datos.<\/p>","protected":false},"excerpt":{"rendered":"<p><strong>Marca XTT<\/strong><\/p>\n<p><strong>Origen del producto CHINA<\/strong><\/p>\n<p><strong>Plazo de entregaEn 15 d\u00edas<\/strong><\/p>\n<p><strong>Capacidad de suministro9999<\/strong><\/p>\n<p>El H8230 es un servidor en nube de GPU potente y flexible desarrollado sobre la \u00faltima plataforma Eagle Stream de Intel. Admite m\u00faltiples topolog\u00edas de interconexi\u00f3n CPU-GPU y GPU-GPU, lo que satisface una amplia gama de necesidades de aplicaciones empresariales de IA.<\/p>","protected":false},"featured_media":717,"template":"","meta":[],"product_brand":[],"product_cat":[30],"product_tag":[34,36,46,40,45],"class_list":{"0":"post-288","1":"product","2":"type-product","3":"status-publish","4":"has-post-thumbnail","6":"product_cat-ai-server","7":"product_tag-ai-data-server","8":"product_tag-ai-hub-server","9":"product_tag-ai-media-server","10":"product_tag-ai-server-companies","11":"product_tag-china-ai-server","13":"first","14":"instock","15":"shipping-taxable","16":"product-type-simple"},"_links":{"self":[{"href":"https:\/\/sz-xtt.com\/es\/wp-json\/wp\/v2\/product\/288","targetHints":{"allow":["GET"]}}],"collection":[{"href":"https:\/\/sz-xtt.com\/es\/wp-json\/wp\/v2\/product"}],"about":[{"href":"https:\/\/sz-xtt.com\/es\/wp-json\/wp\/v2\/types\/product"}],"wp:featuredmedia":[{"embeddable":true,"href":"https:\/\/sz-xtt.com\/es\/wp-json\/wp\/v2\/media\/717"}],"wp:attachment":[{"href":"https:\/\/sz-xtt.com\/es\/wp-json\/wp\/v2\/media?parent=288"}],"wp:term":[{"taxonomy":"product_brand","embeddable":true,"href":"https:\/\/sz-xtt.com\/es\/wp-json\/wp\/v2\/product_brand?post=288"},{"taxonomy":"product_cat","embeddable":true,"href":"https:\/\/sz-xtt.com\/es\/wp-json\/wp\/v2\/product_cat?post=288"},{"taxonomy":"product_tag","embeddable":true,"href":"https:\/\/sz-xtt.com\/es\/wp-json\/wp\/v2\/product_tag?post=288"}],"curies":[{"name":"wp","href":"https:\/\/api.w.org\/{rel}","templated":true}]}}