{"id":299,"date":"2025-10-15T02:23:01","date_gmt":"2025-10-15T02:23:01","guid":{"rendered":"https:\/\/sz-xtt.com\/product\/ts658-storage-server\/"},"modified":"2025-10-16T11:53:42","modified_gmt":"2025-10-16T11:53:42","slug":"ts658-storage-server","status":"publish","type":"product","link":"https:\/\/sz-xtt.com\/es\/product\/ts658-storage-server\/","title":{"rendered":"Servidor de almacenamiento TS658"},"content":{"rendered":"<h3>Caracter\u00edsticas del producto<\/h3>\n<p><strong>Mejora integral del rendimiento<\/strong><\/p>\n<p>Compatibilidad con procesadores: Compatible con los \u00faltimos procesadores Intel Xeon Scalable (Skylake &amp; Cascade Lake), que admiten hasta 2 buses UPI con una velocidad m\u00e1xima de 10,4GT\/s.<\/p>\n<p>Memoria: Admite hasta 24 m\u00f3dulos de memoria DDR4, lo que proporciona una capacidad m\u00e1xima de memoria de 9,0 TB. Esta configuraci\u00f3n gestiona con facilidad cargas de trabajo complejas, por lo que resulta adecuada para aplicaciones como bases de datos, sistemas ERP y virtualizaci\u00f3n.<\/p>\n<p><strong>Ampliabilidad excepcional<\/strong><\/p>\n<p>Expansi\u00f3n PCIe: Hasta 11 ranuras de expansi\u00f3n PCIe 3.0 ofrecen amplias capacidades de expansi\u00f3n de E\/S.<\/p>\n<p>Expansi\u00f3n de red: Incluye una ranura de tarjeta NIC MEZZ dedicada con expansi\u00f3n opcional para 2 tarjetas de red de 1 GbE, 4 de 1 GbE, 2 de 10 GbE, 4 de 10 GbE o 2 de 40 GbE, lo que proporciona un potente rendimiento para adaptarse al crecimiento de la empresa.<\/p>\n<p><strong>Gran capacidad de almacenamiento<\/strong><\/p>\n<p>Soporte de unidades: Admite hasta 44 discos duros de 3,5 pulgadas y 2 discos duros de 2,5 pulgadas.<\/p>\n<p>Tecnolog\u00eda SAS avanzada: Utiliza la \u00faltima tecnolog\u00eda SAS 12G para satisfacer los requisitos de transferencia de datos de gran ancho de banda, adecuada para aplicaciones de almacenamiento de gran capacidad y alto rendimiento.<\/p>\n<p><strong>Facilidad de uso y gesti\u00f3n<\/strong><\/p>\n<p>Chip de gesti\u00f3n integrado: equipado con un chip de gesti\u00f3n de servidor integrado compatible con los protocolos de gesti\u00f3n IPMI 2.0 y Redfish.<\/p>\n<p>Gesti\u00f3n remota: Proporciona una completa supervisi\u00f3n remota del sistema, KVM remoto, medios virtuales y otras funcionalidades de gesti\u00f3n. Esto facilita el mantenimiento diario en los centros de datos, aumenta la eficiencia energ\u00e9tica, mejora los niveles de gesti\u00f3n y reduce los costes operativos.<\/p>\n<h3>Especificaciones t\u00e9cnicas<\/h3>\n<p>Procesador: Compatible con los \u00faltimos procesadores Intel Xeon Scalable (Skylake y Cascade Lake), hasta 2 buses UPI con una velocidad m\u00e1xima de 10,4GT\/s.<\/p>\n<p>Memoria:<\/p>\n<p>Hasta 24 ranuras de memoria DDR4<\/p>\n<p>Capacidad m\u00e1xima: 9,0 TB<\/p>\n<p>Compatible con m\u00f3dulos RDIMM\/LRDIMM ECC DDR4<\/p>\n<p>Almacenamiento:<\/p>\n<p>M\u00e1ximo: 44 unidades de 3,5 pulgadas + 2 unidades de 2,5 pulgadas<\/p>\n<p>Admite tecnolog\u00eda SAS 12G<\/p>\n<p>Expansi\u00f3n PCIe:<\/p>\n<p>Hasta 11 ranuras de expansi\u00f3n PCIe 3.0<\/p>\n<p>Ranura dedicada para tarjetas NIC MEZZ<\/p>\n<p>Ampliaciones de red opcionales: 2 1GbE, 4 1GbE, 2 10GbE, 4 10GbE, 2 40GbE<\/p>\n<p>Gesti\u00f3n:<\/p>\n<p>Chip de gesti\u00f3n integrado<\/p>\n<p>Compatible con IPMI 2.0 y Redfish<\/p>\n<p>Funciones de supervisi\u00f3n remota del sistema, KVM remoto, medios virtuales<\/p>\n<p>Dimensiones y peso: (Las dimensiones y el peso espec\u00edficos se facilitar\u00e1n seg\u00fan proceda)<\/p>\n<p>Compatibilidad con sistemas operativos: (Los sistemas operativos deben especificarse seg\u00fan proceda)<\/p>\n<h3>\u00bfPor qu\u00e9 elegirnos?<\/h3>\n<p><strong>L\u00edderes en rendimiento<\/strong><\/p>\n<p>\u00daltima tecnolog\u00eda: Nuestro servidor utiliza los procesadores Intel Xeon Scalable m\u00e1s recientes y admite una gran capacidad de memoria, lo que proporciona un rendimiento inigualable para aplicaciones exigentes como bases de datos y virtualizaci\u00f3n.<\/p>\n<p><strong>Ampliabilidad excepcional<\/strong><\/p>\n<p>Opciones de E\/S vers\u00e1tiles: Con hasta 11 ranuras PCIe 3.0 y opciones flexibles de tarjetas de red, nuestro servidor es muy adaptable a las futuras necesidades y ampliaciones de la empresa.<\/p>\n<p><strong>Almacenamiento masivo y tecnolog\u00eda avanzada<\/strong><\/p>\n<p>Gran capacidad de almacenamiento: Acomoda hasta 44 unidades con soporte para la \u00faltima tecnolog\u00eda SAS de 12G, lo que garantiza que los grandes conjuntos de datos y las necesidades de almacenamiento de alto rendimiento se satisfagan eficazmente.<\/p>\n<p><strong>Facilidad de gesti\u00f3n<\/strong><\/p>\n<p>Gesti\u00f3n integral: Las herramientas integradas de gesti\u00f3n de servidores y las funciones de gesti\u00f3n remota agilizan las operaciones del centro de datos, mejoran la eficiencia energ\u00e9tica y reducen los costes de mantenimiento.<\/p>","protected":false},"excerpt":{"rendered":"<p><strong>Marca XTT<\/strong><\/p>\n<p><strong>Origen del producto CHINA<\/strong><\/p>\n<p><strong>Plazo de entregaEn 15 d\u00edas<\/strong><\/p>\n<p><strong>Capacidad de suministro9999<\/strong><\/p>\n<p>El servidor de almacenamiento TS658 4U rompe los conceptos de dise\u00f1o tradicionales con una nueva filosof\u00eda de dise\u00f1o y tecnolog\u00eda. Es compatible con los \u00faltimos procesadores Intel Xeon Scalable (Skylake y Cascade Lake), lo que supone un salto cualitativo en el rendimiento del procesador, el ancho de banda del bus y el ancho de banda de la memoria. El servidor ofrece especificaciones excepcionales en cuanto al n\u00famero de ranuras PCIe, discos duros y expansi\u00f3n de red, lo que permite una utilizaci\u00f3n m\u00e1s eficaz de las soluciones inform\u00e1ticas y empresariales. Esto ayuda a reducir la complejidad inform\u00e1tica, recortar costes y mejorar la eficiencia. Aprovechando la tecnolog\u00eda actual, adaptamos soluciones innovadoras basadas en las necesidades del cliente, creando soluciones integradas de hardware y software eficientes, \u00e1giles, abiertas e inteligentes para centros de datos. Nuestro objetivo es simplificar las TI, abordar los retos empresariales y crear valor continuamente para nuestros clientes.<\/p>","protected":false},"featured_media":782,"template":"","meta":[],"product_brand":[],"product_cat":[51],"product_tag":[52,61,58,53,59,56],"class_list":{"0":"post-299","1":"product","2":"type-product","3":"status-publish","4":"has-post-thumbnail","6":"product_cat-storage-server","7":"product_tag-4u-storage-server","8":"product_tag-cheap-storage-server","9":"product_tag-intel-storage-server","10":"product_tag-server-storage","11":"product_tag-server-storage-solutions","12":"product_tag-storage-rack-server","14":"first","15":"instock","16":"shipping-taxable","17":"product-type-simple"},"_links":{"self":[{"href":"https:\/\/sz-xtt.com\/es\/wp-json\/wp\/v2\/product\/299","targetHints":{"allow":["GET"]}}],"collection":[{"href":"https:\/\/sz-xtt.com\/es\/wp-json\/wp\/v2\/product"}],"about":[{"href":"https:\/\/sz-xtt.com\/es\/wp-json\/wp\/v2\/types\/product"}],"wp:featuredmedia":[{"embeddable":true,"href":"https:\/\/sz-xtt.com\/es\/wp-json\/wp\/v2\/media\/782"}],"wp:attachment":[{"href":"https:\/\/sz-xtt.com\/es\/wp-json\/wp\/v2\/media?parent=299"}],"wp:term":[{"taxonomy":"product_brand","embeddable":true,"href":"https:\/\/sz-xtt.com\/es\/wp-json\/wp\/v2\/product_brand?post=299"},{"taxonomy":"product_cat","embeddable":true,"href":"https:\/\/sz-xtt.com\/es\/wp-json\/wp\/v2\/product_cat?post=299"},{"taxonomy":"product_tag","embeddable":true,"href":"https:\/\/sz-xtt.com\/es\/wp-json\/wp\/v2\/product_tag?post=299"}],"curies":[{"name":"wp","href":"https:\/\/api.w.org\/{rel}","templated":true}]}}