{"id":306,"date":"2025-10-15T02:23:02","date_gmt":"2025-10-15T02:23:02","guid":{"rendered":"https:\/\/sz-xtt.com\/product\/tu629v2-universal-type-server\/"},"modified":"2025-10-16T14:19:04","modified_gmt":"2025-10-16T14:19:04","slug":"tu629v2-universal-type-server","status":"publish","type":"product","link":"https:\/\/sz-xtt.com\/es\/product\/tu629v2-universal-type-server\/","title":{"rendered":"Servidor de tipo universal TU629V2"},"content":{"rendered":"<h3>Caracter\u00edsticas del producto<\/h3>\n<p><strong>Rendimiento extremo para aplicaciones cr\u00edticas<\/strong><\/p>\n<p>Procesador: Admite 2 procesadores AMD EPYC? serie 7002\/7003, cada uno con hasta 64 n\u00facleos y 128 subprocesos, con un TDP m\u00e1ximo de 280 W por CPU.<\/p>\n<p>Alta eficiencia de interconexi\u00f3n: Dispone de 4 enlaces xGMI, lo que garantiza el m\u00e1ximo rendimiento computacional en todas las CPU.<\/p>\n<p>Memoria: Equipado con 32 ranuras de memoria DDR4, que admiten hasta 3200 MHz para un ancho de banda y una capacidad de memoria superiores, lo que permite un rendimiento fluido y con gran capacidad de respuesta para aplicaciones de uso intensivo de memoria.<\/p>\n<p><strong>Configuraci\u00f3n flexible para adaptarse a sus necesidades<\/strong><\/p>\n<p>Dise\u00f1o de hardware modular: Proporciona opciones de configuraci\u00f3n flexibles para computaci\u00f3n, almacenamiento y redes, atendiendo a diversos requisitos empresariales.<\/p>\n<p>Almacenamiento de alta velocidad: Admite hasta 6 SSD U.2 NVMe para velocidades de transferencia de datos ultrarr\u00e1pidas.<\/p>\n<p>Expansi\u00f3n PCIe: Ofrece hasta 10 ranuras PCIe est\u00e1ndar, con soporte para GPU de formaci\u00f3n e inferencia.<\/p>\n<p>Opciones de red: Incluye una ranura de expansi\u00f3n de red OCP NIC 3.0, con opciones para configurar hasta 4 puertos de red 1GbE \/ 2 10Gb SFP+ \/ 4 10Gb SFP+ \/ 2 25Gb SFP28 para conectividad de alta velocidad.<\/p>\n<p><strong>Gesti\u00f3n fiable e inteligente<\/strong><\/p>\n<p>Redundancia e intercambio en caliente: Los componentes cr\u00edticos, como fuentes de alimentaci\u00f3n y ventiladores, est\u00e1n dise\u00f1ados para redundancia e intercambio en caliente, lo que mejora la disponibilidad del sistema y reduce el tiempo de inactividad. El desmontaje sin herramientas mejora la eficiencia del mantenimiento.<\/p>\n<p>Gesti\u00f3n inteligente: Integrado con un chip de gesti\u00f3n inteligente BMC, compatible con m\u00faltiples protocolos de gesti\u00f3n como IPMI2.0, Redfish y SNMP. Las completas funciones de gesti\u00f3n remota incluyen KVM, medios virtuales, supervisi\u00f3n de hardware y alertas en tiempo real, lo que garantiza una gesti\u00f3n completa y eficiente a nivel de sistema.<\/p>\n<h3>Especificaciones t\u00e9cnicas<\/h3>\n<p>Procesador:<\/p>\n<p>Admite 2 procesadores AMD EPYC Rome\/Milan\/Milan-X<\/p>\n<p>Hasta 64 n\u00facleos por CPU, con una potencia m\u00e1xima de 280 W<\/p>\n<p>4 enlaces de interconexi\u00f3n xGMI para mejorar el rendimiento de la CPU<\/p>\n<p>Memoria:<\/p>\n<p>32 ranuras de memoria DDR4, organizadas en 16 canales<\/p>\n<p>Velocidad m\u00e1xima de memoria de 3200 MHz<\/p>\n<p>Admite RDIMM\/LRDIMM, con una capacidad m\u00e1xima total de 8 TB.<\/p>\n<p>Controlador de almacenamiento:<\/p>\n<p>Controlador SATA 6 Gb\/s integrado<\/p>\n<p>HBA SAS de 12 Gb\/s y tarjetas RAID SAS opcionales<\/p>\n<p>Almacenamiento local:<\/p>\n<p>Frontal: Admite hasta 12 unidades SAS\/SATA de 3,5\u2033 (6 NVMe opcionales).<\/p>\n<p>Interna: Admite 2 x M.2 (2280, PCIe 4.0\u00d72 y SATA 3.0)<\/p>\n<p>Trasera: Admite hasta 6 unidades SAS\/SATA de 2,5\u2033 (4 NVMe opcionales).<\/p>\n<p>Expansi\u00f3n PCIe:<\/p>\n<p>Admite hasta 10 ranuras PCIe de expansi\u00f3n<\/p>\n<p>Compatible con GPU:<\/p>\n<p>M\u00e1ximo de 3 GPU de doble ancho u 8 GPU de ancho simple<\/p>\n<p>Trabajo en red:<\/p>\n<p>1 puerto de gesti\u00f3n dedicado RJ45 de 1 Gb<\/p>\n<p>Admite 1 tarjeta de expansi\u00f3n OCP 3.0 SFF con opciones para 4 1GbE \/ 2 10Gb SFP+ \/ 4 10Gb SFP+ \/ 2 25Gb SFP28<\/p>\n<p>Puertos de E\/S:<\/p>\n<p>Frontal: 1 x VGA, 2 x USB 3.0<\/p>\n<p>Trasera: 1 x VGA, 2 x USB 3.0, 1 x puerto de gesti\u00f3n RJ45, 1 x COM, 1 x ranura OCP NIC 3.0<\/p>\n<p>Gesti\u00f3n:<\/p>\n<p>Chip de gesti\u00f3n BMC integrado (AST2500)<\/p>\n<p>Compatible con IPMI2.0, Redfish, SOL, KVM sobre IP, medios virtuales<\/p>\n<p>Seguridad:<\/p>\n<p>M\u00f3dulos de seguridad TPM\/TCM opcionales<\/p>\n<p>Detecci\u00f3n de intrusi\u00f3n en el chasis y tapa superior del chasis bloqueable (dise\u00f1o sin herramientas)<\/p>\n<p>Fuente de alimentaci\u00f3n:<\/p>\n<p>Configurable con hasta 2 m\u00f3dulos de alimentaci\u00f3n, compatible con redundancia 1+1 e intercambio en caliente.<\/p>\n<p>Opciones de entrada: 220 V CA, 240 V CC, 336 V CC o -48 V CC<\/p>\n<p>Opciones de potencia: 550 W, 800 W, 1300 W, 1600 W o 2000 W<\/p>\n<p>Refrigeraci\u00f3n:<\/p>\n<p>4 m\u00f3dulos de ventilador intercambiables en caliente, compatibles con redundancia N+1, control de velocidad inteligente y alertas de fallo.<\/p>\n<p>Dimensiones del chasis:<\/p>\n<p>Montaje en rack 2U, 448 mm (ancho) 87 mm (alto) 763 mm (fondo) (con orejas: 783 mm)<\/p>\n<p>Temperatura de funcionamiento:<\/p>\n<p>5oC - 35oC (sin luz solar directa)<\/p>\n<p>Humedad:<\/p>\n<p>Humedad relativa de funcionamiento: 8% a 90% sin condensaci\u00f3n<\/p>\n<p>Sistemas operativos compatibles:<\/p>\n<p>Microsoft Windows Server, Red Hat Enterprise Linux, SUSE Linux Enterprise Server, CentOS, Ubuntu, Oracle Linux, VMware ESXi, Citrix XenServer<\/p>\n<h3>\u00bfPor qu\u00e9 elegirnos?<\/h3>\n<p>Soluci\u00f3n potente y escalable<\/p>\n<p>Aprovecha la potencia de c\u00e1lculo de los procesadores AMD EPYC, con hasta 128 subprocesos por CPU. Perfecta para cargas de trabajo exigentes y escalabilidad, admite hasta 8 TB de memoria DDR4 para aplicaciones de alto rendimiento.<\/p>\n<p>Dise\u00f1o modular y ampliaci\u00f3n flexible<\/p>\n<p>Con amplias opciones de expansi\u00f3n PCIe y compatibilidad con varias GPU, este servidor est\u00e1 dise\u00f1ado para satisfacer las necesidades cambiantes, desde la formaci\u00f3n en IA hasta las tareas del centro de datos.<\/p>\n<p>Gesti\u00f3n remota integral<\/p>\n<p>Equipado con funciones inteligentes de gesti\u00f3n remota, como KVM sobre IP, supervisi\u00f3n de hardware y medidas de seguridad avanzadas, que garantizan la fiabilidad del sistema y la integridad de los datos.<\/p>\n<p>Nuestro servidor AMD EPYC es la elecci\u00f3n perfecta para las empresas que buscan rendimiento de primer nivel, configuraci\u00f3n flexible y gesti\u00f3n inteligente.<\/p>","protected":false},"excerpt":{"rendered":"<p><strong>Marca AMD<\/strong><\/p>\n<p><strong>Origen del producto EE.UU.<\/strong><\/p>\n<p><strong>Plazo de entregaEn 15 d\u00edas<\/strong><\/p>\n<p><strong>Capacidad de suministro9999<\/strong><\/p>\n<p>629V2 es un vers\u00e1til servidor de prop\u00f3sito general de 2U y doble z\u00f3calo construido sobre los procesadores AMD EPYC? de segunda y tercera generaci\u00f3n, compatibles con las series 7002 y 7003. El servidor presenta un dise\u00f1o modular que permite una configuraci\u00f3n flexible en funci\u00f3n de las necesidades de la empresa. Ofrece un rendimiento inform\u00e1tico excepcional y amplias posibilidades de ampliaci\u00f3n, con una rentabilidad y una eficiencia energ\u00e9tica excepcionales. Este servidor es ideal para aplicaciones como cloud computing, virtualizaci\u00f3n, computaci\u00f3n de alto rendimiento e inteligencia artificial.<\/p>","protected":false},"featured_media":885,"template":"","meta":[],"product_brand":[],"product_cat":[65],"product_tag":[69,66,67,79,70],"class_list":{"0":"post-306","1":"product","2":"type-product","3":"status-publish","4":"has-post-thumbnail","6":"product_cat-universal-type-server","7":"product_tag-amd-dedicated-server","8":"product_tag-amd-universal-type-server","9":"product_tag-low-power-computer-server","10":"product_tag-server-factory","11":"product_tag-server-wholesaler","13":"first","14":"instock","15":"shipping-taxable","16":"product-type-simple"},"_links":{"self":[{"href":"https:\/\/sz-xtt.com\/es\/wp-json\/wp\/v2\/product\/306","targetHints":{"allow":["GET"]}}],"collection":[{"href":"https:\/\/sz-xtt.com\/es\/wp-json\/wp\/v2\/product"}],"about":[{"href":"https:\/\/sz-xtt.com\/es\/wp-json\/wp\/v2\/types\/product"}],"wp:featuredmedia":[{"embeddable":true,"href":"https:\/\/sz-xtt.com\/es\/wp-json\/wp\/v2\/media\/885"}],"wp:attachment":[{"href":"https:\/\/sz-xtt.com\/es\/wp-json\/wp\/v2\/media?parent=306"}],"wp:term":[{"taxonomy":"product_brand","embeddable":true,"href":"https:\/\/sz-xtt.com\/es\/wp-json\/wp\/v2\/product_brand?post=306"},{"taxonomy":"product_cat","embeddable":true,"href":"https:\/\/sz-xtt.com\/es\/wp-json\/wp\/v2\/product_cat?post=306"},{"taxonomy":"product_tag","embeddable":true,"href":"https:\/\/sz-xtt.com\/es\/wp-json\/wp\/v2\/product_tag?post=306"}],"curies":[{"name":"wp","href":"https:\/\/api.w.org\/{rel}","templated":true}]}}