{"id":307,"date":"2025-10-15T02:23:02","date_gmt":"2025-10-15T02:23:02","guid":{"rendered":"https:\/\/sz-xtt.com\/product\/tu529v2-universal-type-server\/"},"modified":"2025-10-16T14:21:35","modified_gmt":"2025-10-16T14:21:35","slug":"tu529v2-universal-type-server","status":"publish","type":"product","link":"https:\/\/sz-xtt.com\/es\/product\/tu529v2-universal-type-server\/","title":{"rendered":"Servidor de tipo universal TU529V2"},"content":{"rendered":"<h3>Caracter\u00edsticas del producto<\/h3>\n<p><strong>Rendimiento extremo para aplicaciones cr\u00edticas<\/strong><\/p>\n<p>Processor: Supports up to 2 AMD EPYC? 7002\/7003 series processors, each CPU providing up to 64 cores and 128 threads, with a maximum TDP of 240W per CPU.<\/p>\n<p>High Interconnect Efficiency: Features 4 xGMI interconnect links, delivering exceptional CPU computational power.<\/p>\n<p>Memory: Equipped with 16 DDR4 memory slots, supporting up to 3200MHz frequency for high memory bandwidth and up to 4TB memory capacity, ideal for handling memory-intensive workloads.<\/p>\n<p><strong>Configuraci\u00f3n flexible para satisfacer sus necesidades<\/strong><\/p>\n<p>Storage: Offers flexible storage modules, compatible with both 3.5&#8243; and 2.5&#8243; drives, and supports NVMe, SAS, and SATA configurations.<\/p>\n<p>NVMe Support: Accommodates up to 4 U.2 NVMe drives, providing high-speed storage options for mainstream applications.<\/p>\n<p>PCIe Expansion: Supports up to 6 PCIe slots, enabling users to add additional devices or upgrade system capabilities.<\/p>\n<p><strong>Estabilidad y fiabilidad con gesti\u00f3n inteligente<\/strong><\/p>\n<p>Redundant and Hot-Swappable Design: Key system components are designed for redundancy and hot-swapping, ensuring high availability and minimizing downtime. Tool-less disassembly further enhances maintenance efficiency.<\/p>\n<p>Smart Management: Integrated with a BMC management chip, offering an open platform for intelligent management, supporting protocols like IPMI2.0, Redfish, and SNMP.<\/p>\n<p>Remote Management: Features remote KVM access, virtual media, hardware status monitoring, and real-time alerts, enabling comprehensive remote system management.<\/p>\n<p>&nbsp;<\/p>\n<h3>Especificaciones t\u00e9cnicas<\/h3>\n<p>Factor de forma:<\/p>\n<p>Standard 2U rackmount chassis<\/p>\n<p>Procesador:<\/p>\n<p>Supports up to 2 AMD EPYC Rome\/Milan processors<\/p>\n<p>Up to 64 cores per CPU, with a maximum power consumption of 240W<\/p>\n<p>4 enlaces de interconexi\u00f3n xGMI para mejorar el rendimiento de la CPU<\/p>\n<p>Memoria:<\/p>\n<p>16 DDR4 memory slots, organized into 16 channels<\/p>\n<p>Velocidad m\u00e1xima de memoria de 3200 MHz<\/p>\n<p>Supports RDIMM\/LRDIMM, with a total maximum capacity of 4TB<\/p>\n<p>Controlador de almacenamiento:<\/p>\n<p>Controlador SATA 6 Gb\/s integrado<\/p>\n<p>Optional 12Gb\/s SAS HBA and 12Gb\/s SAS RAID card support<\/p>\n<p>Almacenamiento local:<\/p>\n<p>Front: Supports up to 12 x 3.5&#8243; SAS\/SATA drives (optional 4 NVMe)<\/p>\n<p>Internal: Supports 1 x M.2 (PCIe 4.0 x4, 2280 &amp; 22110)<\/p>\n<p>Rear: Supports up to 2 x 2.5&#8243; SAS\/SATA drives<\/p>\n<p>Expansi\u00f3n PCIe:<\/p>\n<p>Supports up to 6 PCIe slots (3 PCIe 4.0 x16 + 3 PCIe 4.0 x8)<\/p>\n<p>Trabajo en red:<\/p>\n<p>1 puerto de gesti\u00f3n dedicado RJ45 de 1 Gb<\/p>\n<p>2 x 1Gb RJ45 data ports, supporting NCSI<\/p>\n<p>Puertos de E\/S:<\/p>\n<p>Frontal: 1 x VGA, 2 x USB 3.0<\/p>\n<p>Rear: 1 x VGA, 4 x USB 3.0, 1 x RJ45 management port, 1 x COM port, 2 x 1Gb RJ45 data ports<\/p>\n<p>Gesti\u00f3n:<\/p>\n<p>Chip de gesti\u00f3n BMC integrado (AST2500)<\/p>\n<p>Supports IPMI2.0, SOL, KVM over IP, virtual media<\/p>\n<p>Seguridad:<\/p>\n<p>M\u00f3dulos de seguridad TPM\/TCM opcionales<\/p>\n<p>Detecci\u00f3n de intrusi\u00f3n en el chasis y tapa superior del chasis bloqueable (dise\u00f1o sin herramientas)<\/p>\n<p>Fuente de alimentaci\u00f3n:<\/p>\n<p>Configurable con hasta 2 m\u00f3dulos de alimentaci\u00f3n, compatible con redundancia 1+1 e intercambio en caliente.<\/p>\n<p>Input options: 220V AC, 240V DC<\/p>\n<p>Power options: 550W, 800W, 1300W, 1600W<\/p>\n<p>Refrigeraci\u00f3n:<\/p>\n<p>Standard configuration: 3 hot-swappable fan modules, with an optional upgrade to 4 fans<\/p>\n<p>Supports N+1 redundancy, intelligent speed control, and fault alerts<\/p>\n<p>Dimensiones del chasis:<\/p>\n<p>2U rackmount, 448mm (W) 87mm (H) 660mm (D) (with ears: 680mm)<\/p>\n<p>Temperatura de funcionamiento:<\/p>\n<p>5oC - 35oC (sin luz solar directa)<\/p>\n<p>Humedad:<\/p>\n<p>Humedad relativa de funcionamiento: 8% a 90% sin condensaci\u00f3n<\/p>\n<p>Sistemas operativos compatibles:<\/p>\n<p>Microsoft Windows Server, Red Hat Enterprise Linux, SUSE Linux Enterprise Server, CentOS, Ubuntu, Oracle Linux, VMware ESXi, Citrix XenServer<\/p>\n<p>&nbsp;<\/p>\n<h3>\u00bfPor qu\u00e9 elegirnos?<\/h3>\n<p>High-Performance for Demanding Applications<\/p>\n<p>With the powerful AMD EPYC processors supporting up to 128 threads per CPU, this server ensures excellent performance for the most demanding applications and workloads.<\/p>\n<p>Flexible, Modular Design<\/p>\n<p>Choose the storage and PCIe configurations that meet your exact needs, ensuring the server adapts to different business requirements.<\/p>\n<p>Intelligent, Reliable Management<\/p>\n<p>Equipped with remote management and monitoring tools, including KVM over IP and real-time alerts, for enhanced control and system reliability.<\/p>","protected":false},"excerpt":{"rendered":"<p><strong>Marca AMD<\/strong><\/p>\n<p><strong>Origen del productoEEUU<\/strong><\/p>\n<p><strong>Plazo de entregaEn 15 d\u00edas<\/strong><\/p>\n<p><strong>Capacidad de suministro9999<\/strong><\/p>\n<p>XTT529V2 is a versatile 2U dual-socket general-purpose server built on the second and third generation AMD EPYC? processors, supporting the 7002 and 7003 series. This server offers excellent computing performance and exceptional cost-effectiveness, making it ideal for applications such as cloud computing and virtualization.<\/p>","protected":false},"featured_media":888,"template":"","meta":[],"product_brand":[],"product_cat":[65],"product_tag":[66,77,68,82,72],"class_list":{"0":"post-307","1":"product","2":"type-product","3":"status-publish","4":"has-post-thumbnail","6":"product_cat-universal-type-server","7":"product_tag-amd-universal-type-server","8":"product_tag-server-company","9":"product_tag-server-rack","10":"product_tag-server-vs-desktop-computer","11":"product_tag-universal-server-rack-rails","13":"first","14":"instock","15":"shipping-taxable","16":"product-type-simple"},"_links":{"self":[{"href":"https:\/\/sz-xtt.com\/es\/wp-json\/wp\/v2\/product\/307","targetHints":{"allow":["GET"]}}],"collection":[{"href":"https:\/\/sz-xtt.com\/es\/wp-json\/wp\/v2\/product"}],"about":[{"href":"https:\/\/sz-xtt.com\/es\/wp-json\/wp\/v2\/types\/product"}],"wp:featuredmedia":[{"embeddable":true,"href":"https:\/\/sz-xtt.com\/es\/wp-json\/wp\/v2\/media\/888"}],"wp:attachment":[{"href":"https:\/\/sz-xtt.com\/es\/wp-json\/wp\/v2\/media?parent=307"}],"wp:term":[{"taxonomy":"product_brand","embeddable":true,"href":"https:\/\/sz-xtt.com\/es\/wp-json\/wp\/v2\/product_brand?post=307"},{"taxonomy":"product_cat","embeddable":true,"href":"https:\/\/sz-xtt.com\/es\/wp-json\/wp\/v2\/product_cat?post=307"},{"taxonomy":"product_tag","embeddable":true,"href":"https:\/\/sz-xtt.com\/es\/wp-json\/wp\/v2\/product_tag?post=307"}],"curies":[{"name":"wp","href":"https:\/\/api.w.org\/{rel}","templated":true}]}}