{"id":308,"date":"2025-10-15T02:23:02","date_gmt":"2025-10-15T02:23:02","guid":{"rendered":"https:\/\/sz-xtt.com\/product\/tu628v2-universal-type-server\/"},"modified":"2025-10-16T14:24:07","modified_gmt":"2025-10-16T14:24:07","slug":"tu628v2-universal-type-server","status":"publish","type":"product","link":"https:\/\/sz-xtt.com\/es\/product\/tu628v2-universal-type-server\/","title":{"rendered":"Servidor de tipo universal TU628V2"},"content":{"rendered":"<h3>Caracter\u00edsticas del producto<\/h3>\n<p><strong>Rendimiento extremo para aplicaciones exigentes<\/strong><\/p>\n<p>Procesador: Admite 1 o 2 procesadores Intel? Xeon? Scalable (Ice Lake) de las series 8300, 6300, 5300 o 4300, con un TDP m\u00e1ximo de 270 W por CPU.<\/p>\n<p>Interconexi\u00f3n UPI: Admite hasta 3 enlaces UPI con velocidades de hasta 11,2GT\/s, lo que mejora la velocidad de transferencia de datos entre procesadores.<\/p>\n<p>Memoria: Ofrece 32 ranuras de memoria DDR4 con soporte para velocidades de hasta 3200MHz, proporcionando un gran ancho de banda y capacidad de memoria.<\/p>\n<p><strong>Configuraci\u00f3n flexible para satisfacer sus necesidades<\/strong><\/p>\n<p>Opciones de almacenamiento: El dise\u00f1o flexible del m\u00f3dulo de hardware admite hasta 20 discos duros de 3,5\u2033 o 39 discos duros de 2,5\u2033.<\/p>\n<p>Expansi\u00f3n PCIe: Dispone de hasta 10 ranuras de expansi\u00f3n PCIe 4.0, con capacidad para admitir hasta 6 dispositivos PCIe de ancho simple de altura y longitud completas.<\/p>\n<p>Expansi\u00f3n de red: Admite OCP NIC 3.0 con configuraciones de red opcionales que incluyen 4x1GbE, 2x10Gb SFP+, 4x10Gb SFP+ o 2x25Gb SFP28.<\/p>\n<p><strong>Estabilidad y fiabilidad con gesti\u00f3n inteligente<\/strong><\/p>\n<p>Dise\u00f1o redundante e intercambiable en caliente: Los componentes clave del sistema est\u00e1n dise\u00f1ados con redundancia e intercambiabilidad en caliente, lo que mejora la eficiencia del mantenimiento y la fiabilidad del sistema.<\/p>\n<p>Gesti\u00f3n inteligente: Integrado con un chip de gesti\u00f3n BMC compatible con IPMI2.0, Redfish, SNMP y otros protocolos de gesti\u00f3n.<\/p>\n<p>Gesti\u00f3n remota: Cuenta con acceso remoto KVM, medios virtuales, supervisi\u00f3n del estado del hardware y alertas en tiempo real para una completa gesti\u00f3n remota del sistema.<\/p>\n<h3>Especificaciones t\u00e9cnicas<\/h3>\n<p>Factor de forma:<\/p>\n<p>Servidor en rack 2U<\/p>\n<p>Procesador:<\/p>\n<p>Admite 1 o 2 procesadores Intel? Xeon? Scalable (Ice Lake)<\/p>\n<p>Hasta 270 W por CPU<\/p>\n<p>Hasta 3 enlaces UPI con velocidades de hasta 11,2GT\/s<\/p>\n<p>Chipset:<\/p>\n<p>Intel C621A<\/p>\n<p>Memoria:<\/p>\n<p>32 ranuras de memoria DDR4, organizadas en 16 canales<\/p>\n<p>Velocidad m\u00e1xima de memoria de 3200 MHz<\/p>\n<p>Tipos de memoria: RDIMM\/LRDIMM<\/p>\n<p>Capacidad m\u00e1xima de memoria: 12 TB<\/p>\n<p>Controlador de almacenamiento:<\/p>\n<p>Controlador SATA 6 Gb\/s integrado<\/p>\n<p>HBA SAS de 12 Gb\/s y controlador RAID SAS de 12 Gb\/s opcionales<\/p>\n<p>Almacenamiento local:<\/p>\n<p>Frontal: Admite hasta 12 unidades de 3,5\u2033 o 25 de 2,5\u2033.<\/p>\n<p>Trasera: Admite hasta 4 unidades de 3,5\u2033 + 4 unidades de 2,5\u2033 o 10 unidades de 2,5\u2033.<\/p>\n<p>Interna: Admite 4 unidades de 3,5\u2033 (compatible con unidades de 2,5\u2033).<\/p>\n<p>M.2: admite 2 x M.2 (2280, PCIe 3.0 x2), m\u00f3dulo SD opcional (RAID1 dual Micro SD)<\/p>\n<p>Expansi\u00f3n PCIe:<\/p>\n<p>Admite hasta 10 ranuras de expansi\u00f3n PCIe 4.0<\/p>\n<p>Compatible con GPU:<\/p>\n<p>Admite hasta 3 GPU de doble ancho u 8 GPU de ancho simple.<\/p>\n<p>Trabajo en red:<\/p>\n<p>1 puerto de gesti\u00f3n dedicado RJ45 de 1 Gb<\/p>\n<p>OCP NIC 3.0 opcional con configuraciones: 4x1GbE, 2x10Gb SFP+, 4x10Gb SFP+, 2x25Gb SFP28<\/p>\n<p>Puertos de E\/S:<\/p>\n<p>Frontal: 1 x VGA, 2 x USB 3.0, 1 x LCD Mini USB<\/p>\n<p>Trasera: 1 VGA, 2 USB 3.0, 1 puerto de gesti\u00f3n RJ45, 1 puerto COM, 1 ranura OCP NIC 3.0<\/p>\n<p>Gesti\u00f3n:<\/p>\n<p>Chip de gesti\u00f3n BMC integrado, compatible con IPMI2.0, SOL, KVM, medios virtuales<\/p>\n<p>Proporciona 1 puerto de gesti\u00f3n dedicado RJ45 de 1 Gbps, m\u00f3dulo de gesti\u00f3n LCD opcional<\/p>\n<p>Seguridad:<\/p>\n<p>M\u00f3dulos de seguridad TPM\/TCM opcionales<\/p>\n<p>Detecci\u00f3n de intrusi\u00f3n en el chasis y cubierta superior del chasis bloqueable<\/p>\n<p>Fuente de alimentaci\u00f3n:<\/p>\n<p>Configurable con hasta 2 m\u00f3dulos de alimentaci\u00f3n, admite redundancia 1+1 e intercambio en caliente<\/p>\n<p>Opciones de entrada: 220V AC, 240V DC, 336V DC, -48V DC<\/p>\n<p>Opciones de potencia: 800 W, 1300 W, 1600 W, 2000 W (platino de alta eficiencia)<\/p>\n<p>Refrigeraci\u00f3n:<\/p>\n<p>4 m\u00f3dulos de ventilador intercambiables en caliente, compatible con redundancia 3+1<\/p>\n<p>Control inteligente de la velocidad y alertas de aver\u00eda<\/p>\n<p>Dimensiones del chasis:<\/p>\n<p>Montaje en rack 2U, 447 mm (ancho) 87 mm (alto) 763 mm (fondo) (con orejas: 783 mm)<\/p>\n<p>Temperatura de funcionamiento:<\/p>\n<p>5oC - 35oC (para informaci\u00f3n detallada, consulte con el personal de ventas)<\/p>\n<p>Humedad de funcionamiento:<\/p>\n<p>0% - 90% humedad relativa<\/p>\n<p>Sistemas operativos compatibles:<\/p>\n<p>Microsoft Windows Server, Microsoft Hyper-V Server, Red Hat Enterprise Linux, SUSE Linux Enterprise Server, CentOS, Ubuntu, Fedora, Solaris, Oracle Linux, FreeBSD, VMware ESXi, Citrix XenServer<\/p>\n<h3>\u00bfPor qu\u00e9 elegirnos?<\/h3>\n<p>Potente rendimiento con funciones avanzadas<\/p>\n<p>\u00bfCon Intel? Xeon? Scalable y hasta 32 ranuras de memoria DDR4, este servidor est\u00e1 dise\u00f1ado para gestionar aplicaciones y cargas de trabajo intensivas con facilidad.<\/p>\n<p>Altamente configurable<\/p>\n<p>Las opciones flexibles de almacenamiento y PCIe le permiten adaptar el servidor a sus necesidades espec\u00edficas, garantizando que se adapte a los distintos requisitos empresariales.<\/p>\n<p>Gesti\u00f3n fiable e inteligente<\/p>\n<p>Equipado con herramientas de gesti\u00f3n avanzadas y dise\u00f1o redundante, este servidor garantiza una alta disponibilidad y facilidad de mantenimiento, con completas funciones de gesti\u00f3n remota.<\/p>","protected":false},"excerpt":{"rendered":"<p><strong>Marca Intel<\/strong><\/p>\n<p><strong>Origen del productoEEUU<\/strong><\/p>\n<p><strong>Plazo de entregaEn 15 d\u00edas<\/strong><\/p>\n<p><strong>Capacidad de suministro9999<\/strong><\/p>\n<p>XTT628V2 es un servidor en rack de prop\u00f3sito general de 2U y doble z\u00f3calo que utiliza procesadores Intel Xeon Scalable (Ice Lake-SP), logrando un avance integral en el rendimiento inform\u00e1tico, de almacenamiento y de red. Basado en un innovador concepto y tecnolog\u00eda de dise\u00f1o modular de hardware de servidor, aprovecha al m\u00e1ximo los recursos de almacenamiento y red. El servidor ofrece una configuraci\u00f3n flexible basada en las necesidades de la empresa y proporciona una rentabilidad y una eficiencia energ\u00e9tica excepcionales. Es ampliamente aplicable a servicios de Internet, computaci\u00f3n en nube, bases de datos y aplicaciones de big data.<\/p>","protected":false},"featured_media":892,"template":"","meta":[],"product_brand":[],"product_cat":[65],"product_tag":[75,76,74,83,80],"class_list":{"0":"post-308","1":"product","2":"type-product","3":"status-publish","4":"has-post-thumbnail","6":"product_cat-universal-type-server","7":"product_tag-intel-n100-plex-server","8":"product_tag-intel-nuc-server","9":"product_tag-intel-universal-type-server","10":"product_tag-intel-whitley-universal-type-server","11":"product_tag-server-brand","13":"first","14":"instock","15":"shipping-taxable","16":"product-type-simple"},"_links":{"self":[{"href":"https:\/\/sz-xtt.com\/es\/wp-json\/wp\/v2\/product\/308","targetHints":{"allow":["GET"]}}],"collection":[{"href":"https:\/\/sz-xtt.com\/es\/wp-json\/wp\/v2\/product"}],"about":[{"href":"https:\/\/sz-xtt.com\/es\/wp-json\/wp\/v2\/types\/product"}],"wp:featuredmedia":[{"embeddable":true,"href":"https:\/\/sz-xtt.com\/es\/wp-json\/wp\/v2\/media\/892"}],"wp:attachment":[{"href":"https:\/\/sz-xtt.com\/es\/wp-json\/wp\/v2\/media?parent=308"}],"wp:term":[{"taxonomy":"product_brand","embeddable":true,"href":"https:\/\/sz-xtt.com\/es\/wp-json\/wp\/v2\/product_brand?post=308"},{"taxonomy":"product_cat","embeddable":true,"href":"https:\/\/sz-xtt.com\/es\/wp-json\/wp\/v2\/product_cat?post=308"},{"taxonomy":"product_tag","embeddable":true,"href":"https:\/\/sz-xtt.com\/es\/wp-json\/wp\/v2\/product_tag?post=308"}],"curies":[{"name":"wp","href":"https:\/\/api.w.org\/{rel}","templated":true}]}}