{"id":317,"date":"2025-10-15T02:23:05","date_gmt":"2025-10-15T02:23:05","guid":{"rendered":"https:\/\/sz-xtt.com\/product\/tu628universal-type-server\/"},"modified":"2025-10-16T12:12:45","modified_gmt":"2025-10-16T12:12:45","slug":"tu628universal-type-server","status":"publish","type":"product","link":"https:\/\/sz-xtt.com\/es\/product\/tu628universal-type-server\/","title":{"rendered":"TU628servidor de tipo universal"},"content":{"rendered":"<h3>Mejora integral del rendimiento<\/h3>\n<p>El servidor XTT628, construido sobre la plataforma Intel Purley, es compatible con Intel? Xeon? Scalable con avances significativos en n\u00facleos, frecuencia, cach\u00e9 y canales de interconexi\u00f3n. Con tecnolog\u00eda de memoria DDR4, admite hasta 9,0 TB de capacidad de memoria, lo que garantiza que satisface una amplia gama de aplicaciones, desde el procesamiento de datos complejos hasta entornos virtuales de alta demanda.<\/p>\n<h3>Caracter\u00edsticas principales:<\/h3>\n<p>Rendimiento mejorado: Aprovecha los \u00faltimos procesadores escalables de Intel para ofrecer una potencia inform\u00e1tica superior.<\/p>\n<p>Alta capacidad de memoria: Soporta hasta 9,0TB de memoria DDR4, adaptable a diversas necesidades de aplicaci\u00f3n.<\/p>\n<p>Eficiencia energ\u00e9tica ecol\u00f3gica: Aplica la tecnolog\u00eda HVDC y de limitaci\u00f3n de potencia para optimizar el uso de la energ\u00eda y reducir los costes operativos.<\/p>\n<p>Servidor Intel de tipo universal<\/p>\n<h3>Especificaciones detalladas del producto<\/h3>\n<p>Modelo XTT628<\/p>\n<p>Procesadores:<\/p>\n<p>\u00bf1\/2 Intel? Xeon? Scalable, series 3100\/4100\/5100\/6100\/8100, TDP 205 W<\/p>\n<p>\u00bf1\/2 Intel? Xeon? Scalable, series 3200\/4200\/5200\/6200\/8200, TDP 205 W<\/p>\n<p>Chipset: Intel C621<\/p>\n<p>Memoria:<\/p>\n<p>24 ranuras DIMM DDR4, 12 canales de memoria<\/p>\n<p>Compatible con RDIMMs\/LRDIMMs\/NVDIMMs DDR4, hasta 2933MT\/s<\/p>\n<p>Admite DCPMM de Intel, hasta 2666MT\/s<\/p>\n<p>M\u00e1ximo 9,0 TB de memoria del sistema (requiere CPU espec\u00edfica e Intel DCPMM)<\/p>\n<p>Almacenamiento:<\/p>\n<p>Controlador SATA 6 Gb\/s integrado<\/p>\n<p>HBA SAS de 12 Gb\/s y controladoras RAID opcionales<\/p>\n<p>Configurable con 16 unidades 3,5 + 2 unidades 2,5 o 31 unidades 2,5 SAS\/SATA\/SSD<\/p>\n<p>Admite hasta 16 unidades SSD 2,5 NVMe<\/p>\n<p>Incluye 1 PCIe M.2 (80\/110mm), 2 SATA DOM<\/p>\n<p>Expansi\u00f3n PCI-E: Hasta 10 ranuras PCI Express 3.0<\/p>\n<p>GPU: Admite 2 GPU de doble anchura, altura y longitud completas.<\/p>\n<p>Red:<\/p>\n<p>2 x 1GbE integrados<\/p>\n<p>Tarjetas de red opcionales: 2x1GbE\/4x1GbE\/2x10GbE\/4x10GbE\/2x25GbE\/2x40GbE<\/p>\n<p>Gesti\u00f3n:<\/p>\n<p>M\u00f3dulo BMC integrado, compatible con IPMI2.0, KVM sobre IP, SOL, SNMP<\/p>\n<p>Software de gesti\u00f3n avanzada para la gesti\u00f3n remota y por lotes<\/p>\n<p>M\u00f3dulo de gesti\u00f3n LCD opcional<\/p>\n<p>Seguridad: M\u00f3dulo TPM\/TCM opcional, detecci\u00f3n de intrusiones en el chasis<\/p>\n<p>Poder:<\/p>\n<p>1\/2 m\u00f3dulos de alimentaci\u00f3n, redundancia 1+1, intercambiables en caliente<\/p>\n<p>Opciones: 220V AC\/240V DC\/336V DC\/-48V DC<\/p>\n<p>Opciones: 550W\/800W\/1300W\/1600W<\/p>\n<p>Puertos:<\/p>\n<p>Frontal: 1 D-Sub VGA, 2 USB 3.0, 1 LCD MiniUSB<\/p>\n<p>Trasera: 1 D-Sub VGA, 2 USB 3.0, 1 puerto de gesti\u00f3n RJ45, 2 puertos Ethernet RJ45<\/p>\n<p>Ventiladores del sistema: 4 x 8038 u 8056, redundantes N+1, intercambiables en caliente<\/p>\n<p>Dimensiones: Montaje en rack 2U, 447 mm (ancho) x 87 mm (alto) x 808 mm (fondo) (sin orejas: 788 mm)<\/p>\n<p>Peso: Aproximadamente 32KG neto, 40KG con ra\u00edles y accesorios<\/p>\n<p>Temperatura:<\/p>\n<p>Funcionamiento: 5 C a 35 C (sin luz solar directa)<\/p>\n<p>Extendido: 5 C a 40 C (con configuraci\u00f3n espec\u00edfica)<\/p>\n<p>Almacenamiento\/Transporte: -40 C a 65 C<\/p>\n<p>Humedad:<\/p>\n<p>En funcionamiento: 10% a 80% (sin condensaci\u00f3n)<\/p>\n<p>Almacenamiento: 5% a 95% (sin condensaci\u00f3n)<\/p>\n<p>Sistemas operativos compatibles:<\/p>\n<p>Microsoft Windows Server, servidor Hyper-V<\/p>\n<p>Red Hat Enterprise Linux, SUSE Linux Enterprise Server<\/p>\n<p>CentOS, Ubuntu, Fedora, Solaris, Oracle Linux<\/p>\n<p>FreeBSD, VMware ESXi, Citrix XenServer<\/p>\n<h3>\u00bfPor qu\u00e9 elegirnos?<\/h3>\n<p>Experiencia establecida: Shenzhen Xintongtai Technology Co., Ltd. es una empresa l\u00edder en el mercado de servidores y accesorios desde 2007. Nuestra amplia experiencia garantiza productos de primera calidad y un servicio fiable.<\/p>\n<p>Especializados en Servidores y Accesorios: Nos centramos exclusivamente en servidores y accesorios, garantizando que ofrecemos las mejores soluciones adaptadas a sus necesidades.<\/p>\n<p>Informaci\u00f3n completa sobre los productos: Nuestros datos de producto son exhaustivos y est\u00e1n actualizados, lo que le permite tomar decisiones con conocimiento de causa.<\/p>\n<p>Un servicio excelente: Nos comprometemos a prestar un servicio y una asistencia excepcionales a nuestros clientes, resolviendo cualquier problema con prontitud y eficacia.<\/p>\n<p>Disponibilidad en stock: Nuestro inventario bien mantenido garantiza que podamos suministrar productos con prontitud, reduciendo los plazos de entrega y manteniendo sus operaciones funcionando sin problemas.<\/p>","protected":false},"excerpt":{"rendered":"<p><strong>Marca XTT<\/strong><\/p>\n<p><strong>Origen del producto CHINA<\/strong><\/p>\n<p><strong>Plazo de entregaEn 15 d\u00edas<\/strong><\/p>\n<p><strong>Capacidad de suministro9999<\/strong><\/p>\n<p>XTT628 es un servidor de montaje en bastidor de doble z\u00f3calo desarrollado de forma independiente para satisfacer las demandas del mercado de nivel empresarial. El servidor presenta un dise\u00f1o modular que mejora la disipaci\u00f3n del calor y el mantenimiento, garantizando la estabilidad y la fiabilidad. Es vers\u00e1til y adecuado para una amplia gama de aplicaciones, como an\u00e1lisis de big data, virtualizaci\u00f3n, cloud computing hiperconvergente y bases de datos peque\u00f1as y medianas. Est\u00e1 especialmente indicado para clientes de los sectores de las telecomunicaciones, la administraci\u00f3n p\u00fablica e Internet.<\/p>","protected":false},"featured_media":812,"template":"","meta":[],"product_brand":[],"product_cat":[65],"product_tag":[71,75,76,74,77],"class_list":{"0":"post-317","1":"product","2":"type-product","3":"status-publish","4":"has-post-thumbnail","6":"product_cat-universal-type-server","7":"product_tag-2u-universal-type-server","8":"product_tag-intel-n100-plex-server","9":"product_tag-intel-nuc-server","10":"product_tag-intel-universal-type-server","11":"product_tag-server-company","13":"first","14":"instock","15":"shipping-taxable","16":"product-type-simple"},"_links":{"self":[{"href":"https:\/\/sz-xtt.com\/es\/wp-json\/wp\/v2\/product\/317","targetHints":{"allow":["GET"]}}],"collection":[{"href":"https:\/\/sz-xtt.com\/es\/wp-json\/wp\/v2\/product"}],"about":[{"href":"https:\/\/sz-xtt.com\/es\/wp-json\/wp\/v2\/types\/product"}],"wp:featuredmedia":[{"embeddable":true,"href":"https:\/\/sz-xtt.com\/es\/wp-json\/wp\/v2\/media\/812"}],"wp:attachment":[{"href":"https:\/\/sz-xtt.com\/es\/wp-json\/wp\/v2\/media?parent=317"}],"wp:term":[{"taxonomy":"product_brand","embeddable":true,"href":"https:\/\/sz-xtt.com\/es\/wp-json\/wp\/v2\/product_brand?post=317"},{"taxonomy":"product_cat","embeddable":true,"href":"https:\/\/sz-xtt.com\/es\/wp-json\/wp\/v2\/product_cat?post=317"},{"taxonomy":"product_tag","embeddable":true,"href":"https:\/\/sz-xtt.com\/es\/wp-json\/wp\/v2\/product_tag?post=317"}],"curies":[{"name":"wp","href":"https:\/\/api.w.org\/{rel}","templated":true}]}}