{"id":321,"date":"2025-10-15T02:23:05","date_gmt":"2025-10-15T02:23:05","guid":{"rendered":"https:\/\/sz-xtt.com\/product\/p6237-universal-type-server\/"},"modified":"2025-10-16T13:53:35","modified_gmt":"2025-10-16T13:53:35","slug":"p6237-universal-type-server","status":"publish","type":"product","link":"https:\/\/sz-xtt.com\/es\/product\/p6237-universal-type-server\/","title":{"rendered":"P6237 servidor de tipo universal"},"content":{"rendered":"<h3>Caracter\u00edsticas del producto<\/h3>\n<p>Este servidor se basa en la nueva generaci\u00f3n de procesadores escalables Intel Xeon de cuarta generaci\u00f3n, que ofrece una potencia inform\u00e1tica excepcional con soporte para las especificaciones m\u00e1s altas de CPU de 350 W y 32 DIMM de memoria DDR5. Su s\u00f3lido rendimiento satisface las demandas de los centros de datos modernos. Con el soporte de expansi\u00f3n de memoria CXL, los usuarios pueden escalar la capacidad de memoria bajo demanda, garantizando la eficiencia en el manejo de tareas complejas. Adem\u00e1s, el servidor es compatible con el \u00faltimo protocolo PCIe 5.0, que proporciona velocidades de transferencia de datos m\u00e1s r\u00e1pidas.<\/p>\n<p>En t\u00e9rminos de configuraci\u00f3n flexible, este servidor admite un m\u00e1ximo de 12 unidades de disco duro de 3,5 pulgadas, 14 unidades de 2,5 pulgadas o E3.S, y hasta 28 unidades E1.S para satisfacer diversos requisitos de almacenamiento. Tambi\u00e9n ofrece m\u00faltiples configuraciones de ranura PCIe, lo que permite hasta 4 GPU de doble ancho o 6 GPU de ancho simple, mejorando significativamente las capacidades de procesamiento de gr\u00e1ficos.<\/p>\n<p>bastidor para servidor inform\u00e1tico<\/p>\n<h3>Especificaciones del producto<\/h3>\n<p>CPU: 1\/2 procesadores escalables Intel Xeon de cuarta generaci\u00f3n, TDP 350W<\/p>\n<p>Memoria: Admite hasta 32 memorias DIMM DDR5, con 8 canales de memoria por CPU.<\/p>\n<p>Almacenamiento:<\/p>\n<p>Admite hasta 12 discos duros de 3,5 pulgadas<\/p>\n<p>Admite hasta 14 unidades de 2,5 pulgadas o E3.S, y hasta 28 unidades E1.S<\/p>\n<p>Admite 1 SSD M.2<\/p>\n<p>Expansi\u00f3n PCIe frontal:<\/p>\n<p>Admite 3 ranuras PCIe est\u00e1ndar o 2 ranuras PCIe est\u00e1ndar + 1 ranura OCP<\/p>\n<p>Admite hasta 4 GPU de doble ancho o 6 GPU de ancho simple.<\/p>\n<p>Expansi\u00f3n PCIe trasera: Admite 2 ranuras PCIe est\u00e1ndar<\/p>\n<p>Gesti\u00f3n: AST2600, 1 puerto de gesti\u00f3n Gigabit RJ45<\/p>\n<p>E\/S frontal:<\/p>\n<p>1x Bot\u00f3n de encendido con LED<\/p>\n<p>1x LED de sistema<\/p>\n<p>1x bot\u00f3n UID con LED<\/p>\n<p>1x USB 3.0 + 1x USB 2.0<\/p>\n<p>1 VGA, 1 UART, 1 puerto GbE MGNT<\/p>\n<p>E\/S trasera:<\/p>\n<p>1x bot\u00f3n UID y LED<\/p>\n<p>1 puerto GbE MGNT<\/p>\n<p>Refrigeraci\u00f3n: 4\u00d78056 ventiladores, admite redundancia N+1, refrigeraci\u00f3n por placa fr\u00eda opcional.<\/p>\n<p>Temperatura: 5oC - 35oC, con algunas configuraciones que soportan hasta 45 C<\/p>\n<p>Fuente de alimentaci\u00f3n: 2 fuentes de alimentaci\u00f3n CRPS, con redundancia 1+1<\/p>\n<p>Dimensiones: 900mm x 447mm x 87mm<\/p>\n<p>armario rack para servidores inform\u00e1ticos<\/p>\n<h3>Por qu\u00e9 elegirnos<\/h3>\n<p>1. 1. Experiencia profesional<br \/>\nFundada en 2007, Xintongtai se especializa en la investigaci\u00f3n y venta de servidores y componentes, acumulando una rica experiencia en el sector.<\/p>\n<p>2. Productos de alta calidad<br \/>\nProporcionamos informaci\u00f3n completa sobre los productos para que los clientes puedan tomar decisiones informadas a la hora de elegir.<\/p>\n<p>3. Excelente servicio<br \/>\nNuestro equipo de servicio posventa es profesional y eficiente, y est\u00e1 preparado para resolver cualquier problema que los clientes puedan encontrar durante el uso.<\/p>\n<p>4. Disponibilidad de existencias<br \/>\nDisponemos de un stock suficiente de productos, lo que nos permite responder r\u00e1pidamente a las necesidades de los clientes y garantizar una entrega puntual.<\/p>","protected":false},"excerpt":{"rendered":"<p><strong>Marca XTT<\/strong><\/p>\n<p><strong>Origen del producto CHINA<\/strong><\/p>\n<p><strong>Plazo de entregaEn 15 d\u00edas<\/strong><\/p>\n<p><strong>Capacidad de suministro9999<\/strong><\/p>\n<p>El producto XTT6237 es un vers\u00e1til servidor 2U de doble z\u00f3calo desarrollado sobre la \u00faltima plataforma EagleStream de Intel, dise\u00f1ada para los centros de datos modernos. Con componentes modulares flexibles y dise\u00f1o de chasis, satisface diversas necesidades de los centros de datos de mantenimiento frontal, como la inform\u00e1tica, el almacenamiento y la aceleraci\u00f3n de IA en varios escenarios.<\/p>","protected":false},"featured_media":831,"template":"","meta":[],"product_brand":[],"product_cat":[65],"product_tag":[88,78,77,85,89],"class_list":{"0":"post-321","1":"product","2":"type-product","3":"status-publish","4":"has-post-thumbnail","6":"product_cat-universal-type-server","7":"product_tag-computer-server-rack","8":"product_tag-computer-server-rack-cabinet","9":"product_tag-server-company","10":"product_tag-server-manufacturer","11":"product_tag-server-vendor","13":"first","14":"instock","15":"shipping-taxable","16":"product-type-simple"},"_links":{"self":[{"href":"https:\/\/sz-xtt.com\/es\/wp-json\/wp\/v2\/product\/321","targetHints":{"allow":["GET"]}}],"collection":[{"href":"https:\/\/sz-xtt.com\/es\/wp-json\/wp\/v2\/product"}],"about":[{"href":"https:\/\/sz-xtt.com\/es\/wp-json\/wp\/v2\/types\/product"}],"wp:featuredmedia":[{"embeddable":true,"href":"https:\/\/sz-xtt.com\/es\/wp-json\/wp\/v2\/media\/831"}],"wp:attachment":[{"href":"https:\/\/sz-xtt.com\/es\/wp-json\/wp\/v2\/media?parent=321"}],"wp:term":[{"taxonomy":"product_brand","embeddable":true,"href":"https:\/\/sz-xtt.com\/es\/wp-json\/wp\/v2\/product_brand?post=321"},{"taxonomy":"product_cat","embeddable":true,"href":"https:\/\/sz-xtt.com\/es\/wp-json\/wp\/v2\/product_cat?post=321"},{"taxonomy":"product_tag","embeddable":true,"href":"https:\/\/sz-xtt.com\/es\/wp-json\/wp\/v2\/product_tag?post=321"}],"curies":[{"name":"wp","href":"https:\/\/api.w.org\/{rel}","templated":true}]}}