{"id":326,"date":"2025-10-15T02:23:06","date_gmt":"2025-10-15T02:23:06","guid":{"rendered":"https:\/\/sz-xtt.com\/product\/300ab-102-s-server-power-supply\/"},"modified":"2025-10-17T00:03:01","modified_gmt":"2025-10-17T00:03:01","slug":"300ab-102-s-server-power-supply","status":"publish","type":"product","link":"https:\/\/sz-xtt.com\/es\/product\/300ab-102-s-server-power-supply\/","title":{"rendered":"Fuente de alimentaci\u00f3n para servidor 300AB-102 S"},"content":{"rendered":"<h3>Productos<\/h3>\n<p>La XTT-300AB-102 B es una fuente de alimentaci\u00f3n de alto rendimiento lanzada por Delta Electronics, dise\u00f1ada espec\u00edficamente para sistemas de servidor con una potencia de salida de 300W. Este producto cuenta con una arquitectura de fuente de alimentaci\u00f3n redundante com\u00fan (CRPS) con una profundidad de 185 mm, lo que garantiza la estabilidad y la eficiencia en diversas condiciones de carga. Sus especificaciones el\u00e9ctricas y su dise\u00f1o mec\u00e1nico han sido rigurosamente validados, lo que la hace adecuada para aplicaciones que requieren una alta fiabilidad.<\/p>\n<p><strong>Dise\u00f1o mec\u00e1nico<\/strong><br \/>\nLa fuente de alimentaci\u00f3n tiene unas dimensiones de 39\/40 mm x 73,5 mm x 185 mm y est\u00e1 equipada con un ventilador de 40 mm para una refrigeraci\u00f3n eficaz. La XTT-300AB-102 B utiliza un conector de borde de tarjeta 2\u00d725, lo que garantiza la compatibilidad y estabilidad con el sistema. El dise\u00f1o modular permite a los usuarios instalar y extraer f\u00e1cilmente la unidad, lo que mejora la comodidad de mantenimiento. Adem\u00e1s, el dise\u00f1o del asa protege a los operadores del riesgo de quemaduras durante el uso.<\/p>\n<p><strong>Especificaciones el\u00e9ctricas<\/strong><br \/>\nLa XTT-300AB-102 B ofrece dos canales de salida: una salida principal de 12 V y una salida de reserva de 12 V, con funciones de autocorrecci\u00f3n del factor de potencia. La fuente de alimentaci\u00f3n admite un amplio rango de tensi\u00f3n de entrada, de 90 VCA a 264 VCA, lo que garantiza un funcionamiento estable en diversos entornos energ\u00e9ticos. Adem\u00e1s, el producto cumple las normas internacionales de seguridad y se ha sometido a m\u00faltiples pruebas de fiabilidad para garantizar la seguridad y estabilidad en condiciones extremas.<\/p>\n<p><strong>Caracter\u00edsticas de eficiencia y protecci\u00f3n<\/strong><br \/>\nEsta fuente de alimentaci\u00f3n alcanza una alta eficiencia en diversas condiciones de carga, con eficiencias espec\u00edficas de 88%, 92%, 88% y 80% a 100%, 50%, 20% y 10% de carga, respectivamente. El XTT-300AB-102 B tambi\u00e9n incorpora m\u00faltiples mecanismos de protecci\u00f3n, como la protecci\u00f3n contra sobrecorriente (OCP), la protecci\u00f3n contra sobretensi\u00f3n (OVP) y la protecci\u00f3n contra sobretemperatura (OTP), que garantizan un funcionamiento seguro en condiciones an\u00f3malas.<\/p>\n<p><strong>Adaptabilidad medioambiental<\/strong><br \/>\nLa XTT-300AB-102 B est\u00e1 dise\u00f1ada para funcionar en una amplia gama de condiciones ambientales, con un rango de temperatura de trabajo de 0 a 50 y un rango de temperatura no operativa de -40 a 70 . Adem\u00e1s, esta fuente de alimentaci\u00f3n cumple los requisitos para entornos de gran altitud, funcionando con normalidad a altitudes de hasta 5000 metros. Su dise\u00f1o de refrigeraci\u00f3n garantiza temperaturas estables incluso con cargas elevadas, evitando problemas de sobrecalentamiento.<\/p>\n<h3>Por qu\u00e9 elegirnos<\/h3>\n<p>Como proveedor l\u00edder de soluciones energ\u00e9ticas, Xintongtai se compromete a proporcionar a los clientes productos energ\u00e9ticos de alta calidad y gran fiabilidad. Nuestras ventajas incluyen:<\/p>\n<p>Equipo profesional: Contamos con un experimentado equipo de ingenier\u00eda centrado en el desarrollo y soporte t\u00e9cnico de productos de potencia, garantizando un servicio de m\u00e1xima calidad para nuestros clientes.<br \/>\nEstricto control de calidad: Aplicamos un riguroso sistema de gesti\u00f3n de la calidad durante la producci\u00f3n, y todos los productos se someten a m\u00faltiples pruebas y validaciones para garantizar el cumplimiento de las normas internacionales.<br \/>\nEl cliente es lo primero: Damos prioridad a las necesidades del cliente, ofreci\u00e9ndole soluciones personalizadas para ayudarle a alcanzar sus objetivos empresariales.<br \/>\nInnovaci\u00f3n tecnol\u00f3gica continua: Xintongtai invierte continuamente en investigaci\u00f3n y desarrollo para mejorar e innovar la tecnolog\u00eda, satisfaciendo los constantes cambios del mercado y las diversas necesidades de los clientes.<br \/>\nAl elegir Xintongtai, no s\u00f3lo obtendr\u00e1 productos energ\u00e9ticos de alto rendimiento, sino tambi\u00e9n un socio de confianza. Esperamos colaborar con usted para crear un futuro brillante.<\/p>","protected":false},"excerpt":{"rendered":"<p><strong>Marca DELTA<\/strong><\/p>\n<p><strong>Origen del producto CHINA<\/strong><\/p>\n<p><strong>Plazo de entregaEn 15 d\u00edas<\/strong><\/p>\n<p><strong>Capacidad de suministro9999<\/strong><\/p>\n<p>Esta especificaci\u00f3n define una fuente de alimentaci\u00f3n redundante com\u00fan (CRPS) de 300 W en el formato<br \/>\nFactor de forma de 185 mm de profundidad que admite sistemas de servidor. Los par\u00e1metros de esta potencia<br \/>\nse definen en esta especificaci\u00f3n. Esta especificaci\u00f3n define una fuente de alimentaci\u00f3n con 2<br \/>\n12 V y 12 V en modo de espera. La entrada de CA deber\u00e1 ser de rango autom\u00e1tico y factor de potencia<br \/>\ncorregido.<\/p>","protected":false},"featured_media":1030,"template":"","meta":[],"product_brand":[],"product_cat":[91],"product_tag":[106,107,105,93,101],"class_list":{"0":"post-326","1":"product","2":"type-product","3":"status-publish","4":"has-post-thumbnail","6":"product_cat-server-power-supply","7":"product_tag-1000w-server-power-supply","8":"product_tag-1600w-server-power-supply","9":"product_tag-ai-server-power-supply","10":"product_tag-power-supply-server","11":"product_tag-server-power-supplies","13":"first","14":"instock","15":"shipping-taxable","16":"product-type-simple"},"_links":{"self":[{"href":"https:\/\/sz-xtt.com\/es\/wp-json\/wp\/v2\/product\/326","targetHints":{"allow":["GET"]}}],"collection":[{"href":"https:\/\/sz-xtt.com\/es\/wp-json\/wp\/v2\/product"}],"about":[{"href":"https:\/\/sz-xtt.com\/es\/wp-json\/wp\/v2\/types\/product"}],"wp:featuredmedia":[{"embeddable":true,"href":"https:\/\/sz-xtt.com\/es\/wp-json\/wp\/v2\/media\/1030"}],"wp:attachment":[{"href":"https:\/\/sz-xtt.com\/es\/wp-json\/wp\/v2\/media?parent=326"}],"wp:term":[{"taxonomy":"product_brand","embeddable":true,"href":"https:\/\/sz-xtt.com\/es\/wp-json\/wp\/v2\/product_brand?post=326"},{"taxonomy":"product_cat","embeddable":true,"href":"https:\/\/sz-xtt.com\/es\/wp-json\/wp\/v2\/product_cat?post=326"},{"taxonomy":"product_tag","embeddable":true,"href":"https:\/\/sz-xtt.com\/es\/wp-json\/wp\/v2\/product_tag?post=326"}],"curies":[{"name":"wp","href":"https:\/\/api.w.org\/{rel}","templated":true}]}}