{"id":327,"date":"2025-10-15T02:23:06","date_gmt":"2025-10-15T02:23:06","guid":{"rendered":"https:\/\/sz-xtt.com\/product\/550ab-36-s-server-power-supply\/"},"modified":"2025-10-17T00:05:16","modified_gmt":"2025-10-17T00:05:16","slug":"550ab-36-s-server-power-supply","status":"publish","type":"product","link":"https:\/\/sz-xtt.com\/es\/product\/550ab-36-s-server-power-supply\/","title":{"rendered":"Fuente de alimentaci\u00f3n para servidor 550AB-36 S"},"content":{"rendered":"<h3>Productos<\/h3>\n<p>La 550AB-36 S es una fuente de alimentaci\u00f3n redundante de 550 W de alto rendimiento, dise\u00f1ada para sistemas de servidor. Con una profundidad de 185 mm, es adecuada para diversos entornos inform\u00e1ticos de alta demanda. La fuente de alimentaci\u00f3n ofrece dos salidas: una principal de 12 V y otra de reserva de 12 V, que garantizan la estabilidad y fiabilidad en diferentes condiciones de carga.<\/p>\n<p><strong>Resumen mec\u00e1nico<\/strong><br \/>\nEsta fuente de alimentaci\u00f3n tiene unas dimensiones de 39\/40 mm x 73,5 mm x 185 mm y est\u00e1 equipada con un ventilador de 40 mm para garantizar un excelente rendimiento de refrigeraci\u00f3n. Se conecta al sistema mediante un conector de borde de tarjeta para facilitar la instalaci\u00f3n y el mantenimiento. El dise\u00f1o incluye un asa de f\u00e1cil agarre, que permite a los usuarios insertarla y extraerla sin herramientas, y cuenta con un pestillo de seguridad para evitar la extracci\u00f3n accidental cuando el cable de alimentaci\u00f3n de CA est\u00e1 desenchufado.<\/p>\n<p><strong>Especificaciones el\u00e9ctricas<\/strong><br \/>\nEl rango de tensi\u00f3n de entrada del 550AB-36 S va de 90 V CA a 264 V CA, con capacidad de autoajuste para adaptarse a distintos entornos de alimentaci\u00f3n. El factor de potencia se mantiene elevado con diferentes cargas (por ejemplo, 0,95 con carga 100%), cumpliendo los requisitos del programa Energy Star para garantizar la eficiencia energ\u00e9tica y el respeto al medio ambiente.<\/p>\n<p><strong>Rendimiento<\/strong><br \/>\nEsta fuente de alimentaci\u00f3n admite diversas condiciones de carga, con una salida m\u00e1xima de 45 A para la alimentaci\u00f3n principal de 12 V y de 2,1 A para la salida de reserva, lo que proporciona una s\u00f3lida capacidad de carga. El mecanismo de regulaci\u00f3n de tensi\u00f3n garantiza que la tensi\u00f3n de salida se mantenga dentro del rango recomendado en condiciones de carga din\u00e1mica, evitando cualquier efecto adverso en los equipos conectados a continuaci\u00f3n.<\/p>\n<p><strong>Circuitos de protecci\u00f3n<\/strong><br \/>\nLa 550AB-36 S est\u00e1 equipada con m\u00faltiples circuitos de protecci\u00f3n, como protecci\u00f3n contra sobrecorriente, protecci\u00f3n contra sobretensi\u00f3n y protecci\u00f3n contra sobretemperatura, que garantizan que la fuente de alimentaci\u00f3n se apague autom\u00e1ticamente en condiciones anormales, protegiendo tanto la fuente de alimentaci\u00f3n como los dispositivos conectados. Adem\u00e1s, tiene una excelente inmunidad a las interferencias, lo que permite un funcionamiento estable en entornos con fluctuaciones de potencia y ruido.<\/p>\n<p>Requisitos medioambientales<br \/>\nEsta fuente de alimentaci\u00f3n funciona con fiabilidad en rangos de temperatura no operativos de -40 C a 70 C y puede funcionar a altitudes de hasta 5000 metros. Esto hace que la 550AB-36 S sea adecuada para diversos entornos extremos, como centros de datos y aplicaciones industriales.<\/p>\n<h3>Por qu\u00e9 elegirnos<\/h3>\n<p>Como l\u00edder en la industria de fuentes de alimentaci\u00f3n, Xintongtai se dedica a proporcionar productos de alta calidad y servicios excepcionales a nuestros clientes. Con a\u00f1os de experiencia en el sector, un equipo t\u00e9cnico profesional y un riguroso sistema de gesti\u00f3n de la calidad, nos aseguramos de que cada producto se someta a pruebas estrictas y cumpla las normas internacionales.<\/p>\n<p>Nuestras ventajas incluyen:<\/p>\n<p>Soluciones personalizadas: Ofrecemos servicios de personalizaci\u00f3n flexibles basados en las necesidades de los clientes, ayud\u00e1ndoles a encontrar las soluciones de suministro el\u00e9ctrico m\u00e1s adecuadas.<\/p>\n<p>Respuesta r\u00e1pida: Tanto si se trata de asistencia t\u00e9cnica como de servicio posventa, respondemos con rapidez para garantizar que las necesidades del cliente se satisfagan con prontitud.<\/p>\n<p>Precios competitivos: Ofrecemos precios competitivos mediante procesos de producci\u00f3n optimizados y la gesti\u00f3n de la cadena de suministro, lo que garantiza ventajas de costes para nuestros clientes.<\/p>\n<p>Innovaci\u00f3n continua: Estamos comprometidos con la investigaci\u00f3n y el desarrollo continuos para mantener nuestros productos a la vanguardia de la industria, satisfaciendo las \u00faltimas demandas del mercado.<\/p>\n<p>Al elegir a Xintongtai, no s\u00f3lo est\u00e1 seleccionando a un proveedor; est\u00e1 eligiendo a un socio fiable. Esperamos trabajar con usted para crear juntos un futuro mejor.<\/p>","protected":false},"excerpt":{"rendered":"<p><strong>Marca DELTA<\/strong><\/p>\n<p><strong>Origen del producto CHINA<\/strong><\/p>\n<p><strong>Plazo de entregaEn 15 d\u00edas<\/strong><\/p>\n<p><strong>Capacidad de suministro9999<\/strong><\/p>\n<p>La XTT-550AB-36 S es una fuente de alimentaci\u00f3n redundante de 550 W de alto rendimiento, dise\u00f1ada para sistemas de servidor. Con una profundidad de 185 mm, es adecuada para diversos entornos inform\u00e1ticos de alta demanda. La fuente de alimentaci\u00f3n ofrece dos salidas: una principal de 12 V y otra de reserva de 12 V, que garantizan la estabilidad y fiabilidad en diferentes condiciones de carga.<\/p>","protected":false},"featured_media":1033,"template":"","meta":[],"product_brand":[],"product_cat":[91],"product_tag":[109,95,105,108,101],"class_list":{"0":"post-327","1":"product","2":"type-product","3":"status-publish","4":"has-post-thumbnail","6":"product_cat-server-power-supply","7":"product_tag-1200-watt-server-power-supply","8":"product_tag-24v-server-power-supply","9":"product_tag-ai-server-power-supply","10":"product_tag-power-supply-for-server","11":"product_tag-server-power-supplies","13":"first","14":"instock","15":"shipping-taxable","16":"product-type-simple"},"_links":{"self":[{"href":"https:\/\/sz-xtt.com\/es\/wp-json\/wp\/v2\/product\/327","targetHints":{"allow":["GET"]}}],"collection":[{"href":"https:\/\/sz-xtt.com\/es\/wp-json\/wp\/v2\/product"}],"about":[{"href":"https:\/\/sz-xtt.com\/es\/wp-json\/wp\/v2\/types\/product"}],"wp:featuredmedia":[{"embeddable":true,"href":"https:\/\/sz-xtt.com\/es\/wp-json\/wp\/v2\/media\/1033"}],"wp:attachment":[{"href":"https:\/\/sz-xtt.com\/es\/wp-json\/wp\/v2\/media?parent=327"}],"wp:term":[{"taxonomy":"product_brand","embeddable":true,"href":"https:\/\/sz-xtt.com\/es\/wp-json\/wp\/v2\/product_brand?post=327"},{"taxonomy":"product_cat","embeddable":true,"href":"https:\/\/sz-xtt.com\/es\/wp-json\/wp\/v2\/product_cat?post=327"},{"taxonomy":"product_tag","embeddable":true,"href":"https:\/\/sz-xtt.com\/es\/wp-json\/wp\/v2\/product_tag?post=327"}],"curies":[{"name":"wp","href":"https:\/\/api.w.org\/{rel}","templated":true}]}}