{"id":329,"date":"2025-10-15T02:23:06","date_gmt":"2025-10-15T02:23:06","guid":{"rendered":"https:\/\/sz-xtt.com\/product\/800ab-30-s-server-power-supply\/"},"modified":"2025-10-17T00:09:00","modified_gmt":"2025-10-17T00:09:00","slug":"800ab-30-s-server-power-supply","status":"publish","type":"product","link":"https:\/\/sz-xtt.com\/es\/product\/800ab-30-s-server-power-supply\/","title":{"rendered":"Fuente de alimentaci\u00f3n para servidor 800AB-30 S"},"content":{"rendered":"<h3>Productos<\/h3>\n<p>La fuente de alimentaci\u00f3n 800AB-30S es una soluci\u00f3n de alimentaci\u00f3n redundante de alto rendimiento de 800 W dise\u00f1ada y fabricada por Delta Electronics, Inc. Este producto est\u00e1 espec\u00edficamente dise\u00f1ado para sistemas de servidor y presenta un dise\u00f1o compacto con una profundidad de 185 mm, lo que lo hace adecuado para diversas aplicaciones de alta carga. Su entrada de CA de auto-rango y la correcci\u00f3n del factor de potencia garantizan un funcionamiento estable en diferentes condiciones de la red el\u00e9ctrica.<\/p>\n<p><strong>Dise\u00f1o mec\u00e1nico<\/strong><br \/>\nThe physical dimensions of the 800AB-30S are 39\/40mm x 73.5mm x 185mm, and it uses a single 40mm fan for self-cooling. The power supply includes a card edge output interface that is compatible with a 2&#215;25 power card connector, allowing seamless integration with the system. Additionally, the AC power is directly connected at the front of the power supply, facilitating easy installation and maintenance.<\/p>\n<p><strong>Especificaciones el\u00e9ctricas<\/strong><br \/>\nThis power supply provides two output voltages: a 12V main output and a 12V standby output. It is designed to maintain voltage stability during load variations, with the main voltage fluctuating no more than 5% within the rated range. The product supports operation across a wide input voltage range, ensuring stable power delivery even under voltage fluctuations.<\/p>\n<p><strong>Protection Mechanisms<\/strong><br \/>\nThe 800AB-30S incorporates multiple protection features, including over-current protection (OCP), over-voltage protection (OVP), and over-power protection (OPP). These mechanisms ensure that the power supply can automatically cut off output in the event of various anomalies, protecting connected devices from damage. The power supply also includes a soft-start function to effectively reduce inrush current to the grid during startup.<\/p>\n<p><strong>Efficiency and Environmental Considerations<\/strong><br \/>\nThis power supply meets Energy Star standards, offering up to 94% efficiency, which significantly reduces energy consumption and aligns with modern enterprises&#8217; demands for environmental sustainability and energy savings. Through optimized design, the DPS-800AB-30S also minimizes standby power consumption, ensuring the best efficiency in various operating modes.<\/p>\n<h3>Por qu\u00e9 elegirnos<\/h3>\n<p>By choosing Xintongtai as your power supply vendor, you will enjoy multiple advantages. First, we have extensive industry experience and a professional technical team capable of providing customized solutions to meet diverse needs. Second, we have established long-term partnerships with renowned brands like Delta Electronics, ensuring product quality and reliability. Additionally, we offer comprehensive after-sales service to ensure that customers receive timely support and assistance throughout their usage. Our goal is to become your most trusted partner, working together to drive the success and growth of your business.<\/p>\n<p>For more information about the 800AB-30S power supply or Xintongtai s services, please feel free to contact us. We look forward to cooperating with you and helping your business soar!<\/p>","protected":false},"excerpt":{"rendered":"<p><strong>Marca DELTA<\/strong><\/p>\n<p><strong>Origen del producto CHINA<\/strong><\/p>\n<p><strong>Plazo de entregaEn 15 d\u00edas<\/strong><\/p>\n<p><strong>Capacidad de suministro9999<\/strong><\/p>\n<p>La fuente de alimentaci\u00f3n 800AB-30S es una soluci\u00f3n de alimentaci\u00f3n redundante de alto rendimiento de 800 W dise\u00f1ada y fabricada por Delta Electronics, Inc. Este producto est\u00e1 espec\u00edficamente dise\u00f1ado para sistemas de servidor y presenta un dise\u00f1o compacto con una profundidad de 185 mm, lo que lo hace adecuado para diversas aplicaciones de alta carga. Su entrada de CA de auto-rango y la correcci\u00f3n del factor de potencia garantizan un funcionamiento estable en diferentes condiciones de la red el\u00e9ctrica.<\/p>","protected":false},"featured_media":1043,"template":"","meta":[],"product_brand":[],"product_cat":[91],"product_tag":[94,95,96,101,111],"class_list":{"0":"post-329","1":"product","2":"type-product","3":"status-publish","4":"has-post-thumbnail","6":"product_cat-server-power-supply","7":"product_tag-1200w-server-power-supply","8":"product_tag-24v-server-power-supply","9":"product_tag-home-server-power-supply","10":"product_tag-server-power-supplies","11":"product_tag-server-power-supply-unit","13":"first","14":"instock","15":"shipping-taxable","16":"product-type-simple"},"_links":{"self":[{"href":"https:\/\/sz-xtt.com\/es\/wp-json\/wp\/v2\/product\/329","targetHints":{"allow":["GET"]}}],"collection":[{"href":"https:\/\/sz-xtt.com\/es\/wp-json\/wp\/v2\/product"}],"about":[{"href":"https:\/\/sz-xtt.com\/es\/wp-json\/wp\/v2\/types\/product"}],"wp:featuredmedia":[{"embeddable":true,"href":"https:\/\/sz-xtt.com\/es\/wp-json\/wp\/v2\/media\/1043"}],"wp:attachment":[{"href":"https:\/\/sz-xtt.com\/es\/wp-json\/wp\/v2\/media?parent=329"}],"wp:term":[{"taxonomy":"product_brand","embeddable":true,"href":"https:\/\/sz-xtt.com\/es\/wp-json\/wp\/v2\/product_brand?post=329"},{"taxonomy":"product_cat","embeddable":true,"href":"https:\/\/sz-xtt.com\/es\/wp-json\/wp\/v2\/product_cat?post=329"},{"taxonomy":"product_tag","embeddable":true,"href":"https:\/\/sz-xtt.com\/es\/wp-json\/wp\/v2\/product_tag?post=329"}],"curies":[{"name":"wp","href":"https:\/\/api.w.org\/{rel}","templated":true}]}}