{"id":333,"date":"2025-10-15T02:23:06","date_gmt":"2025-10-15T02:23:06","guid":{"rendered":"https:\/\/sz-xtt.com\/product\/ac-171g-server-power-supply\/"},"modified":"2025-10-17T01:19:09","modified_gmt":"2025-10-17T01:19:09","slug":"ac-171g-server-power-supply","status":"publish","type":"product","link":"https:\/\/sz-xtt.com\/es\/product\/ac-171g-server-power-supply\/","title":{"rendered":"Fuente de alimentaci\u00f3n para servidor AC 171G"},"content":{"rendered":"<h3>Detalles del producto: M\u00f3dulo de alimentaci\u00f3n AC-171 G<\/h3>\n<p>1. Descripci\u00f3n general del producto<br \/>\nEl AC-171 G es un m\u00f3dulo de alimentaci\u00f3n de alto rendimiento dise\u00f1ado para el montaje de placas base de alimentaci\u00f3n multifuncionales. Este producto cuenta con varias funciones de conversi\u00f3n de voltaje, incluida la conversi\u00f3n CC-CC de 12 V a 3,3 V, de 12 V a 5 V, de 12 V a -12 V y de 12 VSB a 5 VSB, para satisfacer diversos requisitos de alimentaci\u00f3n.<\/p>\n<p>2. 2. Especificaciones t\u00e9cnicas<br \/>\nEl AC-171 G admite un amplio rango de tensi\u00f3n de entrada, con capacidad para m\u00faltiples entradas de m\u00f3dulo de 300 W a 1200 W. La eficiencia de este m\u00f3dulo de potencia es extraordinaria, manteniendo un alto rendimiento con cargas que van de 20% a 100%. Adem\u00e1s, la estabilidad de la tensi\u00f3n de salida es excelente, lo que evita eficazmente las situaciones de sobretensi\u00f3n y subtensi\u00f3n, garantizando el funcionamiento seguro de los dispositivos.<\/p>\n<p>3. Rendimiento de la producci\u00f3n<br \/>\nLa corriente de salida y la potencia nominal de este m\u00f3dulo de potencia est\u00e1n estrictamente definidas seg\u00fan las normas del sector. El AC-171 G dispone de varios mecanismos de protecci\u00f3n, como protecci\u00f3n contra sobrecarga, cortocircuito y sobretemperatura, que garantizan la estabilidad en distintas condiciones de carga. Adem\u00e1s, el m\u00f3dulo admite carga din\u00e1mica y carga capacitiva, por lo que se adapta a distintos escenarios de aplicaci\u00f3n.<\/p>\n<p>4. Adaptabilidad medioambiental<br \/>\nEl AC-171 G est\u00e1 dise\u00f1ado para satisfacer las exigencias de entornos extremos. Puede funcionar de forma estable en un rango de temperaturas de -40 a +70 y posee una buena adaptabilidad a la humedad y la altitud. Esto convierte al AC-171 G en una opci\u00f3n ideal para sectores como el industrial, el de las comunicaciones y otros campos de alta exigencia.<\/p>\n<p>5. Aplicaciones de los productos<br \/>\nEste m\u00f3dulo de alimentaci\u00f3n se utiliza ampliamente en servidores, dispositivos de comunicaci\u00f3n y centros de datos, y es capaz de satisfacer requisitos de alimentaci\u00f3n de alta densidad. Sus caracter\u00edsticas multifuncionales y su alta eficiencia lo hacen adecuado para diversas configuraciones de alimentaci\u00f3n complejas, ayudando a los usuarios a reducir el consumo de energ\u00eda y mejorar el rendimiento de los dispositivos.<\/p>\n<h3>\u00a0Por qu\u00e9 elegirnos<\/h3>\n<p>Como proveedor l\u00edder de m\u00f3dulos de potencia, Xintongtai Company se dedica a proporcionar productos y servicios de alta calidad a nuestros clientes. Con a\u00f1os de experiencia en el sector, nuestro equipo de I+D innova continuamente para garantizar que nuestros productos se mantengan a la vanguardia de la tecnolog\u00eda. Nuestros procesos de producci\u00f3n cumplen estrictamente las normas de calidad internacionales, garantizando que cada producto se someta a rigurosas pruebas y validaciones.<\/p>\n<p>Ofrecemos un servicio posventa excepcional, respondiendo con prontitud a las necesidades y consultas de los clientes y garantizando una experiencia sin preocupaciones durante el uso. Elegir Xintongtai significa no s\u00f3lo adquirir un producto, sino un socio de confianza. Nos comprometemos a establecer relaciones de cooperaci\u00f3n a largo plazo con nuestros clientes, a crecer juntos y a crear un futuro pr\u00f3spero.<\/p>","protected":false},"excerpt":{"rendered":"<p><strong>Marca DELTA<\/strong><\/p>\n<p><strong>Origen del producto CHINA<\/strong><\/p>\n<p><strong>Plazo de entregaEn 15 d\u00edas<\/strong><\/p>\n<p><strong>Capacidad de suministro9999<\/strong><\/p>\n<p>El AC-171 G es un m\u00f3dulo de alimentaci\u00f3n de alto rendimiento dise\u00f1ado para el montaje de placas base de alimentaci\u00f3n multifuncionales. Este producto cuenta con varias funciones de conversi\u00f3n de voltaje, incluida la conversi\u00f3n CC-CC de 12 V a 3,3 V, de 12 V a 5 V, de 12 V a -12 V y de 12 VSB a 5 VSB, para satisfacer diversos requisitos de alimentaci\u00f3n.<\/p>","protected":false},"featured_media":1065,"template":"","meta":[],"product_brand":[],"product_cat":[91],"product_tag":[107,113,110,108,111],"class_list":{"0":"post-333","1":"product","2":"type-product","3":"status-publish","4":"has-post-thumbnail","6":"product_cat-server-power-supply","7":"product_tag-1600w-server-power-supply","8":"product_tag-1u-server-power-supply","9":"product_tag-best-server-power-supply","10":"product_tag-power-supply-for-server","11":"product_tag-server-power-supply-unit","13":"first","14":"instock","15":"shipping-taxable","16":"product-type-simple"},"_links":{"self":[{"href":"https:\/\/sz-xtt.com\/es\/wp-json\/wp\/v2\/product\/333","targetHints":{"allow":["GET"]}}],"collection":[{"href":"https:\/\/sz-xtt.com\/es\/wp-json\/wp\/v2\/product"}],"about":[{"href":"https:\/\/sz-xtt.com\/es\/wp-json\/wp\/v2\/types\/product"}],"wp:featuredmedia":[{"embeddable":true,"href":"https:\/\/sz-xtt.com\/es\/wp-json\/wp\/v2\/media\/1065"}],"wp:attachment":[{"href":"https:\/\/sz-xtt.com\/es\/wp-json\/wp\/v2\/media?parent=333"}],"wp:term":[{"taxonomy":"product_brand","embeddable":true,"href":"https:\/\/sz-xtt.com\/es\/wp-json\/wp\/v2\/product_brand?post=333"},{"taxonomy":"product_cat","embeddable":true,"href":"https:\/\/sz-xtt.com\/es\/wp-json\/wp\/v2\/product_cat?post=333"},{"taxonomy":"product_tag","embeddable":true,"href":"https:\/\/sz-xtt.com\/es\/wp-json\/wp\/v2\/product_tag?post=333"}],"curies":[{"name":"wp","href":"https:\/\/api.w.org\/{rel}","templated":true}]}}