{"id":339,"date":"2025-10-15T02:23:08","date_gmt":"2025-10-15T02:23:08","guid":{"rendered":"https:\/\/sz-xtt.com\/product\/sfx-sfb-server-power-supply\/"},"modified":"2025-10-16T23:53:05","modified_gmt":"2025-10-16T23:53:05","slug":"sfx-sfb-server-power-supply","status":"publish","type":"product","link":"https:\/\/sz-xtt.com\/es\/product\/sfx-sfb-server-power-supply\/","title":{"rendered":"Fuente de alimentaci\u00f3n para servidor SFX SFB"},"content":{"rendered":"<h3>Caracter\u00edsticas del producto<\/h3>\n<p>High-Efficiency Design: Achieves up to 85% efficiency with 80PLUS? Bronze certification, reducing power consumption.<\/p>\n<p>Quality Fan: Equipped with an 80mm double ball bearing fan that includes a fanless mode for quiet operation and efficient cooling, extending the lifespan of the power supply.<\/p>\n<p>Protecci\u00f3n integral: Cuenta con protecci\u00f3n contra cortocircuitos (SCP), protecci\u00f3n contra sobretensi\u00f3n (OVP) y protecci\u00f3n contra sobrecarga (OPP) para una seguridad completa del sistema.<\/p>\n<p>High Reliability: Subjected to rigorous quality control, including high-temperature cycling tests, ensuring long-term stable operation.<\/p>\n<p>&nbsp;<\/p>\n<h3>Especificaciones del producto<\/h3>\n<p>Power: 300 W<\/p>\n<p>Dimensions: 100 125 63.5 mm<\/p>\n<p>Frecuencia de entrada: 47 \/ 63 Hz<\/p>\n<p>Eficacia: 80PLUS? Bronce<\/p>\n<p>Regulaci\u00f3n de l\u00ednea: ? 1% (t\u00edpico)<\/p>\n<p>Regulaci\u00f3n de carga: ? 5% (t\u00edpico)<\/p>\n<p>Regulaci\u00f3n cruzada: ? 5% (t\u00edpico)<\/p>\n<p>MTBF: &gt; 100.000 horas (carga completa a 25 C ambiente)<\/p>\n<p>Correcci\u00f3n del factor de potencia: &gt; 95% (t\u00edpico)<\/p>\n<p>Salida CC:<\/p>\n<p>+3.3V: 14A<\/p>\n<p>+5V: 17A<\/p>\n<p>+12V1: 18A<\/p>\n<p>+12V2: 18A<\/p>\n<p>-12V: 0.8A<\/p>\n<p>+5Vsb: 2A<\/p>\n<p>Total Continuous Power: 300 W<\/p>\n<p>Tipo de entrada: 100 C240 VAC<\/p>\n<h3>Por qu\u00e9 elegirnos<\/h3>\n<p>Antecedentes de la empresa: Xintongtai se fund\u00f3 en 2007 y se especializa en la investigaci\u00f3n y producci\u00f3n de servidores y accesorios, acumulando una rica experiencia en la industria.<\/p>\n<p>Productos de calidad: Proporcionamos informaci\u00f3n detallada sobre los productos, lo que garantiza que los clientes puedan seleccionar f\u00e1cilmente la fuente de alimentaci\u00f3n adecuada.<\/p>\n<p>Excelente servicio: Nuestro equipo de servicio al cliente es profesional y eficiente, listo para proporcionar soporte t\u00e9cnico y servicio postventa en cualquier momento.<\/p>\n<p>Suministro en stock: Mantenemos un amplio inventario de productos para el env\u00edo r\u00e1pido, asegurando el cumplimiento oportuno de las necesidades del cliente.<\/p>","protected":false},"excerpt":{"rendered":"<p><strong>Marca XTT<\/strong><\/p>\n<p><strong>Origen del producto CHINA<\/strong><\/p>\n<p><strong>Plazo de entregaEn 15 d\u00edas<\/strong><\/p>\n<p><strong>Capacidad de suministro9999<\/strong><\/p>\n<p>Our 300W power supply unit is designed to provide efficient and stable power support, suitable for various computer systems. With its high performance and reliability, this power supply is an ideal choice for meeting the demands of everyday use and high-load tasks, ensuring stable operation in various environments.<\/p>","protected":false},"featured_media":1008,"template":"","meta":[],"product_brand":[],"product_cat":[91],"product_tag":[128,131,123,101,111],"class_list":{"0":"post-339","1":"product","2":"type-product","3":"status-publish","4":"has-post-thumbnail","6":"product_cat-server-power-supply","7":"product_tag-300w-server-power-supply","8":"product_tag-hp-power-supply-server","9":"product_tag-industrial-power-supply","10":"product_tag-server-power-supplies","11":"product_tag-server-power-supply-unit","13":"first","14":"instock","15":"shipping-taxable","16":"product-type-simple"},"_links":{"self":[{"href":"https:\/\/sz-xtt.com\/es\/wp-json\/wp\/v2\/product\/339","targetHints":{"allow":["GET"]}}],"collection":[{"href":"https:\/\/sz-xtt.com\/es\/wp-json\/wp\/v2\/product"}],"about":[{"href":"https:\/\/sz-xtt.com\/es\/wp-json\/wp\/v2\/types\/product"}],"wp:featuredmedia":[{"embeddable":true,"href":"https:\/\/sz-xtt.com\/es\/wp-json\/wp\/v2\/media\/1008"}],"wp:attachment":[{"href":"https:\/\/sz-xtt.com\/es\/wp-json\/wp\/v2\/media?parent=339"}],"wp:term":[{"taxonomy":"product_brand","embeddable":true,"href":"https:\/\/sz-xtt.com\/es\/wp-json\/wp\/v2\/product_brand?post=339"},{"taxonomy":"product_cat","embeddable":true,"href":"https:\/\/sz-xtt.com\/es\/wp-json\/wp\/v2\/product_cat?post=339"},{"taxonomy":"product_tag","embeddable":true,"href":"https:\/\/sz-xtt.com\/es\/wp-json\/wp\/v2\/product_tag?post=339"}],"curies":[{"name":"wp","href":"https:\/\/api.w.org\/{rel}","templated":true}]}}