{"id":340,"date":"2025-10-15T02:23:09","date_gmt":"2025-10-15T02:23:09","guid":{"rendered":"https:\/\/sz-xtt.com\/product\/tfx-tgs-server-power-supply\/"},"modified":"2025-10-16T15:03:45","modified_gmt":"2025-10-16T15:03:45","slug":"tfx-tgs-server-power-supply","status":"publish","type":"product","link":"https:\/\/sz-xtt.com\/es\/product\/tfx-tgs-server-power-supply\/","title":{"rendered":"Fuente de alimentaci\u00f3n para servidores TFX TGS"},"content":{"rendered":"<h3>Caracter\u00edsticas del producto<\/h3>\n<p>Compatibilidad ATX: Cumple con el est\u00e1ndar Intel ATX 12 V v2.31, lo que garantiza la compatibilidad y estabilidad con la mayor\u00eda de placas base.<\/p>\n<p>Dise\u00f1o de alta eficiencia: 80PLUS? Gold alcanza una eficiencia de hasta 90%, lo que reduce significativamente el consumo de energ\u00eda.<\/p>\n<p>Quality Fan: Equipped with an 80mm double ball bearing fan for effective cooling and quiet operation, extending the lifespan of the power supply.<\/p>\n<p>Protecci\u00f3n integral: Cuenta con protecci\u00f3n contra cortocircuitos (SCP), protecci\u00f3n contra sobretensi\u00f3n (OVP) y protecci\u00f3n contra sobrecarga (OPP) para una seguridad completa del sistema.<\/p>\n<p>industrial power supply<\/p>\n<h3>Especificaciones del producto<\/h3>\n<p>Power: 300 W<\/p>\n<p>Dimensiones: 140 85 65 mm<\/p>\n<p>Frecuencia de entrada: 50 \/ 60 Hz<\/p>\n<p>Eficacia: 80PLUS? Oro<\/p>\n<p>Line Regulation:\u00a0 \u00a01% (typical)<\/p>\n<p>Load Regulation:\u00a0 5% (typical)<\/p>\n<p>Cross Regulation:\u00a0 5% (typical)<\/p>\n<p>MTBF: &gt; 100.000 horas (carga completa a 25 C ambiente)<\/p>\n<p>Correcci\u00f3n del factor de potencia: &gt; 95% (t\u00edpico)<\/p>\n<p>Salida CC:<\/p>\n<p>+3.3V: 10A<\/p>\n<p>+5V: 14A<\/p>\n<p>+12V: 25A<\/p>\n<p>-12V: 0,3A<\/p>\n<p>+5Vsb: 2A<\/p>\n<p>Total Continuous Power: 300 W<\/p>\n<p>Tipo de entrada: 100 C240 VAC<\/p>\n<h3>Por qu\u00e9 elegirnos<\/h3>\n<p>Antecedentes de la empresa: Xintongtai se fund\u00f3 en 2007 y se especializa en la investigaci\u00f3n y producci\u00f3n de servidores y accesorios, acumulando una rica experiencia en la industria.<\/p>\n<p>Productos de calidad: Proporcionamos informaci\u00f3n detallada sobre los productos, lo que garantiza que los clientes puedan seleccionar f\u00e1cilmente la fuente de alimentaci\u00f3n adecuada.<\/p>\n<p>Excelente servicio: Nuestro equipo de servicio al cliente es profesional y eficiente, listo para proporcionar soporte t\u00e9cnico y servicio postventa en cualquier momento.<\/p>\n<p>Suministro en stock: Mantenemos un amplio inventario de productos para el env\u00edo r\u00e1pido, asegurando el cumplimiento oportuno de las necesidades del cliente.<\/p>","protected":false},"excerpt":{"rendered":"<p><strong>Marca XTT<\/strong><\/p>\n<p><strong>Origen del producto CHINA<\/strong><\/p>\n<p><strong>Plazo de entregaEn 15 d\u00edas<\/strong><\/p>\n<p><strong>Capacidad de suministro9999<\/strong><\/p>\n<p>Our 300W power supply unit is compliant with the Intel ATX 12 V v2.31 standard, designed for efficiency and stability, suitable for a variety of computer systems. With its superior efficiency and reliability, this power supply can meet the demands of everyday use and high-load tasks, ensuring stable operation in various environments.<\/p>","protected":false},"featured_media":946,"template":"","meta":[],"product_brand":[],"product_cat":[91],"product_tag":[128,123,101,111,98],"class_list":{"0":"post-340","1":"product","2":"type-product","3":"status-publish","4":"has-post-thumbnail","6":"product_cat-server-power-supply","7":"product_tag-300w-server-power-supply","8":"product_tag-industrial-power-supply","9":"product_tag-server-power-supplies","10":"product_tag-server-power-supply-unit","11":"product_tag-server-rack-power-supply","13":"first","14":"instock","15":"shipping-taxable","16":"product-type-simple"},"_links":{"self":[{"href":"https:\/\/sz-xtt.com\/es\/wp-json\/wp\/v2\/product\/340","targetHints":{"allow":["GET"]}}],"collection":[{"href":"https:\/\/sz-xtt.com\/es\/wp-json\/wp\/v2\/product"}],"about":[{"href":"https:\/\/sz-xtt.com\/es\/wp-json\/wp\/v2\/types\/product"}],"wp:featuredmedia":[{"embeddable":true,"href":"https:\/\/sz-xtt.com\/es\/wp-json\/wp\/v2\/media\/946"}],"wp:attachment":[{"href":"https:\/\/sz-xtt.com\/es\/wp-json\/wp\/v2\/media?parent=340"}],"wp:term":[{"taxonomy":"product_brand","embeddable":true,"href":"https:\/\/sz-xtt.com\/es\/wp-json\/wp\/v2\/product_brand?post=340"},{"taxonomy":"product_cat","embeddable":true,"href":"https:\/\/sz-xtt.com\/es\/wp-json\/wp\/v2\/product_cat?post=340"},{"taxonomy":"product_tag","embeddable":true,"href":"https:\/\/sz-xtt.com\/es\/wp-json\/wp\/v2\/product_tag?post=340"}],"curies":[{"name":"wp","href":"https:\/\/api.w.org\/{rel}","templated":true}]}}