{"id":341,"date":"2025-10-15T02:23:09","date_gmt":"2025-10-15T02:23:09","guid":{"rendered":"https:\/\/sz-xtt.com\/product\/tfx-tbs-server-power-supply\/"},"modified":"2025-10-16T15:05:48","modified_gmt":"2025-10-16T15:05:48","slug":"tfx-tbs-server-power-supply","status":"publish","type":"product","link":"https:\/\/sz-xtt.com\/es\/product\/tfx-tbs-server-power-supply\/","title":{"rendered":"Fuente de alimentaci\u00f3n para servidores TFX TBS"},"content":{"rendered":"<h3>Caracter\u00edsticas del producto<\/h3>\n<p>Compatibilidad ATX: Cumple con el est\u00e1ndar Intel ATX 12 V v2.31, lo que garantiza la compatibilidad y estabilidad con la mayor\u00eda de placas base.<\/p>\n<p>Dise\u00f1o de alta eficiencia: 80PLUS? Bronze alcanza una eficiencia de hasta 85%, lo que reduce significativamente el consumo de energ\u00eda.<\/p>\n<p>Ventilador de calidad: Equipado con un ventilador de doble rodamiento de bolas de 80 mm, con un modo sin ventilador para un funcionamiento silencioso y una refrigeraci\u00f3n eficaz, que prolonga la vida \u00fatil de la fuente de alimentaci\u00f3n.<\/p>\n<p>Protecci\u00f3n integral: Cuenta con protecci\u00f3n contra cortocircuitos (SCP), protecci\u00f3n contra sobretensi\u00f3n (OVP) y protecci\u00f3n contra sobrecarga (OPP) para una seguridad completa del sistema.<\/p>\n<p>fuente de alimentaci\u00f3n industrial<\/p>\n<h3>Especificaciones del producto<\/h3>\n<p>Opciones de potencia: 300 W \/ 250 W<\/p>\n<p>Dimensiones: 140 85 65 mm<\/p>\n<p>Frecuencia de entrada: 47 \/ 63 Hz<\/p>\n<p>Eficacia: 80PLUS? Bronce<\/p>\n<p>Regulaci\u00f3n de l\u00ednea: ? 1% (t\u00edpico)<\/p>\n<p>Regulaci\u00f3n de carga: ? 5% (t\u00edpico)<\/p>\n<p>Regulaci\u00f3n cruzada: ? 5% (t\u00edpico)<\/p>\n<p>MTBF: &gt; 100.000 horas (carga completa a 25 C ambiente)<\/p>\n<p>Correcci\u00f3n del factor de potencia: &gt; 95% (t\u00edpico)<\/p>\n<p>Salida CC:<\/p>\n<p>+3,3 V: 20 A<\/p>\n<p>+5V: 20A<\/p>\n<p>+12V1: 18A<\/p>\n<p>+12V2: 18A<\/p>\n<p>-12V: 0,3A<\/p>\n<p>+5Vsb: 2A<\/p>\n<p>Potencia continua total: 300 W \/ 250 W<\/p>\n<p>Tipo de entrada: 100 C240 VAC<\/p>\n<h3>Por qu\u00e9 elegirnos<\/h3>\n<p>Antecedentes de la empresa: Xintongtai se fund\u00f3 en 2007 y se especializa en la investigaci\u00f3n y producci\u00f3n de servidores y accesorios, acumulando una rica experiencia en la industria.<\/p>\n<p>Productos de calidad: Proporcionamos informaci\u00f3n detallada sobre los productos, lo que garantiza que los clientes puedan seleccionar f\u00e1cilmente la fuente de alimentaci\u00f3n adecuada.<\/p>\n<p>Excelente servicio: Nuestro equipo de servicio al cliente es profesional y eficiente, listo para proporcionar soporte t\u00e9cnico y servicio postventa en cualquier momento.<\/p>\n<p>Suministro en stock: Mantenemos un amplio inventario de productos para el env\u00edo r\u00e1pido, asegurando el cumplimiento oportuno de las necesidades del cliente.<\/p>","protected":false},"excerpt":{"rendered":"<p><strong>Marca XTT<\/strong><\/p>\n<p><strong>Origen del producto CHINA<\/strong><\/p>\n<p><strong>Plazo de entregaEn 15 d\u00edas<\/strong><\/p>\n<p><strong>Capacidad de suministro9999<\/strong><\/p>\n<p>Nuestras fuentes de alimentaci\u00f3n de 300 W y 250 W cumplen con el est\u00e1ndar Intel ATX 12 V v2.31, dise\u00f1adas para ofrecer eficiencia y estabilidad, adecuadas para diversos sistemas inform\u00e1ticos. Con su eficiencia y fiabilidad superiores, estas fuentes de alimentaci\u00f3n pueden satisfacer las exigencias del uso diario y las tareas de alta carga, garantizando un funcionamiento estable en diversos entornos.<\/p>","protected":false},"featured_media":947,"template":"","meta":[],"product_brand":[],"product_cat":[91],"product_tag":[133,128,132,98],"class_list":{"0":"post-341","1":"product","2":"type-product","3":"status-publish","4":"has-post-thumbnail","6":"product_cat-server-power-supply","7":"product_tag-250w-server-power-supply","8":"product_tag-300w-server-power-supply","9":"product_tag-industrial-level-power-supply","10":"product_tag-server-rack-power-supply","12":"first","13":"instock","14":"shipping-taxable","15":"product-type-simple"},"_links":{"self":[{"href":"https:\/\/sz-xtt.com\/es\/wp-json\/wp\/v2\/product\/341","targetHints":{"allow":["GET"]}}],"collection":[{"href":"https:\/\/sz-xtt.com\/es\/wp-json\/wp\/v2\/product"}],"about":[{"href":"https:\/\/sz-xtt.com\/es\/wp-json\/wp\/v2\/types\/product"}],"wp:featuredmedia":[{"embeddable":true,"href":"https:\/\/sz-xtt.com\/es\/wp-json\/wp\/v2\/media\/947"}],"wp:attachment":[{"href":"https:\/\/sz-xtt.com\/es\/wp-json\/wp\/v2\/media?parent=341"}],"wp:term":[{"taxonomy":"product_brand","embeddable":true,"href":"https:\/\/sz-xtt.com\/es\/wp-json\/wp\/v2\/product_brand?post=341"},{"taxonomy":"product_cat","embeddable":true,"href":"https:\/\/sz-xtt.com\/es\/wp-json\/wp\/v2\/product_cat?post=341"},{"taxonomy":"product_tag","embeddable":true,"href":"https:\/\/sz-xtt.com\/es\/wp-json\/wp\/v2\/product_tag?post=341"}],"curies":[{"name":"wp","href":"https:\/\/api.w.org\/{rel}","templated":true}]}}