{"id":342,"date":"2025-10-15T02:23:09","date_gmt":"2025-10-15T02:23:09","guid":{"rendered":"https:\/\/sz-xtt.com\/product\/1u-l1u-server-power-supply\/"},"modified":"2025-10-16T15:32:32","modified_gmt":"2025-10-16T15:32:32","slug":"1u-l1u-server-power-supply","status":"publish","type":"product","link":"https:\/\/sz-xtt.com\/es\/product\/1u-l1u-server-power-supply\/","title":{"rendered":"Fuente de alimentaci\u00f3n para servidor 1U L1U"},"content":{"rendered":"<h3>Productos<\/h3>\n<p>Nuestras fuentes de alimentaci\u00f3n de 500 W y 400 W cumplen el est\u00e1ndar Intel EPS1U v2.1 y presentan un avanzado dise\u00f1o de convertidor de CC a CC, adaptado para ofrecer un alto rendimiento y estabilidad. Esta fuente de alimentaci\u00f3n es adecuada para diversos sistemas inform\u00e1ticos, ya que satisface las exigencias del uso diario y las tareas de alta carga, al tiempo que garantiza un funcionamiento fiable en diversos entornos.<\/p>\n<h3>Caracter\u00edsticas del producto<\/h3>\n<p>Compatibilidad ATX: Cumple con el est\u00e1ndar Intel EPS1U v2.1, lo que garantiza la compatibilidad y estabilidad con una gran variedad de placas base.<\/p>\n<p>Dise\u00f1o de alta eficiencia: 80PLUS? Gold alcanza una eficiencia de hasta 90%, lo que reduce significativamente el consumo de energ\u00eda.<\/p>\n<p>Ventilador de calidad: equipado con un ventilador de doble rodamiento de bolas de 40 mm, con un modo sin ventilador para un funcionamiento silencioso y una refrigeraci\u00f3n eficaz, que prolonga la vida \u00fatil de la fuente de alimentaci\u00f3n.<\/p>\n<p>Protecci\u00f3n integral: Cuenta con protecci\u00f3n contra cortocircuitos (SCP), protecci\u00f3n contra sobretensi\u00f3n (OVP) y protecci\u00f3n contra sobrecarga (OPP) para una seguridad completa del sistema.<\/p>\n<h3>Especificaciones del producto<\/h3>\n<p>Opciones de potencia: 500 W \/ 400 W<\/p>\n<p>Dimensiones: 235 100 40 mm<\/p>\n<p>Frecuencia de entrada: 50 \/ 60 Hz<\/p>\n<p>Eficacia: 80PLUS? Oro<\/p>\n<p>Regulaci\u00f3n de l\u00ednea: ? 1% (t\u00edpico)<\/p>\n<p>Regulaci\u00f3n de carga: ? 5% (t\u00edpico)<\/p>\n<p>Regulaci\u00f3n cruzada: ? 5% (t\u00edpico)<\/p>\n<p>MTBF: &gt; 100.000 horas (carga completa a 25 C ambiente)<\/p>\n<p>Correcci\u00f3n del factor de potencia: 99% (t\u00edpico)<\/p>\n<p>Salida CC:<\/p>\n<p>+3,3 V: 20 A<\/p>\n<p>+5V: 20A<\/p>\n<p>+12V: 40A (combinado)<\/p>\n<p>-12V: 0,3A<\/p>\n<p>+5Vsb: 2,5A<\/p>\n<p>Potencia continua total: 500 W \/ 400 W<\/p>\n<p>Tipo de entrada: 100 C240 VAC<\/p>\n<h3>Por qu\u00e9 elegirnos<\/h3>\n<p>Antecedentes de la empresa: Xintongtai se fund\u00f3 en 2007 y se especializa en la investigaci\u00f3n y producci\u00f3n de servidores y accesorios, acumulando una rica experiencia en la industria.<\/p>\n<p>Productos de calidad: Proporcionamos informaci\u00f3n detallada sobre los productos, lo que garantiza que los clientes puedan seleccionar f\u00e1cilmente la fuente de alimentaci\u00f3n adecuada.<\/p>\n<p>Excelente servicio: Nuestro equipo de servicio al cliente es profesional y eficiente, listo para proporcionar soporte t\u00e9cnico y servicio postventa en cualquier momento.<\/p>\n<p>Suministro en stock: Mantenemos un amplio inventario de productos para el env\u00edo r\u00e1pido, asegurando el cumplimiento oportuno de las necesidades del cliente.<\/p>","protected":false},"excerpt":{"rendered":"<p><strong>Marca XTT<\/strong><\/p>\n<p><strong>Origen del producto CHINA<\/strong><\/p>\n<p><strong>Plazo de entregaEn 15 d\u00edas<\/strong><\/p>\n<p><strong>Capacidad de suministro9999<\/strong><\/p>\n<p>Se trata de una fuente de alimentaci\u00f3n conmutada industrial EPS de 12 V con clasificaci\u00f3n de eficiencia 80 PLUS? Gold. La serie se presenta en dos versiones de potencia: 500 vatios y 400 vatios. Esta unidad tiene un cableado totalmente modular y cumple con importantes normas EMI, EMC y de seguridad y con muchas caracter\u00edsticas de protecci\u00f3n se considera muy segura. Gracias a su estabilidad y a la calidad de sus componentes el\u00e9ctricos, es una fuente de alimentaci\u00f3n muy fiable para cualquier tipo de aplicaci\u00f3n industrial.<\/p>","protected":false},"featured_media":998,"template":"","meta":[],"product_brand":[],"product_cat":[91],"product_tag":[113,135,134,108,101],"class_list":{"0":"post-342","1":"product","2":"type-product","3":"status-publish","4":"has-post-thumbnail","6":"product_cat-server-power-supply","7":"product_tag-1u-server-power-supply","8":"product_tag-400w-server-power-supply","9":"product_tag-500w-server-power-supply","10":"product_tag-power-supply-for-server","11":"product_tag-server-power-supplies","13":"first","14":"instock","15":"shipping-taxable","16":"product-type-simple"},"_links":{"self":[{"href":"https:\/\/sz-xtt.com\/es\/wp-json\/wp\/v2\/product\/342","targetHints":{"allow":["GET"]}}],"collection":[{"href":"https:\/\/sz-xtt.com\/es\/wp-json\/wp\/v2\/product"}],"about":[{"href":"https:\/\/sz-xtt.com\/es\/wp-json\/wp\/v2\/types\/product"}],"wp:featuredmedia":[{"embeddable":true,"href":"https:\/\/sz-xtt.com\/es\/wp-json\/wp\/v2\/media\/998"}],"wp:attachment":[{"href":"https:\/\/sz-xtt.com\/es\/wp-json\/wp\/v2\/media?parent=342"}],"wp:term":[{"taxonomy":"product_brand","embeddable":true,"href":"https:\/\/sz-xtt.com\/es\/wp-json\/wp\/v2\/product_brand?post=342"},{"taxonomy":"product_cat","embeddable":true,"href":"https:\/\/sz-xtt.com\/es\/wp-json\/wp\/v2\/product_cat?post=342"},{"taxonomy":"product_tag","embeddable":true,"href":"https:\/\/sz-xtt.com\/es\/wp-json\/wp\/v2\/product_tag?post=342"}],"curies":[{"name":"wp","href":"https:\/\/api.w.org\/{rel}","templated":true}]}}