{"id":350,"date":"2025-10-15T02:23:10","date_gmt":"2025-10-15T02:23:10","guid":{"rendered":"https:\/\/sz-xtt.com\/product\/atx-es2-server-power-supply\/"},"modified":"2025-10-16T14:43:47","modified_gmt":"2025-10-16T14:43:47","slug":"atx-es2-server-power-supply","status":"publish","type":"product","link":"https:\/\/sz-xtt.com\/es\/product\/atx-es2-server-power-supply\/","title":{"rendered":"Fuente de alimentaci\u00f3n para servidor ATX ES2"},"content":{"rendered":"<h3>Visi\u00f3n general<\/h3>\n<p>Compatibilidad ATX: Cumple con el est\u00e1ndar Intel ATX 12V v2.3<\/p>\n<p>Dimensiones: 140 150 86 mm<\/p>\n<p>Ventilador: ventilador de doble rodamiento de bolas de 80 mm<\/p>\n<p>Control del ventilador: tipo 2FC<\/p>\n<p>Medidas de protecci\u00f3n: Protecci\u00f3n contra sobretensi\u00f3n (OVP), protecci\u00f3n contra sobrecorriente (OCP)<\/p>\n<p>Conexiones: PCIe<\/p>\n<p>Conformidad de seguridad y medioambiental: cTUVus, TUV, CB, CCC, BSMI<\/p>\n<p>Fuente de alimentaci\u00f3n ATX para servidores<\/p>\n<p>Especificaciones t\u00e9cnicas<\/p>\n<p>Frecuencia de entrada: 50 \/ 60 Hz<\/p>\n<p>Eficacia: 80PLUS? Bronce<\/p>\n<p>Regulaci\u00f3n de l\u00ednea: 1% (t\u00edpico)<\/p>\n<p>Regulaci\u00f3n de carga: 5% (t\u00edpico)<\/p>\n<p>Regulaci\u00f3n cruzada: 5% (t\u00edpico)<\/p>\n<p>MTBF (tiempo medio entre fallos): &gt; 100.000 horas a plena carga, 25 C (excluido el ventilador de CC)<\/p>\n<p>Correcci\u00f3n activa del factor de potencia (PFC): 99% (t\u00edpico)<\/p>\n<p>Salida CC<\/p>\n<p>+3,3 V: 24 A<\/p>\n<p>+5V: 24A<\/p>\n<p>+12V1: 24A<\/p>\n<p>+12V2: 24A<\/p>\n<p>-12V: 0,3A<\/p>\n<p>+5VSB: 2,5A<\/p>\n<p>Potencia continua total: 600 W<\/p>\n<p>Tipo de entrada: 100 C240V CA<\/p>\n<p>Potencia m\u00e1xima de salida:<\/p>\n<p>+3,3 V y +5 V: 130 W (m\u00e1ximo)<\/p>\n<p>+12V1 y +12V2: 552W (m\u00e1ximo)<\/p>\n<p>-12V: 3,6W<\/p>\n<p>+5VSB: 12,5 W<\/p>\n<h3>\u00bfPor qu\u00e9 elegirnos?<\/h3>\n<p>Amplia experiencia en el sector: Con m\u00e1s de 15 a\u00f1os de experiencia en I+D de fuentes de alimentaci\u00f3n, ofrecemos productos de alta calidad, rigurosamente probados y ampliamente utilizados en servidores, estaciones de trabajo y otros mercados de gama alta.<\/p>\n<p>Certificaciones internacionales: Nuestros productos de alimentaci\u00f3n est\u00e1n certificados por m\u00faltiples normas de seguridad internacionales como cTUVus, TUV, CB, CCC y BSMI, lo que garantiza la seguridad y la fiabilidad.<\/p>\n<p>Excelente servicio de atenci\u00f3n al cliente: Proporcionamos un r\u00e1pido soporte t\u00e9cnico y servicio postventa, garantizando una experiencia sin preocupaciones para nuestros clientes.<\/p>\n<p>Altos niveles de existencias: Mantenemos existencias suficientes, lo que nos permite satisfacer r\u00e1pidamente los pedidos de los clientes, reduciendo los plazos de entrega y mejorando la eficiencia de los proyectos.<\/p>","protected":false},"excerpt":{"rendered":"<p><strong>Marca XTT<\/strong><\/p>\n<p><strong>Origen del productoChina<\/strong><\/p>\n<p><strong>Plazo de entregaEn 15 d\u00edas<\/strong><\/p>\n<p><strong>Capacidad de suministro9999<\/strong><\/p>\n<p>Esta fuente de alimentaci\u00f3n industrial es compatible con la versi\u00f3n 12 V v.2.3 y cuenta con la certificaci\u00f3n 80 PLUS? Bronce. Su circuito convertidor de doble avance, el control del ventilador de muy bajo ruido y sus excelentes funciones de protecci\u00f3n la convierten en una opci\u00f3n fiable para una amplia gama de sistemas. Esta unidad est\u00e1 preparada para cables PCIe y SATA y con su rango completo de entrada de CA. Se trata de una fuente de alimentaci\u00f3n estable, eficiente y fiable, lista para su uso en cualquier sistema con factor de forma ATX. La nueva ES2 cumple plenamente la nueva norma de seguridad IEC 62368?1.<\/p>","protected":false},"featured_media":924,"template":"","meta":[],"product_brand":[],"product_cat":[91],"product_tag":[116,117,118,119,120],"class_list":{"0":"post-350","1":"product","2":"type-product","3":"status-publish","4":"has-post-thumbnail","6":"product_cat-server-power-supply","7":"product_tag-atx-server-power-supply","8":"product_tag-intel-server-power-supply","9":"product_tag-server-power-supply-standards","10":"product_tag-server-power-supply-to-atx","11":"product_tag-server-power-supply-types","13":"first","14":"instock","15":"shipping-taxable","16":"product-type-simple"},"_links":{"self":[{"href":"https:\/\/sz-xtt.com\/es\/wp-json\/wp\/v2\/product\/350","targetHints":{"allow":["GET"]}}],"collection":[{"href":"https:\/\/sz-xtt.com\/es\/wp-json\/wp\/v2\/product"}],"about":[{"href":"https:\/\/sz-xtt.com\/es\/wp-json\/wp\/v2\/types\/product"}],"wp:featuredmedia":[{"embeddable":true,"href":"https:\/\/sz-xtt.com\/es\/wp-json\/wp\/v2\/media\/924"}],"wp:attachment":[{"href":"https:\/\/sz-xtt.com\/es\/wp-json\/wp\/v2\/media?parent=350"}],"wp:term":[{"taxonomy":"product_brand","embeddable":true,"href":"https:\/\/sz-xtt.com\/es\/wp-json\/wp\/v2\/product_brand?post=350"},{"taxonomy":"product_cat","embeddable":true,"href":"https:\/\/sz-xtt.com\/es\/wp-json\/wp\/v2\/product_cat?post=350"},{"taxonomy":"product_tag","embeddable":true,"href":"https:\/\/sz-xtt.com\/es\/wp-json\/wp\/v2\/product_tag?post=350"}],"curies":[{"name":"wp","href":"https:\/\/api.w.org\/{rel}","templated":true}]}}