{"id":353,"date":"2025-10-15T02:23:10","date_gmt":"2025-10-15T02:23:10","guid":{"rendered":"https:\/\/sz-xtt.com\/product\/pdb-516000-v10-redundant-power-backplane\/"},"modified":"2025-10-16T15:01:00","modified_gmt":"2025-10-16T15:01:00","slug":"pdb-516000-v10-redundant-power-backplane","status":"publish","type":"product","link":"https:\/\/sz-xtt.com\/es\/product\/pdb-516000-v10-redundant-power-backplane\/","title":{"rendered":"PDB-516000-V10 Placa base de alimentaci\u00f3n redundante"},"content":{"rendered":"<h3>Especificaciones b\u00e1sicas<\/h3>\n<p>Modelo: XTT-PDB-516000-V10<\/p>\n<p>Potencia m\u00e1xima: 16.000 W (5 m\u00f3dulos CRPS de 3200 W)<\/p>\n<p>Dimensiones: 426,00 mm (L) 125,00 mm (A) 2,50 mm (A)<\/p>\n<p>Redundancia: Funcionamiento en paralelo de 1 m\u00f3dulos C5; las unidades sobrantes se autoactivan como copias de seguridad.<\/p>\n<p>&nbsp;<\/p>\n<h3>Interfaces clave:<\/h3>\n<p>31 CPU 8PIN MINI FIT 2\u00d74 (Punto A)<\/p>\n<p>5 Dtype Big 4PIN (Punto B)<\/p>\n<p>MINI FIT 2\u00d75 + 2\u00d79 ATX 24PIN (Punto C)<\/p>\n<p>5 Conectores de alimentaci\u00f3n CRPS (Punto D)<\/p>\n<p>PMbus + I2C BMC (Puntos E y F)<\/p>\n<p>Arquitectura de potencia y fiabilidad<\/p>\n<p>16.000 W Escalabilidad:<\/p>\n<p>Despliega 1 m\u00f3dulos C5 CRPS en paralelo, escalando din\u00e1micamente la potencia para servidores de IA o matrices de almacenamiento con gran densidad de GPU.<\/p>\n<p>Los m\u00f3dulos intercambiables en caliente permiten sustituirlos sin necesidad de apagar el sistema, algo fundamental para los centros de datos que trabajan 24 horas al d\u00eda, 7 d\u00edas a la semana.<\/p>\n<p>Redundancia N+1 real:<\/p>\n<p>Los m\u00f3dulos no utilizados proporcionan autom\u00e1ticamente respaldo si las unidades activas fallan o superan los umbrales de carga.<\/p>\n<p>Todos los m\u00f3dulos comparten la carga uniformemente, eliminando los puntos \u00fanicos de fallo.<\/p>\n<h3>Capacidades de interfaz<\/h3>\n<p>1.Concentrador de alimentaci\u00f3n GPU\/CPU (Punto A):<\/p>\n<p>Conexiones directas de 8PIN de la CPU de la placa base.<\/p>\n<p>GPU 8PIN (6+2) o 12VHPWR mediante adaptadores (por ejemplo, NVIDIA RTX serie 40\/AMD RDNA 3).<\/p>\n<p>Compatible con 31 puertos 8PIN:<\/p>\n<p>Permite suministrar energ\u00eda simult\u00e1neamente a m\u00e1s de 8 GPU de gama alta en equipos de entrenamiento de IA.<\/p>\n<p>2.Integraci\u00f3n de almacenamiento y placa base:<\/p>\n<p>Dtype Big 4PIN (Punto B): Alimenta placas base HDD\/SSD para sistemas de almacenamiento a gran escala.<\/p>\n<p>Conversi\u00f3n ATX 24PIN (Punto C): Compatible con placas base de servidor est\u00e1ndar.<\/p>\n<p>3.Supervisi\u00f3n y gesti\u00f3n:<\/p>\n<p>PMbus (Punto E): Realiza un seguimiento de la potencia\/temperatura en tiempo real a trav\u00e9s del BMC (requiere compatibilidad con la placa base).<\/p>\n<p>I2C BMC (Punto F): Mejora el control a nivel de sistema para el mantenimiento predictivo.<\/p>\n<p>M\u00e9todos de conexi\u00f3n<\/p>\n<p>Puertos CPU 8PIN: Utiliza adaptadores para:<\/p>\n<p>CPU 8PIN Placa base<\/p>\n<p>CPU 8PIN GPU 6+2PIN\/12VHPWR<\/p>\n<p>Tipo D 4PIN: Conexi\u00f3n directa a placas base de almacenamiento.<\/p>\n<p>M\u00f3dulos CRPS: Instalaci\u00f3n Plug and Play.<\/p>\n<p>Gu\u00eda visual para el cableado recomendado:<\/p>\n<h3>Aspectos t\u00e9cnicos destacados<\/h3>\n<p>1.Soporte de GPU a prueba de futuro:<\/p>\n<p>Compatibilidad nativa con 12VHPWR para GPU de \u00faltima generaci\u00f3n, lo que reduce el desorden de cables frente a las soluciones tradicionales de 8PIN.<\/p>\n<p>2.Inteligencia energ\u00e9tica:<\/p>\n<p>PMbus + I2C BMC proporciona an\u00e1lisis de energ\u00eda granular, optimizando la eficiencia en despliegues a hiperescala.<\/p>\n<p>3.Eficiencia del mantenimiento:<\/p>\n<p>Los m\u00f3dulos intercambiables sin herramientas reducen el tiempo de inactividad en 40%; el dise\u00f1o en paralelo simplifica las ampliaciones de capacidad.<\/p>\n<p>4.Resiliencia empresarial:<\/p>\n<p>La placa de circuito impreso de 8 capas garantiza la integridad de la se\u00f1al bajo una carga de 16 kW; todos los m\u00f3dulos funcionan simult\u00e1neamente sin estrangulamiento.<\/p>\n<h3>Aplicaciones de destino<\/h3>\n<p>Servidores de formaci\u00f3n AI\/ML con configuraciones multi-GPU<\/p>\n<p>Bastidores de alta disponibilidad para centros de datos<\/p>\n<p>Edge computing y almacenamiento a hiperescala<\/p>\n<p>Modelizaci\u00f3n financiera o grupos de simulaci\u00f3n cient\u00edfica<\/p>\n<p>Informaci\u00f3n para pedidos<br \/>\nMejore su infraestructura de alimentaci\u00f3n con el XTT-PDB-516000-V10, donde la escalabilidad de 16.000 W se combina con una redundancia a prueba de balas. P\u00f3ngase en contacto con ventas para personalizaci\u00f3n OEM o precios al por mayor.<\/p>","protected":false},"excerpt":{"rendered":"<p><strong>Marca XTT<\/strong><\/p>\n<p><strong>Origen del productoChina<\/strong><\/p>\n<p><strong>Plazo de entregaEn 15 d\u00edas<\/strong><\/p>\n<p><strong>Capacidad de suministro9999<\/strong><\/p>\n<p>La placa base de alimentaci\u00f3n redundante XTT-PDB-516000-V10 es una soluci\u00f3n de distribuci\u00f3n de energ\u00eda de calidad industrial dise\u00f1ada para entornos inform\u00e1ticos de alto rendimiento. Admite hasta 5 m\u00f3dulos de alimentaci\u00f3n CRPS intercambiables en caliente (3200 W cada uno) con una potencia total de 16.000 W, y ofrece una escalabilidad y redundancia inigualables para aplicaciones de misi\u00f3n cr\u00edtica. Con 31 interfaces de alimentaci\u00f3n GPU\/CPU, monitorizaci\u00f3n I2C BMC y compatibilidad universal con servidores\/GPU, esta placa base garantiza operaciones sin tiempo de inactividad en centros de datos de IA, infraestructuras en la nube y cl\u00fasteres HPC.<\/p>","protected":false},"featured_media":938,"template":"","meta":[],"product_brand":[],"product_cat":[91],"product_tag":[107,115,110,108,111],"class_list":{"0":"post-353","1":"product","2":"type-product","3":"status-publish","4":"has-post-thumbnail","6":"product_cat-server-power-supply","7":"product_tag-1600w-server-power-supply","8":"product_tag-2u-server-power-supply","9":"product_tag-best-server-power-supply","10":"product_tag-power-supply-for-server","11":"product_tag-server-power-supply-unit","13":"first","14":"instock","15":"shipping-taxable","16":"product-type-simple"},"_links":{"self":[{"href":"https:\/\/sz-xtt.com\/es\/wp-json\/wp\/v2\/product\/353","targetHints":{"allow":["GET"]}}],"collection":[{"href":"https:\/\/sz-xtt.com\/es\/wp-json\/wp\/v2\/product"}],"about":[{"href":"https:\/\/sz-xtt.com\/es\/wp-json\/wp\/v2\/types\/product"}],"wp:featuredmedia":[{"embeddable":true,"href":"https:\/\/sz-xtt.com\/es\/wp-json\/wp\/v2\/media\/938"}],"wp:attachment":[{"href":"https:\/\/sz-xtt.com\/es\/wp-json\/wp\/v2\/media?parent=353"}],"wp:term":[{"taxonomy":"product_brand","embeddable":true,"href":"https:\/\/sz-xtt.com\/es\/wp-json\/wp\/v2\/product_brand?post=353"},{"taxonomy":"product_cat","embeddable":true,"href":"https:\/\/sz-xtt.com\/es\/wp-json\/wp\/v2\/product_cat?post=353"},{"taxonomy":"product_tag","embeddable":true,"href":"https:\/\/sz-xtt.com\/es\/wp-json\/wp\/v2\/product_tag?post=353"}],"curies":[{"name":"wp","href":"https:\/\/api.w.org\/{rel}","templated":true}]}}