{"id":370,"date":"2025-10-15T02:23:13","date_gmt":"2025-10-15T02:23:13","guid":{"rendered":"https:\/\/sz-xtt.com\/product\/104s48-server-chassis\/"},"modified":"2025-12-02T03:22:34","modified_gmt":"2025-12-02T03:22:34","slug":"104s48-server-chassis","status":"publish","type":"product","link":"https:\/\/sz-xtt.com\/es\/product\/104s48-server-chassis\/","title":{"rendered":"Chasis de servidor 104S48"},"content":{"rendered":"<h3>Caracter\u00edsticas del producto<\/h3>\n<p>Uso eficiente del espacio: A pesar de su dise\u00f1o compacto de 1U, admite hasta 4 discos duros de 3,5\u2033, 2 discos duros de 2,5\u2033 y 1 CD-ROM Slim, lo que ofrece configuraciones de almacenamiento flexibles.<\/p>\n<p>Compatible con placas base: Compatible con tama\u00f1os de placa base de 6,7\u2033x6,7\u2033, lo que la hace adecuada para una gran variedad de aplicaciones, especialmente en implementaciones de servidores con limitaciones de espacio.<\/p>\n<p>Compatibilidad con fuentes de alimentaci\u00f3n: Admite fuentes de alimentaci\u00f3n Flex 1U y est\u00e1ndar 1U, lo que ofrece m\u00e1s opciones de alimentaci\u00f3n para satisfacer las diferentes necesidades del sistema.<\/p>\n<p>Potente sistema de refrigeraci\u00f3n: Equipado con 6x 4025 ventiladores de refrigeraci\u00f3n, proporcionando una refrigeraci\u00f3n eficiente para garantizar un funcionamiento estable incluso en condiciones de alta carga, mejorando la fiabilidad del sistema.<\/p>\n<p>Construcci\u00f3n duradera: Fabricado con materiales SECC y SGCC de 1,2 mm de grosor, lo que garantiza una robusta durabilidad y una excelente resistencia a la corrosi\u00f3n, apto para entornos de trabajo exigentes.<\/p>\n<h3>Especificaciones del producto<\/h3>\n<p>Dimensiones: 480x430x44mm (1U)<\/p>\n<p>Bah\u00edas de unidad: 4 discos duros de 3,5\u2033 + 2 de 2,5\u2033, 1 CD-ROM delgado<\/p>\n<p>Soporte para placa base: 6.7\u2033x6.7\u2033<\/p>\n<p>Soporte de fuente de alimentaci\u00f3n: Fuente de alimentaci\u00f3n 1U Flex y 1U est\u00e1ndar<\/p>\n<p>Ventiladores: 6x ventiladores 4025<\/p>\n<p>Material: SECC, SGCC<\/p>\n<p>Grosor: 1,2 mm<\/p>\n<h3>\u00bfPor qu\u00e9 elegirnos?<\/h3>\n<p>Amplia experiencia: Fundada en 2007, Shenzhen Xintongtai Technology Co, Ltd. cuenta con una amplia experiencia en la industria de servidores y accesorios, lo que nos convierte en un l\u00edder reconocido en el sector.<\/p>\n<p>Enfoque especializado: Nos especializamos en el desarrollo y la venta de servidores y accesorios relacionados, garantizando productos y servicios de alta calidad adaptados a las distintas necesidades de las empresas.<\/p>\n<p>Excelente servicio: Ofrecemos informaci\u00f3n detallada sobre el producto y un completo servicio posventa, lo que garantiza que nuestros clientes reciban asistencia y servicio completos durante todo el ciclo de vida del producto.<\/p>\n<p>Disponibilidad en stock: Con un amplio stock disponible, podemos responder r\u00e1pidamente a las demandas de los clientes, acortar los plazos de entrega y garantizar el buen funcionamiento de los negocios de nuestros clientes.<\/p>","protected":false},"excerpt":{"rendered":"<p><strong>Marca XTT<\/strong><\/p>\n<p><strong>Origen del producto CHINA<\/strong><\/p>\n<p><strong>Plazo de entregaEn 15 d\u00edas<\/strong><\/p>\n<p><strong>Capacidad de suministro9999<\/strong><\/p>\n<p>Este chasis de servidor 1U est\u00e1 dise\u00f1ado para necesidades de almacenamiento compactas pero eficientes, con unas dimensiones de 480 mm de profundidad, 430 mm de anchura y 44 mm de altura. Admite configuraciones de almacenamiento sin intercambio en caliente con capacidad para 4 discos duros de 3,5\u2033, 2 discos duros de 2,5\u2033 y 1 CD-ROM Slim. El chasis es compatible con tama\u00f1os de placa base de 6,7\u2033x6,7\u2033 y admite fuentes de alimentaci\u00f3n 1U Flex y 1U est\u00e1ndar. Equipado con 6 ventiladores de refrigeraci\u00f3n 4025, garantiza un rendimiento estable del sistema bajo cargas pesadas. El chasis est\u00e1 fabricado con materiales SECC y SGCC con un grosor de 1,2 mm, lo que proporciona durabilidad y resistencia estructural.<\/p>","protected":false},"featured_media":1184,"template":"","meta":[],"product_brand":[],"product_cat":[143],"product_tag":[149,163,150,146,165],"class_list":{"0":"post-370","1":"product","2":"type-product","3":"status-publish","4":"has-post-thumbnail","6":"product_cat-server-chassis","7":"product_tag-3u-server-chassis","8":"product_tag-5u-server-chassis","9":"product_tag-cheap-server-chassis","10":"product_tag-computer-server-chassis","11":"product_tag-non-hot-swappable-chassis","13":"first","14":"instock","15":"featured","16":"shipping-taxable","17":"product-type-simple"},"_links":{"self":[{"href":"https:\/\/sz-xtt.com\/es\/wp-json\/wp\/v2\/product\/370","targetHints":{"allow":["GET"]}}],"collection":[{"href":"https:\/\/sz-xtt.com\/es\/wp-json\/wp\/v2\/product"}],"about":[{"href":"https:\/\/sz-xtt.com\/es\/wp-json\/wp\/v2\/types\/product"}],"wp:featuredmedia":[{"embeddable":true,"href":"https:\/\/sz-xtt.com\/es\/wp-json\/wp\/v2\/media\/1184"}],"wp:attachment":[{"href":"https:\/\/sz-xtt.com\/es\/wp-json\/wp\/v2\/media?parent=370"}],"wp:term":[{"taxonomy":"product_brand","embeddable":true,"href":"https:\/\/sz-xtt.com\/es\/wp-json\/wp\/v2\/product_brand?post=370"},{"taxonomy":"product_cat","embeddable":true,"href":"https:\/\/sz-xtt.com\/es\/wp-json\/wp\/v2\/product_cat?post=370"},{"taxonomy":"product_tag","embeddable":true,"href":"https:\/\/sz-xtt.com\/es\/wp-json\/wp\/v2\/product_tag?post=370"}],"curies":[{"name":"wp","href":"https:\/\/api.w.org\/{rel}","templated":true}]}}