{"id":374,"date":"2025-10-15T02:23:13","date_gmt":"2025-10-15T02:23:13","guid":{"rendered":"https:\/\/sz-xtt.com\/product\/208s55-server-chassis\/"},"modified":"2025-10-17T02:19:49","modified_gmt":"2025-10-17T02:19:49","slug":"208s55-server-chassis","status":"publish","type":"product","link":"https:\/\/sz-xtt.com\/es\/product\/208s55-server-chassis\/","title":{"rendered":"Chasis de servidor 208S55"},"content":{"rendered":"<h3>Caracter\u00edsticas del producto<\/h3>\n<p>Soporte para m\u00faltiples bah\u00edas de unidad: El chasis ofrece 8x bah\u00edas para unidades de 3,5\u2033, lo que proporciona una amplia capacidad de almacenamiento para empresas con grandes demandas de datos.<\/p>\n<p>Amplia compatibilidad con placas base: Admite m\u00faltiples tama\u00f1os de placa base (12\u2033x9,6\u2033, 9,6\u2033x9,6\u2033 y 6,7\u2033x6,7\u2033), lo que permite una mayor flexibilidad en las configuraciones del servidor.<\/p>\n<p>Vers\u00e1tiles opciones de fuente de alimentaci\u00f3n: Compatible con fuentes de alimentaci\u00f3n ATX, fuentes de alimentaci\u00f3n est\u00e1ndar 1U\/2U y configuraciones de alimentaci\u00f3n redundante 1+1, lo que garantiza flexibilidad y estabilidad para diferentes configuraciones.<\/p>\n<p>Sistema de refrigeraci\u00f3n eficiente: Equipado con 4 ventiladores 8025, que proporcionan una excelente disipaci\u00f3n del calor para mantener estable el rendimiento del servidor.<\/p>\n<p>Construcci\u00f3n duradera: Fabricado con materiales SECC y SGCC de 1,3 mm de grosor, el chasis est\u00e1 construido para soportar entornos de trabajo duros y ofrece una excelente integridad estructural.<\/p>\n<h3>Especificaciones del producto<\/h3>\n<p>Dimensiones: P550xAn430xAl88mm (2U)<\/p>\n<p>Bah\u00edas de unidad: 8 discos duros de 3,5 pulgadas<\/p>\n<p>Soporte de placa base: 12\u2033x9,6\u2033, 9,6\u2033x9,6\u2033, 6,7\u2033x6,7\u2033<\/p>\n<p>Soporte de fuente de alimentaci\u00f3n: ATX, 1U\/2U est\u00e1ndar, fuente de alimentaci\u00f3n redundante 1+1<\/p>\n<p>Ventiladores: 4 ventiladores 8025<\/p>\n<p>Material: SECC, SGCC<\/p>\n<p>Grosor: 1,3 mm<\/p>\n<h3>\u00bfPor qu\u00e9 elegirnos?<\/h3>\n<p>Amplia experiencia en el sector: Fundada en 2007, Shenzhen Xintongtai Technology Co., Ltd. se especializa en el desarrollo y venta de servidores y accesorios relacionados, ofreciendo soluciones expertas con a\u00f1os de experiencia en la industria.<\/p>\n<p>Experiencia centrada: Con una especializaci\u00f3n en servidores y accesorios, garantizamos productos de alta calidad y compatibilidad para optimizar el rendimiento de los servidores para los clientes.<\/p>\n<p>Excelente servicio de atenci\u00f3n al cliente: Proporcionamos un completo servicio postventa e informaci\u00f3n detallada sobre el producto, garantizando una asistencia profesional durante toda su experiencia con el producto.<\/p>\n<p>Disponibilidad en almac\u00e9n: Con un inventario bien surtido, podemos satisfacer r\u00e1pidamente las demandas de los clientes, reduciendo los plazos de entrega y garantizando unas operaciones comerciales fluidas.<\/p>","protected":false},"excerpt":{"rendered":"<p><strong>Marca XTT<\/strong><\/p>\n<p><strong>Origen del producto CHINA<\/strong><\/p>\n<p><strong>Plazo de entregaEn 15 d\u00edas<\/strong><\/p>\n<p><strong>Capacidad de suministro9999<\/strong><\/p>\n<p>Este chasis de servidor 2U, con unas dimensiones de D550xW430xH88mm, admite configuraciones sin intercambio en caliente y ofrece 8x bah\u00edas para unidades de 3,5\u2033. Es compatible con una gran variedad de tama\u00f1os de placa base, incluidos 12\u2033x9,6\u2033, 9,6\u2033x9,6\u2033 y 6,7\u2033x6,7\u2033. El chasis admite fuentes de alimentaci\u00f3n ATX, fuentes de alimentaci\u00f3n est\u00e1ndar 1U o 2U y configuraciones de fuentes de alimentaci\u00f3n redundantes 1+1, lo que lo hace vers\u00e1til para diferentes necesidades de alimentaci\u00f3n. Equipado con 4 ventiladores 8025 para una refrigeraci\u00f3n eficiente, este chasis est\u00e1 fabricado con materiales SECC y SGCC de 1,3 mm de grosor, lo que ofrece durabilidad y fiabilidad para aplicaciones de servidor de nivel empresarial.<\/p>","protected":false},"featured_media":1201,"template":"","meta":[],"product_brand":[],"product_cat":[143],"product_tag":[156,164,150,166,165],"class_list":{"0":"post-374","1":"product","2":"type-product","3":"status-publish","4":"has-post-thumbnail","6":"product_cat-server-chassis","7":"product_tag-atx-server-chassis","8":"product_tag-blade-server-chassis","9":"product_tag-cheap-server-chassis","10":"product_tag-home-server-chassis","11":"product_tag-non-hot-swappable-chassis","13":"first","14":"instock","15":"shipping-taxable","16":"product-type-simple"},"_links":{"self":[{"href":"https:\/\/sz-xtt.com\/es\/wp-json\/wp\/v2\/product\/374","targetHints":{"allow":["GET"]}}],"collection":[{"href":"https:\/\/sz-xtt.com\/es\/wp-json\/wp\/v2\/product"}],"about":[{"href":"https:\/\/sz-xtt.com\/es\/wp-json\/wp\/v2\/types\/product"}],"wp:featuredmedia":[{"embeddable":true,"href":"https:\/\/sz-xtt.com\/es\/wp-json\/wp\/v2\/media\/1201"}],"wp:attachment":[{"href":"https:\/\/sz-xtt.com\/es\/wp-json\/wp\/v2\/media?parent=374"}],"wp:term":[{"taxonomy":"product_brand","embeddable":true,"href":"https:\/\/sz-xtt.com\/es\/wp-json\/wp\/v2\/product_brand?post=374"},{"taxonomy":"product_cat","embeddable":true,"href":"https:\/\/sz-xtt.com\/es\/wp-json\/wp\/v2\/product_cat?post=374"},{"taxonomy":"product_tag","embeddable":true,"href":"https:\/\/sz-xtt.com\/es\/wp-json\/wp\/v2\/product_tag?post=374"}],"curies":[{"name":"wp","href":"https:\/\/api.w.org\/{rel}","templated":true}]}}