{"id":377,"date":"2025-10-15T02:23:14","date_gmt":"2025-10-15T02:23:14","guid":{"rendered":"https:\/\/sz-xtt.com\/product\/314s55-server-chassis\/"},"modified":"2025-10-17T01:59:40","modified_gmt":"2025-10-17T01:59:40","slug":"chasis-de-servidor-314s55","status":"publish","type":"product","link":"https:\/\/sz-xtt.com\/es\/product\/chasis-de-servidor-314s55\/","title":{"rendered":"Chasis de servidor 314S55"},"content":{"rendered":"<h3>Caracter\u00edsticas del producto<\/h3>\n<p>Configuraci\u00f3n de almacenamiento flexible: Admite 14 bah\u00edas para unidades de 3,5\u2033, lo que proporciona almacenamiento de sobra para las tareas que requieren muchos datos.<\/p>\n<p>Amplia compatibilidad con placas base: Compatible con m\u00faltiples tama\u00f1os de placa base, incluyendo 12\u2033x9,6\u2033, 9,6\u2033x9,6\u2033 y 6,7\u2033x6,7\u2033, satisfaciendo diversas necesidades de aplicaciones de servidor.<\/p>\n<p>Soporte vers\u00e1til de fuentes de alimentaci\u00f3n: Admite fuentes de alimentaci\u00f3n est\u00e1ndar ATX, 1U o 2U, y fuentes de alimentaci\u00f3n redundantes 1+1 1U o 2U, ofreciendo flexibilidad para diferentes requisitos de alimentaci\u00f3n.<\/p>\n<p>Sistema de refrigeraci\u00f3n eficiente: Equipado con 4x ventiladores 8025 en el centro y 2x ventiladores 6025 en la parte trasera, lo que garantiza un rendimiento estable del sistema gracias a una refrigeraci\u00f3n eficaz.<\/p>\n<p>Materiales de alta calidad: Fabricado con acero SECC y SGCC de 1,3 mm de grosor, lo que garantiza su durabilidad y resistencia al desgaste.<\/p>\n<h3>Especificaciones del producto<\/h3>\n<p>Dimensiones: P550xAn430xAl44mm (3U)<\/p>\n<p>Bah\u00edas de unidad: 14 discos duros de 3,5 pulgadas<\/p>\n<p>Soporte de placa base: 12\u2033x9,6\u2033, 9,6\u2033x9,6\u2033, 6,7\u2033x6,7\u2033<\/p>\n<p>Soporte de fuente de alimentaci\u00f3n: ATX PSU\/1U o 2U est\u00e1ndar PSU\/1U o 2U redundante 1+1 PSU<\/p>\n<p>Ventiladores: 4 ventiladores centrales 8025, 2 ventiladores traseros 6025<\/p>\n<p>Material: SECC, SGCC<\/p>\n<p>Grosor: 1,3 mm<\/p>\n<h3>\u00bfPor qu\u00e9 elegirnos?<\/h3>\n<p>Amplia experiencia en el sector: Shenzhen Xintongtai Technology Co., Ltd. se ha especializado en soluciones y accesorios para servidores desde 2007, proporcionando productos altamente eficientes y fiables.<\/p>\n<p>Experiencia centrada en el producto: Nuestro compromiso a largo plazo con los servidores y accesorios garantiza una alta compatibilidad y fiabilidad en diversos escenarios de uso.<\/p>\n<p>Asistencia integral al cliente: Ofrecemos informaci\u00f3n detallada sobre los productos y un s\u00f3lido servicio posventa para ayudar a los clientes a recibir asistencia t\u00e9cnica oportuna y eficaz.<\/p>\n<p>Disponibilidad en stock: Con un amplio inventario, podemos responder r\u00e1pidamente a los pedidos de los clientes y garantizar una entrega puntual, reduciendo los tiempos de espera.<\/p>","protected":false},"excerpt":{"rendered":"<p><strong>Marca XTT<\/strong><\/p>\n<p><strong>Origen del producto CHINA<\/strong><\/p>\n<p><strong>Plazo de entregaEn 15 d\u00edas<\/strong><\/p>\n<p><strong>Capacidad de suministro9999<\/strong><\/p>\n<p>Este chasis de servidor 3U, con unas dimensiones de D550xA430xA44 mm, est\u00e1 dise\u00f1ado para aplicaciones de almacenamiento intensivo y admite configuraciones sin intercambio en caliente con espacio para 14 unidades de 3,5\u2033. Ofrece una amplia compatibilidad con placas base de 12\u2033x9,6\u2033, 9,6\u2033x9,6\u2033 y 6,7\u2033x6,7\u2033. El chasis es compatible con varias configuraciones de fuente de alimentaci\u00f3n, incluyendo ATX, fuentes de alimentaci\u00f3n est\u00e1ndar 1U o 2U, y fuentes de alimentaci\u00f3n redundantes 1+1 1U o 2U. Su sistema de refrigeraci\u00f3n consta de 4 ventiladores 8025 en el centro y 2 ventiladores 6025 en la parte trasera, lo que garantiza un flujo de aire y una disipaci\u00f3n del calor \u00f3ptimos. Fabricado con materiales SECC y SGCC de 1,3 mm de grosor, el chasis est\u00e1 pensado para durar en entornos de servidor exigentes.<\/p>","protected":false},"featured_media":1141,"template":"","meta":[],"product_brand":[],"product_cat":[143],"product_tag":[152,164,168,165,160],"class_list":{"0":"post-377","1":"product","2":"type-product","3":"status-publish","4":"has-post-thumbnail","6":"product_cat-server-chassis","7":"product_tag-best-server-chassis","8":"product_tag-blade-server-chassis","9":"product_tag-micro-server-chassis","10":"product_tag-non-hot-swappable-chassis","11":"product_tag-server-rackmount-chassis","13":"first","14":"instock","15":"shipping-taxable","16":"product-type-simple"},"_links":{"self":[{"href":"https:\/\/sz-xtt.com\/es\/wp-json\/wp\/v2\/product\/377","targetHints":{"allow":["GET"]}}],"collection":[{"href":"https:\/\/sz-xtt.com\/es\/wp-json\/wp\/v2\/product"}],"about":[{"href":"https:\/\/sz-xtt.com\/es\/wp-json\/wp\/v2\/types\/product"}],"wp:featuredmedia":[{"embeddable":true,"href":"https:\/\/sz-xtt.com\/es\/wp-json\/wp\/v2\/media\/1141"}],"wp:attachment":[{"href":"https:\/\/sz-xtt.com\/es\/wp-json\/wp\/v2\/media?parent=377"}],"wp:term":[{"taxonomy":"product_brand","embeddable":true,"href":"https:\/\/sz-xtt.com\/es\/wp-json\/wp\/v2\/product_brand?post=377"},{"taxonomy":"product_cat","embeddable":true,"href":"https:\/\/sz-xtt.com\/es\/wp-json\/wp\/v2\/product_cat?post=377"},{"taxonomy":"product_tag","embeddable":true,"href":"https:\/\/sz-xtt.com\/es\/wp-json\/wp\/v2\/product_tag?post=377"}],"curies":[{"name":"wp","href":"https:\/\/api.w.org\/{rel}","templated":true}]}}