{"id":379,"date":"2025-10-15T02:23:14","date_gmt":"2025-10-15T02:23:14","guid":{"rendered":"https:\/\/sz-xtt.com\/product\/415s48-server-chassis\/"},"modified":"2025-10-17T02:03:02","modified_gmt":"2025-10-17T02:03:02","slug":"415s48-server-chassis","status":"publish","type":"product","link":"https:\/\/sz-xtt.com\/es\/product\/415s48-server-chassis\/","title":{"rendered":"Chasis de servidor 415S48"},"content":{"rendered":"<h3>Caracter\u00edsticas del producto<\/h3>\n<p>Expansi\u00f3n de almacenamiento: Admite 15x bah\u00edas para unidades de 3,5\u2033, lo que la hace adecuada para aplicaciones de almacenamiento a gran escala.<\/p>\n<p>Compatibilidad con placas base: Se adapta a placas base de 6,7\u2033x6,7\u2033, satisfaciendo diferentes necesidades de configuraci\u00f3n del servidor.<\/p>\n<p>Compatible con fuentes de alimentaci\u00f3n: Admite fuentes de alimentaci\u00f3n ATX, lo que ofrece flexibilidad en las configuraciones de alimentaci\u00f3n.<\/p>\n<p>Refrigeraci\u00f3n eficiente: Equipado con 4x ventiladores centrales 8025 y 2x ventiladores traseros 6025, que garantizan un rendimiento de refrigeraci\u00f3n \u00f3ptimo.<\/p>\n<p>Materiales duraderos: Fabricado con acero SECC y SGCC de 1,2 mm de grosor, lo que garantiza durabilidad y resistencia a largo plazo.<\/p>\n<h3>Especificaciones del producto<\/h3>\n<p>Dimensiones: 480x430x132mm (4U)<\/p>\n<p>Bah\u00edas de unidad: 15 discos duros de 3,5\u2033.<\/p>\n<p>Soporte para placa base: 6.7\u2033x6.7\u2033<\/p>\n<p>Soporte de fuente de alimentaci\u00f3n: FUENTE DE ALIMENTACI\u00d3N ATX<\/p>\n<p>Ventiladores: 4 ventiladores centrales 8025, 2 ventiladores traseros 6025<\/p>\n<p>Material: SECC, SGCC<\/p>\n<p>Grosor: 1,2 mm<\/p>\n<h3>\u00bfPor qu\u00e9 elegirnos?<\/h3>\n<p>Amplia experiencia en el sector: Shenzhen Xintongtai Technology Co., Ltd. se ha especializado en servidores y accesorios desde 2007, ofreciendo soluciones fiables y eficaces.<\/p>\n<p>Productos de alta calidad: Nuestras soluciones de servidor son conocidas por su gran compatibilidad y su rendimiento estable en una gran variedad de aplicaciones.<\/p>\n<p>Excelente atenci\u00f3n al cliente: Proporcionamos un soporte t\u00e9cnico y un servicio posventa completos, garantizando que los clientes reciban asistencia oportuna.<\/p>\n<p>Disponibilidad en stock: Mantenemos un gran inventario de existencias, lo que nos permite cumplir con los pedidos r\u00e1pidamente y reducir los plazos de entrega para satisfacer las necesidades urgentes de los clientes.<\/p>","protected":false},"excerpt":{"rendered":"<p><strong>Marca XTT<\/strong><\/p>\n<p><strong>Origen del productoCHINA<\/strong><\/p>\n<p><strong>Plazo de entregaEn 15 d\u00edas<\/strong><\/p>\n<p><strong>Capacidad de suministro9999<\/strong><\/p>\n<p>Este chasis de servidor 4U mide D480xW430xH132mm y es ideal para necesidades de almacenamiento de alta capacidad. Admite una configuraci\u00f3n sin intercambio en caliente con 15 bah\u00edas para unidades de 3,5\u2033. El chasis es compatible con placas base de 6,7\u2033x6,7\u2033 y admite fuentes de alimentaci\u00f3n ATX. El sistema de refrigeraci\u00f3n incluye 4x ventiladores centrales 8025 y 2x ventiladores traseros 6025 para garantizar una disipaci\u00f3n eficiente del calor. Construido con acero SECC y SGCC de 1,2 mm de grosor, el chasis est\u00e1 hecho para durar, proporcionando una fuerte durabilidad.<\/p>","protected":false},"featured_media":1150,"template":"","meta":[],"product_brand":[],"product_cat":[143],"product_tag":[153,159,169,167,165],"class_list":{"0":"post-379","1":"product","2":"type-product","3":"status-publish","4":"has-post-thumbnail","6":"product_cat-server-chassis","7":"product_tag-1u-server-chassis","8":"product_tag-2u-short-depth-server-chassis","9":"product_tag-8-bay-server-chassis","10":"product_tag-gpu-server-chassis","11":"product_tag-non-hot-swappable-chassis","13":"first","14":"instock","15":"shipping-taxable","16":"product-type-simple"},"_links":{"self":[{"href":"https:\/\/sz-xtt.com\/es\/wp-json\/wp\/v2\/product\/379","targetHints":{"allow":["GET"]}}],"collection":[{"href":"https:\/\/sz-xtt.com\/es\/wp-json\/wp\/v2\/product"}],"about":[{"href":"https:\/\/sz-xtt.com\/es\/wp-json\/wp\/v2\/types\/product"}],"wp:featuredmedia":[{"embeddable":true,"href":"https:\/\/sz-xtt.com\/es\/wp-json\/wp\/v2\/media\/1150"}],"wp:attachment":[{"href":"https:\/\/sz-xtt.com\/es\/wp-json\/wp\/v2\/media?parent=379"}],"wp:term":[{"taxonomy":"product_brand","embeddable":true,"href":"https:\/\/sz-xtt.com\/es\/wp-json\/wp\/v2\/product_brand?post=379"},{"taxonomy":"product_cat","embeddable":true,"href":"https:\/\/sz-xtt.com\/es\/wp-json\/wp\/v2\/product_cat?post=379"},{"taxonomy":"product_tag","embeddable":true,"href":"https:\/\/sz-xtt.com\/es\/wp-json\/wp\/v2\/product_tag?post=379"}],"curies":[{"name":"wp","href":"https:\/\/api.w.org\/{rel}","templated":true}]}}