{"id":396,"date":"2025-10-15T02:23:16","date_gmt":"2025-10-15T02:23:16","guid":{"rendered":"https:\/\/sz-xtt.com\/product\/2seep-server-motherboard\/"},"modified":"2025-10-16T12:06:31","modified_gmt":"2025-10-16T12:06:31","slug":"2seep-server-motherboard","status":"publish","type":"product","link":"https:\/\/sz-xtt.com\/es\/product\/2seep-server-motherboard\/","title":{"rendered":"Placa base de servidor 2SEEP"},"content":{"rendered":"<h3>Potente rendimiento<\/h3>\n<p>&nbsp;<\/p>\n<p>Admite 1 procesador AMD EPYC serie 9004, con un TDP de hasta 400 W, que ofrece una potencia de c\u00e1lculo excepcional.<\/p>\n<p>Admite 12 ranuras de memoria DDR5 con frecuencias de hasta 4800 MHz, lo que supone un aumento de 50% en el ancho de banda de la memoria en comparaci\u00f3n con las generaciones anteriores.<\/p>\n<p>Configuraci\u00f3n flexible y gran capacidad de ampliaci\u00f3n<\/p>\n<p>Amplias interfaces de almacenamiento: admite 12 puertos SATA 3.0 integrados, 4 puertos NVMe y 1 puerto M.2, lo que ofrece configuraciones de almacenamiento flexibles.<\/p>\n<p>Equipado con 5 ranuras de expansi\u00f3n PCIe 5.0 est\u00e1ndar, compatibles con conexiones perif\u00e9ricas de alta velocidad.<\/p>\n<p>Las interfaces Ethernet Gigabit dobles integradas garantizan una conectividad de red estable.<\/p>\n<p>Gesti\u00f3n inteligente estable y fiable<\/p>\n<p>Los componentes clave del sistema est\u00e1n dise\u00f1ados con funciones de redundancia e intercambio en caliente, con extracci\u00f3n sin herramientas, lo que mejora la eficacia del mantenimiento y la disponibilidad del sistema.<\/p>\n<p>El chip de gesti\u00f3n inteligente integrado admite varios protocolos de gesti\u00f3n, como IPMI 2.0, Redfish y SNMP.<\/p>\n<p>Admite KVM remoto, medios virtuales, supervisi\u00f3n del estado de componentes clave y alarmas anormales, lo que garantiza una gesti\u00f3n inteligente y un funcionamiento estable del sistema.<\/p>\n<h3>Por qu\u00e9 elegirnos<\/h3>\n<p>Amplia experiencia en el sector: Shenzhen Xintongtai Technology Co., Ltd., fundada en 2007, se especializa en servidores y accesorios, con una profunda experiencia t\u00e9cnica.<\/p>\n<p>Informaci\u00f3n de alta calidad sobre los productos: Proporcionamos informaci\u00f3n completa y precisa sobre los productos para que los clientes comprendan perfectamente sus capacidades.<\/p>\n<p>Excelente calidad de servicio: Nuestro equipo profesional de atenci\u00f3n al cliente responde r\u00e1pidamente a las necesidades de los clientes, ofreciendo un soporte t\u00e9cnico completo.<\/p>\n<p>Disponibilidad de existencias: Mantenemos un amplio inventario, lo que garantiza una entrega r\u00e1pida y minimiza los tiempos de espera de los clientes.<\/p>","protected":false},"excerpt":{"rendered":"<p><strong>Marca XTT<\/strong><\/p>\n<p><strong>Origen del producto CHINA<\/strong><\/p>\n<p><strong>Plazo de entregaEn 15 d\u00edas<\/strong><\/p>\n<p><strong>Capacidad de suministro9999<\/strong><\/p>\n<p>La placa base est\u00e1ndar ATX de un solo z\u00f3calo XTT2SEEP se basa en el procesador AMD EPYC? de 4\u00aa generaci\u00f3n, que ofrece un rendimiento inform\u00e1tico excepcional, una amplia gama de interfaces de E\/S y una extraordinaria rentabilidad. Es ideal para aplicaciones como computaci\u00f3n en la nube, virtualizaci\u00f3n, almacenamiento distribuido e infraestructura hiperconvergente.<\/p>","protected":false},"featured_media":700,"template":"","meta":[],"product_brand":[],"product_cat":[172],"product_tag":[177,178,179,182,181],"class_list":{"0":"post-396","1":"product","2":"type-product","3":"status-publish","4":"has-post-thumbnail","6":"product_cat-server-motherboard","7":"product_tag-1u-server-motherboard","8":"product_tag-am4-server-motherboard","9":"product_tag-intel-server-motherboard","10":"product_tag-server-computer-motherboard","11":"product_tag-server-motherboards","13":"first","14":"instock","15":"shipping-taxable","16":"product-type-simple"},"_links":{"self":[{"href":"https:\/\/sz-xtt.com\/es\/wp-json\/wp\/v2\/product\/396","targetHints":{"allow":["GET"]}}],"collection":[{"href":"https:\/\/sz-xtt.com\/es\/wp-json\/wp\/v2\/product"}],"about":[{"href":"https:\/\/sz-xtt.com\/es\/wp-json\/wp\/v2\/types\/product"}],"wp:featuredmedia":[{"embeddable":true,"href":"https:\/\/sz-xtt.com\/es\/wp-json\/wp\/v2\/media\/700"}],"wp:attachment":[{"href":"https:\/\/sz-xtt.com\/es\/wp-json\/wp\/v2\/media?parent=396"}],"wp:term":[{"taxonomy":"product_brand","embeddable":true,"href":"https:\/\/sz-xtt.com\/es\/wp-json\/wp\/v2\/product_brand?post=396"},{"taxonomy":"product_cat","embeddable":true,"href":"https:\/\/sz-xtt.com\/es\/wp-json\/wp\/v2\/product_cat?post=396"},{"taxonomy":"product_tag","embeddable":true,"href":"https:\/\/sz-xtt.com\/es\/wp-json\/wp\/v2\/product_tag?post=396"}],"curies":[{"name":"wp","href":"https:\/\/api.w.org\/{rel}","templated":true}]}}