{"id":408,"date":"2025-10-15T02:23:18","date_gmt":"2025-10-15T02:23:18","guid":{"rendered":"https:\/\/sz-xtt.com\/product\/200-48x6c-network-splitter\/"},"modified":"2025-12-02T03:20:03","modified_gmt":"2025-12-02T03:20:03","slug":"200-divisor-de-red-48x6c","status":"publish","type":"product","link":"https:\/\/sz-xtt.com\/es\/product\/200-divisor-de-red-48x6c\/","title":{"rendered":"Divisor de red 200-48X6C"},"content":{"rendered":"<h3>Caracter\u00edsticas del producto<\/h3>\n<p>Soporte multiinterfaz<br \/>\nOfrece 48 interfaces 10GE\/GE y 6 interfaces 100GE\/40GE para satisfacer las necesidades de diversos entornos de red.<br \/>\nDuplicaci\u00f3n y duplicaci\u00f3n flexible del tr\u00e1fico<br \/>\nAdmite el despliegue en derivaci\u00f3n, duplicando el tr\u00e1fico de forma flexible desde varios puertos espejo para garantizar la integridad de los datos.<br \/>\nPotentes funciones de filtrado<br \/>\nAdmite varias reglas de filtrado, como ID de VLAN, direcciones MAC y direcciones IP de origen\/destino, compatibles con IPv4 e IPv6, lo que mejora la seguridad de la red.<br \/>\nReconocimiento eficiente de paquetes de t\u00fanel<br \/>\nAdmite VLAN multicapa y reconocimiento de MPLS, GRE, VXLAN y otros protocolos de t\u00fanel para una supervisi\u00f3n y gesti\u00f3n exhaustivas del tr\u00e1fico.<\/p>\n<p><img decoding=\"async\" class=\"size-medium wp-image-646\" src=\"https:\/\/sz-xtt.com\/wp-content\/uploads\/2025\/10\/UT-200-48X6C-B-300x66.png\" alt=\"conmutador de red vs divisor\uff0clan divisor de red\uff0cdish divisor de red\uff0cdivisor de red vs conmutador\uff0cdivisor de cable de red.\" width=\"300\" height=\"66\" srcset=\"https:\/\/sz-xtt.com\/wp-content\/uploads\/2025\/10\/UT-200-48X6C-B-300x66.png 300w, https:\/\/sz-xtt.com\/wp-content\/uploads\/2025\/10\/UT-200-48X6C-B-1024x226.png 1024w, https:\/\/sz-xtt.com\/wp-content\/uploads\/2025\/10\/UT-200-48X6C-B-768x170.png 768w, https:\/\/sz-xtt.com\/wp-content\/uploads\/2025\/10\/UT-200-48X6C-B-1536x339.png 1536w, https:\/\/sz-xtt.com\/wp-content\/uploads\/2025\/10\/UT-200-48X6C-B-2048x452.png 2048w, https:\/\/sz-xtt.com\/wp-content\/uploads\/2025\/10\/UT-200-48X6C-B-600x132.png 600w\" sizes=\"(max-width: 300px) 100vw, 300px\" \/><\/p>\n<h3>Especificaciones del producto<\/h3>\n<p>Modelo: UT200-48X6C<\/p>\n<p>Interfaz empresarial: 4810GE\/GE, 6100GE\/40GE<\/p>\n<p>Rendimiento: 1080 Gbps<\/p>\n<p>Procesamiento de etiquetas: Admite la adici\u00f3n y eliminaci\u00f3n de etiquetas VLAN<\/p>\n<p>Interfaz de gesti\u00f3n: 1*Puerto de gesti\u00f3n RJ45<\/p>\n<p>Gesti\u00f3n de dispositivos: Soporta CLI, SNMP, gesti\u00f3n WEB<\/p>\n<p>Temperatura de funcionamiento: 0 a 40<\/p>\n<p>Alimentaci\u00f3n y consumo: 220 V CA, 300 W de consumo el\u00e9ctrico<\/p>\n<p>Dimensiones del chasis: 460 440 44(mm)<\/p>\n<p>Peso: 8-10KG<\/p>\n<h3>Por qu\u00e9 elegirnos<\/h3>\n<p>Experiencia profesional<br \/>\nXintongtai Company fue fundada en 2007 y se especializa en servidores y accesorios, acumulando una rica experiencia en la industria y la fuerza t\u00e9cnica.<br \/>\nProductos de calidad<br \/>\nProporcionamos informaci\u00f3n detallada sobre los productos para que los clientes comprendan perfectamente sus prestaciones y caracter\u00edsticas y puedan tomar decisiones con conocimiento de causa.<br \/>\nExcelente servicio<br \/>\nNos comprometemos a ofrecer un servicio al cliente de calidad, dando prioridad a las necesidades del cliente para garantizar su satisfacci\u00f3n.<br \/>\nSuministro en stock<br \/>\nNuestros productos est\u00e1n en stock, lo que permite una entrega r\u00e1pida para satisfacer las necesidades urgentes de los clientes y garantizar el buen funcionamiento de la empresa.<\/p>","protected":false},"excerpt":{"rendered":"<p><strong>Marca XTT<\/strong><\/p>\n<p><strong>Origen del producto CHINA<\/strong><\/p>\n<p><strong>Plazo de entregaEn 15 d\u00edas<\/strong><\/p>\n<p><strong>Capacidad de suministro9999<\/strong><\/p>\n<p>El UT200-48X6C es un divisor de red en caja de alto rendimiento dise\u00f1ado para entornos de red de gran ancho de banda. Este dispositivo admite 48 interfaces 10GE\/GE y 6 interfaces 100GE\/40GE, y ofrece un rendimiento excepcional (1080 Gbps) para satisfacer las demandas de la monitorizaci\u00f3n del tr\u00e1fico de red y el an\u00e1lisis de datos modernos. El UT200-48X6C es adecuado para diversos an\u00e1lisis de rendimiento de red, an\u00e1lisis forense y sistemas de supervisi\u00f3n de seguridad, y proporciona a los usuarios una potente plataforma de hardware de acceso front-end.<\/p>","protected":false},"featured_media":643,"template":"","meta":[],"product_brand":[],"product_cat":[192],"product_tag":[195,194,196,193,197],"class_list":{"0":"post-408","1":"product","2":"type-product","3":"status-publish","4":"has-post-thumbnail","6":"product_cat-network-splitter","7":"product_tag-dish-network-splitter","8":"product_tag-lan-network-splitter","9":"product_tag-network-splitter-vs-switch","10":"product_tag-network-switch-vs-splitter","11":"product_tag-network-wire-splitter","13":"first","14":"instock","15":"featured","16":"shipping-taxable","17":"product-type-simple"},"_links":{"self":[{"href":"https:\/\/sz-xtt.com\/es\/wp-json\/wp\/v2\/product\/408","targetHints":{"allow":["GET"]}}],"collection":[{"href":"https:\/\/sz-xtt.com\/es\/wp-json\/wp\/v2\/product"}],"about":[{"href":"https:\/\/sz-xtt.com\/es\/wp-json\/wp\/v2\/types\/product"}],"wp:featuredmedia":[{"embeddable":true,"href":"https:\/\/sz-xtt.com\/es\/wp-json\/wp\/v2\/media\/643"}],"wp:attachment":[{"href":"https:\/\/sz-xtt.com\/es\/wp-json\/wp\/v2\/media?parent=408"}],"wp:term":[{"taxonomy":"product_brand","embeddable":true,"href":"https:\/\/sz-xtt.com\/es\/wp-json\/wp\/v2\/product_brand?post=408"},{"taxonomy":"product_cat","embeddable":true,"href":"https:\/\/sz-xtt.com\/es\/wp-json\/wp\/v2\/product_cat?post=408"},{"taxonomy":"product_tag","embeddable":true,"href":"https:\/\/sz-xtt.com\/es\/wp-json\/wp\/v2\/product_tag?post=408"}],"curies":[{"name":"wp","href":"https:\/\/api.w.org\/{rel}","templated":true}]}}