{"id":411,"date":"2025-10-15T02:23:19","date_gmt":"2025-10-15T02:23:19","guid":{"rendered":"https:\/\/sz-xtt.com\/product\/xtt-03-cpu-cooler\/"},"modified":"2025-10-15T15:02:34","modified_gmt":"2025-10-15T15:02:34","slug":"xtt-03-refrigerador-de-cpu","status":"publish","type":"product","link":"https:\/\/sz-xtt.com\/es\/product\/xtt-03-refrigerador-de-cpu\/","title":{"rendered":"Refrigerador de CPU XTT-03"},"content":{"rendered":"<h3>Caracter\u00edsticas del refrigerador<\/h3>\n<p>Dise\u00f1o de refrigeraci\u00f3n eficiente<br \/>\nEl disipador cuenta con m\u00faltiples aletas de aluminio y tubos de cobre, lo que permite una disipaci\u00f3n r\u00e1pida y eficaz del calor para mantener la CPU dentro del rango de temperatura ideal.<br \/>\nEstructura compacta<br \/>\nSu dise\u00f1o compacto facilita su instalaci\u00f3n en varios maletines, adecuados para distintos tipos de ordenadores de sobremesa y estaciones de trabajo.<br \/>\nMateriales duraderos<br \/>\nFabricado con materiales de aluminio y cobre de alta calidad, que garantizan la durabilidad y la larga vida \u00fatil del refrigerador.<br \/>\nAmplia compatibilidad<br \/>\nAdmite varios z\u00f3calos de CPU convencionales, por lo que se adapta a distintas configuraciones y necesidades de los usuarios.<\/p>\n<h3>Casos pr\u00e1cticos<\/h3>\n<p>PC para juegos<br \/>\nPara sistemas de juego de alta carga, el buen rendimiento de la refrigeraci\u00f3n garantiza un funcionamiento estable.<br \/>\nPuestos de trabajo<br \/>\nEvita eficazmente el sobrecalentamiento durante tareas que consumen muchos recursos, como el dise\u00f1o gr\u00e1fico y la edici\u00f3n de v\u00eddeo.<br \/>\nOrdenadores para el hogar y la oficina<br \/>\nAdecuado para el uso diario, proporciona una buena soluci\u00f3n de refrigeraci\u00f3n para prolongar la vida \u00fatil del sistema.<\/p>\n<h3>Por qu\u00e9 elegirnos<\/h3>\n<p>Experiencia profesional<br \/>\nXintongtai Company se fund\u00f3 en 2007, especializada en servidores y accesorios, con una gran experiencia en el sector y un profundo conocimiento de las necesidades de los clientes.<br \/>\nInformaci\u00f3n sobre productos de calidad<br \/>\nProporcionamos informaci\u00f3n detallada sobre los productos para que los clientes comprendan perfectamente sus prestaciones y caracter\u00edsticas y puedan tomar decisiones de compra con conocimiento de causa.<br \/>\nExcelente servicio de atenci\u00f3n al cliente<br \/>\nNos comprometemos a ofrecer un servicio al cliente de primera categor\u00eda, dando siempre prioridad a las necesidades del cliente para garantizar su satisfacci\u00f3n.<br \/>\nSuministro en stock<br \/>\nNuestros productos est\u00e1n en stock, lo que permite una entrega r\u00e1pida para satisfacer las necesidades urgentes de los clientes y garantizar el buen funcionamiento de la empresa.<\/p>","protected":false},"excerpt":{"rendered":"<p><strong>Marca XTT<\/strong><\/p>\n<p><strong>Origen del producto CHINA<\/strong><\/p>\n<p><strong>Plazo de entregaEn 15 d\u00edas<\/strong><\/p>\n<p><strong>Capacidad de suministro9999<\/strong><\/p>\n<p>Este disipador de CPU XTT-03 presenta un avanzado dise\u00f1o con eficaces aletas de aluminio y un potente ventilador, que reduce eficazmente la temperatura del procesador y garantiza la estabilidad del sistema bajo cargas pesadas. Su estructura compacta lo hace ideal para varias configuraciones de sobremesa y estaciones de trabajo, proporcionando un excelente rendimiento de refrigeraci\u00f3n para satisfacer las necesidades del usuario.<\/p>","protected":false},"featured_media":600,"template":"","meta":[],"product_brand":[],"product_cat":[198],"product_tag":[207,206,200,199,205],"class_list":{"0":"post-411","1":"product","2":"type-product","3":"status-publish","4":"has-post-thumbnail","6":"product_cat-cpu-cooler","7":"product_tag-best-mini-itx-cpu-cooler","8":"product_tag-cpu-cooling-block","9":"product_tag-cpu-water-cooling-kit","10":"product_tag-tec-2-peltier-cpu-cooler","11":"product_tag-thermalright-cpu-cooler","13":"first","14":"instock","15":"shipping-taxable","16":"product-type-simple"},"_links":{"self":[{"href":"https:\/\/sz-xtt.com\/es\/wp-json\/wp\/v2\/product\/411","targetHints":{"allow":["GET"]}}],"collection":[{"href":"https:\/\/sz-xtt.com\/es\/wp-json\/wp\/v2\/product"}],"about":[{"href":"https:\/\/sz-xtt.com\/es\/wp-json\/wp\/v2\/types\/product"}],"wp:featuredmedia":[{"embeddable":true,"href":"https:\/\/sz-xtt.com\/es\/wp-json\/wp\/v2\/media\/600"}],"wp:attachment":[{"href":"https:\/\/sz-xtt.com\/es\/wp-json\/wp\/v2\/media?parent=411"}],"wp:term":[{"taxonomy":"product_brand","embeddable":true,"href":"https:\/\/sz-xtt.com\/es\/wp-json\/wp\/v2\/product_brand?post=411"},{"taxonomy":"product_cat","embeddable":true,"href":"https:\/\/sz-xtt.com\/es\/wp-json\/wp\/v2\/product_cat?post=411"},{"taxonomy":"product_tag","embeddable":true,"href":"https:\/\/sz-xtt.com\/es\/wp-json\/wp\/v2\/product_tag?post=411"}],"curies":[{"name":"wp","href":"https:\/\/api.w.org\/{rel}","templated":true}]}}