{"id":1590,"date":"2025-11-14T02:08:55","date_gmt":"2025-11-14T02:08:55","guid":{"rendered":"https:\/\/sz-xtt.com\/?post_type=product&#038;p=1590"},"modified":"2025-11-14T02:53:44","modified_gmt":"2025-11-14T02:53:44","slug":"server-nf5280g7","status":"publish","type":"product","link":"https:\/\/sz-xtt.com\/fr\/product\/server-nf5280g7\/","title":{"rendered":"SERVEUR NF5280G7"},"content":{"rendered":"<p>La configuration NF5280G7 AMD est \u00e9quip\u00e9e d'AMD EPYC \u2122 Un serveur haut de gamme \u00e0 double montage en rack avec des processeurs de la s\u00e9rie 9004. Le NF5280G7 a des caract\u00e9ristiques de base telles que l'ultra-multic\u0153ur, la bande passante m\u00e9moire ultra-haute et le d\u00e9bit E\/S ultra-grand, fournissant des ressources informatiques et des performances plus efficaces pour les applications intensives en calcul, en maintenant les performances \u00e9lev\u00e9es et coh\u00e9rentes de haute qualit\u00e9 du serveur d'information Inspur. Le produit est dot\u00e9 de capacit\u00e9s d'expansion flexibles, de calcul \u00e0 haute performance, d'exploitation efficace et de gestion intelligente, et peut \u00eatre largement utilis\u00e9 dans l'Internet, l'informatique en nuage, le march\u00e9 des entreprises, le calcul \u00e0 haute performance et d'autres sc\u00e9narios.<\/p>\n<pre><strong>Mod\u00e8le applicable Description\r\n<\/strong><\/pre>\n<table>\n<thead>\n<tr>\n<th>\n<section class=\"ybc-p\">Mod\u00e8le<\/section>\n<\/th>\n<th>\n<section class=\"ybc-p\">M\u00e9thode d'entretien<\/section>\n<\/th>\n<th>\n<section class=\"ybc-p\">m\u00e9thode de refroidissement<\/section>\n<\/th>\n<\/tr>\n<\/thead>\n<tbody>\n<tr>\n<td>\n<section class=\"ybc-p\">NF5280-A7-A0-R0-00<\/section>\n<\/td>\n<td>\n<section class=\"ybc-p\">Ligne arri\u00e8re<\/section>\n<\/td>\n<td>\n<section class=\"ybc-p\">refroidissement de l'air<\/section>\n<\/td>\n<\/tr>\n<tr>\n<td>\n<section class=\"ybc-p\">NF5280-A7-C0-R0-00<\/section>\n<\/td>\n<td>\n<section class=\"ybc-p\">Ligne arri\u00e8re<\/section>\n<\/td>\n<td>\n<section class=\"ybc-p\">refroidissement par liquide<\/section>\n<\/td>\n<\/tr>\n<\/tbody>\n<\/table>\n<pre><strong>Caract\u00e9ristiques du produit\r\n\r\nDes performances puissantes<\/strong><\/pre>\n<ul>\n<li>Bas\u00e9 sur AMD EPYC \u2122 Construit avec des processeurs de la s\u00e9rie 9004, un seul CPU peut prendre en charge jusqu'\u00e0 128 c\u0153urs, 256 threads, un CPU TDP maximum de 400W, une vitesse d'horloge maximale de 4,4GHz, et un cache L3 maximum de 1150MB par CPU.<\/li>\n<li>Prend en charge un maximum de 24 m\u00e9moires DDR5, prenant en charge les types RDIMM et 3DS RDIMM, offrant une excellente vitesse, une haute disponibilit\u00e9 et jusqu'\u00e0 6T de capacit\u00e9 de m\u00e9moire.<\/li>\n<\/ul>\n<pre><strong>configuration flexible<\/strong><\/pre>\n<ul>\n<li>Prend en charge jusqu'\u00e0 20 disques durs SATA\/SAS de 3,5\u201c, 28\/29 disques durs SATA\/SAS de 2,5\u2033, 28 disques durs \u00e0 semi-conducteurs NVMe U.2 ou 24 disques durs E3. S<\/li>\n<li>Prise en charge de 2 modules OCP NIC 3.0 en option, offrant de multiples options d'interface r\u00e9seau et une structure r\u00e9seau plus flexible pour les applications.<\/li>\n<li>Prend en charge jusqu'\u00e0 8 extensions PCIe Gen5 standard, qui peuvent \u00eatre utilis\u00e9es pour am\u00e9liorer encore les performances des E\/S.<\/li>\n<li>Prise en charge du module SSD M.2 SATA\/NVMe int\u00e9gr\u00e9 en option pour r\u00e9pondre \u00e0 divers besoins de stockage<\/li>\n<\/ul>\n<pre><strong>Op\u00e9rations intelligentes<\/strong><\/pre>\n<ul>\n<li>Bas\u00e9 sur le concept de la conception humanis\u00e9e, l'ensemble du syst\u00e8me peut \u00eatre entretenu sans outil. En am\u00e9liorant et en optimisant certains composants structurels, il est possible de r\u00e9aliser un d\u00e9montage et un assemblage rapides, ce qui r\u00e9duit consid\u00e9rablement le temps d'exploitation et de maintenance.<\/li>\n<li>En utilisant la technologie unique de contr\u00f4le intelligent d'Inspur Information en conjonction avec des syst\u00e8mes de refroidissement avanc\u00e9s, l'ensemble de la machine peut fonctionner dans un environnement optimal, ce qui garantit un fonctionnement stable du syst\u00e8me.<\/li>\n<\/ul>\n<pre>Sp\u00e9cifications des produits<\/pre>\n<div class=\"hyc-common-markdown__table-wrapper\" data-has-scroll=\"false\">\n<table>\n<thead>\n<tr>\n<th>\n<section class=\"ybc-p\"><strong>Composant<\/strong>\u200b<\/section>\n<\/th>\n<th>\n<section class=\"ybc-p\"><strong>Description<\/strong>\u200b<\/section>\n<\/th>\n<\/tr>\n<\/thead>\n<tbody>\n<tr>\n<td>\n<section class=\"ybc-p\"><strong>Sp\u00e9cifications<\/strong>\u200b<\/section>\n<\/td>\n<td>\n<section class=\"ybc-p\">Montage en rack 2U<\/section>\n<\/td>\n<\/tr>\n<tr>\n<td>\n<section class=\"ybc-p\"><strong>UNIT\u00c9 CENTRALE<\/strong>\u200b<\/section>\n<\/td>\n<td>\n<section class=\"ybc-p\">- Prise en charge de 1 \u00e0 2 processeurs AMD EPYC\u2122 de la s\u00e9rie 9004<br \/>\n- Prend en charge jusqu'\u00e0 128 c\u0153urs<br \/>\n- Une seule unit\u00e9 centrale prend en charge un maximum de 1150 Mo de cache L3<br \/>\n- Puissance thermique maximale 400W<\/section>\n<\/td>\n<\/tr>\n<tr>\n<td>\n<section class=\"ybc-p\"><strong>M\u00c9MOIRE<\/strong>\u200b<\/section>\n<\/td>\n<td>\n<section class=\"ybc-p\">- Prend en charge jusqu'\u00e0 24 m\u00e9moires DDR5 et jusqu'\u00e0 4800 MHz<br \/>\n&#8211;<span style=\"font-family: inherit; font-size: inherit;\">La m\u00e9moire prend en charge les RDIMM et les 3DS RDIMM ; la capacit\u00e9 maximale de la m\u00e9moire est de 6 To.<\/span><\/section>\n<\/td>\n<\/tr>\n<tr>\n<td>\n<section class=\"ybc-p\"><strong>STOCKAGE<\/strong>\u200b<\/section>\n<\/td>\n<td>\n<section class=\"ybc-p\"><strong>Panneau avant<\/strong>:<br \/>\n- 12 \u00d7 disques durs SATA\/SAS\/NVMe de 3,5 pouces<br \/>\n- 24 disques durs SATA\/SAS\/NVMe\/E3.S de 2,5 pouces<br \/>\n- 25 \u00d7 2,5\u201d SATA\/SAS (prend en charge 4 \u00d7 NVMe) HDD<br \/>\n<strong>Stockage int\u00e9gr\u00e9<\/strong>:<br \/>\n- 2 \u00d7 SSD SATA M.2 ou 2 \u00d7 SSD NVMe M.2<br \/>\n- 4 \u00d7 3,5\u201d SATA\/SAS HDD<br \/>\n<strong>Stockage postal<\/strong>:<br \/>\n- MAX 4 \u00d7 3.5\u201d SAS\/SATA HDD<br \/>\n- MAX 4 \u00d7 2.5\u201d SAS\/SATA\/NVMe HDD<br \/>\n- MAX 2 \u00d7 M.2 SSD ou 2 \u00d7 E1.S HDD<\/section>\n<\/td>\n<\/tr>\n<tr>\n<td>\n<section class=\"ybc-p\"><strong>NET<\/strong>\u200b<\/section>\n<\/td>\n<td>\n<section class=\"ybc-p\">- Prend en charge 2 cartes r\u00e9seau OCP NIC 3.0 x8\/x16 rempla\u00e7ables \u00e0 chaud (avec fonctionnalit\u00e9 Multihost)<br \/>\n- Supporte 1Gb\/s, 10Gb\/s, 25Gb\/s, 40Gb\/s, 100Gb\/s, 200Gb\/s <span style=\"font-family: inherit; font-size: inherit;\">et supportant les cartes r\u00e9seau standard 1Gb\/10Gb\/25Gb\/40Gb\/100Gb\/200G<\/span><\/section>\n<\/td>\n<\/tr>\n<tr>\n<td>\n<section class=\"ybc-p\"><strong>Emplacement d'extension E\/S<\/strong>\u200b<\/section>\n<\/td>\n<td>\n<section class=\"ybc-p\">\n<ul>\n<li>Les mod\u00e8les refroidis par air et par liquide prennent en charge respectivement jusqu'\u00e0 8 et 7 emplacements PCIe.<\/li>\n<li>Prise en charge de 4 GPU double largeur ou de 8 cartes graphiques \u00e0 GPU simple largeur<\/li>\n<li>Prise en charge de 2 cartes r\u00e9seau OCP 3.0 x16<\/li>\n<\/ul>\n<\/section>\n<\/td>\n<\/tr>\n<tr>\n<td>\n<section class=\"ybc-p\"><strong>INTERFACE<\/strong>\u200b<\/section>\n<\/td>\n<td>\n<section class=\"ybc-p\"><strong>Front<\/strong>:<br \/>\n- 1 \u00d7 VGA<br \/>\n- 1 \u00d7 USB3.0<br \/>\n- 1 \u00d7 USB 2.0<br \/>\n<strong>Retour<\/strong>:<br \/>\n- 1 \u00d7 VGA<br \/>\n- 1 \u00d7 RJ45 Port r\u00e9seau de gestion<br \/>\n- 2 \u00d7 USB3.0<br \/>\n- 1 \u00d7 port s\u00e9rie syst\u00e8me\/BMC<\/section>\n<\/td>\n<\/tr>\n<tr>\n<td>\n<section class=\"ybc-p\"><strong>FAN<\/strong>\u200b<\/section>\n<\/td>\n<td>\n<section class=\"ybc-p\">6 ventilateurs permutables \u00e0 chaud, supportant des ventilateurs redondants (N+1)<\/section>\n<\/td>\n<\/tr>\n<tr>\n<td>\n<section class=\"ybc-p\"><strong>PUISSANCE<\/strong>\u200b<\/section>\n<\/td>\n<td>\n<section class=\"ybc-p\">Support 550W\/800W\/1300W\/1600W\/2000W\/2700W, platine\/titane, support (1+1)redondance<\/section>\n<\/td>\n<\/tr>\n<tr>\n<td>\n<section class=\"ybc-p\"><strong>Administration des syst\u00e8mes<\/strong>\u200b<\/section>\n<\/td>\n<td>\n<section class=\"ybc-p\">Int\u00e9grer 1 interface r\u00e9seau ind\u00e9pendante de 1000 Mbps sp\u00e9cifiquement pour la gestion \u00e0 distance de l'IPMI<\/section>\n<\/td>\n<\/tr>\n<tr>\n<td>\n<section class=\"ybc-p\"><strong>Caract\u00e9ristiques de s\u00e9curit\u00e9<\/strong>\u200b<\/section>\n<\/td>\n<td>\n<section class=\"ybc-p\">Prise en charge de Trusted Platform Module (TPM 2.0) et de Trusted Password Module (TCM), etc.<\/section>\n<\/td>\n<\/tr>\n<\/tbody>\n<\/table>\n<\/div>\n<p>&nbsp;<\/p>\n<pre><strong>Caract\u00e9ristiques du produit<\/strong><\/pre>\n<div class=\"hyc-common-markdown__table-wrapper\" data-has-scroll=\"false\">\n<table>\n<tbody>\n<tr>\n<td>\n<section class=\"ybc-p\"><strong>Syst\u00e8me<\/strong>\u200b<\/section>\n<\/td>\n<td>\n<section class=\"ybc-p\">Microsoft Windows Server\u3001Red Hat Enterprise\u3001SUSE Linux Enterprise Server, etc.<\/section>\n<\/td>\n<\/tr>\n<tr>\n<td>\n<section class=\"ybc-p\"><strong>TAILLE<\/strong>\u200b<\/section>\n<\/td>\n<td>\n<section class=\"ybc-p\">435mm \u00d7 87mm \u00d7 800mm<\/section>\n<\/td>\n<\/tr>\n<tr>\n<td>\n<section class=\"ybc-p\"><strong>POIDS<\/strong>\u200b<\/section>\n<\/td>\n<td>\n<section class=\"ybc-p\">Poids total&lt;30kg<\/section>\n<\/td>\n<\/tr>\n<tr>\n<td>\n<section class=\"ybc-p\"><strong>Temp\u00e9rature de fonctionnement<\/strong>\u200b<\/section>\n<\/td>\n<td>\n<section class=\"ybc-p\">10\u2103-35\u2103<\/section>\n<\/td>\n<\/tr>\n<\/tbody>\n<\/table>\n<\/div>","protected":false},"excerpt":{"rendered":"<p>La configuration NF5280G7 AMD est \u00e9quip\u00e9e d'AMD EPYC \u2122 Un serveur haut de gamme \u00e0 double montage en rack avec des processeurs de la s\u00e9rie 9004. Le NF5280G7 poss\u00e8de des caract\u00e9ristiques de base telles que l'ultra-multic\u0153ur, la bande passante m\u00e9moire ultra-haute et le d\u00e9bit d'E\/S ultra-grand, fournissant des ressources informatiques et des performances plus efficaces pour les applications \u00e0 forte intensit\u00e9 de calcul, en maintenant les performances \u00e9lev\u00e9es et coh\u00e9rentes de haute qualit\u00e9 d'Inspur Information Server.<\/p>","protected":false},"featured_media":1597,"template":"","meta":[],"product_brand":[],"product_cat":[15,30,220],"product_tag":[],"class_list":{"0":"post-1590","1":"product","2":"type-product","3":"status-publish","4":"has-post-thumbnail","6":"product_cat-uncategorized","7":"product_cat-ai-server","8":"product_cat-server-series","10":"first","11":"instock","12":"shipping-taxable","13":"product-type-simple"},"_links":{"self":[{"href":"https:\/\/sz-xtt.com\/fr\/wp-json\/wp\/v2\/product\/1590","targetHints":{"allow":["GET"]}}],"collection":[{"href":"https:\/\/sz-xtt.com\/fr\/wp-json\/wp\/v2\/product"}],"about":[{"href":"https:\/\/sz-xtt.com\/fr\/wp-json\/wp\/v2\/types\/product"}],"wp:featuredmedia":[{"embeddable":true,"href":"https:\/\/sz-xtt.com\/fr\/wp-json\/wp\/v2\/media\/1597"}],"wp:attachment":[{"href":"https:\/\/sz-xtt.com\/fr\/wp-json\/wp\/v2\/media?parent=1590"}],"wp:term":[{"taxonomy":"product_brand","embeddable":true,"href":"https:\/\/sz-xtt.com\/fr\/wp-json\/wp\/v2\/product_brand?post=1590"},{"taxonomy":"product_cat","embeddable":true,"href":"https:\/\/sz-xtt.com\/fr\/wp-json\/wp\/v2\/product_cat?post=1590"},{"taxonomy":"product_tag","embeddable":true,"href":"https:\/\/sz-xtt.com\/fr\/wp-json\/wp\/v2\/product_tag?post=1590"}],"curies":[{"name":"wp","href":"https:\/\/api.w.org\/{rel}","templated":true}]}}