{"id":280,"date":"2025-10-15T02:22:59","date_gmt":"2025-10-15T02:22:59","guid":{"rendered":"https:\/\/sz-xtt.com\/product\/tg688v3-ai-server\/"},"modified":"2025-10-16T08:15:18","modified_gmt":"2025-10-16T08:15:18","slug":"tg688v3-ai-server","status":"publish","type":"product","link":"https:\/\/sz-xtt.com\/fr\/product\/tg688v3-ai-server\/","title":{"rendered":"Serveur TG688V3 AI"},"content":{"rendered":"<h3>Caract\u00e9ristiques du produit<\/h3>\n<p><strong>Nouvelle plate-forme, performances exceptionnelles<\/strong><br \/>\nConstruit sur la derni\u00e8re plate-forme de processeurs d'Intel, le serveur 8U de Xintongtai offre des mises \u00e0 niveau compl\u00e8tes de la puissance du processeur, de la vitesse PCIe et de la bande passante de la m\u00e9moire, lib\u00e9rant ainsi pleinement le potentiel de calcul du GPU. Il prend en charge jusqu'\u00e0 16 GPU double largeur, offrant ainsi des capacit\u00e9s de calcul h\u00e9t\u00e9rog\u00e8ne efficaces. La conception de la connexion directe CPU-GPU r\u00e9duit consid\u00e9rablement la latence du transfert de donn\u00e9es et am\u00e9liore grandement l'efficacit\u00e9 du transfert de donn\u00e9es par rapport aux architectures PCIe Switch traditionnelles.<\/p>\n<p><strong>Une densit\u00e9 de GPU \u00e0 la pointe de l'industrie<\/strong><br \/>\nCe serveur pr\u00e9sente la plus haute densit\u00e9 de GPU du march\u00e9, prenant en charge jusqu'\u00e0 16 GPU pleine hauteur, pleine longueur et double largeur par unit\u00e9 avec un TDP allant jusqu'\u00e0 450 W, offrant ainsi une densit\u00e9 de calcul extr\u00eame. Cette conception r\u00e9duit consid\u00e9rablement le co\u00fbt total de possession, avec des co\u00fbts de GPU unique r\u00e9duits de 20% par rapport aux mod\u00e8les traditionnels \u00e0 8 GPU, ce qui en fait le serveur id\u00e9al pour les t\u00e2ches intensives en termes de calcul.<\/p>\n<p><strong>Configuration flexible, options personnalis\u00e9es<\/strong><br \/>\nLe serveur prend en charge jusqu'\u00e0 19 emplacements PCIe 5.0 standard, offrant diverses options de configuration PCIe. Il prend \u00e9galement en charge une carte r\u00e9seau OCP 3.0, avec plusieurs options de vitesse disponibles. La configuration de stockage est flexible, prenant en charge huit disques SAS\/SATA 3,5\u2033\/2,5\u2033 et 2\/4 SSD NVMe en option, r\u00e9pondant \u00e0 la fois aux besoins de stockage local de grande capacit\u00e9 et de haute performance.<\/p>\n<p><strong>Une gestion fiable et intelligente<\/strong><br \/>\nLes principaux composants du syst\u00e8me sont redondants et rempla\u00e7ables \u00e0 chaud, ce qui am\u00e9liore l'efficacit\u00e9 de la maintenance et la disponibilit\u00e9 du syst\u00e8me. Le serveur int\u00e8gre une puce de gestion intelligente, prenant en charge une plateforme de gestion ouverte et compatible avec IPMI 2.0, Redfish, SNMP et d'autres protocoles de gestion. Ses fonctions compl\u00e8tes de gestion \u00e0 distance, y compris KVM, les m\u00e9dias virtuels, la surveillance des composants critiques et les alertes anormales, permettent une gestion intelligente au niveau du syst\u00e8me.<\/p>\n<h3>Sp\u00e9cifications des produits<\/h3>\n<p>Facteur de forme : Montage en rack standard 8U<\/p>\n<p>CPU : Prend en charge 2 processeurs \u00e9volutifs Intel ? Xeon ? de quatri\u00e8me ou cinqui\u00e8me g\u00e9n\u00e9ration, jusqu'\u00e0 385W<\/p>\n<p>M\u00e9moire : Prise en charge de 32 emplacements de m\u00e9moire DDR5, jusqu'\u00e0 5600 MHz, RDIMM\/3DS RDIMM<\/p>\n<p>Prise en charge des GPU : Prend en charge jusqu'\u00e0 16 cartes GPU double largeur sur toute la hauteur et toute la longueur, chacune avec PCIe 5.0 x8.<\/p>\n<p>Stockage : Prise en charge de 8 disques SAS\/SATA 3,5\u2033\/2,5\u2033, 2\/4 disques SSD NVMe en option.<\/p>\n<p>Carte RAID : Prend en charge les HBA SAS 12Gb\/s et les cartes RAID SAS<\/p>\n<p>Extension PCIe : Prend en charge jusqu'\u00e0 3 emplacements PCIe 5.0 standard<\/p>\n<p>Ports E\/S : Avant : 2 ports USB 3.0, 1 port VGA ; Arri\u00e8re : 1 port s\u00e9rie, 2 ports USB 3.0, 1 port VGA, 1 port de gestion RJ45<\/p>\n<p>Alimentation : Conception d'alimentation \u00e0 double couche avec 4 modules d'alimentation CRPS de niveau platine (2000W\/2700W), prenant en charge la redondance.<\/p>\n<h3>Pourquoi nous choisir ?<\/h3>\n<p><strong>Des stocks importants et une grande disponibilit\u00e9<\/strong><br \/>\nDepuis sa cr\u00e9ation en 2007, Xintongtai s'est sp\u00e9cialis\u00e9e dans la fourniture de serveurs et d'accessoires, en maintenant un stock important afin que les clients puissent acqu\u00e9rir rapidement les produits dont ils ont besoin, minimisant ainsi les retards commerciaux. Gr\u00e2ce \u00e0 des partenariats \u00e0 long terme avec de nombreuses marques r\u00e9put\u00e9es, notre stock est abondant et mis \u00e0 jour r\u00e9guli\u00e8rement, ce qui permet d'assurer un soutien efficace de la cha\u00eene d'approvisionnement.<\/p>\n<p><strong>Une qualit\u00e9 de service exceptionnelle<\/strong><br \/>\nNous ne nous contentons pas d'offrir des serveurs de haute performance, nous sommes \u00e9galement connus pour notre service apr\u00e8s-vente exceptionnel. L'\u00e9quipe d'assistance technique de Xintongtai fournit des r\u00e9ponses rapides et des solutions personnalis\u00e9es, garantissant une exp\u00e9rience transparente pour les clients. Notre objectif est d'aider nos clients \u00e0 se d\u00e9marquer sur un march\u00e9 concurrentiel et \u00e0 se d\u00e9velopper gr\u00e2ce \u00e0 nos services de premier ordre.<\/p>\n<p><strong>Expertise sectorielle et riche exp\u00e9rience<\/strong><br \/>\nAvec plus de 15 ans d'exp\u00e9rience, Xintongtai a une connaissance approfondie de l'industrie des serveurs et comprend les besoins et les d\u00e9fis des clients. La qualit\u00e9 de nos produits et de nos services a \u00e9t\u00e9 test\u00e9e par le march\u00e9 au fil des ans. En nous choisissant, vous choisissez un partenaire fiable et professionnel \u00e0 long terme.<\/p>","protected":false},"excerpt":{"rendered":"<p><strong>Marque Intel<\/strong><\/p>\n<p><strong>Origine du produit USA<\/strong><\/p>\n<p><strong>D\u00e9lai de livraisonDans les 15 jours<\/strong><\/p>\n<p><strong>Capacit\u00e9 d'approvisionnement9999<\/strong><\/p>\n<p>Le 688V3 est un serveur GPU ultra-haute densit\u00e9 qui prend en charge les processeurs Intel ? Xeon ? Scalable de 4\u00e8me ou 5\u00e8me g\u00e9n\u00e9ration. Il offre la plus haute densit\u00e9 de 16 GPU sur une seule machine de l'industrie et se caract\u00e9rise par d'excellentes performances, une forte \u00e9volutivit\u00e9, une grande rentabilit\u00e9 et une grande fiabilit\u00e9. Il convient \u00e0 divers sc\u00e9narios d'application tels que l'inf\u00e9rence d'apprentissage profond, les services GPU en nuage, le rendu graphique et les jeux en nuage.<\/p>","protected":false},"featured_media":737,"template":"","meta":[],"product_brand":[],"product_cat":[30],"product_tag":[32,36,33,35,31],"class_list":{"0":"post-280","1":"product","2":"type-product","3":"status-publish","4":"has-post-thumbnail","6":"product_cat-ai-server","7":"product_tag-2u-ai-server","8":"product_tag-ai-hub-server","9":"product_tag-gpu-ai-server","10":"product_tag-home-ai-server","11":"product_tag-intel-ai-server","13":"first","14":"instock","15":"shipping-taxable","16":"product-type-simple"},"_links":{"self":[{"href":"https:\/\/sz-xtt.com\/fr\/wp-json\/wp\/v2\/product\/280","targetHints":{"allow":["GET"]}}],"collection":[{"href":"https:\/\/sz-xtt.com\/fr\/wp-json\/wp\/v2\/product"}],"about":[{"href":"https:\/\/sz-xtt.com\/fr\/wp-json\/wp\/v2\/types\/product"}],"wp:featuredmedia":[{"embeddable":true,"href":"https:\/\/sz-xtt.com\/fr\/wp-json\/wp\/v2\/media\/737"}],"wp:attachment":[{"href":"https:\/\/sz-xtt.com\/fr\/wp-json\/wp\/v2\/media?parent=280"}],"wp:term":[{"taxonomy":"product_brand","embeddable":true,"href":"https:\/\/sz-xtt.com\/fr\/wp-json\/wp\/v2\/product_brand?post=280"},{"taxonomy":"product_cat","embeddable":true,"href":"https:\/\/sz-xtt.com\/fr\/wp-json\/wp\/v2\/product_cat?post=280"},{"taxonomy":"product_tag","embeddable":true,"href":"https:\/\/sz-xtt.com\/fr\/wp-json\/wp\/v2\/product_tag?post=280"}],"curies":[{"name":"wp","href":"https:\/\/api.w.org\/{rel}","templated":true}]}}