{"id":286,"date":"2025-10-15T02:23:00","date_gmt":"2025-10-15T02:23:00","guid":{"rendered":"https:\/\/sz-xtt.com\/product\/tg657v2-l-ai-server\/"},"modified":"2025-10-15T09:02:10","modified_gmt":"2025-10-15T09:02:10","slug":"tg657v2-l-ai-server","status":"publish","type":"product","link":"https:\/\/sz-xtt.com\/fr\/product\/tg657v2-l-ai-server\/","title":{"rendered":"TG657V2-L Serveur AI"},"content":{"rendered":"<h3>Caract\u00e9ristiques du produit<\/h3>\n<h4>Plate-forme domestique avec contr\u00f4le ind\u00e9pendant<\/h4>\n<p>Composants enti\u00e8rement nationaux : Notre serveur utilise des processeurs ARM Feiteng et des composants connexes enti\u00e8rement nationaux, ce qui garantit un contr\u00f4le ind\u00e9pendant complet et la conformit\u00e9 aux exigences nationales en mati\u00e8re de s\u00e9curit\u00e9 de l'information.<\/p>\n<p>Prise en charge des GPU nationaux : Prise en charge des cartes GPU et des microprogrammes nationaux, compatible avec de nombreuses solutions BMC pour les march\u00e9s Xinchuang et industriels, et avec l'architecture ARMv8.2, ce qui am\u00e9liore consid\u00e9rablement les performances.<\/p>\n<h4>\u00c9conomie d'\u00e9nergie verte et consommation efficace<\/h4>\n<p>Technologie de refroidissement liquide : \u00c9quip\u00e9 du processeur de refroidissement liquide Feiteng S5000C-64 (2,5G), il offre une augmentation significative des performances par rapport aux processeurs refroidis \u00e0 l'air, tout en am\u00e9liorant l'efficacit\u00e9 \u00e9nerg\u00e9tique du syst\u00e8me de plus de 20%.<\/p>\n<p>Contr\u00f4le intelligent du ventilateur : Ajuste la vitesse du ventilateur en fonction de la temp\u00e9rature des composants cl\u00e9s, ce qui permet d'\u00e9conomiser de l'\u00e9nergie tout en r\u00e9duisant le bruit et en am\u00e9liorant l'efficacit\u00e9 globale du syst\u00e8me.<\/p>\n<p>Refroidissement efficace : Prend en charge l'alimentation en liquide \u00e0 40\u00b0C, avec un faible d\u00e9bit et une faible r\u00e9sistance pour un refroidissement efficace, r\u00e9duisant la consommation d'\u00e9nergie du centre de donn\u00e9es et les \u00e9missions de carbone, r\u00e9pondant ainsi aux normes des centres de donn\u00e9es \u00e9cologiques.<\/p>\n<h4>Performances extr\u00eames en mati\u00e8re d'IA<\/h4>\n<p>Puissance de calcul : Prise en charge de 8 \u00e0 10 cartes GPU pleine hauteur (cartes d'entra\u00eenement GPU PCIe domestiques), offrant une puissance de calcul IA exceptionnelle pour r\u00e9pondre aux besoins d'entra\u00eenement et d'inf\u00e9rence de mod\u00e8les de grande envergure.<\/p>\n<p>Processeurs \u00e0 haut rendement : \u00c9quip\u00e9 de 2 processeurs Feiteng S5000C \u00e0 64 c\u0153urs et de 16 emplacements de m\u00e9moire DDR5, avec une fr\u00e9quence de m\u00e9moire maximale de 4 000 MHz, il offre des performances informatiques et une r\u00e9activit\u00e9 exceptionnelles.<\/p>\n<h4>Configuration et personnalisation souples<\/h4>\n<p>Conception modulaire : La conception modulaire du d\u00e9couplage du mat\u00e9riel permet une configuration flexible de l'informatique, du stockage et du r\u00e9seau, r\u00e9pondant ainsi aux diff\u00e9rents besoins des entreprises et permettant une personnalisation.<\/p>\n<p>Diverses options de stockage : Prise en charge d'une configuration flexible de modules de disques durs 3,5 ou 2,5, avec un maximum de 24 emplacements U.2 NVMe pour r\u00e9pondre aux diff\u00e9rentes exigences en mati\u00e8re de stockage de donn\u00e9es.<\/p>\n<p>Riche en possibilit\u00e9s d'extension : Prend en charge jusqu'\u00e0 15 emplacements d'extension PCIe Gen5 standard et l'extension r\u00e9seau OCP NIC 3.0, offrant de multiples options de configuration r\u00e9seau pour r\u00e9pondre aux besoins de mise \u00e0 niveau futurs.<\/p>\n<p>Stabilit\u00e9 et fiabilit\u00e9 gr\u00e2ce \u00e0 une gestion intelligente<\/p>\n<p>Conception redondante : Les principaux composants du syst\u00e8me sont redondants et rempla\u00e7ables \u00e0 chaud, ce qui permet un montage et un d\u00e9montage sans outil, am\u00e9liorant ainsi l'efficacit\u00e9 de la maintenance et la disponibilit\u00e9 du syst\u00e8me.<\/p>\n<p>Gestion intelligente : La puce de gestion intelligente int\u00e9gr\u00e9e prend en charge IPMI2.0, Redfish, SNMP et d'autres protocoles de gestion, avec des fonctions telles que le KVM \u00e0 distance, les supports virtuels, la surveillance de l'\u00e9tat des composants et les alarmes d'anomalie pour une gestion intelligente compl\u00e8te \u00e0 distance au niveau du syst\u00e8me.<\/p>\n<p>&nbsp;<\/p>\n<h3>Sp\u00e9cifications techniques<\/h3>\n<p>CPU : 2 CPU Feiteng S5000C-64C, 64 c\u0153urs FTC862, compatible ARMv8.2, fr\u00e9quence de 2,1 GHz, TDP 330W, ou version haute performance 2,5 GHz, TDP 370W<\/p>\n<p>Prise en charge des GPU : Prise en charge de 8\/10 cartes GPU pleine hauteur, double largeur (DW-FHFL) ou simple largeur (SW-FHFL).<\/p>\n<p>M\u00e9moire : 16 emplacements DDR5 DIMM, jusqu'\u00e0 4000 MHz, maximum 1,0 To<\/p>\n<p>Contr\u00f4leur de stockage : Contr\u00f4leur SATA 6Gb\/s int\u00e9gr\u00e9, supporte le HBA SAS 12Gb\/s et le contr\u00f4leur RAID, supporte RAID0\/1\/10 et RAID0\/1\/5\/6\/50\/60<\/p>\n<p>Extension PCIe : Standard 12 emplacements PCIe Gen5, 1 emplacement PCIe Gen4, emplacement OCP 3.0 X8<\/p>\n<p>Stockage local : Prend en charge jusqu'\u00e0 24 disques SSD NVMe U.2, 8\/16\/24 disques durs 2,5, 8\/12 disques durs 3,5 et 2 disques SSD M.2.<\/p>\n<p>R\u00e9seau : Port de gestion 1GbE RJ45 BMC IPMI, 4 cartes r\u00e9seau OCP3.0 1GbE\/2 10GbE\/2 25GbE en option ou cartes r\u00e9seau PCIe standard, et cartes PCIe NIC\/IB 100\/200G<\/p>\n<p>Ports E\/S : Avant : 2 ports USB 3.0, 1 port VGA ; Arri\u00e8re : 1 port s\u00e9rie, 2 ports USB 3.0, 1 port VGA, 1 port de gestion RJ45<\/p>\n<p>Ventilateurs : 8 ventilateurs \u00e0 grande vitesse rempla\u00e7ables \u00e0 chaud, redondance N+1<\/p>\n<p>Alimentation \u00e9lectrique : Supporte 2-4 modules d'alimentation CRPS, redondance 1+1\/3+1\/2+2, avec des options de puissance de 1600W\/2000W\/2400W\/2700W.<\/p>\n<p>Fonctions de gestion : Prend en charge IPMI, SOL, KVM sur IP, m\u00e9dias virtuels, contr\u00f4le de la consommation d'\u00e9nergie et d\u00e9tection des fuites.<\/p>\n<p>Caract\u00e9ristiques de s\u00e9curit\u00e9 : Composant de surveillance des fuites de refroidissement liquide, couvercle de ch\u00e2ssis verrouillable, d\u00e9tection d'intrusion dans le ch\u00e2ssis, panneau avant \u00e0 verrouillage par cl\u00e9, TCM<\/p>\n<p>Dimensions : Montage en rack 4U, dimensions du ch\u00e2ssis du disque dur 3,5 : 448x175x822mm, dimensions du ch\u00e2ssis du disque dur 2.5 : 448x175x772mm<\/p>\n<p>Poids : Poids net d'environ 55 kg, accessoires et emballage compris d'environ 80 kg.<\/p>\n<p>Temp\u00e9rature : Temp\u00e9rature de fonctionnement standard 5oC - 35oC, temp\u00e9rature de fonctionnement \u00e9tendu 5oC - 40oC, temp\u00e9rature de transport et de stockage -40oC - 65oC<\/p>\n<p>Humidit\u00e9 : Humidit\u00e9 de fonctionnement 30% - 80%, humidit\u00e9 de stockage 5% - 93%<\/p>\n<p>Prise en charge des syst\u00e8mes d'exploitation : Kylin OS, OpenEuler OS, UOS et autres syst\u00e8mes d'exploitation \u00e0 code source ouvert (veuillez consulter le service des ventes pour une assistance sp\u00e9cifique)<\/p>\n<p>&nbsp;<\/p>\n<h3>Pourquoi nous choisir ?<\/h3>\n<p>Contr\u00f4le national complet : Nos serveurs sont dot\u00e9s de processeurs et de composants ARM Feiteng enti\u00e8rement nationaux, ce qui garantit le contr\u00f4le du syst\u00e8me et la conformit\u00e9 aux normes de s\u00e9curit\u00e9 nationales.<\/p>\n<p>Technologie de pointe en mati\u00e8re d'\u00e9conomie d'\u00e9nergie verte : La technologie avanc\u00e9e de refroidissement par liquide et le contr\u00f4le intelligent des ventilateurs optimisent les performances tout en am\u00e9liorant l'efficacit\u00e9 \u00e9nerg\u00e9tique, en r\u00e9duisant la consommation d'\u00e9nergie et le bruit, contribuant ainsi \u00e0 un centre de donn\u00e9es plus \u00e9cologique.<\/p>\n<p>Des performances exceptionnelles en mati\u00e8re d'IA : \u00c9quip\u00e9s de processeurs Feiteng S5000C haute performance et d'un support GPU, nos serveurs excellent dans la gestion des t\u00e2ches d'entra\u00eenement et d'inf\u00e9rence \u00e0 grande \u00e9chelle en mati\u00e8re d'IA.<\/p>\n<p>Options de configuration flexibles : La conception modulaire et un large \u00e9ventail de choix de configuration permettent d'\u00e9laborer des solutions sur mesure pour r\u00e9pondre aux diff\u00e9rents besoins de l'entreprise et aux mises \u00e0 niveau futures.<\/p>\n<p>Gestion stable et fiable : Gr\u00e2ce \u00e0 des conceptions redondantes et \u00e0 des fonctions de gestion intelligentes, nos serveurs garantissent une stabilit\u00e9 et une efficacit\u00e9 \u00e9lev\u00e9es, r\u00e9duisant les temps d'arr\u00eat et offrant une assistance technique compl\u00e8te.<\/p>","protected":false},"excerpt":{"rendered":"<p><strong>Marque XTT<\/strong><\/p>\n<p><strong>Origine du produit CHINE<\/strong><\/p>\n<p><strong>D\u00e9lai de livraisonDans les 15 jours<\/strong><\/p>\n<p><strong>Capacit\u00e9 d'approvisionnement 9999<\/strong><\/p>\n<p>Le serveur 657V2-L est un serveur AI phare refroidi par liquide, d\u00e9velopp\u00e9 sur la base de la derni\u00e8re puce de traitement de serveur S5000C-64C de Phytium et de composants mat\u00e9riels enti\u00e8rement produits dans le pays. Il est con\u00e7u pour des applications telles que l'entra\u00eenement de grands mod\u00e8les, l'inf\u00e9rence, le calcul intensif et le rendu. Dot\u00e9 de deux processeurs Phytium S5000C 64 c\u0153urs construits sur la derni\u00e8re architecture FTC862, le serveur offre des performances de calcul au moins deux fois sup\u00e9rieures \u00e0 celles de la g\u00e9n\u00e9ration pr\u00e9c\u00e9dente S2500. Il prend en charge 8 \u00e0 10 cartes GPU pleine hauteur et pleine longueur, ce qui le rend bien adapt\u00e9 aux op\u00e9rations d'IA \u00e0 grande \u00e9chelle dans les centres de calcul, les march\u00e9s industriels et les secteurs de l'Internet.<\/p>","protected":false},"featured_media":524,"template":"","meta":[],"product_brand":[],"product_cat":[30],"product_tag":[38,46,40,45,33],"class_list":{"0":"post-286","1":"product","2":"type-product","3":"status-publish","4":"has-post-thumbnail","6":"product_cat-ai-server","7":"product_tag-ai-inference-server","8":"product_tag-ai-media-server","9":"product_tag-ai-server-companies","10":"product_tag-china-ai-server","11":"product_tag-gpu-ai-server","13":"first","14":"instock","15":"shipping-taxable","16":"product-type-simple"},"_links":{"self":[{"href":"https:\/\/sz-xtt.com\/fr\/wp-json\/wp\/v2\/product\/286","targetHints":{"allow":["GET"]}}],"collection":[{"href":"https:\/\/sz-xtt.com\/fr\/wp-json\/wp\/v2\/product"}],"about":[{"href":"https:\/\/sz-xtt.com\/fr\/wp-json\/wp\/v2\/types\/product"}],"wp:featuredmedia":[{"embeddable":true,"href":"https:\/\/sz-xtt.com\/fr\/wp-json\/wp\/v2\/media\/524"}],"wp:attachment":[{"href":"https:\/\/sz-xtt.com\/fr\/wp-json\/wp\/v2\/media?parent=286"}],"wp:term":[{"taxonomy":"product_brand","embeddable":true,"href":"https:\/\/sz-xtt.com\/fr\/wp-json\/wp\/v2\/product_brand?post=286"},{"taxonomy":"product_cat","embeddable":true,"href":"https:\/\/sz-xtt.com\/fr\/wp-json\/wp\/v2\/product_cat?post=286"},{"taxonomy":"product_tag","embeddable":true,"href":"https:\/\/sz-xtt.com\/fr\/wp-json\/wp\/v2\/product_tag?post=286"}],"curies":[{"name":"wp","href":"https:\/\/api.w.org\/{rel}","templated":true}]}}