{"id":287,"date":"2025-10-15T02:23:00","date_gmt":"2025-10-15T02:23:00","guid":{"rendered":"https:\/\/sz-xtt.com\/product\/h9236-ai-server\/"},"modified":"2025-10-16T08:02:35","modified_gmt":"2025-10-16T08:02:35","slug":"h9236-ai-server","status":"publish","type":"product","link":"https:\/\/sz-xtt.com\/fr\/product\/h9236-ai-server\/","title":{"rendered":"H9236 Serveur AI"},"content":{"rendered":"<h3>Caract\u00e9ristiques du produit<\/h3>\n<p><strong>Conception d'une architecture de pointe<\/strong><\/p>\n<p>Processeurs Intel Xeon Scalable de 4\u00e8me g\u00e9n\u00e9ration : La plateforme prend en charge les derniers processeurs Intel Xeon Scalable de 4\u00e8me g\u00e9n\u00e9ration avec un TDP de 350W, garantissant des performances et une \u00e9volutivit\u00e9 de premier plan pour les charges de travail exigeantes.<br \/>\nPrise en charge des modules de formation \u00e0 l'IA : Compatible avec les derniers modules de formation \u00e0 l'IA, y compris les modules NVIDIA H100, les modules Intel Gaudi et d'autres modules OAM, ce qui le rend adapt\u00e9 aux applications d'IA avanc\u00e9es.<br \/>\nConnectivit\u00e9 CPU-Switch : Elle comporte deux modes d'interconnexion pour maximiser les performances de la plate-forme. Cette conception am\u00e9liore l'efficacit\u00e9 de la communication entre les CPU, garantissant un d\u00e9bit de donn\u00e9es optimal et une latence r\u00e9duite.<\/p>\n<p><strong>Options de solutions flexibles<\/strong><\/p>\n<p>Expansion modulaire : Prend en charge une s\u00e9rie de modules, notamment NVIDIA H20, Intel Gaudi et d'autres modules OAM, ce qui permet d'adapter le syst\u00e8me \u00e0 des besoins sp\u00e9cifiques.<br \/>\nStockage et E\/S configurables : Les configurations de stockage et d'E\/S en fa\u00e7ade peuvent \u00eatre personnalis\u00e9es, ce qui offre une grande souplesse en mati\u00e8re de stockage et de connectivit\u00e9 en fonction des besoins de l'utilisateur.<\/p>\n<p><strong>Qualit\u00e9 stable des produits<\/strong><\/p>\n<p>Alimentation redondante N+N : Le syst\u00e8me est dot\u00e9 d'une alimentation redondante N+N pour un fonctionnement fiable, minimisant les temps d'arr\u00eat et garantissant des performances constantes.<br \/>\nConception thermique efficace : \u00c9quip\u00e9 d'un syst\u00e8me de refroidissement \u00e0 haute efficacit\u00e9, comprenant 15 ventilateurs haute performance rempla\u00e7ables \u00e0 chaud avec redondance N+1, et un refroidissement par plaque froide en option pour maintenir un fonctionnement stable m\u00eame \u00e0 des temp\u00e9ratures ambiantes \u00e9lev\u00e9es.<br \/>\nVaste exp\u00e9rience en mati\u00e8re de d\u00e9veloppement de modules : Exp\u00e9rience av\u00e9r\u00e9e dans le d\u00e9veloppement et le d\u00e9bogage de plusieurs produits bas\u00e9s sur des modules sur la m\u00eame plateforme, garantissant une grande fiabilit\u00e9 et des performances optimis\u00e9es.<\/p>\n<h3>Sp\u00e9cifications techniques<\/h3>\n<p>CPU : 2 processeurs Intel Xeon Scalable 4th Gen, TDP 350W<br \/>\nM\u00e9moire : Prend en charge jusqu'\u00e0 32 modules de m\u00e9moire DDR5, avec 8 canaux de m\u00e9moire par unit\u00e9 centrale.<br \/>\nStockage :<br \/>\nPrend en charge jusqu'\u00e0 10 disques SSD NVMe<br \/>\nPrise en charge optionnelle de 2 disques durs SATA<br \/>\n1 disque SSD M.2 int\u00e9gr\u00e9<br \/>\nExpansion PCIe :<br \/>\nPrend en charge 1 module NVLINK H20 avec 8 emplacements r\u00e9seau<br \/>\nInterconnexion CPU-Switch X32 : Supporte 1 carte r\u00e9seau intelligente ou 2 cartes r\u00e9seau OCP 3.0<br \/>\nInterconnexion CPU-Switch X16 : Prend en charge jusqu'\u00e0 12 emplacements PCIe standard<br \/>\nGestion : AST2600, 1 port de gestion Gigabit RJ45<br \/>\nE\/S de base :<br \/>\n2x USB Type-A<br \/>\n1x bouton d'alimentation avec LED<br \/>\n1x bouton UID avec LED<br \/>\n1x LED d'\u00e9tat<br \/>\n1x Port console, Type-C<br \/>\n1x VGA avant<br \/>\nRefroidissement :<br \/>\n15 ventilateurs haute performance rempla\u00e7ables \u00e0 chaud avec redondance N+1<br \/>\nRefroidissement par plaque froide en option<br \/>\nTemp\u00e9rature : Plage de temp\u00e9rature de fonctionnement de 5oC \u00e0 35oC<br \/>\nAlimentation \u00e9lectrique :<br \/>\n2 alimentations CRPS 12V (carte m\u00e8re) avec redondance 1+1<br \/>\n6 alimentations CRPS 54V (modules GPU) avec redondance 3+3<br \/>\nDimensions : 900 mm x 447 mm x 352,8 mm 900mm x 447mm x 352.8mm<\/p>\n<h3>Pourquoi nous choisir ?<\/h3>\n<p>Architecture avanc\u00e9e : Notre serveur exploite les derniers processeurs Intel Xeon Scalable 4th Gen et des modules de formation \u00e0 l'IA de pointe pour offrir des performances et une \u00e9volutivit\u00e9 exceptionnelles pour les applications \u00e0 forte demande.<\/p>\n<p>Flexible et personnalisable : Gr\u00e2ce \u00e0 la prise en charge de divers modules de formation \u00e0 l'IA et \u00e0 des options de stockage et d'E\/S configurables, notre syst\u00e8me offre la souplesse n\u00e9cessaire pour s'adapter aux diff\u00e9rents cas d'utilisation et aux exigences de l'entreprise.<\/p>\n<p>Fiable et efficace : Con\u00e7u avec des alimentations redondantes et des solutions de refroidissement avanc\u00e9es, notre serveur assure un fonctionnement stable et fiable m\u00eame dans des environnements \u00e0 haute temp\u00e9rature. Notre vaste exp\u00e9rience dans le d\u00e9veloppement de produits bas\u00e9s sur des modules garantit une qualit\u00e9 sup\u00e9rieure et des performances optimis\u00e9es.<\/p>\n<p>Des performances \u00e9prouv\u00e9es : S'appuyant sur des ann\u00e9es d'exp\u00e9rience en mati\u00e8re de d\u00e9veloppement et de d\u00e9bogage, notre plateforme offre des performances et une fiabilit\u00e9 solides, ce qui en fait un choix de confiance pour les environnements d'entreprise exigeants.<\/p>","protected":false},"excerpt":{"rendered":"<p><strong>Marque XTT<\/strong><\/p>\n<p><strong>Origine du produit CHINE<\/strong><\/p>\n<p><strong>D\u00e9lai de livraisonDans les 15 jours<\/strong><\/p>\n<p><strong>Capacit\u00e9 d'approvisionnement9999<\/strong><\/p>\n<p>Le H9236 est un serveur GPU haute performance d\u00e9velopp\u00e9 sur la derni\u00e8re plateforme Eagle Stream d'Intel. Il prend en charge les modules NVIDIA H20, les modules Intel Gaudi et d'autres GPU con\u00e7us pour l'apprentissage de grands mod\u00e8les. C'est le choix optimal pour les applications d'entra\u00eenement \u00e0 l'IA et d'inf\u00e9rence de grands mod\u00e8les.<\/p>","protected":false},"featured_media":712,"template":"","meta":[],"product_brand":[],"product_cat":[30],"product_tag":[44,38,41,45,35],"class_list":{"0":"post-287","1":"product","2":"type-product","3":"status-publish","4":"has-post-thumbnail","6":"product_cat-ai-server","7":"product_tag-ai-cloud-server","8":"product_tag-ai-inference-server","9":"product_tag-ai-server-manufacturers","10":"product_tag-china-ai-server","11":"product_tag-home-ai-server","13":"first","14":"instock","15":"shipping-taxable","16":"product-type-simple"},"_links":{"self":[{"href":"https:\/\/sz-xtt.com\/fr\/wp-json\/wp\/v2\/product\/287","targetHints":{"allow":["GET"]}}],"collection":[{"href":"https:\/\/sz-xtt.com\/fr\/wp-json\/wp\/v2\/product"}],"about":[{"href":"https:\/\/sz-xtt.com\/fr\/wp-json\/wp\/v2\/types\/product"}],"wp:featuredmedia":[{"embeddable":true,"href":"https:\/\/sz-xtt.com\/fr\/wp-json\/wp\/v2\/media\/712"}],"wp:attachment":[{"href":"https:\/\/sz-xtt.com\/fr\/wp-json\/wp\/v2\/media?parent=287"}],"wp:term":[{"taxonomy":"product_brand","embeddable":true,"href":"https:\/\/sz-xtt.com\/fr\/wp-json\/wp\/v2\/product_brand?post=287"},{"taxonomy":"product_cat","embeddable":true,"href":"https:\/\/sz-xtt.com\/fr\/wp-json\/wp\/v2\/product_cat?post=287"},{"taxonomy":"product_tag","embeddable":true,"href":"https:\/\/sz-xtt.com\/fr\/wp-json\/wp\/v2\/product_tag?post=287"}],"curies":[{"name":"wp","href":"https:\/\/api.w.org\/{rel}","templated":true}]}}