{"id":290,"date":"2025-10-15T02:23:00","date_gmt":"2025-10-15T02:23:00","guid":{"rendered":"https:\/\/sz-xtt.com\/product\/4u-ai-server-with-8x-gpu-support\/"},"modified":"2025-10-16T08:10:02","modified_gmt":"2025-10-16T08:10:02","slug":"4u-ai-server-with-8x-gpu-support","status":"publish","type":"product","link":"https:\/\/sz-xtt.com\/fr\/product\/4u-ai-server-with-8x-gpu-support\/","title":{"rendered":"Serveur AI 4U avec prise en charge de 8x GPU"},"content":{"rendered":"<h3>Caract\u00e9ristiques principales et sp\u00e9cifications techniques<\/h3>\n<p><strong>Facteur de forme et \u00e9volutivit\u00e9 :<\/strong><br \/>\nConception de montage en rack 4U : Optimis\u00e9 pour le d\u00e9ploiement dans les centres de donn\u00e9es, il maximise l'utilisation de l'espace tout en offrant des performances maximales.<br \/>\n8 emplacements GPU double largeur : Prend en charge jusqu'\u00e0 8 cartes GPU haute performance (par exemple, NVIDIA H100, A100 ou \u00e9quivalent), id\u00e9ales pour le traitement parall\u00e8le dans les flux de travail AI\/ML.<br \/>\n11x PCIe 5.0 Slots : Extension \u00e9volutive gr\u00e2ce \u00e0 la connectivit\u00e9 Gen 5.0, permettant l'int\u00e9gration transparente d'acc\u00e9l\u00e9rateurs, de cartes d'interface r\u00e9seau ou de contr\u00f4leurs de stockage suppl\u00e9mentaires.<br \/>\nCompatibilit\u00e9 CPU : Prend en charge les processeurs Intel ? Xeon ? Scalable Processors (jusqu'aux mod\u00e8les \u00e0 28 c\u0153urs), offrant des performances de calcul et d'E\/S \u00e9quilibr\u00e9es.<\/p>\n<p><strong>M\u00e9moire et stockage :<\/strong><br \/>\n8 baies SATA HDD\/SSD de 2,5 pouces (compatibles avec les SSD NVMe), prenant en charge l'acc\u00e8s aux donn\u00e9es \u00e0 grande vitesse et le stockage d'ensembles de donn\u00e9es volumineux.<br \/>\nInt\u00e9gration optionnelle de NVMe over Fabrics (NVMe-oF) pour une mise en r\u00e9seau du stockage \u00e0 faible latence.<br \/>\n32 emplacements DIMM DDR5 ECC : Jusqu'\u00e0 4 To de m\u00e9moire corrig\u00e9e des erreurs, garantissant l'int\u00e9grit\u00e9 et la stabilit\u00e9 des donn\u00e9es pour les applications critiques.<\/p>\n<p><strong>Options de stockage flexibles :<\/strong><br \/>\nAlimentation et refroidissement :<br \/>\nAlimentations redondantes rempla\u00e7ables \u00e0 chaud : Options 1300W\/1600W\/2000W (redondance 1+1), supportant l'efficacit\u00e9 80 PLUS Titanium pour les \u00e9conomies d'\u00e9nergie et la fiabilit\u00e9.<br \/>\nSyst\u00e8me de refroidissement avanc\u00e9 : \u00c9quip\u00e9 de ventilateurs et de capteurs thermiques \u00e0 haut rendement, il garantit un flux d'air et un contr\u00f4le de la temp\u00e9rature optimaux, m\u00eame en cas de charge de travail \u00e9lev\u00e9e. Les ventilateurs rempla\u00e7ables \u00e0 chaud permettent une maintenance ais\u00e9e sans temps d'arr\u00eat.<\/p>\n<p><strong>Facilit\u00e9 d'utilisation et d'entretien :<\/strong><br \/>\nConception sans outil : Panneaux lat\u00e9raux \u00e0 acc\u00e8s rapide et loquets sans outils pour une installation rapide du mat\u00e9riel.<br \/>\nIndicateurs en fa\u00e7ade : Surveillance de l'\u00e9tat en temps r\u00e9el (puissance, temp\u00e9rature, activit\u00e9 du GPU) via des \u00e9crans LED intuitifs.<br \/>\nGestion des E\/S et des c\u00e2bles \u00e0 l'arri\u00e8re : Routage organis\u00e9 des c\u00e2bles PCIe, d'alimentation et de r\u00e9seau, r\u00e9duisant l'encombrement et am\u00e9liorant l'efficacit\u00e9 du flux d'air.<\/p>\n<h3>Faits marquants<\/h3>\n<p><strong>Performances optimis\u00e9es par l'IA :<\/strong><br \/>\nCombine la bande passante PCIe 5.0, la m\u00e9moire DDR5 et l'\u00e9volutivit\u00e9 multi-GPU pour acc\u00e9l\u00e9rer les temps d'entra\u00eenement des mod\u00e8les d'apprentissage profond (par exemple, la reconnaissance visuelle, le traitement du langage naturel).<br \/>\nPrise en charge des cadres de calcul distribu\u00e9 (par exemple, TensorFlow, PyTorch) pour un traitement parall\u00e8le transparent.<\/p>\n<p><strong>\u00c9volutivit\u00e9 \u00e0 l'\u00e9preuve du temps :<\/strong><br \/>\n11 emplacements PCIe 5.0 et 8 emplacements GPU assurent la p\u00e9rennit\u00e9 de votre infrastructure \u00e0 mesure que les charges de travail AI\/ML \u00e9voluent, permettant des mises \u00e0 niveau incr\u00e9mentielles sans remplacement de mat\u00e9riel.<br \/>\nLa conception modulaire s'adapte \u00e0 l'\u00e9volution des technologies de stockage et de r\u00e9seau (par exemple, Ethernet 400 Gbps, InfiniBand).<\/p>\n<p><strong>Fiabilit\u00e9 et disponibilit\u00e9<\/strong><br \/>\nLes syst\u00e8mes d'alimentation et de refroidissement redondants minimisent les points de d\u00e9faillance uniques, ce qui est id\u00e9al pour un fonctionnement 24 heures sur 24 et 7 jours sur 7 dans les centres de donn\u00e9es.<br \/>\nLa m\u00e9moire ECC et la gestion thermique robuste garantissent la pr\u00e9cision des donn\u00e9es et la stabilit\u00e9 \u00e0 long terme du mat\u00e9riel.<\/p>\n<p><strong>D\u00e9ploiement rentable :<\/strong><br \/>\nLa conception sans outil et les composants rempla\u00e7ables \u00e0 chaud r\u00e9duisent le temps de maintenance et les co\u00fbts de main-d'\u0153uvre.<br \/>\nLes blocs d'alimentation \u00e0 faible consommation d'\u00e9nergie et les flux d'air optimis\u00e9s r\u00e9duisent les co\u00fbts d'exploitation sans compromettre les performances.<\/p>\n<h3>Applications cibles<\/h3>\n<p>Laboratoires de formation\/recherche en IA<br \/>\nGrappes de calcul \u00e0 haute performance (HPC)<br \/>\nPlateformes d'analyse de donn\u00e9es d'entreprise et d'apprentissage automatique<br \/>\nInfrastructure d'informatique en nuage et d'IA p\u00e9riph\u00e9rique<br \/>\nMod\u00e9lisation financi\u00e8re, simulations scientifiques et traitement des donn\u00e9es massives (big data)<\/p>","protected":false},"excerpt":{"rendered":"<p><strong>Marque XTT<\/strong><\/p>\n<p><strong>Origine du produitChine<\/strong><\/p>\n<p><strong>D\u00e9lai de livraisonDans les 15 jours<\/strong><\/p>\n<p><strong>Capacit\u00e9 d'approvisionnement9999<\/strong><\/p>\n<p>Le serveur AI 4U est une solution de calcul de pointe con\u00e7ue pour la formation \u00e0 l'IA, l'apprentissage profond et les charges de travail de calcul \u00e0 haute performance (HPC). Prenant en charge 8 cartes GPU double largeur, 11 emplacements PCIe 5.0 et de la m\u00e9moire DDR5 de nouvelle g\u00e9n\u00e9ration, ce serveur offre une \u00e9volutivit\u00e9, une vitesse et une fiabilit\u00e9 in\u00e9gal\u00e9es. Con\u00e7u avec du mat\u00e9riel de qualit\u00e9 professionnelle et des fonctions conviviales, il permet aux centres de donn\u00e9es, aux laboratoires de recherche et aux entreprises de relever des d\u00e9fis informatiques complexes avec efficacit\u00e9.<\/p>","protected":false},"featured_media":729,"template":"","meta":[],"product_brand":[],"product_cat":[30],"product_tag":[47,48,49,50],"class_list":{"0":"post-290","1":"product","2":"type-product","3":"status-publish","4":"has-post-thumbnail","6":"product_cat-ai-server","7":"product_tag-4u-ai-server","8":"product_tag-4u-ai-server-factory","9":"product_tag-4u-ai-server-supplier","10":"product_tag-ai-server-with-8x-gpu","12":"first","13":"instock","14":"shipping-taxable","15":"product-type-simple"},"_links":{"self":[{"href":"https:\/\/sz-xtt.com\/fr\/wp-json\/wp\/v2\/product\/290","targetHints":{"allow":["GET"]}}],"collection":[{"href":"https:\/\/sz-xtt.com\/fr\/wp-json\/wp\/v2\/product"}],"about":[{"href":"https:\/\/sz-xtt.com\/fr\/wp-json\/wp\/v2\/types\/product"}],"wp:featuredmedia":[{"embeddable":true,"href":"https:\/\/sz-xtt.com\/fr\/wp-json\/wp\/v2\/media\/729"}],"wp:attachment":[{"href":"https:\/\/sz-xtt.com\/fr\/wp-json\/wp\/v2\/media?parent=290"}],"wp:term":[{"taxonomy":"product_brand","embeddable":true,"href":"https:\/\/sz-xtt.com\/fr\/wp-json\/wp\/v2\/product_brand?post=290"},{"taxonomy":"product_cat","embeddable":true,"href":"https:\/\/sz-xtt.com\/fr\/wp-json\/wp\/v2\/product_cat?post=290"},{"taxonomy":"product_tag","embeddable":true,"href":"https:\/\/sz-xtt.com\/fr\/wp-json\/wp\/v2\/product_tag?post=290"}],"curies":[{"name":"wp","href":"https:\/\/api.w.org\/{rel}","templated":true}]}}