{"id":296,"date":"2025-10-15T02:23:01","date_gmt":"2025-10-15T02:23:01","guid":{"rendered":"https:\/\/sz-xtt.com\/product\/ts555v2-storage-server\/"},"modified":"2025-10-16T11:45:57","modified_gmt":"2025-10-16T11:45:57","slug":"ts555v2-storage-server","status":"publish","type":"product","link":"https:\/\/sz-xtt.com\/fr\/product\/ts555v2-storage-server\/","title":{"rendered":"Serveur de stockage TS555V2"},"content":{"rendered":"<h3>Caract\u00e9ristiques du produit<\/h3>\n<p>Le XTT555V2 est un serveur enti\u00e8rement indig\u00e8ne et s\u00e9curis\u00e9, \u00e9quip\u00e9 de processeurs d'architecture X86 produits localement qui offrent d'excellentes performances et une large compatibilit\u00e9 avec les applications. Il prend en charge 1 \u00e0 2 processeurs Haiguang de la s\u00e9rie 2\/3, ce qui garantit des performances optimales pour les t\u00e2ches critiques. Avec une architecture X86 native, ce produit excelle en termes de performances et s'adapte facilement aux besoins de migration des entreprises dans divers sc\u00e9narios industriels. En outre, les modules mat\u00e9riels du serveur sont con\u00e7us de mani\u00e8re flexible, ce qui permet des configurations sur mesure en mati\u00e8re de calcul, de stockage et de r\u00e9seau, offrant ainsi des solutions personnalisables pour r\u00e9pondre aux besoins de l'utilisateur.<\/p>\n<p>Le serveur est \u00e9galement dot\u00e9 de capacit\u00e9s de gestion intelligente, prenant en charge plusieurs protocoles de gestion afin d'assurer une gestion intelligente et transparente du syst\u00e8me \u00e0 distance. Les principaux composants sont redondants et rempla\u00e7ables \u00e0 chaud, ce qui am\u00e9liore consid\u00e9rablement la stabilit\u00e9 du syst\u00e8me et l'efficacit\u00e9 de la maintenance.<\/p>\n<h3>Sp\u00e9cifications des produits<\/h3>\n<p>Processeur : Prend en charge 1 \u00e0 2 processeurs Haiguang Dhyana 7200\/7300\/5200\/5300, jusqu'\u00e0 32 c\u0153urs et 64 threads, avec un TDP allant jusqu'\u00e0 280 W.<\/p>\n<p>M\u00e9moire : Prend en charge 16 emplacements DIMM DDR4, DDR4 ECC RDIMMs\/LRDIMMs, avec des fr\u00e9quences allant jusqu'\u00e0 3200 MHz, et une capacit\u00e9 de m\u00e9moire maximale de 2 To.<\/p>\n<p>Stockage : Avant : 24 x 3.5 SAS\/SATA HDD\/SSD, Arri\u00e8re : 12 x 3.5 SAS\/SATA HDD\/SSD + 2 x 2.5 SAS\/SATA HDD\/SSD, Interne : 1 x M.2 SSD<\/p>\n<p>Emplacements d'extension : Prend en charge jusqu'\u00e0 6 emplacements PCIe 4.0 demi-hauteur<\/p>\n<p>Support GPU : Configurable avec jusqu'\u00e0 3 cartes GPU mi-hauteur, mi-longueur, id\u00e9al pour les applications d'inf\u00e9rence.<\/p>\n<p>Mise en r\u00e9seau : 2 ports d'entreprise RJ45 1GbE int\u00e9gr\u00e9s, avec options pour cartes r\u00e9seau 2x1GbE\/4x1GbE\/2x10GbE\/2x25GbE<\/p>\n<p>Alimentation : Prend en charge 1 \u00e0 2 modules d'alimentation CRPS, offrant une redondance 1+1, avec des options de puissance allant de 550W \u00e0 1300W.<\/p>\n<p>Dimensions : Montage en rack 4U, profondeur de 660 mm, poids de 55 kg pour une configuration compl\u00e8te.<\/p>\n<p>&nbsp;<\/p>\n<h3>Pourquoi nous choisir ?<\/h3>\n<p>Indig\u00e8ne et s\u00e9curis\u00e9 : Le XTT555V2 utilise des processeurs X86 et des microprogrammes produits localement, r\u00e9pondant ainsi aux exigences r\u00e9glementaires en mati\u00e8re d'informatique s\u00e9curis\u00e9e et autonome, ce qui est id\u00e9al pour les industries ayant des besoins de haute s\u00e9curit\u00e9, telles que le gouvernement, la finance et les t\u00e9l\u00e9communications.<\/p>\n<p>Performances sup\u00e9rieures et large compatibilit\u00e9 : Construit sur l'architecture native X86, avec l'extension PCIe 4.0, le syst\u00e8me am\u00e9liore consid\u00e9rablement les capacit\u00e9s d'extension et la compatibilit\u00e9 des applications de haut niveau, convenant aux applications critiques.<\/p>\n<p>Configuration flexible, solutions sur mesure : Prise en charge de la configuration flexible des modules de calcul, de stockage et de r\u00e9seau, permettant des extensions mat\u00e9rielles personnalis\u00e9es, r\u00e9pondant ainsi aux divers besoins des diff\u00e9rents secteurs d'activit\u00e9.<\/p>\n<p>Stable et fiable, gestion intelligente : Avec des composants cl\u00e9s redondants, des fonctions de gestion intelligente \u00e0 distance et des m\u00e9canismes complets de d\u00e9tection des pannes et d'alerte, le syst\u00e8me garantit une efficacit\u00e9 et une stabilit\u00e9 \u00e9lev\u00e9es.<\/p>","protected":false},"excerpt":{"rendered":"<p><strong>Marque XTT<\/strong><\/p>\n<p><strong>Origine du produit CHINE<\/strong><\/p>\n<p><strong>D\u00e9lai de livraisonDans les 15 jours<\/strong><\/p>\n<p><strong>Capacit\u00e9 d'approvisionnement9999<\/strong><\/p>\n<p>Le serveur 555V2 (anciennement TS655MSV2) est un serveur de stockage \u00e0 deux sockets mont\u00e9 en rack 4U en version standard, d\u00e9velopp\u00e9 \u00e0 l'aide des processeurs de deuxi\u00e8me g\u00e9n\u00e9ration de la s\u00e9rie \u201cDhyana\u201d de Zhongke Haiguang. Ce produit national \u00e0 architecture X86 assure un contr\u00f4le autonome et int\u00e8gre un processeur de s\u00e9curit\u00e9 d\u00e9di\u00e9, conforme aux normes cryptographiques nationales, y compris les algorithmes de cryptage et de d\u00e9cryptage et les protocoles d'authentification de s\u00e9curit\u00e9. Gr\u00e2ce \u00e0 son architecture native X86, il s'int\u00e8gre parfaitement dans l'\u00e9cosyst\u00e8me X86. Les performances globales du produit sont excellentes et comparables \u00e0 celles des puces courantes du march\u00e9.<\/p>","protected":false},"featured_media":766,"template":"","meta":[],"product_brand":[],"product_cat":[51],"product_tag":[52,64,54,63,59],"class_list":{"0":"post-296","1":"product","2":"type-product","3":"status-publish","4":"has-post-thumbnail","6":"product_cat-storage-server","7":"product_tag-4u-storage-server","8":"product_tag-high-storage-dedicated-server","9":"product_tag-hp-storage-server","10":"product_tag-rackmount-storage-server","11":"product_tag-server-storage-solutions","13":"first","14":"instock","15":"shipping-taxable","16":"product-type-simple"},"_links":{"self":[{"href":"https:\/\/sz-xtt.com\/fr\/wp-json\/wp\/v2\/product\/296","targetHints":{"allow":["GET"]}}],"collection":[{"href":"https:\/\/sz-xtt.com\/fr\/wp-json\/wp\/v2\/product"}],"about":[{"href":"https:\/\/sz-xtt.com\/fr\/wp-json\/wp\/v2\/types\/product"}],"wp:featuredmedia":[{"embeddable":true,"href":"https:\/\/sz-xtt.com\/fr\/wp-json\/wp\/v2\/media\/766"}],"wp:attachment":[{"href":"https:\/\/sz-xtt.com\/fr\/wp-json\/wp\/v2\/media?parent=296"}],"wp:term":[{"taxonomy":"product_brand","embeddable":true,"href":"https:\/\/sz-xtt.com\/fr\/wp-json\/wp\/v2\/product_brand?post=296"},{"taxonomy":"product_cat","embeddable":true,"href":"https:\/\/sz-xtt.com\/fr\/wp-json\/wp\/v2\/product_cat?post=296"},{"taxonomy":"product_tag","embeddable":true,"href":"https:\/\/sz-xtt.com\/fr\/wp-json\/wp\/v2\/product_tag?post=296"}],"curies":[{"name":"wp","href":"https:\/\/api.w.org\/{rel}","templated":true}]}}