{"id":300,"date":"2025-10-15T02:23:01","date_gmt":"2025-10-15T02:23:01","guid":{"rendered":"https:\/\/sz-xtt.com\/product\/tu629v3-universal-type-server\/"},"modified":"2025-10-16T14:27:21","modified_gmt":"2025-10-16T14:27:21","slug":"serveur-de-type-universel-tu629v3","status":"publish","type":"product","link":"https:\/\/sz-xtt.com\/fr\/product\/serveur-de-type-universel-tu629v3\/","title":{"rendered":"Serveur universel TU629V3"},"content":{"rendered":"<h3>Caract\u00e9ristiques du produit<\/h3>\n<p><strong>Des performances ultimes pour r\u00e9pondre aux besoins des applications critiques<\/strong><\/p>\n<p>Prise en charge du processeur : \u00c9quip\u00e9 de deux processeurs AMD EPYC ? 9004, chaque processeur peut prendre en charge jusqu'\u00e0 128 c\u0153urs physiques, doublant ainsi le nombre de c\u0153urs par rapport \u00e0 la g\u00e9n\u00e9ration pr\u00e9c\u00e9dente.<\/p>\n<p>Interconnexion : Utilise 4 liens xGMI (Extreme General Purpose Interconnect) pour tirer pleinement parti de la technologie de l'interconnexion.<\/p>\n<p>Performance de l'unit\u00e9 centrale.<\/p>\n<p>M\u00e9moire : Prend en charge jusqu'\u00e0 24 modules de m\u00e9moire DDR5 avec une fr\u00e9quence maximale de 4800MT\/s, offrant une bande passante et une capacit\u00e9 de m\u00e9moire exceptionnelles.<\/p>\n<p><strong>Une configuration flexible pour des besoins sur mesure<\/strong><\/p>\n<p>Modularit\u00e9 mat\u00e9rielle : La conception mat\u00e9rielle d\u00e9coupl\u00e9e permet une configuration flexible de l'informatique, du stockage et de la mise en r\u00e9seau afin de r\u00e9pondre aux diverses exigences des entreprises.<\/p>\n<p>Options de stockage : Prend en charge jusqu'\u00e0 24 disques U.2 NVMe, avec des configurations de stockage flexibles disponibles.<\/p>\n<p>Extension PCIe : Jusqu'\u00e0 10 emplacements d'extension PCIe standard.<\/p>\n<p>Extension du r\u00e9seau : Supporte OCP NIC 3.0 avec extension optionnelle pour 4 cartes r\u00e9seau 1GbE, 2 10Gb SFP+, 4 10Gb SFP+, ou 2 25Gb SFP28.<\/p>\n<p><strong>Stabilit\u00e9 et fiabilit\u00e9 gr\u00e2ce \u00e0 une gestion intelligente<\/strong><\/p>\n<p>Composants redondants : Les composants cl\u00e9s sont redondants et rempla\u00e7ables \u00e0 chaud, avec un assemblage sans outil pour am\u00e9liorer l'efficacit\u00e9 de la maintenance en cas de panne et la disponibilit\u00e9 du syst\u00e8me.<\/p>\n<p>Gestion int\u00e9gr\u00e9e : Comprend une puce de gestion intelligente offrant une plate-forme de gestion ouverte prenant en charge IPMI 2.0, Redfish, SNMP et divers protocoles de gestion.<\/p>\n<p>Gestion \u00e0 distance : Prend en charge le KVM \u00e0 distance, les supports virtuels, la surveillance de l'\u00e9tat des composants cl\u00e9s et les alertes d'anomalie, ce qui permet une gestion \u00e0 distance compl\u00e8te du syst\u00e8me.<\/p>\n<h3>Sp\u00e9cifications techniques<\/h3>\n<p>Facteur de forme : montage en rack 2U<\/p>\n<p>Processeur :<\/p>\n<p>Prise en charge de deux processeurs AMD EPYC ? 9004<\/p>\n<p>Chaque unit\u00e9 centrale prend en charge jusqu'\u00e0 128 c\u0153urs physiques<\/p>\n<p>Puissance maximale : 400W<\/p>\n<p>4 liens d'interconnexion xGMI<\/p>\n<p>M\u00e9moire :<\/p>\n<p>24 emplacements de m\u00e9moire DDR5<\/p>\n<p>Fr\u00e9quence maximale : 4800MT\/s<\/p>\n<p>Prise en charge des RDIMM\/3DS RDIMM<\/p>\n<p>Contr\u00f4leurs de stockage :<\/p>\n<p>Prise en charge optionnelle des cartes HBA et RAID 12Gb\/s SAS<\/p>\n<p>Stockage local :<\/p>\n<p>Avant : Jusqu'\u00e0 12 disques de 3,5 pouces ou 24 disques de 2,5 pouces<\/p>\n<p>Arri\u00e8re : Jusqu'\u00e0 4 disques durs de 2,5 pouces<\/p>\n<p>Interne : Prend en charge 2 x M.2 (2280\/22110, PCIe 3.0\u00d74)<\/p>\n<p>Jusqu'\u00e0 24 disques NVMe U.2<\/p>\n<p>Expansion PCIe :<\/p>\n<p>Jusqu'\u00e0 10 emplacements d'extension PCIe standard<\/p>\n<p>Prise en charge du GPU :<\/p>\n<p>Jusqu'\u00e0 2 GPU double largeur sur toute la hauteur et toute la longueur<\/p>\n<p>Jusqu'\u00e0 4 GPU pleine hauteur, pleine longueur et simple largeur<\/p>\n<p>Jusqu'\u00e0 8 GPU demi-hauteur, demi-longueur et simple largeur<\/p>\n<p>R\u00e9seau :<\/p>\n<p>1 x 1Gb RJ45 port de gestion d\u00e9di\u00e9<\/p>\n<p>Carte r\u00e9seau OCP 3.0 en option avec support NCSI, configurations disponibles : 4 1GbE, 2 10Gb SFP+, 4 10Gb SFP+, 2 25Gb SFP28 ou autres cartes conformes au standard<\/p>\n<p>Ports E\/S :<\/p>\n<p>Avant : 1 x VGA, 2 x USB 3.0<\/p>\n<p>Arri\u00e8re : 1 x VGA, 2 x USB 3.0, 1 x RJ45 port de gestion, 1 x COM<\/p>\n<p>Fonctions de gestion :<\/p>\n<p>Puce de gestion BMC int\u00e9gr\u00e9e AST2600<\/p>\n<p>Prend en charge IPMI 2.0, Redfish, SOL, KVM, m\u00e9dias virtuels<\/p>\n<p>Caract\u00e9ristiques de s\u00e9curit\u00e9 :<\/p>\n<p>Module de s\u00e9curit\u00e9 TPM en option<\/p>\n<p>D\u00e9tection d'intrusion dans le ch\u00e2ssis (en option)<\/p>\n<p>Couvercle sup\u00e9rieur du ch\u00e2ssis verrouillable (sans outil)<\/p>\n<p>Redondance double flash BMC<\/p>\n<p>Alimentation \u00e9lectrique :<\/p>\n<p>Configurable avec 2 modules de puissance<\/p>\n<p>Prise en charge de la redondance 1+1 et de l'\u00e9change \u00e0 chaud<\/p>\n<p>Alimentations platine \u00e0 haut rendement en option : 800W, 1300W, 1600W, 2000W, 2400W<\/p>\n<p>Options d'entr\u00e9e : 220V AC \/ 240V DC<\/p>\n<p>Refroidissement :<\/p>\n<p>4 ventilateurs rempla\u00e7ables \u00e0 chaud<\/p>\n<p>Supporte la redondance N+1<\/p>\n<p>Ajustement intelligent de la vitesse et alertes en cas d'anomalie<\/p>\n<p>Dimensions :<\/p>\n<p>Largeur : 448 mm<\/p>\n<p>Hauteur : 87 mm<\/p>\n<p>Profondeur : 763 mm (783 mm avec les oreilles)<\/p>\n<p>Temp\u00e9rature :<\/p>\n<p>Fonctionnement : 5oC - 35oC (sans lumi\u00e8re directe du soleil)<\/p>\n<p>Stockage : -40oC - 65oC<\/p>\n<p>Humidit\u00e9 :<\/p>\n<p>Humidit\u00e9 relative en fonctionnement : 8% \u00e0 90% (sans condensation)<\/p>\n<p>Humidit\u00e9 relative de stockage : 5% \u00e0 95% (sans condensation)<\/p>\n<p>Prise en charge des syst\u00e8mes d'exploitation :<\/p>\n<p>Serveur Microsoft Windows<\/p>\n<p>Red Hat Enterprise Linux<\/p>\n<p>SUSE Linux Enterprise Server<\/p>\n<p>Ubuntu<\/p>\n<p>Oracle Linux<\/p>\n<p>VMware ESXi<\/p>\n<p>Citrix XenServer<\/p>\n<h3>Pourquoi nous choisir ?<\/h3>\n<p>Des performances de pointe<\/p>\n<p>Puissance de traitement avanc\u00e9e : Les deux processeurs AMD EPYC ? 9004 offrent un nombre de c\u0153urs et des vitesses d'interconnexion sans pr\u00e9c\u00e9dent, ce qui permet d'obtenir des performances sup\u00e9rieures pour les applications exigeantes.<\/p>\n<p>Configuration polyvalente et flexible<\/p>\n<p>Conception modulaire : La conception mat\u00e9rielle d\u00e9coupl\u00e9e permet une configuration flexible pour r\u00e9pondre \u00e0 divers besoins, y compris des options \u00e9tendues de stockage et d'extension du r\u00e9seau.<\/p>\n<p>Grande capacit\u00e9 de stockage et d'extension<\/p>\n<p>Stockage massif : Accueille jusqu'\u00e0 24 disques NVMe U.2 et prend en charge diverses options d'extension PCIe, ce qui en fait la solution id\u00e9ale pour le stockage de donn\u00e9es \u00e0 grande \u00e9chelle et les applications hautes performances.<\/p>\n<p>Une gestion fiable et intelligente<\/p>\n<p>Fiabilit\u00e9 accrue : Des composants redondants et rempla\u00e7ables \u00e0 chaud, ainsi que des capacit\u00e9s compl\u00e8tes de gestion \u00e0 distance, garantissent une haute disponibilit\u00e9 et une maintenance efficace.<\/p>","protected":false},"excerpt":{"rendered":"<p><strong>Marque AMD<\/strong><\/p>\n<p><strong>Origine du produit CHINE<\/strong><\/p>\n<p><strong>D\u00e9lai de livraisonDans les 15 jours<\/strong><\/p>\n<p><strong>Capacit\u00e9 d'approvisionnement9999<\/strong><\/p>\n<p>629V3 est un serveur polyvalent 2U bi-processeur, \u00e9quip\u00e9 des derniers processeurs AMD EPYC ? 9004. Ce produit pr\u00e9sente une conception modulaire qui permet une configuration flexible en fonction des besoins de l'entreprise. Il offre des performances informatiques exceptionnelles et des capacit\u00e9s d'extension \u00e9tendues, tout en garantissant un excellent rapport co\u00fbt-efficacit\u00e9 et une grande efficacit\u00e9 \u00e9nerg\u00e9tique. Il convient aux applications telles que l'informatique en nuage, la virtualisation, le calcul \u00e0 haute performance et l'intelligence artificielle.<\/p>","protected":false},"featured_media":897,"template":"","meta":[],"product_brand":[],"product_cat":[65],"product_tag":[69,66,67,68,70],"class_list":{"0":"post-300","1":"product","2":"type-product","3":"status-publish","4":"has-post-thumbnail","6":"product_cat-universal-type-server","7":"product_tag-amd-dedicated-server","8":"product_tag-amd-universal-type-server","9":"product_tag-low-power-computer-server","10":"product_tag-server-rack","11":"product_tag-server-wholesaler","13":"first","14":"instock","15":"shipping-taxable","16":"product-type-simple"},"_links":{"self":[{"href":"https:\/\/sz-xtt.com\/fr\/wp-json\/wp\/v2\/product\/300","targetHints":{"allow":["GET"]}}],"collection":[{"href":"https:\/\/sz-xtt.com\/fr\/wp-json\/wp\/v2\/product"}],"about":[{"href":"https:\/\/sz-xtt.com\/fr\/wp-json\/wp\/v2\/types\/product"}],"wp:featuredmedia":[{"embeddable":true,"href":"https:\/\/sz-xtt.com\/fr\/wp-json\/wp\/v2\/media\/897"}],"wp:attachment":[{"href":"https:\/\/sz-xtt.com\/fr\/wp-json\/wp\/v2\/media?parent=300"}],"wp:term":[{"taxonomy":"product_brand","embeddable":true,"href":"https:\/\/sz-xtt.com\/fr\/wp-json\/wp\/v2\/product_brand?post=300"},{"taxonomy":"product_cat","embeddable":true,"href":"https:\/\/sz-xtt.com\/fr\/wp-json\/wp\/v2\/product_cat?post=300"},{"taxonomy":"product_tag","embeddable":true,"href":"https:\/\/sz-xtt.com\/fr\/wp-json\/wp\/v2\/product_tag?post=300"}],"curies":[{"name":"wp","href":"https:\/\/api.w.org\/{rel}","templated":true}]}}