{"id":302,"date":"2025-10-15T02:23:01","date_gmt":"2025-10-15T02:23:01","guid":{"rendered":"https:\/\/sz-xtt.com\/product\/tu628v3-universal-type-server\/"},"modified":"2025-10-16T14:32:28","modified_gmt":"2025-10-16T14:32:28","slug":"tu628v3-universal-type-server","status":"publish","type":"product","link":"https:\/\/sz-xtt.com\/fr\/product\/tu628v3-universal-type-server\/","title":{"rendered":"Serveur universel TU628V3"},"content":{"rendered":"<h3>Caract\u00e9ristiques du produit<\/h3>\n<p><strong>Exceptional Performance for Demanding Applications<\/strong><\/p>\n<p>Processor Support: Compatible with the 4th or 5th generation Intel? Xeon? Scalable processors, featuring the latest microarchitecture. Supports up to 385W processors, delivering exceptional computing power.<\/p>\n<p>Memory: Equipped with 32 DDR5 memory slots, supporting frequencies up to 5600MHz. The increased memory bandwidth enhances performance by 75%.<\/p>\n<p>PCIe 5.0: Supports PCIe 5.0, doubling the bandwidth compared to previous generations and significantly improving system expansion capabilities.<\/p>\n<p><strong>Flexible Configuration to Meet Your Needs<\/strong><\/p>\n<p>Modular Design: Features a decoupled hardware design, allowing flexible configuration for computing, storage, and networking to accommodate various business requirements.<\/p>\n<p>Storage Options: Supports up to 24 U.2 NVMe SSDs with flexible configurations for 3.5 or 2.5 hard drives.<\/p>\n<p>PCIe Expansion: Offers up to 10 standard PCIe expansion slots, supporting both PCIe 5.0 and PCIe 4.0.<\/p>\n<p>Network Expansion: Includes an OCP NIC 3.0 slot with options for 4 1GbE, 2 10Gb SFP+, 4 10Gb SFP+, or 2 25Gb SFP28 network cards.<\/p>\n<p><strong>Stabilit\u00e9 et fiabilit\u00e9 gr\u00e2ce \u00e0 une gestion intelligente<\/strong><\/p>\n<p>Redundant and Hot-Swappable Components: All critical components are designed with redundancy and hot-swappability, enhancing fault maintenance efficiency and system reliability.<\/p>\n<p>Integrated Management: Features an intelligent management chip supporting IPMI 2.0, Redfish, SNMP, and other management protocols.<\/p>\n<p>Remote Management: Provides comprehensive remote management capabilities including KVM, virtual media, key component status monitoring, and anomaly alerts.<\/p>\n<h3>Sp\u00e9cifications techniques<\/h3>\n<p>Model: XTT628V3<\/p>\n<p>Processeur :<\/p>\n<p>Supports 1 or 2 4th or 5th generation Intel? Xeon? Scalable processors<\/p>\n<p>Maximum power consumption: 385W<\/p>\n<p>Chipset: Intel C741<\/p>\n<p>M\u00e9moire :<\/p>\n<p>32 DDR5 memory slots across 16 channels<\/p>\n<p>Memory types: RDIMM, 3DS RDIMM<\/p>\n<p>Maximum capacity: 8TB<\/p>\n<p>Frequency: Up to 5600MHz<\/p>\n<p>Contr\u00f4leurs de stockage :<\/p>\n<p>Contr\u00f4leur SATA 6Gb\/s int\u00e9gr\u00e9<\/p>\n<p>Contr\u00f4leurs HBA et RAID 12Gb\/s SAS en option<\/p>\n<p>Stockage local :<\/p>\n<p>Front: Up to 12 x 3.5-inch or 25 x 2.5-inch drives<\/p>\n<p>Rear: Up to 4 x 3.5-inch + 2 x 2.5-inch or 2 x 3.5-inch + 4 x 2.5-inch drives<\/p>\n<p>Internal: 2 x M.2 (2280\/22110, PCIe 4.0 x4)<\/p>\n<p>Maximum: 24 x U.2 NVMe SSDs<\/p>\n<p>Expansion PCIe :<\/p>\n<p>Jusqu'\u00e0 10 emplacements d'extension PCIe standard<\/p>\n<p>Prise en charge du GPU :<\/p>\n<p>Up to 3 double-width GPUs<\/p>\n<p>Up to 6 single-width GPUs<\/p>\n<p>R\u00e9seau :<\/p>\n<p>1 x 1GbE RJ45 for IPMI<\/p>\n<p>Optional OCP NIC 3.0 slot: 4 1GbE, 2 10GbE, 4 10GbE, or 2 25GbE<\/p>\n<p>Gestion :<\/p>\n<p>Integrated BMC management chip<\/p>\n<p>Prend en charge IPMI 2.0, Redfish, SOL, KVM, m\u00e9dias virtuels<\/p>\n<p>Module de gestion LCD en option<\/p>\n<p>Caract\u00e9ristiques de s\u00e9curit\u00e9 :<\/p>\n<p>Module de s\u00e9curit\u00e9 TPM\/TCM en option<\/p>\n<p>D\u00e9tection d'intrusion dans le ch\u00e2ssis<\/p>\n<p>Couvercle sup\u00e9rieur du ch\u00e2ssis verrouillable<\/p>\n<p>Alimentation \u00e9lectrique :<\/p>\n<p>Supports 2 power modules with 1+1 redundancy and hot-swappable capability<\/p>\n<p>Options d'entr\u00e9e : 220V AC, 240V DC, 336V DC, -48V DC<\/p>\n<p>Optional power ratings: 800W, 1300W, 1600W, 2000W (Platinum efficiency)<\/p>\n<p>Ports :<\/p>\n<p>Front: 1 x VGA, 2 x USB 3.0, 1 x LCD Mini USB<\/p>\n<p>Rear: 1 x VGA, 2 x USB 3.0, 1 x RJ45 management port, 1 x COM port<\/p>\n<p>Dimensions :<\/p>\n<p>Rackmount 2U, Width: 448mm x Height: 87mm x Depth: 763mm (783mm including ears)<\/p>\n<p>Temp\u00e9rature :<\/p>\n<p>Fonctionnement : 5oC - 35oC (sans lumi\u00e8re directe du soleil)<\/p>\n<p>Stockage : -40oC - 65oC<\/p>\n<p>Humidit\u00e9 :<\/p>\n<p>Operating: 8% &#8211; 90% (non-condensing)<\/p>\n<p>Stockage : 5% - 95% (sans condensation)<\/p>\n<p>Prise en charge des syst\u00e8mes d'exploitation :<\/p>\n<p>Serveur Microsoft Windows<\/p>\n<p>Microsoft Hyper-V Server<\/p>\n<p>Red Hat Enterprise Linux<\/p>\n<p>SUSE Linux Enterprise Server<\/p>\n<p>CentOS<\/p>\n<p>Ubuntu<\/p>\n<p>Oracle Linux<\/p>\n<p>VMware ESXi<\/p>\n<p>Citrix XenServer<\/p>\n<h3>Pourquoi nous choisir ?<\/h3>\n<p>Des performances de pointe<\/p>\n<p>Advanced Processing: Harness the power of the latest 4th or 5th generation Intel? Xeon? Scalable processors for superior performance in demanding applications.<\/p>\n<p>Enhanced Flexibility<\/p>\n<p>Modular Design: Tailor the server configuration to meet specific business needs with flexible storage, expansion, and networking options.<\/p>\n<p>Energy Efficiency and Reliability<\/p>\n<p>Efficient Cooling: Superior energy efficiency with customizable cooling options and reliable operation with redundant, hot-swappable components.<\/p>\n<p>Comprehensive Management<\/p>\n<p>Intelligent Management: Integrated management features for remote monitoring and control, ensuring effective system oversight and maintenance.<\/p>","protected":false},"excerpt":{"rendered":"<p><strong>Marque Intel<\/strong><\/p>\n<p><strong>Origine du produit CHINE<\/strong><\/p>\n<p><strong>D\u00e9lai de livraisonDans les 15 jours<\/strong><\/p>\n<p><strong>Capacit\u00e9 d'approvisionnement9999<\/strong><\/p>\n<p>628V3 is a high-end, versatile general-purpose server based on Intel s latest server platform, achieving comprehensive advancements in computing, storage, and networking. It features a modular design that supports a wide range of specifications and powerful expansion capabilities, allowing for flexible configuration according to business needs. This server is well-suited for applications such as virtualization, cloud computing, databases, and artificial intelligence.<\/p>","protected":false},"featured_media":908,"template":"","meta":[],"product_brand":[],"product_cat":[65],"product_tag":[73,75,76,74,77],"class_list":{"0":"post-302","1":"product","2":"type-product","3":"status-publish","4":"has-post-thumbnail","6":"product_cat-universal-type-server","7":"product_tag-intel-egs-universal-type-server","8":"product_tag-intel-n100-plex-server","9":"product_tag-intel-nuc-server","10":"product_tag-intel-universal-type-server","11":"product_tag-server-company","13":"first","14":"instock","15":"shipping-taxable","16":"product-type-simple"},"_links":{"self":[{"href":"https:\/\/sz-xtt.com\/fr\/wp-json\/wp\/v2\/product\/302","targetHints":{"allow":["GET"]}}],"collection":[{"href":"https:\/\/sz-xtt.com\/fr\/wp-json\/wp\/v2\/product"}],"about":[{"href":"https:\/\/sz-xtt.com\/fr\/wp-json\/wp\/v2\/types\/product"}],"wp:featuredmedia":[{"embeddable":true,"href":"https:\/\/sz-xtt.com\/fr\/wp-json\/wp\/v2\/media\/908"}],"wp:attachment":[{"href":"https:\/\/sz-xtt.com\/fr\/wp-json\/wp\/v2\/media?parent=302"}],"wp:term":[{"taxonomy":"product_brand","embeddable":true,"href":"https:\/\/sz-xtt.com\/fr\/wp-json\/wp\/v2\/product_brand?post=302"},{"taxonomy":"product_cat","embeddable":true,"href":"https:\/\/sz-xtt.com\/fr\/wp-json\/wp\/v2\/product_cat?post=302"},{"taxonomy":"product_tag","embeddable":true,"href":"https:\/\/sz-xtt.com\/fr\/wp-json\/wp\/v2\/product_tag?post=302"}],"curies":[{"name":"wp","href":"https:\/\/api.w.org\/{rel}","templated":true}]}}