{"id":303,"date":"2025-10-15T02:23:01","date_gmt":"2025-10-15T02:23:01","guid":{"rendered":"https:\/\/sz-xtt.com\/product\/tu528v3-universal-type-server\/"},"modified":"2025-10-16T14:35:38","modified_gmt":"2025-10-16T14:35:38","slug":"tu528v3-universal-type-server","status":"publish","type":"product","link":"https:\/\/sz-xtt.com\/fr\/product\/tu528v3-universal-type-server\/","title":{"rendered":"Serveur universel TU528V3"},"content":{"rendered":"<h3>Caract\u00e9ristiques du produit<\/h3>\n<p>&nbsp;<\/p>\n<p>Processor Support: Equipped with 2 fourth or fifth-generation Intel? Xeon? Scalable processors, supporting up to 385W TDP, offering powerful computational performance.<\/p>\n<p>Memory: Supports 16 DDR5 memory slots with up to 5600MHz frequency, boosting memory bandwidth by 75%.<\/p>\n<p>E-ATX Design: Built on the E-ATX standard board, balancing performance and cost-effectiveness to meet mainstream workload demands with excellent value.<\/p>\n<p><strong>Flexible Configuration and Superior Expansion<\/strong><\/p>\n<p>Storage Options: Flexible storage module choices, compatible with 3.5&#8243; and 2.5&#8243; drives, with support for NVMe, SAS, and SATA configurations.<\/p>\n<p>NVMe Support: Accommodates up to 6 U.2 NVMe SSDs, ensuring it meets the needs of mainstream applications.<\/p>\n<p>PCIe Expansion: Offers up to 6 standard PCIe 5.0 expansion slots, ensuring excellent expandability for future upgrades.<\/p>\n<p><strong>Stabilit\u00e9 et fiabilit\u00e9 gr\u00e2ce \u00e0 une gestion intelligente<\/strong><\/p>\n<p>Redundancy and Hot-Swappability: All key system components are designed with redundancy and hot-swap capabilities, and tool-less design enables efficient fault maintenance and higher system availability.<\/p>\n<p>Smart Management: Integrated management chip supports multiple protocols, including IPMI 2.0, Redfish, and SNMP, providing an open management platform.<\/p>\n<p>Remote Management: Supports remote KVM, virtual media, key component status monitoring, and abnormal alerting, offering comprehensive system-wide intelligent management.<\/p>\n<h3>Sp\u00e9cifications techniques<\/h3>\n<p>Form Factor: 2U standard rackmount<\/p>\n<p>Processeur :<\/p>\n<p>Supports 1 or 2 fourth or fifth-generation Intel\u00a0 Xeon Scalable processors<\/p>\n<p>Maximum TDP: 385W<\/p>\n<p>Chipset: Intel C741<\/p>\n<p>M\u00e9moire :<\/p>\n<p>16 DDR5 memory slots (1DPC)<\/p>\n<p>Maximum frequency: 5600MHz<\/p>\n<p>Memory types: RDIMM, 3DS RDIMM<\/p>\n<p>Maximum capacity: 4TB<\/p>\n<p>Contr\u00f4leurs de stockage :<\/p>\n<p>Contr\u00f4leur SATA 6Gb\/s int\u00e9gr\u00e9<\/p>\n<p>Contr\u00f4leurs HBA et RAID 12Gb\/s SAS en option<\/p>\n<p>Stockage local :<\/p>\n<p>Front: Supports up to 12 x 3.5-inch drives, with an 8 x 3.5-inch option<\/p>\n<p>Rear: Supports 2 x 2.5-inch drives<\/p>\n<p>Internal: 2 x M.2 (PCIe 4.0 x4, 2280 &amp; 22110)<\/p>\n<p>Maximum: 6 x U.2 NVMe SSDs<\/p>\n<p>Expansion PCIe :<\/p>\n<p>Supports 6 standard expansion slots (4 x16 and 2 x8)<\/p>\n<p>R\u00e9seau :<\/p>\n<p>1 x 1Gb RJ45 port de gestion d\u00e9di\u00e9<\/p>\n<p>2 x 1Gb RJ45 data ports with NCSI support<\/p>\n<p>Ports :<\/p>\n<p>Avant : 1 x VGA, 2 x USB 3.0<\/p>\n<p>Rear: 1 x VGA, 4 x USB 3.0, 1 x RJ45 management port, 1 x COM port, 2 x 1Gb RJ45 data ports<\/p>\n<p>Management Features:<\/p>\n<p>Integrated BMC management chip (AST2600)<\/p>\n<p>Prend en charge IPMI 2.0, Redfish, SOL, KVM, m\u00e9dias virtuels<\/p>\n<p>Caract\u00e9ristiques de s\u00e9curit\u00e9 :<\/p>\n<p>Module de s\u00e9curit\u00e9 TPM\/TCM en option<\/p>\n<p>D\u00e9tection d'intrusion dans le ch\u00e2ssis<\/p>\n<p>Couvercle sup\u00e9rieur du ch\u00e2ssis verrouillable<\/p>\n<p>Alimentation \u00e9lectrique :<\/p>\n<p>Configurable with 2 power modules (1+1 redundancy, hot-swappable)<\/p>\n<p>Input options: 220V AC, 240V DC<\/p>\n<p>Power ratings: 800W or 1300W Platinum efficiency<\/p>\n<p>Cooling System:<\/p>\n<p>Supports 4 hot-swappable fan modules with N+1 redundancy<\/p>\n<p>Intelligent fan speed control and abnormal alarm capabilities<\/p>\n<p>Chassis Dimensions:<\/p>\n<p>Width: 448mm x Height: 87mm x Depth: 660mm (680mm including ears)<\/p>\n<p>Temperature Range:<\/p>\n<p>Operating temperature: 5oC &#8211; 35oC (without direct sunlight)<\/p>\n<p>Storage temperature: -40oC &#8211; 65oC<\/p>\n<p>Humidity Range:<\/p>\n<p>Operating: 8% to 90% (non-condensing)<\/p>\n<p>Stockage : 5% \u00e0 95% (sans condensation)<\/p>\n<p>Prise en charge des syst\u00e8mes d'exploitation :<\/p>\n<p>Serveur Microsoft Windows<\/p>\n<p>Microsoft Hyper-V Server<\/p>\n<p>Red Hat Enterprise Linux<\/p>\n<p>SUSE Linux Enterprise Server<\/p>\n<p>CentOS<\/p>\n<p>Ubuntu<\/p>\n<p>Oracle Linux<\/p>\n<p>VMware ESXi<\/p>\n<p>Citrix XenServer<\/p>\n<h3>Pourquoi nous choisir ?<\/h3>\n<p>Cost-Effective Performance<\/p>\n<p>Balanced Design: Combines powerful processing capabilities and cost-effective configuration, making it ideal for a wide range of mainstream applications.<\/p>\n<p>Future-Proof Expansion<\/p>\n<p>Scalability: Provides flexible storage and expansion options, including PCIe 5.0 slots, ensuring the server can evolve with your business needs.<\/p>\n<p>Reliable Operation and Advanced Management<\/p>\n<p>Built for Reliability: Redundant power supplies, hot-swappable fans, and robust system components ensure stable operation and ease of maintenance.<\/p>\n<p>Smart Monitoring: Comprehensive remote management features allow seamless system oversight, minimizing downtime and optimizing performance.<\/p>\n<p>Experience exceptional performance, scalability, and reliability with this server, perfectly designed to offer top-notch functionality at a highly competitive price.<\/p>","protected":false},"excerpt":{"rendered":"<p><strong>Marque Intel<\/strong><\/p>\n<p><strong>Origine du produit USA<\/strong><\/p>\n<p><strong>D\u00e9lai de livraisonDans les 15 jours<\/strong><\/p>\n<p><strong>Capacit\u00e9 d'approvisionnement9999<\/strong><\/p>\n<p>XTT528V3 is a versatile 2U dual-socket general-purpose server, based on the 4th or 5th generation Intel? Xeon? Scalable processors. The motherboard follows the E-ATX standard form factor, offering exceptional computing performance and outstanding cost-efficiency. This server is ideal for applications such as cloud computing, virtualization, distributed storage, and hyper-converged infrastructure.<\/p>","protected":false},"featured_media":915,"template":"","meta":[],"product_brand":[],"product_cat":[65],"product_tag":[73,75,76,74,77],"class_list":{"0":"post-303","1":"product","2":"type-product","3":"status-publish","4":"has-post-thumbnail","6":"product_cat-universal-type-server","7":"product_tag-intel-egs-universal-type-server","8":"product_tag-intel-n100-plex-server","9":"product_tag-intel-nuc-server","10":"product_tag-intel-universal-type-server","11":"product_tag-server-company","13":"first","14":"instock","15":"shipping-taxable","16":"product-type-simple"},"_links":{"self":[{"href":"https:\/\/sz-xtt.com\/fr\/wp-json\/wp\/v2\/product\/303","targetHints":{"allow":["GET"]}}],"collection":[{"href":"https:\/\/sz-xtt.com\/fr\/wp-json\/wp\/v2\/product"}],"about":[{"href":"https:\/\/sz-xtt.com\/fr\/wp-json\/wp\/v2\/types\/product"}],"wp:featuredmedia":[{"embeddable":true,"href":"https:\/\/sz-xtt.com\/fr\/wp-json\/wp\/v2\/media\/915"}],"wp:attachment":[{"href":"https:\/\/sz-xtt.com\/fr\/wp-json\/wp\/v2\/media?parent=303"}],"wp:term":[{"taxonomy":"product_brand","embeddable":true,"href":"https:\/\/sz-xtt.com\/fr\/wp-json\/wp\/v2\/product_brand?post=303"},{"taxonomy":"product_cat","embeddable":true,"href":"https:\/\/sz-xtt.com\/fr\/wp-json\/wp\/v2\/product_cat?post=303"},{"taxonomy":"product_tag","embeddable":true,"href":"https:\/\/sz-xtt.com\/fr\/wp-json\/wp\/v2\/product_tag?post=303"}],"curies":[{"name":"wp","href":"https:\/\/api.w.org\/{rel}","templated":true}]}}