{"id":311,"date":"2025-10-15T02:23:04","date_gmt":"2025-10-15T02:23:04","guid":{"rendered":"https:\/\/sz-xtt.com\/product\/tc857-universal-type-server\/"},"modified":"2025-10-16T14:06:27","modified_gmt":"2025-10-16T14:06:27","slug":"tc857-universal-type-server","status":"publish","type":"product","link":"https:\/\/sz-xtt.com\/fr\/product\/tc857-universal-type-server\/","title":{"rendered":"Serveur universel TC857"},"content":{"rendered":"<h3>Pourquoi nous choisir ?<\/h3>\n<p><strong>Performance domestique sup\u00e9rieure<\/strong><\/p>\n<p>Architecture ARM \u00e0 haut rendement : Aliment\u00e9 par quatre processeurs Tengyun S2500 d'architecture ARMv8.0, chacun avec 64 c\u0153urs FTC-663. Construit avec la technologie 16nm, fonctionnant \u00e0 2,1 GHz avec une faible consommation d'\u00e9nergie de 150 W, il offre des performances exceptionnelles.<\/p>\n<p>Capacit\u00e9 de m\u00e9moire massive : \u00c9quip\u00e9 de 32 contr\u00f4leurs de m\u00e9moire DDR4 prenant en charge jusqu'\u00e0 3200 MHz, il offre une capacit\u00e9 de m\u00e9moire maximale de 4 To, ce qui permet de g\u00e9rer facilement des charges de travail complexes telles que les syst\u00e8mes ERP, les bases de donn\u00e9es hautes performances, la virtualisation et l'analyse des donn\u00e9es volumineuses.<\/p>\n<p><strong>\u00c9volutivit\u00e9 souple<\/strong><\/p>\n<p>Options de stockage \u00e9tendues : Prend en charge jusqu'\u00e0 24 disques 3,5 rempla\u00e7ables \u00e0 chaud ou 50 disques 2,5 rempla\u00e7ables \u00e0 chaud, ainsi que 2 disques SSD M.2 internes, offrant ainsi des configurations de stockage hautement personnalisables.<\/p>\n<p>Flexibilit\u00e9 de l'extension PCIe : Offre jusqu'\u00e0 11 emplacements PCIe 3.0, prenant en charge 7 p\u00e9riph\u00e9riques PCIe pleine hauteur et demi-longueur, y compris 4 GPU (2 pleine longueur pleine hauteur et 2 demi-longueur pleine hauteur), offrant des solutions \u00e9volutives adapt\u00e9es aux besoins sp\u00e9cifiques de l'entreprise.<\/p>\n<p><strong>S\u00e9curit\u00e9 de l'information et contr\u00f4le total<\/strong><\/p>\n<p>Architecture ARM V8 certifi\u00e9e au niveau national : La premi\u00e8re architecture ARM V8 nationale autoris\u00e9e de mani\u00e8re permanente, offrant un contr\u00f4le total sur l'architecture du syst\u00e8me et la conception de la plate-forme.<\/p>\n<p>Fonctionnalit\u00e9s de s\u00e9curit\u00e9 avanc\u00e9es : Le serveur prend en charge l'architecture de plate-forme de s\u00e9curit\u00e9 Feiteng (PSPA) et la technologie ARM Trustzone, garantissant un chiffrement acc\u00e9l\u00e9r\u00e9 au niveau mat\u00e9riel pour les algorithmes cryptographiques SM2, SM3 et SM4. Il comprend \u00e9galement des fonctions telles que le cryptage de la m\u00e9moire et le stockage non volatile s\u00e9curis\u00e9 sur la puce.<\/p>\n<p><strong>Soutien robuste \u00e0 l'\u00e9cosyst\u00e8me<\/strong><\/p>\n<p>Int\u00e9gration d'un vaste \u00e9cosyst\u00e8me : Soutenu par plus de 600 fournisseurs nationaux de logiciels et de mat\u00e9riel, cet \u00e9cosyst\u00e8me complet prend en charge plus de 1 000 types de logiciels, notamment des syst\u00e8mes d'exploitation, des bases de donn\u00e9es, des logiciels interm\u00e9diaires, des plateformes en nuage, des logiciels de bureautique et des applications sp\u00e9cifiques \u00e0 un secteur d'activit\u00e9.<\/p>\n<p>Prise en charge \u00e9tendue de la virtualisation et du cloud : La prise en charge de la virtualisation au niveau du mat\u00e9riel, de la conteneurisation, des syst\u00e8mes de fichiers distribu\u00e9s, des plateformes de gestion du cloud et des frameworks big data en fait une solution id\u00e9ale pour les environnements informatiques modernes.<\/p>\n<p>&nbsp;<\/p>\n<h3>Sp\u00e9cifications techniques<\/h3>\n<p>Mod\u00e8le : XTT857<\/p>\n<p>Processeur :<\/p>\n<p>Quatre processeurs Tengyun S2500 embarqu\u00e9s, chacun avec 64 c\u0153urs<\/p>\n<p>Fr\u00e9quence : 2,1 GHz<\/p>\n<p>Consommation \u00e9lectrique : 150W par processeur<\/p>\n<p>M\u00e9moire :<\/p>\n<p>32 canaux de m\u00e9moire, 32 emplacements de m\u00e9moire DDR4<\/p>\n<p>Prise en charge des ECC RDIMM\/UDIMM\/LR-DIMM<\/p>\n<p>Fr\u00e9quence de la m\u00e9moire : 1866\/2133\/2400\/2666\/2933\/3200 MHz<\/p>\n<p>Capacit\u00e9 de m\u00e9moire maximale : 4,0 To<\/p>\n<p>Contr\u00f4leur de stockage :<\/p>\n<p>Contr\u00f4leur SATA 6Gb\/s int\u00e9gr\u00e9<\/p>\n<p>Support optionnel pour HBA SAS 12Gb\/s<\/p>\n<p>Stockage :<\/p>\n<p>Prend en charge jusqu'\u00e0 24 disques 3,5\u2033 rempla\u00e7ables \u00e0 chaud ou 50 disques 2,5\u2033 rempla\u00e7ables \u00e0 chaud.<\/p>\n<p>Expansion PCIe :<\/p>\n<p>7 emplacements verticaux \u00e0 l'arri\u00e8re : 2 x PCIe x16, 4 x PCIe x8, 1 x PCIe x8 non standard<\/p>\n<p>4 emplacements horizontaux \u00e0 l'arri\u00e8re : 4 x PCIe x8 ou 2 x PCIe x16<\/p>\n<p>Prend en charge jusqu'\u00e0 4 cartes GPU (2 cartes pleine longueur pleine hauteur et 2 cartes pleine longueur demi-longueur)<\/p>\n<p>Maximum de 11 emplacements PCIe 3.0 :<\/p>\n<p>Mise en r\u00e9seau :<\/p>\n<p>Port de gestion int\u00e9gr\u00e9 1 x 1GbE<\/p>\n<p>Configurations de cartes r\u00e9seau en option : 2 x 1GbE, 4 x 1GbE, 2 x 10GbE, 4 x 10GbE et diverses cartes r\u00e9seau PCIe<\/p>\n<p>Gestion :<\/p>\n<p>Module de gestion iBMC int\u00e9gr\u00e9 prenant en charge IPMI, SOL, KVM sur IP<\/p>\n<p>Collecte des journaux syst\u00e8me, diagnostic des d\u00e9faillances et port de gestion RJ45 \u00e0 1 Gbps (support NCSI)<\/p>\n<p>La s\u00e9curit\u00e9 :<\/p>\n<p>D\u00e9tection d'intrusion dans le ch\u00e2ssis<\/p>\n<p>Couvercle sup\u00e9rieur du ch\u00e2ssis verrouillable<\/p>\n<p>Alimentation \u00e9lectrique :<\/p>\n<p>Prend en charge jusqu'\u00e0 4 blocs d'alimentation 1600W Platinum<\/p>\n<p>Options de faible consommation : 1300W \/ 800W CRPS PSU<\/p>\n<p>Prise en charge de configurations multiples avec redondance<\/p>\n<p>Ports et boutons :<\/p>\n<p>Face avant : 1 x D-Sub VGA, 2 x ports USB 3.0, bouton d'alimentation, bouton UID<\/p>\n<p>Arri\u00e8re : 1 x D-Sub VGA, 4 x ports USB 3.0, 1 x port de gestion RJ45, bouton de r\u00e9initialisation BMC<\/p>\n<p>Dimensions :<\/p>\n<p>Montage en rack 4U, 448mm (L) 175mm (H) 840mm (P)<\/p>\n<p>Poids :<\/p>\n<p>Poids de la configuration compl\u00e8te ne d\u00e9passant pas 43KG (avec m\u00e9moire, stockage, alimentations, carte SAS)<\/p>\n<p>Temp\u00e9rature de fonctionnement :<\/p>\n<p>0oC - 40oC<\/p>\n<p>Humidit\u00e9 de fonctionnement :<\/p>\n<p>0% - 90% (sans condensation)<\/p>\n<p>Syst\u00e8mes d'exploitation pris en charge :<\/p>\n<p>Galaxy Kirin, UOS<\/p>","protected":false},"excerpt":{"rendered":"<p><strong>Marque XTT<\/strong><\/p>\n<p><strong>Origine du produitCHINE<\/strong><\/p>\n<p><strong>D\u00e9lai de livraisonDans les 15 jours<\/strong><\/p>\n<p><strong>Capacit\u00e9 d'approvisionnement9999<\/strong><\/p>\n<p>Le XTT857 est un serveur 4U \u00e0 4 voies d\u00e9velopp\u00e9 sur la base du processeur domestique Tengyun S2500. Il est con\u00e7u pour l'informatique de haute performance et les serveurs haut de gamme, avec un processeur \u00e0 256 c\u0153urs qui offre des performances informatiques et une \u00e9volutivit\u00e9 proches de celles de la plateforme X86. Avec un haut degr\u00e9 de localisation, une s\u00e9curit\u00e9 sup\u00e9rieure, une efficacit\u00e9 \u00e9nerg\u00e9tique et une grande fiabilit\u00e9, il garantit aux clients des op\u00e9rations commerciales ininterrompues. Il convient parfaitement aux syst\u00e8mes d'assistance bureautique ERP, aux syst\u00e8mes de base de donn\u00e9es haute performance, aux op\u00e9rations de virtualisation \u00e0 grande \u00e9chelle et aux environnements d'analyse des donn\u00e9es volumineuses (big data).<\/p>","protected":false},"featured_media":860,"template":"","meta":[],"product_brand":[],"product_cat":[65],"product_tag":[86,81,77,85,87],"class_list":{"0":"post-311","1":"product","2":"type-product","3":"status-publish","4":"has-post-thumbnail","6":"product_cat-universal-type-server","7":"product_tag-4u-universal-type-server","8":"product_tag-best-computer-for-plex-server","9":"product_tag-server-company","10":"product_tag-server-manufacturer","11":"product_tag-universal-server-rails","13":"first","14":"instock","15":"shipping-taxable","16":"product-type-simple"},"_links":{"self":[{"href":"https:\/\/sz-xtt.com\/fr\/wp-json\/wp\/v2\/product\/311","targetHints":{"allow":["GET"]}}],"collection":[{"href":"https:\/\/sz-xtt.com\/fr\/wp-json\/wp\/v2\/product"}],"about":[{"href":"https:\/\/sz-xtt.com\/fr\/wp-json\/wp\/v2\/types\/product"}],"wp:featuredmedia":[{"embeddable":true,"href":"https:\/\/sz-xtt.com\/fr\/wp-json\/wp\/v2\/media\/860"}],"wp:attachment":[{"href":"https:\/\/sz-xtt.com\/fr\/wp-json\/wp\/v2\/media?parent=311"}],"wp:term":[{"taxonomy":"product_brand","embeddable":true,"href":"https:\/\/sz-xtt.com\/fr\/wp-json\/wp\/v2\/product_brand?post=311"},{"taxonomy":"product_cat","embeddable":true,"href":"https:\/\/sz-xtt.com\/fr\/wp-json\/wp\/v2\/product_cat?post=311"},{"taxonomy":"product_tag","embeddable":true,"href":"https:\/\/sz-xtt.com\/fr\/wp-json\/wp\/v2\/product_tag?post=311"}],"curies":[{"name":"wp","href":"https:\/\/api.w.org\/{rel}","templated":true}]}}