{"id":312,"date":"2025-10-15T02:23:04","date_gmt":"2025-10-15T02:23:04","guid":{"rendered":"https:\/\/sz-xtt.com\/product\/tc827-universal-type-server\/"},"modified":"2025-10-16T14:08:40","modified_gmt":"2025-10-16T14:08:40","slug":"serveur-universel-de-type-tc827","status":"publish","type":"product","link":"https:\/\/sz-xtt.com\/fr\/product\/serveur-universel-de-type-tc827\/","title":{"rendered":"Serveur universel TC827"},"content":{"rendered":"<h3>Pr\u00e9sentation du produit : Serveur XTT827<\/h3>\n<p><strong>Des performances domestiques exceptionnelles<\/strong><\/p>\n<p>Le serveur XTT827 est \u00e9quip\u00e9 de quatre processeurs Tengyun S2500 bas\u00e9s sur l'architecture ARMv8.0, chacun comprenant 64 c\u0153urs FTC-663 ind\u00e9pendants. Avec un processus 16nm, une vitesse d'horloge de 2,0\/2,2 GHz et une consommation d'\u00e9nergie de 150 W par processeur, ce serveur excelle dans la gestion des charges de travail complexes. Il est id\u00e9al pour des applications telles que les syst\u00e8mes ERP, les bases de donn\u00e9es haute performance, la virtualisation et l'analyse de donn\u00e9es massives. Les contr\u00f4leurs de m\u00e9moire DDR4 3200 MHz \u00e0 32 canaux permettent d'atteindre une capacit\u00e9 maximale de 4 To, offrant ainsi les performances n\u00e9cessaires aux environnements exigeants.<\/p>\n<p><strong>S\u00e9curit\u00e9 de l'information et contr\u00f4le autonome<\/strong><\/p>\n<p>Premi\u00e8re entreprise chinoise \u00e0 recevoir une autorisation permanente pour l'architecture ARM V8, le serveur XTT827 garantit un contr\u00f4le total sur la conception de son syst\u00e8me et sur les solutions de sa plate-forme. Le serveur adopte l'architecture de plate-forme de s\u00e9curit\u00e9 Feiteng (PSPA), qui prend en charge la technologie ARM TrustZone, l'acc\u00e9l\u00e9ration mat\u00e9rielle pour les algorithmes cryptographiques SM2, SM3 et SM4, et la g\u00e9n\u00e9ration de nombres al\u00e9atoires vrais (TRNG). En outre, le serveur est dot\u00e9 d'un syst\u00e8me de cryptage de la m\u00e9moire et d'un stockage de s\u00e9curit\u00e9 non volatile, ce qui garantit des niveaux \u00e9lev\u00e9s de s\u00e9curit\u00e9 des donn\u00e9es.<\/p>\n<p><strong>Un \u00e9cosyst\u00e8me robuste<\/strong><\/p>\n<p>Le serveur XTT827 est pris en charge par un \u00e9cosyst\u00e8me \u00e9tendu de plus de 600 fournisseurs nationaux de logiciels et de mat\u00e9riel. Il offre une compatibilit\u00e9 avec plus de 1 000 solutions logicielles dans six cat\u00e9gories cl\u00e9s, notamment les syst\u00e8mes d'exploitation, les bases de donn\u00e9es, les intergiciels, les plateformes cloud, les logiciels de bureautique et les applications sp\u00e9cifiques \u00e0 l'industrie. Le serveur prend \u00e9galement en charge la virtualisation bas\u00e9e sur le mat\u00e9riel, la conteneurisation, les syst\u00e8mes de fichiers distribu\u00e9s et diverses plateformes open-source pour la gestion du cloud et les cadres de big data, ce qui le rend tr\u00e8s polyvalent dans divers environnements.<\/p>\n<p><strong>Expansion flexible<\/strong><\/p>\n<p>Le XTT827 offre une flexibilit\u00e9 exceptionnelle en prenant en charge jusqu'\u00e0 25 disques durs de 2,5 pouces rempla\u00e7ables \u00e0 chaud et 8 emplacements d'extension PCIe 3.0. Il peut accueillir jusqu'\u00e0 six p\u00e9riph\u00e9riques PCIe pleine hauteur et demi-longueur et deux cartes PCIe pleine hauteur et longueur. Cette structure syst\u00e8me flexible permet aux entreprises d'adapter leurs besoins d'extension de mani\u00e8re rentable, ce qui en fait une solution polyvalente pour divers sc\u00e9narios d'entreprise.<\/p>\n<h3>Sp\u00e9cifications techniques<\/h3>\n<p>Mod\u00e8le : XTT827<\/p>\n<p>Processeur : 4 x Tengyun S2500, 64 c\u0153urs par processeur, 2,1 GHz, 150 W TDP<\/p>\n<p>M\u00e9moire : 32 canaux de m\u00e9moire, support DDR4 (1866-3200 MHz), max 4TB<\/p>\n<p>Contr\u00f4leur de stockage : SATA 6Gb\/s int\u00e9gr\u00e9, HBA SAS 12Gb\/s en option<\/p>\n<p>Capacit\u00e9 de stockage : Prend en charge jusqu'\u00e0 25 disques durs de 2,5 pouces rempla\u00e7ables \u00e0 chaud<\/p>\n<p>Extension PCIe : 8 emplacements PCIe 3.0 (6 verticaux, 2 horizontaux), supportant 4 cartes GPU<\/p>\n<p>R\u00e9seau : Port de gestion 1GbE int\u00e9gr\u00e9, compatible avec diverses cartes r\u00e9seau PCIe standard<\/p>\n<p>Gestion : iBMC avec IPMI, SOL, KVM sur IP et diagnostic du syst\u00e8me<\/p>\n<p>S\u00e9curit\u00e9 : D\u00e9tection d'intrusion dans le ch\u00e2ssis, ch\u00e2ssis verrouillable<\/p>\n<p>Alimentation : Jusqu'\u00e0 2 alimentations Platinum 1600W, redondance 1+1<\/p>\n<p>Ports : Avant : 1 x VGA, 2 x USB3.0 ; Arri\u00e8re : 1 x VGA, 4 x USB3.0, 1 x RJ45<\/p>\n<p>Dimensions : 2U, 447mm x 87mm x 775mm<\/p>\n<p>Poids : Poids maximal : 32 kg<\/p>\n<p>Temp\u00e9rature de fonctionnement : 0 C - 40 C<\/p>\n<p>Humidit\u00e9 de fonctionnement : 0% - 90%<\/p>\n<p>Support OS : Kylin, UOS<\/p>\n<h3>Pourquoi nous choisir ?<\/h3>\n<p>La soci\u00e9t\u00e9 Shenzhen Xintongtai Technology Co. \u00e9tablie en 2007 poss\u00e8de plus d'une d\u00e9cennie d'expertise dans l'industrie des serveurs et des accessoires pour serveurs. Nous sommes sp\u00e9cialis\u00e9s dans la fourniture de serveurs de haute qualit\u00e9 et de haute performance tels que le XTT827, offrant une disponibilit\u00e9 de produit in\u00e9gal\u00e9e avec un inventaire complet en stock. Notre \u00e9quipe assure un service client et un support technique exceptionnels, permettant aux entreprises de trouver des solutions adapt\u00e9es \u00e0 leurs besoins. En mettant l'accent sur la fiabilit\u00e9 des produits, la livraison rapide et les options de service flexibles, Xintongtai est votre partenaire de confiance en mati\u00e8re de technologie des serveurs.<\/p>","protected":false},"excerpt":{"rendered":"<p><strong>Marque XTT<\/strong><\/p>\n<p><strong>Origine du produit CHINE<\/strong><\/p>\n<p><strong>D\u00e9lai de livraisonDans les 15 jours<\/strong><\/p>\n<p><strong>Capacit\u00e9 d'approvisionnement9999<\/strong><\/p>\n<p>Le XTT827 est un serveur 2U \u00e0 4 voies d\u00e9velopp\u00e9 sur la base du processeur domestique Tengyun S2500. Il est con\u00e7u pour l'informatique de haute performance et les serveurs haut de gamme. Il est dot\u00e9 d'un processeur \u00e0 256 c\u0153urs qui offre des performances de calcul \u00e9lev\u00e9es et des possibilit\u00e9s d'extension comparables \u00e0 celles de la plate-forme X86. Avec un taux de localisation \u00e9lev\u00e9, une s\u00e9curit\u00e9 sup\u00e9rieure, une efficacit\u00e9 \u00e9nerg\u00e9tique et une grande fiabilit\u00e9, il garantit aux clients des op\u00e9rations commerciales continues. Ce serveur est id\u00e9al pour les syst\u00e8mes d'assistance bureautique ERP, les syst\u00e8mes de base de donn\u00e9es haute performance, la virtualisation \u00e0 grande \u00e9chelle et les applications d'analyse de donn\u00e9es massives (big data).<\/p>","protected":false},"featured_media":862,"template":"","meta":[],"product_brand":[],"product_cat":[65],"product_tag":[71,67,85,68,70],"class_list":{"0":"post-312","1":"product","2":"type-product","3":"status-publish","4":"has-post-thumbnail","6":"product_cat-universal-type-server","7":"product_tag-2u-universal-type-server","8":"product_tag-low-power-computer-server","9":"product_tag-server-manufacturer","10":"product_tag-server-rack","11":"product_tag-server-wholesaler","13":"first","14":"instock","15":"shipping-taxable","16":"product-type-simple"},"_links":{"self":[{"href":"https:\/\/sz-xtt.com\/fr\/wp-json\/wp\/v2\/product\/312","targetHints":{"allow":["GET"]}}],"collection":[{"href":"https:\/\/sz-xtt.com\/fr\/wp-json\/wp\/v2\/product"}],"about":[{"href":"https:\/\/sz-xtt.com\/fr\/wp-json\/wp\/v2\/types\/product"}],"wp:featuredmedia":[{"embeddable":true,"href":"https:\/\/sz-xtt.com\/fr\/wp-json\/wp\/v2\/media\/862"}],"wp:attachment":[{"href":"https:\/\/sz-xtt.com\/fr\/wp-json\/wp\/v2\/media?parent=312"}],"wp:term":[{"taxonomy":"product_brand","embeddable":true,"href":"https:\/\/sz-xtt.com\/fr\/wp-json\/wp\/v2\/product_brand?post=312"},{"taxonomy":"product_cat","embeddable":true,"href":"https:\/\/sz-xtt.com\/fr\/wp-json\/wp\/v2\/product_cat?post=312"},{"taxonomy":"product_tag","embeddable":true,"href":"https:\/\/sz-xtt.com\/fr\/wp-json\/wp\/v2\/product_tag?post=312"}],"curies":[{"name":"wp","href":"https:\/\/api.w.org\/{rel}","templated":true}]}}