{"id":313,"date":"2025-10-15T02:23:04","date_gmt":"2025-10-15T02:23:04","guid":{"rendered":"https:\/\/sz-xtt.com\/product\/tc627-universal-type-server\/"},"modified":"2025-10-16T14:10:58","modified_gmt":"2025-10-16T14:10:58","slug":"serveur-universel-de-type-tc627","status":"publish","type":"product","link":"https:\/\/sz-xtt.com\/fr\/product\/serveur-universel-de-type-tc627\/","title":{"rendered":"Serveur universel TC627"},"content":{"rendered":"<h3>Pr\u00e9sentation du produit : Serveur XTT627<\/h3>\n<p><strong>Des performances domestiques exceptionnelles<\/strong><\/p>\n<p>Le serveur XTT627 est dot\u00e9 de deux processeurs Tengyun S2500 \u00e0 architecture ARMv8.0, chacun \u00e9quip\u00e9 de 64 c\u0153urs FTC-663 ind\u00e9pendants. Fabriqu\u00e9s avec un processus 16nm, les processeurs tournent \u00e0 2,1 GHz tout en maintenant une faible consommation d'\u00e9nergie de 150 W par puce. Avec 16 contr\u00f4leurs de m\u00e9moire DDR4 3200MHz supportant jusqu'\u00e0 2To de m\u00e9moire, le TC627 est con\u00e7u pour g\u00e9rer facilement des charges de travail complexes, ce qui en fait une solution id\u00e9ale pour les syst\u00e8mes ERP, les bases de donn\u00e9es haute performance, la virtualisation et l'analyse de donn\u00e9es massives.<\/p>\n<p><strong>Expansion flexible<\/strong><\/p>\n<p>Le XTT627 offre une grande flexibilit\u00e9 en prenant en charge jusqu'\u00e0 12 disques durs de 3,5 pouces rempla\u00e7ables \u00e0 chaud ou jusqu'\u00e0 27 disques de 2,5 pouces (dont deux disques internes et deux disques arri\u00e8re). Le serveur est \u00e9galement \u00e9quip\u00e9 de quatre ports r\u00e9seau 1GbE int\u00e9gr\u00e9s et peut accueillir diverses cartes d'extension r\u00e9seau. En outre, le syst\u00e8me prend en charge jusqu'\u00e0 six emplacements d'extension PCIe 3.0, ce qui permet d'installer jusqu'\u00e0 six cartes demi-hauteur et demi-longueur ou trois p\u00e9riph\u00e9riques PCIe pleine hauteur et pleine longueur. Cette architecture flexible offre aux entreprises des options rentables pour \u00e9tendre leur infrastructure en fonction de leurs besoins sp\u00e9cifiques.<\/p>\n<p><strong>Un \u00e9cosyst\u00e8me robuste<\/strong><\/p>\n<p>Le serveur XTT627 est soutenu par un \u00e9cosyst\u00e8me complet, avec plus de 600 fournisseurs nationaux de logiciels et de mat\u00e9riel fournissant un support. Il est compatible avec plus de 1 000 solutions logicielles r\u00e9parties dans six cat\u00e9gories, notamment les syst\u00e8mes d'exploitation, les bases de donn\u00e9es, les intergiciels, les plateformes cloud, les logiciels de bureautique et les applications sp\u00e9cifiques \u00e0 l'industrie. Il prend en charge la virtualisation au niveau du mat\u00e9riel, la conteneurisation, les syst\u00e8mes de fichiers distribu\u00e9s et une vari\u00e9t\u00e9 de cadres de gestion de cloud et de big data open-source, ce qui en fait une plateforme tr\u00e8s polyvalente pour diff\u00e9rentes industries.<\/p>\n<p><strong>S\u00e9curit\u00e9 de l'information et contr\u00f4le autonome<\/strong><\/p>\n<p>Premier serveur chinois autoris\u00e9 \u00e0 utiliser en permanence l'architecture ARM V8, le XTT627 offre un contr\u00f4le total sur la conception de son syst\u00e8me et de sa plate-forme. Il utilise l'architecture de plate-forme de s\u00e9curit\u00e9 Feiteng (PSPA), prend en charge la technologie ARM TrustZone et fournit une acc\u00e9l\u00e9ration mat\u00e9rielle pour les algorithmes cryptographiques SM2, SM3 et SM4, ainsi que pour la g\u00e9n\u00e9ration de nombres al\u00e9atoires (TRNG). Le serveur est \u00e9quip\u00e9 d'un syst\u00e8me de cryptage de la m\u00e9moire et d'un stockage non volatile s\u00e9curis\u00e9 sur la puce, ce qui garantit une protection solide des donn\u00e9es.<\/p>\n<h3>Sp\u00e9cifications techniques<\/h3>\n<p>Mod\u00e8le : XTT627<\/p>\n<p>Processeur : Double Tengyun S2500, 64 c\u0153urs par processeur, 2,1 GHz, 150 W TDP<\/p>\n<p>M\u00e9moire : 16 canaux de m\u00e9moire, DDR4 (1866-3200 MHz), max 2TB<\/p>\n<p>Contr\u00f4leur de stockage : SATA 6Gb\/s int\u00e9gr\u00e9, HBA SAS 12Gb\/s en option<\/p>\n<p>Capacit\u00e9 de stockage :<\/p>\n<p>12 disques de 3,5 pouces rempla\u00e7ables \u00e0 chaud<\/p>\n<p>Ou jusqu'\u00e0 27 disques durs de 2,5 pouces rempla\u00e7ables \u00e0 chaud (2 internes, 2 arri\u00e8re)<\/p>\n<p>Extension PCIe : Jusqu'\u00e0 6 emplacements PCIe 3.0<\/p>\n<p>R\u00e9seau : 4 x 1GbE int\u00e9gr\u00e9s, supportant des cartes d'extension r\u00e9seau suppl\u00e9mentaires<\/p>\n<p>Gestion : iBMC avec IPMI, SOL, KVM sur IP, diagnostics syst\u00e8me, port de gestion RJ45 1Gbps<\/p>\n<p>S\u00e9curit\u00e9 : D\u00e9tection d'intrusion dans le ch\u00e2ssis<\/p>\n<p>Alimentation : Jusqu'\u00e0 2 modules d'alimentation CRPS, redondance 1+1, rempla\u00e7ables \u00e0 chaud, option 800W<\/p>\n<p>Ports et boutons :<\/p>\n<p>Face avant : 1 x VGA, 2 x USB 3.0, alimentation, UID<\/p>\n<p>Arri\u00e8re : 1 x VGA, 4 x USB 3.0, 1 x RJ45 management, 4 x RJ45 Ethernet, port s\u00e9rie, r\u00e9initialisation BMC<\/p>\n<p>Dimensions : 2U, 447mm x 87mm x 650mm<\/p>\n<p>Poids : 24 kg (net), 36 kg (avec emballage, rails et accessoires)<\/p>\n<p>Temp\u00e9rature de fonctionnement : 0 C - 40 C<\/p>\n<p>Humidit\u00e9 de fonctionnement : 0% - 90%<\/p>\n<p>Support OS : Kylin OS<\/p>\n<h3>Pourquoi nous choisir ?<\/h3>\n<p>La soci\u00e9t\u00e9 Shenzhen Xintongtai Technology Co. \u00e9tablie en 2007 a plus de 15 ans d'exp\u00e9rience dans les solutions de serveurs et d'accessoires de serveurs. Notre serveur XTT627 illustre notre engagement \u00e0 fournir des produits fiables et de haute performance avec une grande disponibilit\u00e9 en stock. Nous sommes fiers de notre service client et de notre support technique exceptionnels, qui permettent aux entreprises d'acc\u00e9der rapidement aux produits et solutions ad\u00e9quats. Que vous ayez besoin d'une infrastructure robuste et \u00e9volutive ou de syst\u00e8mes de serveurs sp\u00e9cialis\u00e9s, Xintongtai est votre partenaire de confiance pour vous fournir une technologie de serveur de qualit\u00e9 adapt\u00e9e \u00e0 vos besoins.<\/p>","protected":false},"excerpt":{"rendered":"<p><strong>Marque XTT<\/strong><\/p>\n<p><strong>Origine du produitCHINE<\/strong><\/p>\n<p><strong>D\u00e9lai de livraisonDans les 15 jours<\/strong><\/p>\n<p><strong>Capacit\u00e9 d'approvisionnement9999<\/strong><\/p>\n<p>Le XTT627 est un serveur \u00e0 deux sockets \u00e9quip\u00e9 du processeur Tengyun S2500, con\u00e7u pour le calcul de haute performance et les applications de serveur haut de gamme. Il est dot\u00e9 d'un processeur \u00e0 128 c\u0153urs offrant des performances informatiques puissantes et des possibilit\u00e9s d'extension comparables \u00e0 celles de la plate-forme X86. Avec un taux de localisation \u00e9lev\u00e9, une s\u00e9curit\u00e9 sup\u00e9rieure et la fiabilit\u00e9 des \u201cquatre 9\u2019, il garantit des op\u00e9rations commerciales ininterrompues. Le TC627 convient aux syst\u00e8mes d'assistance bureautique ERP, aux syst\u00e8mes de base de donn\u00e9es haute performance, \u00e0 la virtualisation et aux environnements d'analyse des donn\u00e9es volumineuses.<\/p>","protected":false},"featured_media":868,"template":"","meta":[],"product_brand":[],"product_cat":[65],"product_tag":[80,85,82,84,72],"class_list":{"0":"post-313","1":"product","2":"type-product","3":"status-publish","4":"has-post-thumbnail","6":"product_cat-universal-type-server","7":"product_tag-server-brand","8":"product_tag-server-manufacturer","9":"product_tag-server-vs-desktop-computer","10":"product_tag-universal-device-server","11":"product_tag-universal-server-rack-rails","13":"first","14":"instock","15":"shipping-taxable","16":"product-type-simple"},"_links":{"self":[{"href":"https:\/\/sz-xtt.com\/fr\/wp-json\/wp\/v2\/product\/313","targetHints":{"allow":["GET"]}}],"collection":[{"href":"https:\/\/sz-xtt.com\/fr\/wp-json\/wp\/v2\/product"}],"about":[{"href":"https:\/\/sz-xtt.com\/fr\/wp-json\/wp\/v2\/types\/product"}],"wp:featuredmedia":[{"embeddable":true,"href":"https:\/\/sz-xtt.com\/fr\/wp-json\/wp\/v2\/media\/868"}],"wp:attachment":[{"href":"https:\/\/sz-xtt.com\/fr\/wp-json\/wp\/v2\/media?parent=313"}],"wp:term":[{"taxonomy":"product_brand","embeddable":true,"href":"https:\/\/sz-xtt.com\/fr\/wp-json\/wp\/v2\/product_brand?post=313"},{"taxonomy":"product_cat","embeddable":true,"href":"https:\/\/sz-xtt.com\/fr\/wp-json\/wp\/v2\/product_cat?post=313"},{"taxonomy":"product_tag","embeddable":true,"href":"https:\/\/sz-xtt.com\/fr\/wp-json\/wp\/v2\/product_tag?post=313"}],"curies":[{"name":"wp","href":"https:\/\/api.w.org\/{rel}","templated":true}]}}