{"id":316,"date":"2025-10-15T02:23:05","date_gmt":"2025-10-15T02:23:05","guid":{"rendered":"https:\/\/sz-xtt.com\/product\/tu858universal-type-server\/"},"modified":"2025-10-16T12:10:14","modified_gmt":"2025-10-16T12:10:14","slug":"tu858universal-type-server","status":"publish","type":"product","link":"https:\/\/sz-xtt.com\/fr\/product\/tu858universal-type-server\/","title":{"rendered":"Serveur de type universel TU858"},"content":{"rendered":"<h3>D\u00e9tails du produit : Serveur XTT858<\/h3>\n<p><strong>Am\u00e9lioration globale des performances<\/strong><br \/>\nLe serveur XTT858 prend en charge jusqu'\u00e0 4 processeurs Intel ? Xeon ? Scalable (Skylake &amp; Cascade Lake) avec jusqu'\u00e0 3 bus UPI et une vitesse maximale de 10,4GT\/s, permettant une interconnectivit\u00e9 crossbar compl\u00e8te entre les CPU. Il prend en charge jusqu'\u00e0 48 modules de m\u00e9moire DDR4, ce qui permet une capacit\u00e9 de m\u00e9moire maximale de 18,0 To. Ce haut niveau de performance est id\u00e9al pour g\u00e9rer des charges de travail complexes, y compris les bases de donn\u00e9es, les syst\u00e8mes ERP, le calcul parall\u00e8le \u00e0 haute performance et la virtualisation.<\/p>\n<p><strong>Excellente extensibilit\u00e9<\/strong><br \/>\nExtension du stockage : Prend en charge jusqu'\u00e0 24 disques durs de 3,5 pouces ou 50 disques durs de 2,5 pouces, et comprend de l'espace pour 2 SSD M.2 et 2 DOM SATA.<\/p>\n<p>Extension r\u00e9seau : Il dispose d'emplacements d\u00e9di\u00e9s aux cartes NIC MEZZ, avec des cartes r\u00e9seau optionnelles comprenant 2x1GbE, 4x1GbE, 2x10GbE, 4x10GbE, 2x25GbE, et 2x40GbE.<\/p>\n<p>Extension PCI-E : Jusqu'\u00e0 15 emplacements d'extension PCIe 3.0, prenant en charge jusqu'\u00e0 8 p\u00e9riph\u00e9riques PCIe pleine longueur et 7 p\u00e9riph\u00e9riques PCIe pleine longueur et demi-longueur. Il peut \u00e9galement accueillir jusqu'\u00e0 4 cartes d'acc\u00e9l\u00e9ration GPU \u00e0 double emplacement.<\/p>\n<p><strong>Fonctionnalit\u00e9s robustes du RAS<\/strong><br \/>\nLe serveur XTT858 comprend une vari\u00e9t\u00e9 de caract\u00e9ristiques RAS (fiabilit\u00e9, disponibilit\u00e9 et facilit\u00e9 d'entretien) pour assurer une fiabilit\u00e9 et une disponibilit\u00e9 \u00e9lev\u00e9es :<\/p>\n<p>Prise en charge des RAS d'Intel : Prise en charge compl\u00e8te des fonctions RAS standard et avanc\u00e9es d'Intel.<\/p>\n<p>Redondance : Comprend des syst\u00e8mes d'alimentation et de ventilation redondants, avec un support rempla\u00e7able \u00e0 chaud pour les disques durs, les blocs d'alimentation, les ventilateurs et les cartes d'extension PCIe.<\/p>\n<p>Facilit\u00e9 d'utilisation : La d\u00e9pose sans outil des composants critiques am\u00e9liore la facilit\u00e9 d'entretien.<\/p>\n<p>&nbsp;<\/p>\n<h3>Sp\u00e9cifications techniques<\/h3>\n<p>Mod\u00e8le : XTT858<\/p>\n<p>Processeur :<\/p>\n<p>Prend en charge jusqu'\u00e0 2 ou 4 processeurs Intel ? Xeon ? Scalable de premi\u00e8re g\u00e9n\u00e9ration (s\u00e9rie 5100\/6100\/8100) ou Intel ? Xeon ? Scalable de deuxi\u00e8me g\u00e9n\u00e9ration (s\u00e9rie 5200\/6200\/8200)<\/p>\n<p>TDP : 85-205W, avec interconnexion Crossbar<\/p>\n<p>Jeu de puces : Intel ? C621<\/p>\n<p>M\u00e9moire :<\/p>\n<p>48 emplacements DIMM DDR4, 24 canaux de m\u00e9moire<\/p>\n<p>Prend en charge jusqu'\u00e0 48 DDR4 RDIMMs\/LRDIMMs\/NVDIMMs, avec des vitesses allant jusqu'\u00e0 2933MT\/s<\/p>\n<p>Prend en charge jusqu'\u00e0 24 DCPMM Intel avec des vitesses allant jusqu'\u00e0 2666MT\/s<\/p>\n<p>Capacit\u00e9s des modules : 8GB, 16GB, 32GB, 64GB, 128GB, 256GB, 512GB<\/p>\n<p>M\u00e9moire syst\u00e8me maximale : 18,0 To (n\u00e9cessite des mod\u00e8les de CPU sp\u00e9cifiques et Intel DCPMM)<\/p>\n<p>Stockage :<\/p>\n<p>Contr\u00f4leur SATA 6Gb\/s int\u00e9gr\u00e9<\/p>\n<p>Prise en charge optionnelle d'un HBA SAS 12Gb\/s et d'un contr\u00f4leur RAID<\/p>\n<p>Configurations : Jusqu'\u00e0 24 disques durs de 3,5 pouces, 50 disques durs de 2,5 pouces ou 16 disques SSD NVMe de 2,5 pouces (14 \u00e9changeables \u00e0 chaud + 2 non \u00e9changeables \u00e0 chaud).<\/p>\n<p>Supporte 2 slots PCIe M.2 internes (80\/110mm), 2 DOMs SATA, 1 carte Micro SD<\/p>\n<p>PCI-E Expansion :<\/p>\n<p>Jusqu'\u00e0 15 emplacements d'extension PCIe 3.0<\/p>\n<p>Supporte jusqu'\u00e0 4 cartes GPU de 300W (double emplacement pleine hauteur et pleine longueur)<\/p>\n<p>Prend en charge jusqu'\u00e0 6 cartes GPU de 75 W (4 cartes pleine longueur pleine hauteur + 2 cartes demi-hauteur demi-longueur)<\/p>\n<p>R\u00e9seau :<\/p>\n<p>2 ports 1GbE int\u00e9gr\u00e9s<\/p>\n<p>Cartes r\u00e9seau en option : 2x1GbE, 4x1GbE, 2x10GbE, 4x10GbE, 2x25GbE, 2x40GbE<\/p>\n<p>Gestion :<\/p>\n<p>Module de gestion BMC int\u00e9gr\u00e9 prenant en charge la gestion \u00e0 distance, IPMI2.0, KVM sur IP, SOL, SNMP, etc.<\/p>\n<p>Logiciel de gestion d'usine pour le d\u00e9ploiement simultan\u00e9 ou les t\u00e2ches planifi\u00e9es, la surveillance des ressources du serveur et la collecte de journaux par lots<\/p>\n<p>Plate-forme de gestion de centre de donn\u00e9es pour une gestion \u00e0 distance avanc\u00e9e<\/p>\n<p>Module de gestion LCD en option<\/p>\n<p>La s\u00e9curit\u00e9 :<\/p>\n<p>Module de s\u00e9curit\u00e9 TPM\/TCM en option<\/p>\n<p>D\u00e9tection d'intrusion dans le ch\u00e2ssis<\/p>\n<p>Couvercle de ch\u00e2ssis verrouillable<\/p>\n<p>Alimentation \u00e9lectrique :<\/p>\n<p>2, 3 ou 4 modules d'alimentation avec prise en charge de la redondance 1+1, 2+1, 2+2, 3+1 et \u00e9changeable \u00e0 chaud<\/p>\n<p>Puissance nominale en option : 800W, 1300W, 1600W<\/p>\n<p>Options d'entr\u00e9e : 220V AC, 240V DC, 336V DC, -48V DC<\/p>\n<p>Ports :<\/p>\n<p>Avant : 1 D-Sub VGA, 2 USB 3.0, 1 LCD MiniUSB<\/p>\n<p>Arri\u00e8re : 1 D-Sub VGA, 4 USB 3.0, 1 port de gestion RJ45, 2 ports Ethernet RJ45<\/p>\n<p>Ventilateurs syst\u00e8me : 8 ventilateurs syst\u00e8me 8038 avec redondance N+1 et support d'\u00e9change \u00e0 chaud<\/p>\n<p>Dimensions : Montage en rack 4U, 448mm (L) 175mm (H) 840mm (P) (sans les oreilles : 820mm)<\/p>\n<p>Poids : Environ 45 kg net ; 70 kg avec les rails, les accessoires et l'emballage.<\/p>\n<p>Temp\u00e9rature :<\/p>\n<p>Fonctionnement : 5oC - 35oC (sans lumi\u00e8re directe du soleil)<\/p>\n<p>Fonctionnement prolong\u00e9 : 5oC - 40oC (configurations limit\u00e9es)<\/p>\n<p>Stockage : -40oC - 65oC<\/p>\n<p>Humidit\u00e9 :<\/p>\n<p>Fonctionnement : 10% - 80% (sans condensation)<\/p>\n<p>Stockage : 5% - 95% (sans condensation)<\/p>\n<p>Syst\u00e8mes d'exploitation : Microsoft Windows Server, Microsoft Hyper-V Server, Red Hat Enterprise Linux, SUSE Linux Enterprise Server, CentOS, Ubuntu, Fedora, Solaris, Oracle Linux, FreeBSD, VMware ESXi, Citrix Xen Server<\/p>\n<p>&nbsp;<\/p>\n<h3>Pourquoi nous choisir ?<\/h3>\n<p>Historique de l'entreprise : La soci\u00e9t\u00e9 Shenzhen Xintongtai Technology Co. cr\u00e9\u00e9e en 2007 est sp\u00e9cialis\u00e9e dans les serveurs et les accessoires et propose des solutions et des produits experts adapt\u00e9s \u00e0 vos besoins.<\/p>\n<p>Un stock riche : Nous disposons d'un stock important de produits en stock, ce qui garantit des temps de r\u00e9ponse rapides et des livraisons dans les d\u00e9lais pour r\u00e9pondre efficacement \u00e0 vos demandes.<\/p>\n<p>Excellent service : Notre \u00e9quipe de service sp\u00e9cialis\u00e9e fournit une assistance technique 24 heures sur 24, 7 jours sur 7, et un service apr\u00e8s-vente complet, garantissant la satisfaction du client et la r\u00e9solution rapide des probl\u00e8mes.<\/p>\n<p>Des informations de qualit\u00e9 sur les produits : Nous offrons des informations d\u00e9taill\u00e9es et pr\u00e9cises sur les produits, afin de vous aider \u00e0 prendre des d\u00e9cisions \u00e9clair\u00e9es et \u00e0 utiliser efficacement nos produits, gr\u00e2ce \u00e0 notre expertise technique.<\/p>\n<p>En choisissant Xintongtai, vous avez la garantie d'avoir acc\u00e8s \u00e0 des serveurs de haute performance, \u00e0 une assistance fiable et \u00e0 un service exceptionnel, ce qui vous permet de b\u00e9n\u00e9ficier d'une exp\u00e9rience sans faille et d'une excellente valeur pour votre investissement.<\/p>","protected":false},"excerpt":{"rendered":"<p><strong>Marque XTT<\/strong><\/p>\n<p><strong>Origine du produitCHINE<\/strong><\/p>\n<p><strong>D\u00e9lai de livraisonDans les 15 jours<\/strong><\/p>\n<p><strong>Capacit\u00e9 d'approvisionnement9999<\/strong><\/p>\n<p>Le XTT858 est un serveur quadri-socket bas\u00e9 sur les derniers concepts et technologies de conception de serveurs. Il utilise les derniers processeurs \u00e9volutifs Intel Xeon (Skylake &amp; Cascade Lake), offrant des avanc\u00e9es significatives en termes de performances du processeur, de bande passante du bus et de bande passante de la m\u00e9moire. Le serveur offre \u00e9galement des sp\u00e9cifications exceptionnelles pour la prise en charge PCIe, la capacit\u00e9 de stockage et l'extension du r\u00e9seau, ce qui le rend adapt\u00e9 aux applications d'entreprise haut de gamme telles que les bases de donn\u00e9es, les syst\u00e8mes ERP, le calcul parall\u00e8le \u00e0 haute performance et les environnements de virtualisation.<\/p>","protected":false},"featured_media":807,"template":"","meta":[],"product_brand":[],"product_cat":[65],"product_tag":[86,75,74,68,70],"class_list":{"0":"post-316","1":"product","2":"type-product","3":"status-publish","4":"has-post-thumbnail","6":"product_cat-universal-type-server","7":"product_tag-4u-universal-type-server","8":"product_tag-intel-n100-plex-server","9":"product_tag-intel-universal-type-server","10":"product_tag-server-rack","11":"product_tag-server-wholesaler","13":"first","14":"instock","15":"shipping-taxable","16":"product-type-simple"},"_links":{"self":[{"href":"https:\/\/sz-xtt.com\/fr\/wp-json\/wp\/v2\/product\/316","targetHints":{"allow":["GET"]}}],"collection":[{"href":"https:\/\/sz-xtt.com\/fr\/wp-json\/wp\/v2\/product"}],"about":[{"href":"https:\/\/sz-xtt.com\/fr\/wp-json\/wp\/v2\/types\/product"}],"wp:featuredmedia":[{"embeddable":true,"href":"https:\/\/sz-xtt.com\/fr\/wp-json\/wp\/v2\/media\/807"}],"wp:attachment":[{"href":"https:\/\/sz-xtt.com\/fr\/wp-json\/wp\/v2\/media?parent=316"}],"wp:term":[{"taxonomy":"product_brand","embeddable":true,"href":"https:\/\/sz-xtt.com\/fr\/wp-json\/wp\/v2\/product_brand?post=316"},{"taxonomy":"product_cat","embeddable":true,"href":"https:\/\/sz-xtt.com\/fr\/wp-json\/wp\/v2\/product_cat?post=316"},{"taxonomy":"product_tag","embeddable":true,"href":"https:\/\/sz-xtt.com\/fr\/wp-json\/wp\/v2\/product_tag?post=316"}],"curies":[{"name":"wp","href":"https:\/\/api.w.org\/{rel}","templated":true}]}}