{"id":317,"date":"2025-10-15T02:23:05","date_gmt":"2025-10-15T02:23:05","guid":{"rendered":"https:\/\/sz-xtt.com\/product\/tu628universal-type-server\/"},"modified":"2025-10-16T12:12:45","modified_gmt":"2025-10-16T12:12:45","slug":"tu628universal-type-server","status":"publish","type":"product","link":"https:\/\/sz-xtt.com\/fr\/product\/tu628universal-type-server\/","title":{"rendered":"Serveur de type universel TU628"},"content":{"rendered":"<h3>Am\u00e9lioration globale des performances<\/h3>\n<p>Le serveur XTT628, construit sur la plate-forme Intel Purley, prend en charge les processeurs Intel ? Xeon ? Scalable d'Intel avec des avanc\u00e9es significatives en termes de c\u0153urs, de fr\u00e9quence, de cache et de canaux d'interconnexion. Dot\u00e9 de la technologie de m\u00e9moire DDR4, il prend en charge jusqu'\u00e0 9,0 To de capacit\u00e9 de m\u00e9moire, ce qui lui permet de r\u00e9pondre \u00e0 un large \u00e9ventail d'applications, depuis le traitement de donn\u00e9es complexes jusqu'aux environnements virtuels \u00e0 forte demande.<\/p>\n<h3>Caract\u00e9ristiques principales :<\/h3>\n<p>Performances accrues : Exploite les derniers processeurs Scalable d'Intel pour une puissance de calcul sup\u00e9rieure.<\/p>\n<p>Capacit\u00e9 de m\u00e9moire \u00e9lev\u00e9e : Prend en charge jusqu'\u00e0 9,0 To de m\u00e9moire DDR4, adaptable aux besoins de diverses applications.<\/p>\n<p>Efficacit\u00e9 \u00e9nerg\u00e9tique verte : Mise en \u0153uvre de la technologie de plafonnement de la puissance et de la technologie CCHT pour une utilisation optimale de l'\u00e9nergie, r\u00e9duisant ainsi les co\u00fbts d'exploitation.<\/p>\n<p>Serveur de type universel Intel<\/p>\n<h3>Sp\u00e9cifications d\u00e9taill\u00e9es du produit<\/h3>\n<p>Mod\u00e8le : XTT628<\/p>\n<p>Processeurs :<\/p>\n<p>1\/2 Intel ? Xeon ? Scalable, s\u00e9rie 3100\/4100\/5100\/6100\/8100, TDP 205W<\/p>\n<p>1\/2 Intel ? Xeon ? Scalable, s\u00e9rie 3200\/4200\/5200\/6200\/8200, TDP 205W<\/p>\n<p>Jeu de puces : Intel C621<\/p>\n<p>M\u00e9moire :<\/p>\n<p>24 emplacements DIMM DDR4, 12 canaux de m\u00e9moire<\/p>\n<p>Prise en charge des DDR4 RDIMMs\/LRDIMMs\/NVDIMMs, jusqu'\u00e0 2933MT\/s<\/p>\n<p>Prise en charge des DCPMM d'Intel, jusqu'\u00e0 2666MT\/s<\/p>\n<p>M\u00e9moire syst\u00e8me maximale de 9,0 To (n\u00e9cessite un processeur sp\u00e9cifique et Intel DCPMM)<\/p>\n<p>Stockage :<\/p>\n<p>Contr\u00f4leur SATA 6Gb\/s int\u00e9gr\u00e9<\/p>\n<p>Contr\u00f4leurs HBA et RAID 12Gb\/s SAS en option<\/p>\n<p>Configurable avec 16 disques 3,5 + 2 disques 2,5 ou 31 disques 2,5 SAS\/SATA\/SSD<\/p>\n<p>Prend en charge jusqu'\u00e0 16 disques SSD NVMe 2,5<\/p>\n<p>Comprend 1 PCIe M.2 (80\/110mm), 2 SATA DOM<\/p>\n<p>Extension PCI-E : Jusqu'\u00e0 10 emplacements PCI Express 3.0<\/p>\n<p>GPU : Prise en charge de 2 GPU double largeur sur toute la hauteur et toute la longueur<\/p>\n<p>R\u00e9seau :<\/p>\n<p>2 x 1GbE int\u00e9gr\u00e9s<\/p>\n<p>Cartes r\u00e9seau en option : 2x1GbE\/4x1GbE\/2x10GbE\/4x10GbE\/2x25GbE\/2x40GbE<\/p>\n<p>Gestion :<\/p>\n<p>Module BMC embarqu\u00e9, supportant IPMI2.0, KVM sur IP, SOL, SNMP<\/p>\n<p>Logiciel de gestion avanc\u00e9 pour la gestion \u00e0 distance et par lots<\/p>\n<p>Module de gestion LCD en option<\/p>\n<p>S\u00e9curit\u00e9 : Module TPM\/TCM en option, d\u00e9tection d'intrusion dans le ch\u00e2ssis<\/p>\n<p>Puissance :<\/p>\n<p>1\/2 modules d'alimentation, redondance 1+1, rempla\u00e7ables \u00e0 chaud<\/p>\n<p>Options : 220V AC\/240V DC\/336V DC\/-48V DC<\/p>\n<p>Options : 550W\/800W\/1300W\/1600W<\/p>\n<p>Ports :<\/p>\n<p>Avant : 1 D-Sub VGA, 2 USB 3.0, 1 LCD MiniUSB<\/p>\n<p>Arri\u00e8re : 1 D-Sub VGA, 2 USB 3.0, 1 port de gestion RJ45, 2 ports Ethernet RJ45<\/p>\n<p>Ventilateurs du syst\u00e8me : 4 x 8038 ou 8056, redondants N+1, rempla\u00e7ables \u00e0 chaud<\/p>\n<p>Dimensions : Montage en rack 2U, 447 mm (L) x 87 mm (H) x 808 mm (P) (sans les oreilles : 788 mm)<\/p>\n<p>Poids : Environ 32KG net, 40KG avec les rails et les accessoires<\/p>\n<p>Temp\u00e9rature :<\/p>\n<p>Fonctionnement : 5 C \u00e0 35 C (pas de lumi\u00e8re directe du soleil)<\/p>\n<p>\u00c9tendue : 5 C \u00e0 40 C (avec configuration sp\u00e9cifique)<\/p>\n<p>Stockage\/Transport : -40 C \u00e0 65 C<\/p>\n<p>Humidit\u00e9 :<\/p>\n<p>Fonctionnement : 10% \u00e0 80% (sans condensation)<\/p>\n<p>Stockage : 5% \u00e0 95% (sans condensation)<\/p>\n<p>Syst\u00e8mes d'exploitation pris en charge :<\/p>\n<p>Serveur Microsoft Windows, serveur Hyper-V<\/p>\n<p>Red Hat Enterprise Linux, SUSE Linux Enterprise Server<\/p>\n<p>CentOS, Ubuntu, Fedora, Solaris, Oracle Linux<\/p>\n<p>FreeBSD, VMware ESXi, Citrix XenServer<\/p>\n<h3>Pourquoi nous choisir ?<\/h3>\n<p>Une expertise reconnue : Shenzhen Xintongtai Technology Co. est un acteur de premier plan sur le march\u00e9 des serveurs et des accessoires depuis 2007. Notre vaste exp\u00e9rience garantit des produits de qualit\u00e9 sup\u00e9rieure et un service fiable.<\/p>\n<p>Sp\u00e9cialis\u00e9s dans les serveurs et les accessoires : Nous nous concentrons exclusivement sur les serveurs et les accessoires, ce qui nous permet de fournir les meilleures solutions adapt\u00e9es \u00e0 vos besoins.<\/p>\n<p>Informations compl\u00e8tes sur les produits : Nos donn\u00e9es sur les produits sont compl\u00e8tes et actualis\u00e9es, ce qui vous permet de prendre des d\u00e9cisions en connaissance de cause.<\/p>\n<p>Un excellent service : Nous nous engageons \u00e0 fournir un service et une assistance de qualit\u00e9 \u00e0 nos clients, en r\u00e9pondant rapidement et efficacement \u00e0 toutes les questions qui se posent.<\/p>\n<p>Disponibilit\u00e9 en stock : Notre stock bien entretenu nous permet de fournir des produits rapidement, ce qui r\u00e9duit les d\u00e9lais d'ex\u00e9cution et garantit le bon d\u00e9roulement de vos op\u00e9rations.<\/p>","protected":false},"excerpt":{"rendered":"<p><strong>Marque XTT<\/strong><\/p>\n<p><strong>Origine du produit CHINE<\/strong><\/p>\n<p><strong>D\u00e9lai de livraisonDans les 15 jours<\/strong><\/p>\n<p><strong>Capacit\u00e9 d'approvisionnement9999<\/strong><\/p>\n<p>Le XTT628 est un serveur rackable \u00e0 deux sockets d\u00e9velopp\u00e9 ind\u00e9pendamment pour r\u00e9pondre aux exigences du march\u00e9 des entreprises. Le serveur pr\u00e9sente une conception modulaire qui am\u00e9liore la dissipation de la chaleur et la maintenance, garantissant ainsi stabilit\u00e9 et fiabilit\u00e9. Polyvalent, il convient \u00e0 un large \u00e9ventail d'applications, notamment l'analyse des big data, la virtualisation, l'informatique en nuage hyperconverg\u00e9e et les bases de donn\u00e9es de petite et moyenne taille. Il est particuli\u00e8rement bien adapt\u00e9 aux clients des secteurs des t\u00e9l\u00e9communications, du gouvernement et de l'internet.<\/p>","protected":false},"featured_media":812,"template":"","meta":[],"product_brand":[],"product_cat":[65],"product_tag":[71,75,76,74,77],"class_list":{"0":"post-317","1":"product","2":"type-product","3":"status-publish","4":"has-post-thumbnail","6":"product_cat-universal-type-server","7":"product_tag-2u-universal-type-server","8":"product_tag-intel-n100-plex-server","9":"product_tag-intel-nuc-server","10":"product_tag-intel-universal-type-server","11":"product_tag-server-company","13":"first","14":"instock","15":"shipping-taxable","16":"product-type-simple"},"_links":{"self":[{"href":"https:\/\/sz-xtt.com\/fr\/wp-json\/wp\/v2\/product\/317","targetHints":{"allow":["GET"]}}],"collection":[{"href":"https:\/\/sz-xtt.com\/fr\/wp-json\/wp\/v2\/product"}],"about":[{"href":"https:\/\/sz-xtt.com\/fr\/wp-json\/wp\/v2\/types\/product"}],"wp:featuredmedia":[{"embeddable":true,"href":"https:\/\/sz-xtt.com\/fr\/wp-json\/wp\/v2\/media\/812"}],"wp:attachment":[{"href":"https:\/\/sz-xtt.com\/fr\/wp-json\/wp\/v2\/media?parent=317"}],"wp:term":[{"taxonomy":"product_brand","embeddable":true,"href":"https:\/\/sz-xtt.com\/fr\/wp-json\/wp\/v2\/product_brand?post=317"},{"taxonomy":"product_cat","embeddable":true,"href":"https:\/\/sz-xtt.com\/fr\/wp-json\/wp\/v2\/product_cat?post=317"},{"taxonomy":"product_tag","embeddable":true,"href":"https:\/\/sz-xtt.com\/fr\/wp-json\/wp\/v2\/product_tag?post=317"}],"curies":[{"name":"wp","href":"https:\/\/api.w.org\/{rel}","templated":true}]}}