{"id":318,"date":"2025-10-15T02:23:05","date_gmt":"2025-10-15T02:23:05","guid":{"rendered":"https:\/\/sz-xtt.com\/product\/tu618-universal-type-server\/"},"modified":"2025-10-16T14:40:22","modified_gmt":"2025-10-16T14:40:22","slug":"tu618-serveur-de-type-universel","status":"publish","type":"product","link":"https:\/\/sz-xtt.com\/fr\/product\/tu618-serveur-de-type-universel\/","title":{"rendered":"Serveur universel TU618"},"content":{"rendered":"<h3>Performances \u00e9lev\u00e9es et grande capacit\u00e9 de stockage<\/h3>\n<p>Le serveur XTT618 excelle en termes de performances et de stockage, prenant en charge les processeurs Intel ? Xeon ? Scalable et dispose de 24 emplacements de m\u00e9moire DDR4 avec une capacit\u00e9 maximale de 9,0 To. Il offre des configurations de stockage flexibles, y compris la prise en charge de 4 disques SAS\/SATA de 3,5 pouces ou 10 disques de 2,5 pouces rempla\u00e7ables \u00e0 chaud, ou 10 disques SSD NVMe de 2,5 pouces. La combinaison de CPU 205W, de disques NVMe \u00e0 faible latence et de GPU haute puissance am\u00e9liore les performances globales, ce qui en fait la solution id\u00e9ale pour les applications exigeantes.<\/p>\n<h3>Caract\u00e9ristiques principales :<\/h3>\n<p>Haute performance : \u00c9quip\u00e9 d'un processeur Intel ? Xeon ? Scalable et des CPU 205W pour une puissance de calcul exceptionnelle.<\/p>\n<p>Grande capacit\u00e9 de m\u00e9moire : Prend en charge jusqu'\u00e0 9,0 To de m\u00e9moire DDR4, adaptable \u00e0 diverses applications.<\/p>\n<p>Stockage flexible : Configurable avec jusqu'\u00e0 10 disques SSD NVMe ou 4 disques SAS\/SATA de 3,5 pouces et 10 disques SAS\/SATA de 2,5 pouces pour des options de stockage \u00e9tendues.<\/p>\n<p>Serveur de type universel Intel<\/p>\n<h3>Sp\u00e9cifications d\u00e9taill\u00e9es du produit<\/h3>\n<p>Mod\u00e8le : XTT618<\/p>\n<p>Processeurs :<\/p>\n<p>1\/2 Intel ? Xeon Scalable, s\u00e9rie 3100\/4100\/5100\/6100\/8100, TDP 205W<\/p>\n<p>1\/2 Intel ? Xeon Scalable, s\u00e9rie 3200\/4200\/5200\/6200\/8200, TDP 205W<\/p>\n<p>Jeu de puces : Intel C621<\/p>\n<p>M\u00e9moire :<\/p>\n<p>24 emplacements DIMM DDR4, 12 canaux de m\u00e9moire<\/p>\n<p>Prise en charge des DDR4 RDIMMs\/LRDIMMs\/NVDIMMs, jusqu'\u00e0 2933MT\/s<\/p>\n<p>Prise en charge des DCPMM d'Intel, jusqu'\u00e0 2666MT\/s<\/p>\n<p>M\u00e9moire syst\u00e8me maximale de 9,0 To (n\u00e9cessite un processeur sp\u00e9cifique et Intel DCPMM)<\/p>\n<p>Stockage :<\/p>\n<p>Contr\u00f4leur SATA 6Gb\/s int\u00e9gr\u00e9<\/p>\n<p>Contr\u00f4leurs HBA et RAID 12Gb\/s SAS en option<\/p>\n<p>Configurable avec jusqu'\u00e0 4 disques SAS\/SATA 3,5 ou 10 disques SAS\/SATA\/SSD 2,5<\/p>\n<p>Prend en charge jusqu'\u00e0 10 disques SSD NVMe 2,5<\/p>\n<p>Comprend 1 PCIe M.2 (80\/110mm), 2 SATA DOM<\/p>\n<p>Extension PCI-E : Jusqu'\u00e0 4 emplacements PCI Express 3.0 (dont 2 emplacements d\u00e9di\u00e9s)<\/p>\n<p>GPU : Prise en charge de 2 GPU de demi-longueur et de largeur unique<\/p>\n<p>R\u00e9seau :<\/p>\n<p>2 x 1GbE int\u00e9gr\u00e9s<\/p>\n<p>Cartes r\u00e9seau en option : 2x1GbE\/4x1GbE\/2x10GbE\/4x10GbE\/2x25GbE\/2x40GbE<\/p>\n<p>Gestion :<\/p>\n<p>Module BMC embarqu\u00e9, supportant IPMI2.0, KVM sur IP, SOL, SNMP<\/p>\n<p>Logiciel de gestion avanc\u00e9 pour la gestion \u00e0 distance et par lots<\/p>\n<p>Module de gestion LCD en option<\/p>\n<p>S\u00e9curit\u00e9 : Module TPM\/TCM en option, d\u00e9tection d'intrusion dans le ch\u00e2ssis<\/p>\n<p>Puissance :<\/p>\n<p>1\/2 modules d'alimentation, redondance 1+1, rempla\u00e7ables \u00e0 chaud<\/p>\n<p>Options : 220V AC\/240V DC\/336V DC\/-48V DC<\/p>\n<p>Options : 550W\/800W\/1300W\/1600W<\/p>\n<p>Ports :<\/p>\n<p>Avant : 1 D-Sub VGA, 2 USB 3.0, 1 LCD Mini USB<\/p>\n<p>Arri\u00e8re : 1 D-Sub VGA, 2 USB 3.0, 1 port de gestion RJ45, 2 ports Ethernet RJ45<\/p>\n<p>Ventilateurs du syst\u00e8me : 7 x 4056, redondants N+1, rempla\u00e7ables \u00e0 chaud<\/p>\n<p>Dimensions : Montage en rack 1U, 436 mm (L) x 43,6 mm (H) x 808 mm (P) (sans les oreilles : 788 mm)<\/p>\n<p>Poids : Environ 19KG net, 28KG avec les rails et les accessoires<\/p>\n<p>Temp\u00e9rature :<\/p>\n<p>Fonctionnement : 5 C \u00e0 35 C (pas de lumi\u00e8re directe du soleil)<\/p>\n<p>\u00c9tendue : 5 C \u00e0 40 C (avec configuration sp\u00e9cifique)<\/p>\n<p>Stockage\/Transport : -40 C \u00e0 65 C<\/p>\n<p>Humidit\u00e9 :<\/p>\n<p>Fonctionnement : 10% \u00e0 80% (sans condensation)<\/p>\n<p>Stockage : 5% \u00e0 95% (sans condensation)<\/p>\n<p>Syst\u00e8mes d'exploitation pris en charge :<\/p>\n<p>Microsoft Windows, Windows Server, Hyper-V Server<\/p>\n<p>Red Hat Enterprise Linux, SUSE Linux Enterprise Server<\/p>\n<p>CentOS, Ubuntu, Fedora, Solaris, Oracle Linux<\/p>\n<p>FreeBSD, VMware ESXi, Citrix XenServer<\/p>\n<h3>Pourquoi nous choisir ?<\/h3>\n<p>Une expertise reconnue : Shenzhen Xintongtai Technology Co. est un leader sur le march\u00e9 des serveurs et des accessoires depuis 2007. Notre longue exp\u00e9rience garantit des produits de haute qualit\u00e9 et un service fiable.<\/p>\n<p>Sp\u00e9cialisation : Nous nous consacrons aux serveurs et aux accessoires, ce qui nous permet d'offrir des solutions sp\u00e9cialis\u00e9es adapt\u00e9es \u00e0 vos besoins.<\/p>\n<p>Des informations compl\u00e8tes sur les produits : Nos informations d\u00e9taill\u00e9es et pr\u00e9cises sur les produits vous aident \u00e0 prendre des d\u00e9cisions \u00e9clair\u00e9es.<\/p>\n<p>Un excellent service : Nous sommes fiers de fournir un service exceptionnel, en r\u00e9pondant \u00e0 vos besoins et \u00e0 vos pr\u00e9occupations de mani\u00e8re rapide et efficace.<\/p>\n<p>Disponibilit\u00e9 en stock : Gr\u00e2ce \u00e0 un stock bien g\u00e9r\u00e9, nous assurons une disponibilit\u00e9 et une livraison rapides des produits, minimisant ainsi les temps d'arr\u00eat et les perturbations op\u00e9rationnelles.<\/p>","protected":false},"excerpt":{"rendered":"<p>Marque Intel<\/p>\n<p>Origine du produit USA<\/p>\n<p>D\u00e9lai de livraisonDans les 15 jours<\/p>\n<p>Capacit\u00e9 d'approvisionnement9999<\/p>\n<p>Le XTT618 est un serveur rackable 1U \u00e0 deux sockets d\u00e9velopp\u00e9 de mani\u00e8re ind\u00e9pendante, con\u00e7u pour les espaces compacts avec une densit\u00e9 \u00e9lev\u00e9e et une configuration flexible. Dot\u00e9 d'une conception modulaire qui am\u00e9liore la dissipation de la chaleur et la maintenance, il offre stabilit\u00e9 et fiabilit\u00e9. Avec son rapport co\u00fbt-performance sup\u00e9rieur, il offre des capacit\u00e9s de produit haut de gamme. Ce serveur est largement applicable aux charges de travail de virtualisation, de bases de donn\u00e9es, de big data et d'intelligence artificielle.<\/p>","protected":false},"featured_media":921,"template":"","meta":[],"product_brand":[],"product_cat":[65],"product_tag":[90,75,76,74,80],"class_list":{"0":"post-318","1":"product","2":"type-product","3":"status-publish","4":"has-post-thumbnail","6":"product_cat-universal-type-server","7":"product_tag-1u-universal-type-server","8":"product_tag-intel-n100-plex-server","9":"product_tag-intel-nuc-server","10":"product_tag-intel-universal-type-server","11":"product_tag-server-brand","13":"first","14":"instock","15":"shipping-taxable","16":"product-type-simple"},"_links":{"self":[{"href":"https:\/\/sz-xtt.com\/fr\/wp-json\/wp\/v2\/product\/318","targetHints":{"allow":["GET"]}}],"collection":[{"href":"https:\/\/sz-xtt.com\/fr\/wp-json\/wp\/v2\/product"}],"about":[{"href":"https:\/\/sz-xtt.com\/fr\/wp-json\/wp\/v2\/types\/product"}],"wp:featuredmedia":[{"embeddable":true,"href":"https:\/\/sz-xtt.com\/fr\/wp-json\/wp\/v2\/media\/921"}],"wp:attachment":[{"href":"https:\/\/sz-xtt.com\/fr\/wp-json\/wp\/v2\/media?parent=318"}],"wp:term":[{"taxonomy":"product_brand","embeddable":true,"href":"https:\/\/sz-xtt.com\/fr\/wp-json\/wp\/v2\/product_brand?post=318"},{"taxonomy":"product_cat","embeddable":true,"href":"https:\/\/sz-xtt.com\/fr\/wp-json\/wp\/v2\/product_cat?post=318"},{"taxonomy":"product_tag","embeddable":true,"href":"https:\/\/sz-xtt.com\/fr\/wp-json\/wp\/v2\/product_tag?post=318"}],"curies":[{"name":"wp","href":"https:\/\/api.w.org\/{rel}","templated":true}]}}