{"id":336,"date":"2025-10-15T02:23:07","date_gmt":"2025-10-15T02:23:07","guid":{"rendered":"https:\/\/sz-xtt.com\/product\/atx-js-server-power-supply\/"},"modified":"2025-10-16T23:57:21","modified_gmt":"2025-10-16T23:57:21","slug":"atx-js-server-power-supply","status":"publish","type":"product","link":"https:\/\/sz-xtt.com\/fr\/product\/atx-js-server-power-supply\/","title":{"rendered":"Alimentation serveur ATX JS"},"content":{"rendered":"<h3>Aper\u00e7u du produit<\/h3>\n<p>Ce bloc d'alimentation (PSU) est conforme aux normes Intel ATX 12 V v2.3, ce qui le rend compatible avec une vari\u00e9t\u00e9 de configurations informatiques et de jeux de haute performance. Il est dot\u00e9 d'un convertisseur DC-DC qui garantit une puissance de sortie efficace et stable. L'alimentation est \u00e9quip\u00e9e d'un ventilateur de 80 mm \u00e0 double roulement \u00e0 billes et d'un syst\u00e8me de contr\u00f4le du ventilateur 2FC, garantissant un faible niveau de bruit et une dissipation efficace de la chaleur. Elle prend \u00e9galement en charge plusieurs m\u00e9canismes de protection, notamment la protection contre les courts-circuits, la protection contre les surtensions, la protection contre les surpuissances et la protection contre les surintensit\u00e9s, ce qui garantit un fonctionnement s\u00fbr du syst\u00e8me. Le produit est soumis \u00e0 un contr\u00f4le de qualit\u00e9 strict, y compris des tests de vieillissement et de cycles \u00e0 haute temp\u00e9rature, et il est certifi\u00e9 pour diverses normes de s\u00e9curit\u00e9 et d'environnement.<\/p>\n<h3>Caract\u00e9ristiques principales<\/h3>\n<p>1. Compatibilit\u00e9 et conception<\/p>\n<p>Conformit\u00e9 \u00e0 la norme ATX : Conforme aux normes Intel ATX 12 V v2.3, il convient \u00e0 une large gamme de cartes m\u00e8res et de bo\u00eetiers.<\/p>\n<p>Dimensions compactes : Avec des dimensions de 140 x 150 x 86 mm, il s'adapte \u00e0 la plupart des bo\u00eetiers courants.<\/p>\n<p>Convertisseur DC-DC efficace : assure une conversion stable de l'\u00e9nergie, r\u00e9duisant ainsi les pertes d'\u00e9nergie.<\/p>\n<p>2. Refroidissement et contr\u00f4le du ventilateur de qualit\u00e9 sup\u00e9rieure<\/p>\n<p>Ventilateur double \u00e0 roulement \u00e0 billes : le ventilateur de 80 mm garantit une dur\u00e9e de vie plus longue et des niveaux de bruit plus faibles.<\/p>\n<p>Contr\u00f4le du ventilateur 2FC : Gestion intelligente de la vitesse du ventilateur pour optimiser le bruit et les performances de refroidissement.<\/p>\n<p>3. Des protections compl\u00e8tes en mati\u00e8re de s\u00e9curit\u00e9<\/p>\n<p>Protection contre les courts-circuits (SCP) : Prot\u00e8ge le syst\u00e8me contre les dommages caus\u00e9s par les courts-circuits.<\/p>\n<p>Protection contre les surtensions (OVP) : Emp\u00eache les dommages dus \u00e0 une tension excessive.<\/p>\n<p>Protection contre la surpuissance (OPP) et protection contre la surintensit\u00e9 (OCP) : Garantissent un fonctionnement s\u00fbr et fiable, m\u00eame en cas de charge \u00e9lev\u00e9e.<\/p>\n<p>4. Un contr\u00f4le de qualit\u00e9 et des certifications rigoureux<\/p>\n<p>Test de vieillissement et de haute temp\u00e9rature : Garantit la stabilit\u00e9 et la fiabilit\u00e9 \u00e0 long terme.<\/p>\n<p>Certifications mondiales : CB, cTUVus, TUV, CCC, BSMI, RCM (SAA), garantissant le respect des normes internationales en mati\u00e8re de s\u00e9curit\u00e9 et d'environnement.<\/p>\n<p>&nbsp;<\/p>\n<h3>Sp\u00e9cifications techniques<\/h3>\n<p>Fr\u00e9quence d'entr\u00e9e : 50 \/ 60 Hz<\/p>\n<p>Efficacit\u00e9 : certifi\u00e9 80PLUS ? Gold pour une efficacit\u00e9 \u00e9nerg\u00e9tique \u00e9lev\u00e9e.<\/p>\n<p>R\u00e9gulation de ligne : 1% (typique), assurant une tension de sortie stable.<\/p>\n<p>R\u00e9gulation de la charge : 5% (typique), maintien d'une tension de sortie stable en cas de changement de charge.<\/p>\n<p>R\u00e9gulation crois\u00e9e : 5% (typique), assurant une tension de sortie \u00e9quilibr\u00e9e entre les diff\u00e9rents rails.<\/p>\n<p>MTBF : &gt; 100 000 heures (\u00e0 pleine charge, \u00e0 une temp\u00e9rature ambiante de 25 \u00b0C, sans le ventilateur CC), ce qui garantit une longue dur\u00e9e de vie et une grande fiabilit\u00e9.<\/p>\n<p>Correction active du facteur de puissance : 99% (typique), am\u00e9liorant l'efficacit\u00e9 \u00e9nerg\u00e9tique et r\u00e9duisant la puissance r\u00e9active.<\/p>\n<p>Sortie DC<br \/>\nSortie +3,3V : 20A<\/p>\n<p>Sortie +5V : 25A<\/p>\n<p>Sortie combin\u00e9e +12V : 50A<\/p>\n<p>-Sortie 12V : 0.5A<\/p>\n<p>+5V Sortie en veille : 3A<\/p>\n<p>Puissance totale continue : 600W<\/p>\n<p>Tension d'entr\u00e9e : 100 C240V AC<\/p>","protected":false},"excerpt":{"rendered":"<p><strong>Marque XTT<\/strong><\/p>\n<p><strong>Origine du produit CHINE<\/strong><\/p>\n<p><strong>D\u00e9lai de livraisonDans les 15 jours<\/strong><\/p>\n<p><strong>Capacit\u00e9 d'approvisionnement9999<\/strong><\/p>\n<p>Cette alimentation industrielle est conforme \u00e0 la norme 12V v.2.3 et a re\u00e7u la certification 80 PLUS ? Gold. Parmi ses caract\u00e9ristiques avanc\u00e9es, citons le contr\u00f4le du ventilateur \u00e0 tr\u00e8s faible bruit et les fonctions de protection essentielles. L'alimentation prend en charge une gamme compl\u00e8te d'entr\u00e9es CA, offrant des \u00e9conomies d'\u00e9nergie gr\u00e2ce \u00e0 son taux d'efficacit\u00e9 \u00e9lev\u00e9, et sa stabilit\u00e9 contribue \u00e0 prolonger la dur\u00e9e de vie des composants connect\u00e9s. Il s'agit d'une source d'alimentation fiable pour divers syst\u00e8mes n\u00e9cessitant un facteur de forme xtt.<\/p>","protected":false},"featured_media":1017,"template":"","meta":[],"product_brand":[],"product_cat":[91],"product_tag":[126,125,124,123,127],"class_list":{"0":"post-336","1":"product","2":"type-product","3":"status-publish","4":"has-post-thumbnail","6":"product_cat-server-power-supply","7":"product_tag-550w-server-power-supply","8":"product_tag-650w-server-power-supply","9":"product_tag-750w-server-power-supply","10":"product_tag-industrial-power-supply","11":"product_tag-server-backup-power-supply","13":"first","14":"instock","15":"shipping-taxable","16":"product-type-simple"},"_links":{"self":[{"href":"https:\/\/sz-xtt.com\/fr\/wp-json\/wp\/v2\/product\/336","targetHints":{"allow":["GET"]}}],"collection":[{"href":"https:\/\/sz-xtt.com\/fr\/wp-json\/wp\/v2\/product"}],"about":[{"href":"https:\/\/sz-xtt.com\/fr\/wp-json\/wp\/v2\/types\/product"}],"wp:featuredmedia":[{"embeddable":true,"href":"https:\/\/sz-xtt.com\/fr\/wp-json\/wp\/v2\/media\/1017"}],"wp:attachment":[{"href":"https:\/\/sz-xtt.com\/fr\/wp-json\/wp\/v2\/media?parent=336"}],"wp:term":[{"taxonomy":"product_brand","embeddable":true,"href":"https:\/\/sz-xtt.com\/fr\/wp-json\/wp\/v2\/product_brand?post=336"},{"taxonomy":"product_cat","embeddable":true,"href":"https:\/\/sz-xtt.com\/fr\/wp-json\/wp\/v2\/product_cat?post=336"},{"taxonomy":"product_tag","embeddable":true,"href":"https:\/\/sz-xtt.com\/fr\/wp-json\/wp\/v2\/product_tag?post=336"}],"curies":[{"name":"wp","href":"https:\/\/api.w.org\/{rel}","templated":true}]}}