{"id":337,"date":"2025-10-15T02:23:07","date_gmt":"2025-10-15T02:23:07","guid":{"rendered":"https:\/\/sz-xtt.com\/product\/sfx-sfp-server-power-supply\/"},"modified":"2025-10-17T00:00:45","modified_gmt":"2025-10-17T00:00:45","slug":"sfx-sfp-server-power-supply","status":"publish","type":"product","link":"https:\/\/sz-xtt.com\/fr\/product\/sfx-sfp-server-power-supply\/","title":{"rendered":"Alimentation serveur SFX SFP"},"content":{"rendered":"<h3>Caract\u00e9ristiques du produit<\/h3>\n<p>Conception \u00e0 haut rendement : Efficacit\u00e9 jusqu'\u00e0 94% avec la certification 80PLUS ? Platinum, r\u00e9duisant ainsi la consommation d'\u00e9nergie.<\/p>\n<p>Ventilateur de qualit\u00e9 : \u00e9quip\u00e9 d'un ventilateur FDB de 92 mm, offrant un faible niveau de bruit et des performances de refroidissement \u00e9lev\u00e9es, prolongeant ainsi la dur\u00e9e de vie de l'alimentation.<\/p>\n<p>Protection compl\u00e8te : Protection contre les courts-circuits (SCP), protection contre les surtensions (OVP) et protection contre les surcharges (OPP) pour une s\u00e9curit\u00e9 totale de votre syst\u00e8me.<\/p>\n<p>Sortie stable : La conception du convertisseur CC\/CC assure une tension de sortie stable, s'adaptant aux diff\u00e9rentes conditions de charge.<\/p>\n<h3>Sp\u00e9cifications des produits<\/h3>\n<p>Puissance : 750 W \/ 650 W \/ 550 W<\/p>\n<p>Dimensions : 100 125 63,5 mm<\/p>\n<p>Fr\u00e9quence d'entr\u00e9e : 50 \/ 60 Hz<\/p>\n<p>Efficacit\u00e9 : 80PLUS ? Platine<\/p>\n<p>R\u00e9gulation de ligne :   1% (typique)<\/p>\n<p>R\u00e9gulation de la charge :   5% (typique)<\/p>\n<p>R\u00e9gulation crois\u00e9e :   5% (typique)<\/p>\n<p>MTBF : &gt; 100 000 heures (\u00e0 pleine charge et \u00e0 une temp\u00e9rature ambiante de 25\u00b0C)<\/p>\n<p>Correction du facteur de puissance : 99% (typique)<\/p>\n<p>Sortie DC :<\/p>\n<p>+3,3V : 20A<\/p>\n<p>+5V : 20A<\/p>\n<p>+12V : 62A<\/p>\n<p>-12V : 0,3A<\/p>\n<p>+5Vsb : 3A<\/p>\n<p>Puissance totale continue : 750 W<\/p>\n<p>Type d'entr\u00e9e : 100 C240 VAC<\/p>\n<h3>Pourquoi nous choisir ?<\/h3>\n<p>Historique de l'entreprise : Xintongtai a \u00e9t\u00e9 cr\u00e9\u00e9e en 2007 et s'est sp\u00e9cialis\u00e9e dans la recherche et la production de serveurs et d'accessoires, accumulant une riche exp\u00e9rience industrielle.<\/p>\n<p>Des produits de qualit\u00e9 : Nous fournissons des informations d\u00e9taill\u00e9es sur les produits, ce qui permet aux clients de s\u00e9lectionner facilement l'unit\u00e9 d'alimentation \u00e9lectrique qui leur convient.<\/p>\n<p>Excellent service : Notre \u00e9quipe de service client\u00e8le est professionnelle et efficace, pr\u00eate \u00e0 fournir une assistance technique et un service apr\u00e8s-vente \u00e0 tout moment.<\/p>\n<p>Approvisionnement en stock : Nous maintenons un stock important de produits pour une exp\u00e9dition rapide, garantissant ainsi la satisfaction des besoins des clients dans les d\u00e9lais impartis.<\/p>","protected":false},"excerpt":{"rendered":"<p><strong>Marque XTT<\/strong><\/p>\n<p><strong>Origine du produit CHINE<\/strong><\/p>\n<p><strong>D\u00e9lai de livraisonDans les 15 jours<\/strong><\/p>\n<p><strong>Capacit\u00e9 d'approvisionnement9999<\/strong><\/p>\n<p>Notre bloc d'alimentation fournit une alimentation efficace et stable, sp\u00e9cialement con\u00e7ue pour les syst\u00e8mes informatiques et de jeux de haute performance. Gr\u00e2ce \u00e0 son efficacit\u00e9 et \u00e0 sa fiabilit\u00e9 exceptionnelles, ce bloc d'alimentation garantit un fonctionnement stable de votre syst\u00e8me dans diverses conditions de charge, ce qui en fait un choix id\u00e9al pour les utilisateurs \u00e0 la recherche de performances optimales.<\/p>","protected":false},"featured_media":1026,"template":"","meta":[],"product_brand":[],"product_cat":[91],"product_tag":[126,125,124,123,127],"class_list":{"0":"post-337","1":"product","2":"type-product","3":"status-publish","4":"has-post-thumbnail","6":"product_cat-server-power-supply","7":"product_tag-550w-server-power-supply","8":"product_tag-650w-server-power-supply","9":"product_tag-750w-server-power-supply","10":"product_tag-industrial-power-supply","11":"product_tag-server-backup-power-supply","13":"first","14":"instock","15":"shipping-taxable","16":"product-type-simple"},"_links":{"self":[{"href":"https:\/\/sz-xtt.com\/fr\/wp-json\/wp\/v2\/product\/337","targetHints":{"allow":["GET"]}}],"collection":[{"href":"https:\/\/sz-xtt.com\/fr\/wp-json\/wp\/v2\/product"}],"about":[{"href":"https:\/\/sz-xtt.com\/fr\/wp-json\/wp\/v2\/types\/product"}],"wp:featuredmedia":[{"embeddable":true,"href":"https:\/\/sz-xtt.com\/fr\/wp-json\/wp\/v2\/media\/1026"}],"wp:attachment":[{"href":"https:\/\/sz-xtt.com\/fr\/wp-json\/wp\/v2\/media?parent=337"}],"wp:term":[{"taxonomy":"product_brand","embeddable":true,"href":"https:\/\/sz-xtt.com\/fr\/wp-json\/wp\/v2\/product_brand?post=337"},{"taxonomy":"product_cat","embeddable":true,"href":"https:\/\/sz-xtt.com\/fr\/wp-json\/wp\/v2\/product_cat?post=337"},{"taxonomy":"product_tag","embeddable":true,"href":"https:\/\/sz-xtt.com\/fr\/wp-json\/wp\/v2\/product_tag?post=337"}],"curies":[{"name":"wp","href":"https:\/\/api.w.org\/{rel}","templated":true}]}}