{"id":339,"date":"2025-10-15T02:23:08","date_gmt":"2025-10-15T02:23:08","guid":{"rendered":"https:\/\/sz-xtt.com\/product\/sfx-sfb-server-power-supply\/"},"modified":"2025-10-16T23:53:05","modified_gmt":"2025-10-16T23:53:05","slug":"sfx-sfb-server-power-supply","status":"publish","type":"product","link":"https:\/\/sz-xtt.com\/fr\/product\/sfx-sfb-server-power-supply\/","title":{"rendered":"Alimentation serveur SFX SFB"},"content":{"rendered":"<h3>Caract\u00e9ristiques du produit<\/h3>\n<p>Conception \u00e0 haut rendement : Rendement jusqu'\u00e0 85% avec certification 80PLUS ? Bronze, r\u00e9duisant ainsi la consommation d'\u00e9nergie.<\/p>\n<p>Ventilateur de qualit\u00e9 : \u00e9quip\u00e9 d'un ventilateur de 80 mm \u00e0 double roulement \u00e0 billes, avec un mode sans ventilateur pour un fonctionnement silencieux et un refroidissement efficace, prolongeant ainsi la dur\u00e9e de vie de l'alimentation.<\/p>\n<p>Protection compl\u00e8te : Protection contre les courts-circuits (SCP), protection contre les surtensions (OVP) et protection contre les surcharges (OPP) pour une s\u00e9curit\u00e9 totale du syst\u00e8me.<\/p>\n<p>Haute fiabilit\u00e9 : Soumis \u00e0 un contr\u00f4le de qualit\u00e9 rigoureux, y compris des tests de cyclage \u00e0 haute temp\u00e9rature, ce qui garantit un fonctionnement stable \u00e0 long terme.<\/p>\n<p>&nbsp;<\/p>\n<h3>Sp\u00e9cifications des produits<\/h3>\n<p>Puissance : 300 W<\/p>\n<p>Dimensions : 100 125 63,5 mm<\/p>\n<p>Fr\u00e9quence d'entr\u00e9e : 47 \/ 63 Hz<\/p>\n<p>Efficacit\u00e9 : 80PLUS ? Bronze<\/p>\n<p>R\u00e9gulation de ligne : ? 1% (typique)<\/p>\n<p>R\u00e9gulation de la charge : ? 5% (typique)<\/p>\n<p>R\u00e9gulation crois\u00e9e : ? 5% (typique)<\/p>\n<p>MTBF : &gt; 100 000 heures (\u00e0 pleine charge et \u00e0 une temp\u00e9rature ambiante de 25\u00b0C)<\/p>\n<p>Correction du facteur de puissance : &gt; 95% (typique)<\/p>\n<p>Sortie DC :<\/p>\n<p>+3,3V : 14A<\/p>\n<p>+5V : 17A<\/p>\n<p>+12V1 : 18A<\/p>\n<p>+12V2 : 18A<\/p>\n<p>-12V : 0,8A<\/p>\n<p>+5Vsb : 2A<\/p>\n<p>Puissance totale continue : 300 W<\/p>\n<p>Type d'entr\u00e9e : 100 C240 VAC<\/p>\n<h3>Pourquoi nous choisir ?<\/h3>\n<p>Historique de l'entreprise : Xintongtai a \u00e9t\u00e9 cr\u00e9\u00e9e en 2007 et s'est sp\u00e9cialis\u00e9e dans la recherche et la production de serveurs et d'accessoires, accumulant une riche exp\u00e9rience industrielle.<\/p>\n<p>Des produits de qualit\u00e9 : Nous fournissons des informations d\u00e9taill\u00e9es sur les produits, ce qui permet aux clients de s\u00e9lectionner facilement l'unit\u00e9 d'alimentation \u00e9lectrique qui leur convient.<\/p>\n<p>Excellent service : Notre \u00e9quipe de service client\u00e8le est professionnelle et efficace, pr\u00eate \u00e0 fournir une assistance technique et un service apr\u00e8s-vente \u00e0 tout moment.<\/p>\n<p>Approvisionnement en stock : Nous maintenons un stock important de produits pour une exp\u00e9dition rapide, garantissant ainsi la satisfaction des besoins des clients dans les d\u00e9lais impartis.<\/p>","protected":false},"excerpt":{"rendered":"<p><strong>Marque XTT<\/strong><\/p>\n<p><strong>Origine du produit CHINE<\/strong><\/p>\n<p><strong>D\u00e9lai de livraisonDans les 15 jours<\/strong><\/p>\n<p><strong>Capacit\u00e9 d'approvisionnement9999<\/strong><\/p>\n<p>Notre bloc d'alimentation 300W est con\u00e7u pour fournir une alimentation efficace et stable, adapt\u00e9e \u00e0 divers syst\u00e8mes informatiques. Gr\u00e2ce \u00e0 ses hautes performances et \u00e0 sa fiabilit\u00e9, ce bloc d'alimentation est un choix id\u00e9al pour r\u00e9pondre aux exigences de l'utilisation quotidienne et des t\u00e2ches \u00e0 forte charge, garantissant un fonctionnement stable dans divers environnements.<\/p>","protected":false},"featured_media":1008,"template":"","meta":[],"product_brand":[],"product_cat":[91],"product_tag":[128,131,123,101,111],"class_list":{"0":"post-339","1":"product","2":"type-product","3":"status-publish","4":"has-post-thumbnail","6":"product_cat-server-power-supply","7":"product_tag-300w-server-power-supply","8":"product_tag-hp-power-supply-server","9":"product_tag-industrial-power-supply","10":"product_tag-server-power-supplies","11":"product_tag-server-power-supply-unit","13":"first","14":"instock","15":"shipping-taxable","16":"product-type-simple"},"_links":{"self":[{"href":"https:\/\/sz-xtt.com\/fr\/wp-json\/wp\/v2\/product\/339","targetHints":{"allow":["GET"]}}],"collection":[{"href":"https:\/\/sz-xtt.com\/fr\/wp-json\/wp\/v2\/product"}],"about":[{"href":"https:\/\/sz-xtt.com\/fr\/wp-json\/wp\/v2\/types\/product"}],"wp:featuredmedia":[{"embeddable":true,"href":"https:\/\/sz-xtt.com\/fr\/wp-json\/wp\/v2\/media\/1008"}],"wp:attachment":[{"href":"https:\/\/sz-xtt.com\/fr\/wp-json\/wp\/v2\/media?parent=339"}],"wp:term":[{"taxonomy":"product_brand","embeddable":true,"href":"https:\/\/sz-xtt.com\/fr\/wp-json\/wp\/v2\/product_brand?post=339"},{"taxonomy":"product_cat","embeddable":true,"href":"https:\/\/sz-xtt.com\/fr\/wp-json\/wp\/v2\/product_cat?post=339"},{"taxonomy":"product_tag","embeddable":true,"href":"https:\/\/sz-xtt.com\/fr\/wp-json\/wp\/v2\/product_tag?post=339"}],"curies":[{"name":"wp","href":"https:\/\/api.w.org\/{rel}","templated":true}]}}