{"id":343,"date":"2025-10-15T02:23:09","date_gmt":"2025-10-15T02:23:09","guid":{"rendered":"https:\/\/sz-xtt.com\/product\/2u-h2u-server-power-supply\/"},"modified":"2025-10-16T15:26:29","modified_gmt":"2025-10-16T15:26:29","slug":"2u-h2u-server-power-supply","status":"publish","type":"product","link":"https:\/\/sz-xtt.com\/fr\/product\/2u-h2u-server-power-supply\/","title":{"rendered":"Alimentation pour serveur 2U H2U"},"content":{"rendered":"<h3>Aper\u00e7u du produit<\/h3>\n<p>Our 600W, 460W, and 400W power supply units are compliant with the Intel EPS1U v2.1 standard and feature an efficient DC to DC converter design, tailored to provide stable power supply and high performance support. This power supply can meet the demands of various computer systems, ensuring reliable operation under high-load conditions.<\/p>\n<h3>Caract\u00e9ristiques du produit<\/h3>\n<p>Compatibilit\u00e9 ATX : Conforme \u00e0 la norme Intel EPS1U v2.1, garantissant la compatibilit\u00e9 avec une grande vari\u00e9t\u00e9 de cartes m\u00e8res.<\/p>\n<p>High-Efficiency Design: Certified with 80 PLUS for excellent efficiency, significantly reducing power consumption.<\/p>\n<p>Quality Fan: Equipped with a 60mm double ball bearing fan for effective cooling and extended lifespan.<\/p>\n<p>Protection compl\u00e8te : Protection contre les courts-circuits (SCP), protection contre les surtensions (OVP) et protection contre les surcharges (OPP) pour une s\u00e9curit\u00e9 totale du syst\u00e8me.<\/p>\n<h3>Sp\u00e9cifications des produits<\/h3>\n<p>Power Options: 600 W \/ 460 W \/ 400 W<\/p>\n<p>Dimensions: 270 100 70 mm<\/p>\n<p>Fr\u00e9quence d'entr\u00e9e : 50 \/ 60 Hz<\/p>\n<p>Efficiency: 80 PLUS<\/p>\n<p>Line Regulation:\u00a0 1% (typical)<\/p>\n<p>Load Regulation: 5% (typical)<\/p>\n<p>R\u00e9gulation crois\u00e9e : 5% (typique)<\/p>\n<p>MTBF : &gt; 100 000 heures (\u00e0 pleine charge et \u00e0 une temp\u00e9rature ambiante de 25\u00b0C)<\/p>\n<p>Correction du facteur de puissance : 99% (typique)<\/p>\n<p>Sortie DC :<\/p>\n<p>+3,3V : 20A<\/p>\n<p>+5V: 25A<\/p>\n<p>+12V: 45A (combined)<\/p>\n<p>-12V : 0,8A<\/p>\n<p>+5Vsb : 3A<\/p>\n<p>Total Continuous Power: 600 W \/ 460 W \/ 400 W<\/p>\n<p>Type d'entr\u00e9e : 100 C240 VAC<\/p>\n<h3>Pourquoi nous choisir ?<\/h3>\n<p>Historique de l'entreprise : Xintongtai a \u00e9t\u00e9 cr\u00e9\u00e9e en 2007 et s'est sp\u00e9cialis\u00e9e dans la recherche et la production de serveurs et d'accessoires, accumulant une riche exp\u00e9rience industrielle.<\/p>\n<p>Des produits de qualit\u00e9 : Nous fournissons des informations d\u00e9taill\u00e9es sur les produits, ce qui permet aux clients de s\u00e9lectionner facilement l'unit\u00e9 d'alimentation \u00e9lectrique qui leur convient.<\/p>\n<p>Excellent service : Notre \u00e9quipe de service client\u00e8le est professionnelle et efficace, pr\u00eate \u00e0 fournir une assistance technique et un service apr\u00e8s-vente \u00e0 tout moment.<\/p>\n<p>Approvisionnement en stock : Nous maintenons un stock important de produits pour une exp\u00e9dition rapide, garantissant ainsi la satisfaction des besoins des clients dans les d\u00e9lais impartis.<\/p>","protected":false},"excerpt":{"rendered":"<p><strong>Marque XTT<\/strong><\/p>\n<p><strong>Origine du produit CHINE<\/strong><\/p>\n<p><strong>D\u00e9lai de livraisonDans les 15 jours<\/strong><\/p>\n<p><strong>Capacit\u00e9 d'approvisionnement9999<\/strong><\/p>\n<p>This full AC input range industrial level power supply offers the total power capacity of up to 600 Watts and uses APFC (Active Power Factor Correction) circuit design. It has quality components built in to provide 80 PLUS? efficiency and long term reliability. This product complies with IEC1000-3-2 and EN61000-3-2 PFC harmonics standards and Seasonic s proprietary Smart and Silent Fan Control (S2FC) makes this unit operate at low noise levels. Most importantly, the SS-600H2U is a fully modular power supply that will make installation straightforward and easy.<\/p>","protected":false},"featured_media":983,"template":"","meta":[],"product_brand":[],"product_cat":[91],"product_tag":[115,138,137,136,111],"class_list":{"0":"post-343","1":"product","2":"type-product","3":"status-publish","4":"has-post-thumbnail","6":"product_cat-server-power-supply","7":"product_tag-2u-server-power-supply","8":"product_tag-400-server-power-supply","9":"product_tag-460-server-power-supply","10":"product_tag-600-server-power-supply","11":"product_tag-server-power-supply-unit","13":"first","14":"instock","15":"shipping-taxable","16":"product-type-simple"},"_links":{"self":[{"href":"https:\/\/sz-xtt.com\/fr\/wp-json\/wp\/v2\/product\/343","targetHints":{"allow":["GET"]}}],"collection":[{"href":"https:\/\/sz-xtt.com\/fr\/wp-json\/wp\/v2\/product"}],"about":[{"href":"https:\/\/sz-xtt.com\/fr\/wp-json\/wp\/v2\/types\/product"}],"wp:featuredmedia":[{"embeddable":true,"href":"https:\/\/sz-xtt.com\/fr\/wp-json\/wp\/v2\/media\/983"}],"wp:attachment":[{"href":"https:\/\/sz-xtt.com\/fr\/wp-json\/wp\/v2\/media?parent=343"}],"wp:term":[{"taxonomy":"product_brand","embeddable":true,"href":"https:\/\/sz-xtt.com\/fr\/wp-json\/wp\/v2\/product_brand?post=343"},{"taxonomy":"product_cat","embeddable":true,"href":"https:\/\/sz-xtt.com\/fr\/wp-json\/wp\/v2\/product_cat?post=343"},{"taxonomy":"product_tag","embeddable":true,"href":"https:\/\/sz-xtt.com\/fr\/wp-json\/wp\/v2\/product_tag?post=343"}],"curies":[{"name":"wp","href":"https:\/\/api.w.org\/{rel}","templated":true}]}}