{"id":345,"date":"2025-10-15T02:23:09","date_gmt":"2025-10-15T02:23:09","guid":{"rendered":"https:\/\/sz-xtt.com\/product\/ssf-1501ps-server-power-supply\/"},"modified":"2025-10-16T15:29:28","modified_gmt":"2025-10-16T15:29:28","slug":"ssf-1501ps-server-power-supply","status":"publish","type":"product","link":"https:\/\/sz-xtt.com\/fr\/product\/ssf-1501ps-server-power-supply\/","title":{"rendered":"Bloc d'alimentation pour serveur SSF 1501PS"},"content":{"rendered":"<h3>Aper\u00e7u du produit<\/h3>\n<p>The XTT SSF-1501PS-12 is a high-efficiency power adapter designed to provide stable 12V output voltage. It offers excellent performance and reliability, suitable for various electronic devices and applications.<\/p>\n<h3>Caract\u00e9ristiques du produit<\/h3>\n<p>High Efficiency: Efficiency range of 85% &#8211; 87% (typical), ensuring effective energy usage.<\/p>\n<p>Compact Design: Dimensions of 127 mm (L) x 76.2 mm (W) x 34.6 mm (H), suitable for various installation environments.<\/p>\n<p>Universal AC Input: Supports full-range AC input, convenient for use in different regions.<\/p>\n<p>Built-in Class B EMI Filter: Effectively suppresses electromagnetic interference for stable operation.<\/p>\n<p>Highly Reliable Capacitors: Features Japanese 105 C aluminum electrolytic capacitors for long-lasting performance.<\/p>\n<p>Low No-load Power Consumption: 0.5 W when no load, reducing energy waste.<\/p>\n<p>Active Power Factor Correction: Improves efficiency and reduces power loss.<\/p>\n<p>Fully Regulated Output: Ensures stable output voltage under varying load conditions.<\/p>\n<p>Wide Operating Temperature Range: Suitable for 0 C50 C environments, accommodating various applications.<\/p>\n<p>Effective Cooling: Maximum output of 150 watts with active cooling at 10.5CFM; 90 watts with passive cooling.<\/p>\n<p>Protection FeaturesShort Circuit Protection (SCP): Prevents damage from short circuits.<\/p>\n<p>Over Voltage Protection (OVP): Ensures output voltage does not exceed safe limits.<\/p>\n<p>Overload Protection (OPP): Prevents failures due to overload.<\/p>\n<p>Safety Standards<br \/>\nCertifications: Compliant with CB, cUL, TUV safety standards for reliable operation.<\/p>\n<p>EMC\/EMI Compliance: Meets CE and FCC standards for electromagnetic compatibility and interference.<\/p>\n<h3>Sp\u00e9cifications techniques<\/h3>\n<p>Model: XTT SSF-1501PS-12<\/p>\n<p>Total Continuous Power: 150 W<\/p>\n<p>Output Voltage: 12 V<\/p>\n<p>Output Current: 12.5 A<\/p>\n<p>Efficiency: 85%<\/p>\n<h3>Pourquoi nous choisir ?<\/h3>\n<p>Historique de l'entreprise : Xintongtai a \u00e9t\u00e9 cr\u00e9\u00e9e en 2007 et s'est sp\u00e9cialis\u00e9e dans la recherche et la production de serveurs et d'accessoires, accumulant une riche exp\u00e9rience industrielle.<\/p>\n<p>Des produits de qualit\u00e9 : Nous fournissons des informations d\u00e9taill\u00e9es sur les produits, ce qui permet aux clients de s\u00e9lectionner facilement l'unit\u00e9 d'alimentation \u00e9lectrique qui leur convient.<\/p>\n<p>Excellent service : Notre \u00e9quipe de service client\u00e8le est professionnelle et efficace, pr\u00eate \u00e0 fournir une assistance technique et un service apr\u00e8s-vente \u00e0 tout moment.<\/p>\n<p>Approvisionnement en stock : Nous maintenons un stock important de produits pour une exp\u00e9dition rapide, garantissant ainsi la satisfaction des besoins des clients dans les d\u00e9lais impartis.<\/p>","protected":false},"excerpt":{"rendered":"<p><strong>Marque XTT<\/strong><\/p>\n<p><strong>Origine du produit CHINE<\/strong><\/p>\n<p><strong>D\u00e9lai de livraisonDans les 15 jours<\/strong><\/p>\n<p><strong>Capacit\u00e9 d'approvisionnement9999<\/strong><\/p>\n<p>this AC to DC open frame power supply series with active power factor correction and no load power consumption of less than 0.5 Watts. The unit s working temperature is rated between 0 C and 50 C and highly reliable Japanese capacitors ensure long-term reliability. These power supplies have built-in Class B EMI filter and they are protected against over voltage, over power and short circuit incidents. Average efficiency is between 85 % and 87 % (depending on the model). Universal AC input and fully regulated output complete the package to make this unit an optimal solution for automated teller machines, POS systems and various network and computer data storage applications.<\/p>","protected":false},"featured_media":991,"template":"","meta":[],"product_brand":[],"product_cat":[91],"product_tag":[112,131,139,101,111],"class_list":{"0":"post-345","1":"product","2":"type-product","3":"status-publish","4":"has-post-thumbnail","6":"product_cat-server-power-supply","7":"product_tag-12v-server-power-supply","8":"product_tag-hp-power-supply-server","9":"product_tag-open-frame-power-supply","10":"product_tag-server-power-supplies","11":"product_tag-server-power-supply-unit","13":"first","14":"instock","15":"shipping-taxable","16":"product-type-simple"},"_links":{"self":[{"href":"https:\/\/sz-xtt.com\/fr\/wp-json\/wp\/v2\/product\/345","targetHints":{"allow":["GET"]}}],"collection":[{"href":"https:\/\/sz-xtt.com\/fr\/wp-json\/wp\/v2\/product"}],"about":[{"href":"https:\/\/sz-xtt.com\/fr\/wp-json\/wp\/v2\/types\/product"}],"wp:featuredmedia":[{"embeddable":true,"href":"https:\/\/sz-xtt.com\/fr\/wp-json\/wp\/v2\/media\/991"}],"wp:attachment":[{"href":"https:\/\/sz-xtt.com\/fr\/wp-json\/wp\/v2\/media?parent=345"}],"wp:term":[{"taxonomy":"product_brand","embeddable":true,"href":"https:\/\/sz-xtt.com\/fr\/wp-json\/wp\/v2\/product_brand?post=345"},{"taxonomy":"product_cat","embeddable":true,"href":"https:\/\/sz-xtt.com\/fr\/wp-json\/wp\/v2\/product_cat?post=345"},{"taxonomy":"product_tag","embeddable":true,"href":"https:\/\/sz-xtt.com\/fr\/wp-json\/wp\/v2\/product_tag?post=345"}],"curies":[{"name":"wp","href":"https:\/\/api.w.org\/{rel}","templated":true}]}}