{"id":346,"date":"2025-10-15T02:23:09","date_gmt":"2025-10-15T02:23:09","guid":{"rendered":"https:\/\/sz-xtt.com\/product\/2u-l2u-server-power-supply\/"},"modified":"2025-10-16T15:27:50","modified_gmt":"2025-10-16T15:27:50","slug":"2u-l2u-server-power-supply","status":"publish","type":"product","link":"https:\/\/sz-xtt.com\/fr\/product\/2u-l2u-server-power-supply\/","title":{"rendered":"Alimentation pour serveur 2U L2U"},"content":{"rendered":"<h3>Aper\u00e7u du produit<\/h3>\n<p>Nos blocs d'alimentation 500W et 400W sont conformes \u00e0 la norme Intel EPS1U v2.1 et sont dot\u00e9s d'un convertisseur CC\/CC efficace, con\u00e7u pour r\u00e9pondre aux exigences des syst\u00e8mes informatiques de haute performance. Cette alimentation peut prendre en charge des t\u00e2ches \u00e0 forte charge, garantissant un fonctionnement fiable dans divers environnements.<\/p>\n<h3>Caract\u00e9ristiques du produit<\/h3>\n<p>Compatibilit\u00e9 ATX : Conforme \u00e0 la norme Intel EPS1U v2.1, garantissant la compatibilit\u00e9 avec une grande vari\u00e9t\u00e9 de cartes m\u00e8res.<\/p>\n<p>Conception \u00e0 haut rendement : la certification 80PLUS ? Gold permet d'atteindre une efficacit\u00e9 de 90%, ce qui r\u00e9duit consid\u00e9rablement la consommation d'\u00e9nergie.<\/p>\n<p>Ventilateur de qualit\u00e9 : \u00e9quip\u00e9 d'un ventilateur de 60 mm \u00e0 double roulement \u00e0 billes pour un meilleur refroidissement et une dur\u00e9e de vie prolong\u00e9e.<\/p>\n<p>Protection compl\u00e8te : Protection contre les courts-circuits (SCP), protection contre les surtensions (OVP) et protection contre les surcharges (OPP) pour une s\u00e9curit\u00e9 totale du syst\u00e8me.<\/p>\n<h3>Sp\u00e9cifications des produits<\/h3>\n<p>Options de puissance : 500 W \/ 400 W<\/p>\n<p>Dimensions : 235 100 70 mm<\/p>\n<p>Fr\u00e9quence d'entr\u00e9e : 50 \/ 60 Hz<\/p>\n<p>Efficacit\u00e9 : 80PLUS ? Gold<\/p>\n<p>R\u00e9gulation de ligne : ? 1% (typique)<\/p>\n<p>R\u00e9gulation de la charge : ? 5% (typique)<\/p>\n<p>R\u00e9gulation crois\u00e9e : ? 5% (typique)<\/p>\n<p>MTBF : &gt; 100 000 heures (\u00e0 pleine charge et \u00e0 une temp\u00e9rature ambiante de 25\u00b0C)<\/p>\n<p>Correction du facteur de puissance : 99% (typique)<\/p>\n<p>Sortie DC :<\/p>\n<p>+3,3V : 20A<\/p>\n<p>+5V : 20A<\/p>\n<p>+12V : 40A (combin\u00e9s)<\/p>\n<p>-12V : 0,3A<\/p>\n<p>+5Vsb : 2,5A<\/p>\n<p>Puissance totale continue : 500 W \/ 400 W<\/p>\n<p>Type d'entr\u00e9e : 100 C240 VAC<\/p>\n<h3>Pourquoi nous choisir ?<\/h3>\n<p>Historique de l'entreprise : Xintongtai a \u00e9t\u00e9 cr\u00e9\u00e9e en 2007 et s'est sp\u00e9cialis\u00e9e dans la recherche et la production de serveurs et d'accessoires, accumulant une riche exp\u00e9rience industrielle.<\/p>\n<p>Des produits de qualit\u00e9 : Nous fournissons des informations d\u00e9taill\u00e9es sur les produits, ce qui permet aux clients de s\u00e9lectionner facilement l'unit\u00e9 d'alimentation \u00e9lectrique qui leur convient.<\/p>\n<p>Excellent service : Notre \u00e9quipe de service client\u00e8le est professionnelle et efficace, pr\u00eate \u00e0 fournir une assistance technique et un service apr\u00e8s-vente \u00e0 tout moment.<\/p>\n<p>Approvisionnement en stock : Nous maintenons un stock important de produits pour une exp\u00e9dition rapide, garantissant ainsi la satisfaction des besoins des clients dans les d\u00e9lais impartis.<\/p>","protected":false},"excerpt":{"rendered":"<p><strong>Marque XTT<\/strong><\/p>\n<p><strong>Origine du produit CHINE<\/strong><\/p>\n<p><strong>D\u00e9lai de livraisonDans les 15 jours<\/strong><\/p>\n<p><strong>Capacit\u00e9 d'approvisionnement9999<\/strong><\/p>\n<p>Les alimentations industrielles avec un rendement 80 PLUS ? Gold atteignent un rendement de 90 % \u00e0 une charge de 50 % \u00e0 une entr\u00e9e de 115 V CA. Ces mod\u00e8les L2U sont prot\u00e9g\u00e9s contre les courts-circuits, les surtensions et les surtensions et r\u00e9pondent aux normes EMI, EMC et de s\u00e9curit\u00e9 les plus importantes. Il s'agit de produits tr\u00e8s fiables, personnalisables gr\u00e2ce \u00e0 des c\u00e2bles enti\u00e8rement modulaires et silencieux gr\u00e2ce au contr\u00f4le int\u00e9gr\u00e9 du ventilateur.<\/p>","protected":false},"featured_media":986,"template":"","meta":[],"product_brand":[],"product_cat":[91],"product_tag":[115,138,137,140,111],"class_list":{"0":"post-346","1":"product","2":"type-product","3":"status-publish","4":"has-post-thumbnail","6":"product_cat-server-power-supply","7":"product_tag-2u-server-power-supply","8":"product_tag-400-server-power-supply","9":"product_tag-460-server-power-supply","10":"product_tag-500-server-power-supply","11":"product_tag-server-power-supply-unit","13":"first","14":"instock","15":"shipping-taxable","16":"product-type-simple"},"_links":{"self":[{"href":"https:\/\/sz-xtt.com\/fr\/wp-json\/wp\/v2\/product\/346","targetHints":{"allow":["GET"]}}],"collection":[{"href":"https:\/\/sz-xtt.com\/fr\/wp-json\/wp\/v2\/product"}],"about":[{"href":"https:\/\/sz-xtt.com\/fr\/wp-json\/wp\/v2\/types\/product"}],"wp:featuredmedia":[{"embeddable":true,"href":"https:\/\/sz-xtt.com\/fr\/wp-json\/wp\/v2\/media\/986"}],"wp:attachment":[{"href":"https:\/\/sz-xtt.com\/fr\/wp-json\/wp\/v2\/media?parent=346"}],"wp:term":[{"taxonomy":"product_brand","embeddable":true,"href":"https:\/\/sz-xtt.com\/fr\/wp-json\/wp\/v2\/product_brand?post=346"},{"taxonomy":"product_cat","embeddable":true,"href":"https:\/\/sz-xtt.com\/fr\/wp-json\/wp\/v2\/product_cat?post=346"},{"taxonomy":"product_tag","embeddable":true,"href":"https:\/\/sz-xtt.com\/fr\/wp-json\/wp\/v2\/product_tag?post=346"}],"curies":[{"name":"wp","href":"https:\/\/api.w.org\/{rel}","templated":true}]}}