{"id":347,"date":"2025-10-15T02:23:09","date_gmt":"2025-10-15T02:23:09","guid":{"rendered":"https:\/\/sz-xtt.com\/product\/1u-h1u-server-power-supply\/"},"modified":"2025-10-16T15:21:12","modified_gmt":"2025-10-16T15:21:12","slug":"1u-h1u-server-power-supply","status":"publish","type":"product","link":"https:\/\/sz-xtt.com\/fr\/product\/1u-h1u-server-power-supply\/","title":{"rendered":"Alimentation pour serveur 1U H1U"},"content":{"rendered":"<h3>Aper\u00e7u du produit<\/h3>\n<p>Our 460W and 400W power supply units are compliant with the Intel EPS1U v2.1 standard, designed for high efficiency to meet the demands of modern computer systems. This power supply can support high-load tasks, ensuring stable operation in various environments.<\/p>\n<h3>Caract\u00e9ristiques du produit<\/h3>\n<p>Compatibilit\u00e9 ATX : Conforme \u00e0 la norme Intel EPS1U v2.1, garantissant la compatibilit\u00e9 avec une grande vari\u00e9t\u00e9 de cartes m\u00e8res.<\/p>\n<p>High-Efficiency Design: Certified with 80 PLUS for excellent efficiency, reducing power consumption.<\/p>\n<p>Quality Fan: Equipped with a 40mm double ball bearing fan for effective cooling and extended lifespan.<\/p>\n<p>Protection compl\u00e8te : Protection contre les courts-circuits (SCP), protection contre les surtensions (OVP) et protection contre les surcharges (OPP) pour une s\u00e9curit\u00e9 totale du syst\u00e8me.<\/p>\n<h3>Sp\u00e9cifications des produits<\/h3>\n<p>Power Options: 460 W \/ 400 W<\/p>\n<p>Dimensions: 235 100 40 mm<\/p>\n<p>Fr\u00e9quence d'entr\u00e9e : 50 \/ 60 Hz<\/p>\n<p>Efficiency: 80 PLUS<\/p>\n<p>R\u00e9gulation de ligne : ? 1% (typique)<\/p>\n<p>R\u00e9gulation de la charge : ? 5% (typique)<\/p>\n<p>R\u00e9gulation crois\u00e9e : ? 5% (typique)<\/p>\n<p>MTBF : &gt; 100 000 heures (\u00e0 pleine charge et \u00e0 une temp\u00e9rature ambiante de 25\u00b0C)<\/p>\n<p>Correction du facteur de puissance : 99% (typique)<\/p>\n<p>Sortie DC :<\/p>\n<p>+3,3V : 20A<\/p>\n<p>+5V: 21A<\/p>\n<p>+12V: 34A (combined)<\/p>\n<p>-12V : 0,8A<\/p>\n<p>+5Vsb : 3A<\/p>\n<p>Total Continuous Power: 460 W \/ 400 W<\/p>\n<p>Type d'entr\u00e9e : 100 C240 VAC<\/p>\n<h3>Pourquoi nous choisir ?<\/h3>\n<p>Historique de l'entreprise : Xintongtai a \u00e9t\u00e9 cr\u00e9\u00e9e en 2007 et s'est sp\u00e9cialis\u00e9e dans la recherche et la production de serveurs et d'accessoires, accumulant une riche exp\u00e9rience industrielle.<\/p>\n<p>Des produits de qualit\u00e9 : Nous fournissons des informations d\u00e9taill\u00e9es sur les produits, ce qui permet aux clients de s\u00e9lectionner facilement l'unit\u00e9 d'alimentation \u00e9lectrique qui leur convient.<\/p>\n<p>Excellent service : Notre \u00e9quipe de service client\u00e8le est professionnelle et efficace, pr\u00eate \u00e0 fournir une assistance technique et un service apr\u00e8s-vente \u00e0 tout moment.<\/p>\n<p>Approvisionnement en stock : Nous maintenons un stock important de produits pour une exp\u00e9dition rapide, garantissant ainsi la satisfaction des besoins des clients dans les d\u00e9lais impartis.<\/p>","protected":false},"excerpt":{"rendered":"<p>Marque XTT<\/p>\n<p>Origine du produitCHINE<\/p>\n<p>D\u00e9lai de livraisonDans les 15 jours<\/p>\n<p>Capacit\u00e9 d'approvisionnement9999<\/p>\n<p>This industrial power supply is 80 PLUS? efficiency rated and it features a high reliability ball bearing fan. Fully modular cables and easy-swap connectors add a new dimension to its versatility, while the Seasonic Smart and Silent Fan Control (S2FC) system make it a silent performer. These units comply with the latest PFC harmonics (IEC1000-3-2 and EN61000-3-2 standards) and are protected against short circuit, over voltage and over power. On the 3.3 V rail there is no minimum load requirement for this unit to work properly.<\/p>","protected":false},"featured_media":979,"template":"","meta":[],"product_brand":[],"product_cat":[91],"product_tag":[113,135,141,101,98],"class_list":{"0":"post-347","1":"product","2":"type-product","3":"status-publish","4":"has-post-thumbnail","6":"product_cat-server-power-supply","7":"product_tag-1u-server-power-supply","8":"product_tag-400w-server-power-supply","9":"product_tag-460w-server-power-supply","10":"product_tag-server-power-supplies","11":"product_tag-server-rack-power-supply","13":"first","14":"instock","15":"shipping-taxable","16":"product-type-simple"},"_links":{"self":[{"href":"https:\/\/sz-xtt.com\/fr\/wp-json\/wp\/v2\/product\/347","targetHints":{"allow":["GET"]}}],"collection":[{"href":"https:\/\/sz-xtt.com\/fr\/wp-json\/wp\/v2\/product"}],"about":[{"href":"https:\/\/sz-xtt.com\/fr\/wp-json\/wp\/v2\/types\/product"}],"wp:featuredmedia":[{"embeddable":true,"href":"https:\/\/sz-xtt.com\/fr\/wp-json\/wp\/v2\/media\/979"}],"wp:attachment":[{"href":"https:\/\/sz-xtt.com\/fr\/wp-json\/wp\/v2\/media?parent=347"}],"wp:term":[{"taxonomy":"product_brand","embeddable":true,"href":"https:\/\/sz-xtt.com\/fr\/wp-json\/wp\/v2\/product_brand?post=347"},{"taxonomy":"product_cat","embeddable":true,"href":"https:\/\/sz-xtt.com\/fr\/wp-json\/wp\/v2\/product_cat?post=347"},{"taxonomy":"product_tag","embeddable":true,"href":"https:\/\/sz-xtt.com\/fr\/wp-json\/wp\/v2\/product_tag?post=347"}],"curies":[{"name":"wp","href":"https:\/\/api.w.org\/{rel}","templated":true}]}}