{"id":348,"date":"2025-10-15T02:23:09","date_gmt":"2025-10-15T02:23:09","guid":{"rendered":"https:\/\/sz-xtt.com\/product\/flex-sug-server-power-supply\/"},"modified":"2025-10-16T15:37:33","modified_gmt":"2025-10-16T15:37:33","slug":"flex-sug-server-power-supply","status":"publish","type":"product","link":"https:\/\/sz-xtt.com\/fr\/product\/flex-sug-server-power-supply\/","title":{"rendered":"Alimentation du serveur FLEX SUG"},"content":{"rendered":"<h3>Aper\u00e7u du produit<\/h3>\n<p>Our 300W power supply unit is compliant with the Intel ATX 12 V v2.31 standard, designed for efficiency and stability, suitable for various computer systems. With its excellent efficiency and reliability, this power supply can meet the demands of everyday use and high-load tasks, ensuring stable operation in various environments.<\/p>\n<h3>Caract\u00e9ristiques du produit<\/h3>\n<p>Compatibilit\u00e9 ATX : Conforme \u00e0 la norme Intel ATX 12 V v2.31, garantissant la compatibilit\u00e9 et la stabilit\u00e9 avec la plupart des cartes m\u00e8res.<\/p>\n<p>Conception \u00e0 haut rendement : la certification 80PLUS ? Gold permet d'atteindre une efficacit\u00e9 de 90%, ce qui r\u00e9duit consid\u00e9rablement la consommation d'\u00e9nergie.<\/p>\n<p>Quality Fan: Equipped with a 40mm double ball bearing fan, providing effective cooling and extending the lifespan of the power supply.<\/p>\n<p>Protection compl\u00e8te : Protection contre les courts-circuits (SCP), protection contre les surtensions (OVP) et protection contre les surcharges (OPP) pour une s\u00e9curit\u00e9 totale du syst\u00e8me.<\/p>\n<h3>Sp\u00e9cifications des produits<\/h3>\n<p>Puissance : 300 W<\/p>\n<p>Dimensions : 150 81,5 40,5 mm<\/p>\n<p>Fr\u00e9quence d'entr\u00e9e : 50 \/ 60 Hz<\/p>\n<p>Efficacit\u00e9 : 80PLUS ? Gold<\/p>\n<p>R\u00e9gulation de ligne : ? 1% (typique)<\/p>\n<p>R\u00e9gulation de la charge : ? 5% (typique)<\/p>\n<p>R\u00e9gulation crois\u00e9e : ? 5% (typique)<\/p>\n<p>MTBF : &gt; 100 000 heures (\u00e0 pleine charge et \u00e0 une temp\u00e9rature ambiante de 25\u00b0C)<\/p>\n<p>Correction du facteur de puissance : 99% (typique)<\/p>\n<p>Sortie DC :<\/p>\n<p>+3,3V : 10A<\/p>\n<p>+5V : 14A<\/p>\n<p>+12V : 25A<\/p>\n<p>-12V : 0,3A<\/p>\n<p>+5Vsb : 2A<\/p>\n<p>Puissance totale continue : 300 W<\/p>\n<p>Type d'entr\u00e9e : 100 C240 VAC<\/p>\n<h3>Pourquoi nous choisir ?<\/h3>\n<p>Historique de l'entreprise : Xintongtai a \u00e9t\u00e9 cr\u00e9\u00e9e en 2007 et s'est sp\u00e9cialis\u00e9e dans la recherche et la production de serveurs et d'accessoires, accumulant une riche exp\u00e9rience industrielle.<\/p>\n<p>Des produits de qualit\u00e9 : Nous fournissons des informations d\u00e9taill\u00e9es sur les produits, ce qui permet aux clients de s\u00e9lectionner facilement l'unit\u00e9 d'alimentation \u00e9lectrique qui leur convient.<\/p>\n<p>Excellent service : Notre \u00e9quipe de service client\u00e8le est professionnelle et efficace, pr\u00eate \u00e0 fournir une assistance technique et un service apr\u00e8s-vente \u00e0 tout moment.<\/p>\n<p>Approvisionnement en stock : Nous maintenons un stock important de produits pour une exp\u00e9dition rapide, garantissant ainsi la satisfaction des besoins des clients dans les d\u00e9lais impartis.<\/p>","protected":false},"excerpt":{"rendered":"<p><strong>Marque XTT<\/strong><\/p>\n<p><strong>Origine du produit CHINE<\/strong><\/p>\n<p><strong>D\u00e9lai de livraisonDans les 15 jours<\/strong><\/p>\n<p><strong>Capacit\u00e9 d'approvisionnement9999<\/strong><\/p>\n<p>This is a industrial power supply meeting important EMI, EMC and safety standards. This unit is ATX 12 V v.2.31 and EPS 12 V compliant with DC to DC converter design and important protection features. It features Active PFC (Power Factor Correction) circuit design and is 80 PLUS? Gold efficiency rated, meaning that at 115 V AC input the unit can achieve up to 90 % efficiency at 50 % load. This industrial power supply is built with quality and reliability in mind.<\/p>","protected":false},"featured_media":1004,"template":"","meta":[],"product_brand":[],"product_cat":[91],"product_tag":[128,123,93,101,98],"class_list":{"0":"post-348","1":"product","2":"type-product","3":"status-publish","4":"has-post-thumbnail","6":"product_cat-server-power-supply","7":"product_tag-300w-server-power-supply","8":"product_tag-industrial-power-supply","9":"product_tag-power-supply-server","10":"product_tag-server-power-supplies","11":"product_tag-server-rack-power-supply","13":"first","14":"instock","15":"shipping-taxable","16":"product-type-simple"},"_links":{"self":[{"href":"https:\/\/sz-xtt.com\/fr\/wp-json\/wp\/v2\/product\/348","targetHints":{"allow":["GET"]}}],"collection":[{"href":"https:\/\/sz-xtt.com\/fr\/wp-json\/wp\/v2\/product"}],"about":[{"href":"https:\/\/sz-xtt.com\/fr\/wp-json\/wp\/v2\/types\/product"}],"wp:featuredmedia":[{"embeddable":true,"href":"https:\/\/sz-xtt.com\/fr\/wp-json\/wp\/v2\/media\/1004"}],"wp:attachment":[{"href":"https:\/\/sz-xtt.com\/fr\/wp-json\/wp\/v2\/media?parent=348"}],"wp:term":[{"taxonomy":"product_brand","embeddable":true,"href":"https:\/\/sz-xtt.com\/fr\/wp-json\/wp\/v2\/product_brand?post=348"},{"taxonomy":"product_cat","embeddable":true,"href":"https:\/\/sz-xtt.com\/fr\/wp-json\/wp\/v2\/product_cat?post=348"},{"taxonomy":"product_tag","embeddable":true,"href":"https:\/\/sz-xtt.com\/fr\/wp-json\/wp\/v2\/product_tag?post=348"}],"curies":[{"name":"wp","href":"https:\/\/api.w.org\/{rel}","templated":true}]}}