{"id":349,"date":"2025-10-15T02:23:09","date_gmt":"2025-10-15T02:23:09","guid":{"rendered":"https:\/\/sz-xtt.com\/product\/flex-sub-server-power-supply\/"},"modified":"2025-10-16T15:38:39","modified_gmt":"2025-10-16T15:38:39","slug":"flex-sub-server-power-supply","status":"publish","type":"product","link":"https:\/\/sz-xtt.com\/fr\/product\/flex-sub-server-power-supply\/","title":{"rendered":"Alimentation du serveur FLEX SUB"},"content":{"rendered":"<h3>Aper\u00e7u du produit<\/h3>\n<p>Nos blocs d'alimentation 300W et 250W sont dot\u00e9s d'un convertisseur efficace de courant continu \u00e0 courant continu, con\u00e7u pour des performances et une stabilit\u00e9 \u00e9lev\u00e9es. Cette alimentation convient \u00e0 divers syst\u00e8mes informatiques et r\u00e9pond aux exigences de l'utilisation quotidienne et des t\u00e2ches \u00e0 forte charge, tout en garantissant un fonctionnement fiable dans divers environnements.<\/p>\n<h3>Caract\u00e9ristiques du produit<\/h3>\n<p>Conception compacte : Mesurant 150 81,5 40,5 mm, il est id\u00e9al pour les petits ch\u00e2ssis et permet de gagner de la place.<\/p>\n<p>Conception \u00e0 haut rendement : la certification 80PLUS ? Bronze permet d'atteindre une efficacit\u00e9 de 85%, ce qui r\u00e9duit consid\u00e9rablement la consommation d'\u00e9nergie.<\/p>\n<p>Ventilateur de qualit\u00e9 : \u00e9quip\u00e9 d'un ventilateur de 40 mm \u00e0 double roulement \u00e0 billes, avec un mode sans ventilateur pour un fonctionnement silencieux et un refroidissement efficace, prolongeant la dur\u00e9e de vie de l'alimentation.<\/p>\n<p>Protection compl\u00e8te : Protection contre les courts-circuits (SCP), protection contre les surtensions (OVP) et protection contre les surcharges (OPP) pour une s\u00e9curit\u00e9 totale du syst\u00e8me.<\/p>\n<h3>Sp\u00e9cifications des produits<\/h3>\n<p>Options de puissance : 300 W \/ 250 W<\/p>\n<p>Dimensions : 150 81,5 40,5 mm<\/p>\n<p>Fr\u00e9quence d'entr\u00e9e : 47 \/ 63 Hz<\/p>\n<p>Efficacit\u00e9 : 80PLUS ? Bronze<\/p>\n<p>R\u00e9gulation de ligne :   1% (typique)<\/p>\n<p>R\u00e9gulation de la charge :   5% (typique)<\/p>\n<p>R\u00e9gulation crois\u00e9e : 5% (typique)<\/p>\n<p>MTBF : &gt; 100 000 heures (\u00e0 pleine charge et \u00e0 une temp\u00e9rature ambiante de 25\u00b0C)<\/p>\n<p>Correction du facteur de puissance : &gt; 95% (typique)<\/p>\n<p>Sortie DC :<\/p>\n<p>+3,3V : 14A<\/p>\n<p>+5V : 17A<\/p>\n<p>+12V1 : 18A<\/p>\n<p>+12V2 : 18A<\/p>\n<p>-12V : 0,8A<\/p>\n<p>+5Vsb : 2A<\/p>\n<p>Puissance totale continue : 300 W \/ 250 W<\/p>\n<p>Type d'entr\u00e9e : 100 C240 VAC<\/p>\n<h3>Pourquoi nous choisir ?<\/h3>\n<p>Historique de l'entreprise : Xintongtai a \u00e9t\u00e9 cr\u00e9\u00e9e en 2007 et s'est sp\u00e9cialis\u00e9e dans la recherche et la production de serveurs et d'accessoires, accumulant une riche exp\u00e9rience industrielle.<\/p>\n<p>Des produits de qualit\u00e9 : Nous fournissons des informations d\u00e9taill\u00e9es sur les produits, ce qui permet aux clients de s\u00e9lectionner facilement l'unit\u00e9 d'alimentation \u00e9lectrique qui leur convient.<\/p>\n<p>Excellent service : Notre \u00e9quipe de service client\u00e8le est professionnelle et efficace, pr\u00eate \u00e0 fournir une assistance technique et un service apr\u00e8s-vente \u00e0 tout moment.<\/p>\n<p>Approvisionnement en stock : Nous maintenons un stock important de produits pour une exp\u00e9dition rapide, garantissant ainsi la satisfaction des besoins des clients dans les d\u00e9lais impartis.<\/p>","protected":false},"excerpt":{"rendered":"<p><strong>Marque XTT<\/strong><\/p>\n<p><strong>Origine du produit CHINE<\/strong><\/p>\n<p><strong>D\u00e9lai de livraisonDans les 15 jours<\/strong><\/p>\n<p><strong>Capacit\u00e9 d'approvisionnement9999<\/strong><\/p>\n<p>Les alimentations \u00e0 d\u00e9coupage de niveau industriel offrent une source fiable pour une large gamme de configurations. Notre gamme Flex ATX enti\u00e8rement modulaire avec son entr\u00e9e CA compl\u00e8te est disponible en versions 250 W et 300 W et constitue le choix id\u00e9al pour les stations de travail, les serveurs standard ou avanc\u00e9s et diverses applications d'automatisation ou de communication. Le contr\u00f4le du ventilateur \u00e0 tr\u00e8s faible bruit en fait un compagnon agr\u00e9able dans tout syst\u00e8me industriel.<\/p>","protected":false},"featured_media":999,"template":"","meta":[],"product_brand":[],"product_cat":[91],"product_tag":[133,128,93,101,111],"class_list":{"0":"post-349","1":"product","2":"type-product","3":"status-publish","4":"has-post-thumbnail","6":"product_cat-server-power-supply","7":"product_tag-250w-server-power-supply","8":"product_tag-300w-server-power-supply","9":"product_tag-power-supply-server","10":"product_tag-server-power-supplies","11":"product_tag-server-power-supply-unit","13":"first","14":"instock","15":"shipping-taxable","16":"product-type-simple"},"_links":{"self":[{"href":"https:\/\/sz-xtt.com\/fr\/wp-json\/wp\/v2\/product\/349","targetHints":{"allow":["GET"]}}],"collection":[{"href":"https:\/\/sz-xtt.com\/fr\/wp-json\/wp\/v2\/product"}],"about":[{"href":"https:\/\/sz-xtt.com\/fr\/wp-json\/wp\/v2\/types\/product"}],"wp:featuredmedia":[{"embeddable":true,"href":"https:\/\/sz-xtt.com\/fr\/wp-json\/wp\/v2\/media\/999"}],"wp:attachment":[{"href":"https:\/\/sz-xtt.com\/fr\/wp-json\/wp\/v2\/media?parent=349"}],"wp:term":[{"taxonomy":"product_brand","embeddable":true,"href":"https:\/\/sz-xtt.com\/fr\/wp-json\/wp\/v2\/product_brand?post=349"},{"taxonomy":"product_cat","embeddable":true,"href":"https:\/\/sz-xtt.com\/fr\/wp-json\/wp\/v2\/product_cat?post=349"},{"taxonomy":"product_tag","embeddable":true,"href":"https:\/\/sz-xtt.com\/fr\/wp-json\/wp\/v2\/product_tag?post=349"}],"curies":[{"name":"wp","href":"https:\/\/api.w.org\/{rel}","templated":true}]}}