{"id":374,"date":"2025-10-15T02:23:13","date_gmt":"2025-10-15T02:23:13","guid":{"rendered":"https:\/\/sz-xtt.com\/product\/208s55-server-chassis\/"},"modified":"2025-10-17T02:19:49","modified_gmt":"2025-10-17T02:19:49","slug":"208s55-server-chassis","status":"publish","type":"product","link":"https:\/\/sz-xtt.com\/fr\/product\/208s55-server-chassis\/","title":{"rendered":"Ch\u00e2ssis de serveur 208S55"},"content":{"rendered":"<h3>Caract\u00e9ristiques du produit<\/h3>\n<p>Prise en charge de plusieurs baies de disques : Le ch\u00e2ssis offre 8 baies pour disques durs de 3,5\u2033, offrant une grande capacit\u00e9 de stockage pour les entreprises ayant des besoins \u00e9lev\u00e9s en mati\u00e8re de donn\u00e9es.<\/p>\n<p>Large compatibilit\u00e9 avec les cartes m\u00e8res : Prend en charge plusieurs tailles de cartes m\u00e8res (12\u2033x9,6\u2033, 9,6\u2033x9,6\u2033 et 6,7\u2033x6,7\u2033), ce qui permet une plus grande flexibilit\u00e9 dans les configurations de serveurs.<\/p>\n<p>Options d'alimentation polyvalentes : Compatible avec les blocs d'alimentation ATX, les blocs d'alimentation standard 1U\/2U et les configurations d'alimentation redondantes 1+1, garantissant flexibilit\u00e9 et stabilit\u00e9 pour diff\u00e9rentes configurations.<\/p>\n<p>Syst\u00e8me de refroidissement efficace : \u00c9quip\u00e9 de 4 ventilateurs 8025, assurant une excellente dissipation de la chaleur pour maintenir des performances stables du serveur.<\/p>\n<p>Construction durable : Fabriqu\u00e9 \u00e0 partir de mat\u00e9riaux SECC et SGCC de 1,3 mm d'\u00e9paisseur, le ch\u00e2ssis est con\u00e7u pour r\u00e9sister aux environnements de travail difficiles et offre une excellente int\u00e9grit\u00e9 structurelle.<\/p>\n<h3>Sp\u00e9cifications des produits<\/h3>\n<p>Dimensions : D550xL430xH88mm (2U)<\/p>\n<p>Baies de disque : 8x 3.5\u2033 HDDs<\/p>\n<p>Support de carte m\u00e8re : 12\u2033x9.6\u2033, 9.6\u2033x9.6\u2033, 6.7\u2033x6.7\u2033<\/p>\n<p>Prise en charge de l'alimentation : ATX, standard 1U\/2U, alimentation redondante 1+1<\/p>\n<p>Ventilateurs : 4x 8025<\/p>\n<p>Mat\u00e9riel : SECC, SGCC<\/p>\n<p>\u00c9paisseur : 1,3 mm<\/p>\n<h3>Pourquoi nous choisir ?<\/h3>\n<p>Une vaste exp\u00e9rience dans le secteur : Fond\u00e9e en 2007, la soci\u00e9t\u00e9 Shenzhen Xintongtai Technology Co. est sp\u00e9cialis\u00e9e dans le d\u00e9veloppement et la vente de serveurs et d'accessoires connexes, offrant des solutions expertes gr\u00e2ce \u00e0 des ann\u00e9es d'exp\u00e9rience dans l'industrie.<\/p>\n<p>Une expertise cibl\u00e9e : Sp\u00e9cialis\u00e9s dans les serveurs et les accessoires, nous garantissons des produits de haute qualit\u00e9 et une compatibilit\u00e9 permettant d'optimiser les performances des serveurs pour les clients.<\/p>\n<p>Un excellent service \u00e0 la client\u00e8le : Nous fournissons un service apr\u00e8s-vente complet et des informations d\u00e9taill\u00e9es sur les produits, garantissant une assistance professionnelle tout au long de votre exp\u00e9rience du produit.<\/p>\n<p>Disponibilit\u00e9 en stock : Gr\u00e2ce \u00e0 un stock bien garni, nous pouvons r\u00e9pondre rapidement aux demandes des clients, ce qui r\u00e9duit les d\u00e9lais d'ex\u00e9cution et garantit des op\u00e9rations commerciales sans faille.<\/p>","protected":false},"excerpt":{"rendered":"<p><strong>Marque XTT<\/strong><\/p>\n<p><strong>Origine du produit CHINE<\/strong><\/p>\n<p><strong>D\u00e9lai de livraisonDans les 15 jours<\/strong><\/p>\n<p><strong>Capacit\u00e9 d'approvisionnement9999<\/strong><\/p>\n<p>Ce ch\u00e2ssis de serveur 2U, avec des dimensions de D550xW430xH88mm, supporte les configurations non-hot-swap et offre 8x 3,5\u2033 baies de disques. Il est compatible avec une vari\u00e9t\u00e9 de tailles de cartes m\u00e8res, y compris 12\u2033x9,6\u2033, 9,6\u2033x9,6\u2033, et 6,7\u2033x6,7\u2033. Le ch\u00e2ssis prend en charge les alimentations ATX, les alimentations standard 1U ou 2U, et les configurations d'alimentation redondante 1+1, ce qui le rend polyvalent pour r\u00e9pondre \u00e0 diff\u00e9rents besoins en mati\u00e8re d'alimentation. \u00c9quip\u00e9 de 4 ventilateurs 8025 pour un refroidissement efficace, ce ch\u00e2ssis est construit \u00e0 partir de mat\u00e9riaux SECC et SGCC de 1,3 mm d'\u00e9paisseur, offrant durabilit\u00e9 et fiabilit\u00e9 pour les applications serveur de niveau entreprise.<\/p>","protected":false},"featured_media":1201,"template":"","meta":[],"product_brand":[],"product_cat":[143],"product_tag":[156,164,150,166,165],"class_list":{"0":"post-374","1":"product","2":"type-product","3":"status-publish","4":"has-post-thumbnail","6":"product_cat-server-chassis","7":"product_tag-atx-server-chassis","8":"product_tag-blade-server-chassis","9":"product_tag-cheap-server-chassis","10":"product_tag-home-server-chassis","11":"product_tag-non-hot-swappable-chassis","13":"first","14":"instock","15":"shipping-taxable","16":"product-type-simple"},"_links":{"self":[{"href":"https:\/\/sz-xtt.com\/fr\/wp-json\/wp\/v2\/product\/374","targetHints":{"allow":["GET"]}}],"collection":[{"href":"https:\/\/sz-xtt.com\/fr\/wp-json\/wp\/v2\/product"}],"about":[{"href":"https:\/\/sz-xtt.com\/fr\/wp-json\/wp\/v2\/types\/product"}],"wp:featuredmedia":[{"embeddable":true,"href":"https:\/\/sz-xtt.com\/fr\/wp-json\/wp\/v2\/media\/1201"}],"wp:attachment":[{"href":"https:\/\/sz-xtt.com\/fr\/wp-json\/wp\/v2\/media?parent=374"}],"wp:term":[{"taxonomy":"product_brand","embeddable":true,"href":"https:\/\/sz-xtt.com\/fr\/wp-json\/wp\/v2\/product_brand?post=374"},{"taxonomy":"product_cat","embeddable":true,"href":"https:\/\/sz-xtt.com\/fr\/wp-json\/wp\/v2\/product_cat?post=374"},{"taxonomy":"product_tag","embeddable":true,"href":"https:\/\/sz-xtt.com\/fr\/wp-json\/wp\/v2\/product_tag?post=374"}],"curies":[{"name":"wp","href":"https:\/\/api.w.org\/{rel}","templated":true}]}}