{"id":391,"date":"2025-10-15T02:23:15","date_gmt":"2025-10-15T02:23:15","guid":{"rendered":"https:\/\/sz-xtt.com\/product\/4508e-server-chassis\/"},"modified":"2025-10-17T01:53:45","modified_gmt":"2025-10-17T01:53:45","slug":"4508e-server-chassis","status":"publish","type":"product","link":"https:\/\/sz-xtt.com\/fr\/product\/4508e-server-chassis\/","title":{"rendered":"Ch\u00e2ssis de serveur 4508E"},"content":{"rendered":"<h3>Caract\u00e9ristiques du produit<\/h3>\n<p>Mat\u00e9riaux \u00e0 haute r\u00e9sistance<br \/>\nFabriqu\u00e9 \u00e0 partir de mat\u00e9riaux SPCC de 1,2 mm et SGCC de 1,0 mm, il garantit la durabilit\u00e9 et la stabilit\u00e9 dans les environnements difficiles.<br \/>\nOptions d'installation flexibles<br \/>\nPrend en charge plusieurs m\u00e9thodes d'installation pour s'adapter aux diff\u00e9rents environnements d'utilisation, permettant aux utilisateurs de choisir en fonction de leurs besoins.<br \/>\nConception efficace du refroidissement<br \/>\n\u00c9quip\u00e9 de plusieurs fentes de ventilation pour dissiper efficacement la chaleur interne, assurant un fonctionnement stable de l'\u00e9quipement.<\/p>\n<h3>Sp\u00e9cifications des produits<\/h3>\n<p>Dimensions : Profondeur 450 mm Largeur 430 mm Hauteur 177 mm (avec oreilles)<\/p>\n<p>Poids net : 11,4 kg<\/p>\n<p>Configuration des ventilateurs : Comprend 1 ventilateur 12025S et 2 ventilateurs 8025S<\/p>\n<p>Prise en charge des disques durs : S'adapte \u00e0 diverses configurations de disques durs<\/p>\n<p>Interfaces E\/S : Interfaces USB en fa\u00e7ade, permettant de r\u00e9pondre \u00e0 de multiples besoins d'extension<\/p>\n<p>Prise en charge de l'alimentation : Compatible avec les alimentations ATX standard<\/p>\n<h3>Pourquoi nous choisir ?<\/h3>\n<p>Historique de l'entreprise<br \/>\nFond\u00e9e en 2007, la soci\u00e9t\u00e9 Xintongtai Technology Co. se concentre sur la recherche, le d\u00e9veloppement et la production de serveurs et d'accessoires et b\u00e9n\u00e9ficie d'une vaste exp\u00e9rience dans ce domaine.<br \/>\nInformations compl\u00e8tes sur les produits<br \/>\nNous fournissons des informations d\u00e9taill\u00e9es sur les produits afin que les clients aient acc\u00e8s \u00e0 des donn\u00e9es compl\u00e8tes pour prendre des d\u00e9cisions \u00e9clair\u00e9es.<br \/>\nExcellent service \u00e0 la client\u00e8le<br \/>\nNotre engagement en faveur d'un service \u00e0 la client\u00e8le de haute qualit\u00e9 garantit que chaque client b\u00e9n\u00e9ficie d'une assistance opportune tout au long de son exp\u00e9rience d'achat et d'utilisation.<br \/>\nApprovisionnement en stock<br \/>\nNos produits sont g\u00e9n\u00e9ralement disponibles en stock, ce qui nous permet de r\u00e9pondre rapidement aux besoins des clients et de raccourcir les d\u00e9lais de livraison.<\/p>","protected":false},"excerpt":{"rendered":"<p><strong>Marque XTT<\/strong><\/p>\n<p><strong>Origine du produit CHINE<\/strong><\/p>\n<p><strong>D\u00e9lai de livraisonDans les 15 jours<\/strong><\/p>\n<p><strong>Capacit\u00e9 d'approvisionnement9999<\/strong><\/p>\n<p>Le ch\u00e2ssis industriel XTT4508E est un ch\u00e2ssis standard d'une hauteur de 4U con\u00e7u pour les applications industrielles. Gr\u00e2ce \u00e0 sa structure robuste et \u00e0 ses excellentes performances de refroidissement, il est id\u00e9al pour divers syst\u00e8mes de contr\u00f4le et de surveillance industriels.<\/p>","protected":false},"featured_media":1124,"template":"","meta":[],"product_brand":[],"product_cat":[143],"product_tag":[145,156,171,147,160],"class_list":{"0":"post-391","1":"product","2":"type-product","3":"status-publish","4":"has-post-thumbnail","6":"product_cat-server-chassis","7":"product_tag-2u-server-chassis","8":"product_tag-atx-server-chassis","9":"product_tag-hot-swap-server-chassis","10":"product_tag-nas-server-chassis","11":"product_tag-server-rackmount-chassis","13":"first","14":"instock","15":"shipping-taxable","16":"product-type-simple"},"_links":{"self":[{"href":"https:\/\/sz-xtt.com\/fr\/wp-json\/wp\/v2\/product\/391","targetHints":{"allow":["GET"]}}],"collection":[{"href":"https:\/\/sz-xtt.com\/fr\/wp-json\/wp\/v2\/product"}],"about":[{"href":"https:\/\/sz-xtt.com\/fr\/wp-json\/wp\/v2\/types\/product"}],"wp:featuredmedia":[{"embeddable":true,"href":"https:\/\/sz-xtt.com\/fr\/wp-json\/wp\/v2\/media\/1124"}],"wp:attachment":[{"href":"https:\/\/sz-xtt.com\/fr\/wp-json\/wp\/v2\/media?parent=391"}],"wp:term":[{"taxonomy":"product_brand","embeddable":true,"href":"https:\/\/sz-xtt.com\/fr\/wp-json\/wp\/v2\/product_brand?post=391"},{"taxonomy":"product_cat","embeddable":true,"href":"https:\/\/sz-xtt.com\/fr\/wp-json\/wp\/v2\/product_cat?post=391"},{"taxonomy":"product_tag","embeddable":true,"href":"https:\/\/sz-xtt.com\/fr\/wp-json\/wp\/v2\/product_tag?post=391"}],"curies":[{"name":"wp","href":"https:\/\/api.w.org\/{rel}","templated":true}]}}